{"id":6883,"date":"2023-11-17T10:24:00","date_gmt":"2023-11-17T09:24:00","guid":{"rendered":"https:\/\/ils.simonemontanari.com\/es\/?page_id=6883"},"modified":"2024-08-23T12:37:40","modified_gmt":"2024-08-23T10:37:40","slug":"aplicaciones","status":"publish","type":"page","link":"https:\/\/ils.simonemontanari.com\/es\/aprender-italiano\/aplicaciones\/","title":{"rendered":"Las Mejores Aplicaciones para Aprender Italiano"},"content":{"rendered":"<h2>1. Duolingo<\/h2>\n<p><img loading=\"lazy\" decoding=\"async\" class=\"alignnone wp-image-10011\" src=\"https:\/\/ils.simonemontanari.com\/it\/wp-content\/uploads\/sites\/4\/2024\/07\/duolingo-logo.png\" alt=\"\" width=\"160\" height=\"160\" \/><\/p>\n<ul>\n<li><strong>Tipo<\/strong>: aplicaci\u00f3n para el aprendizaje de idiomas con un enfoque l\u00fadico;<\/li>\n<li><strong>Pros<\/strong>: experiencia de aprendizaje atractiva; lecciones cortas e interactivas adecuadas para aquellos que tienen poco tiempo para entrenar;<\/li>\n<li><strong>Controas<\/strong>: contenido limitado para estudiantes avanzados; pr\u00e1ctica en la conversaci\u00f3n y contexto cultural limitados;<\/li>\n<li><strong>Precio<\/strong>: caracter\u00edsticas b\u00e1sicas gratuitas; Super Duolingo \u20ac12,99\/mes o \u20ac76,99\/a\u00f1o (\u20ac6,99\/mes);<\/li>\n<li><strong>Disponible en<\/strong>: <a href=\"https:\/\/apps.apple.com\/us\/app\/duolingo-language-lessons\/id570060128\" target=\"_blank\" rel=\"noopener\">iOS<\/a> e <a href=\"https:\/\/play.google.com\/store\/apps\/details?id=com.duolingo&amp;pcampaignid=web_share\" target=\"_blank\" rel=\"noopener\">Android<\/a>.<\/li>\n<\/ul>\n<h2>2. Babbel<\/h2>\n<p><img loading=\"lazy\" decoding=\"async\" class=\"alignnone wp-image-10012 \" src=\"https:\/\/ils.simonemontanari.com\/it\/wp-content\/uploads\/sites\/4\/2024\/07\/babbel-logo-e1721383342916.png\" alt=\"\" width=\"160\" height=\"160\" \/><\/p>\n<ul>\n<li><strong>Tipo<\/strong>: aplicaci\u00f3n de aprendizaje de idiomas estructurada en niveles de competencia;<\/li>\n<li><strong>Pros<\/strong>: aprendizaje estructurado con progresi\u00f3n clara; ejercicios interactivos y atractivos con reconocimiento de voz;<\/li>\n<li><strong>Contras<\/strong>: funciones de comunicaci\u00f3n limitadas y sin interacci\u00f3n en vivo; enfoque en el lenguaje formal;<\/li>\n<li><strong>Precios<\/strong>: primera semana gratuita, luego \u20ac61,10 para 6 meses (\u20ac10,15\/mes), \u20ac81,65 para 12 mes (\u20ac6,80\/mes) o \u20ac318,70 para acceso para toda la vida a todos los idiomas;<\/li>\n<li><strong>Disponible en<\/strong>: <a href=\"https:\/\/apps.apple.com\/us\/app\/babbel-language-learning\/id829587759\" target=\"_blank\" rel=\"noopener\">iOS<\/a> e <a href=\"https:\/\/play.google.com\/store\/apps\/details?id=com.babbel.mobile.android.en&amp;pcampaignid=web_share\" target=\"_blank\" rel=\"noopener\">Android<\/a>.<\/li>\n<\/ul>\n<h2>3. Memrise<\/h2>\n<p><img loading=\"lazy\" decoding=\"async\" class=\"alignnone wp-image-10013\" src=\"https:\/\/ils.simonemontanari.com\/it\/wp-content\/uploads\/sites\/4\/2024\/07\/Memrise-logo.png\" alt=\"\" width=\"160\" height=\"160\" \/><\/p>\n<ul>\n<li><strong>Tipo<\/strong>: aplicaci\u00f3n de aprendizaje de idiomas con enfoque en el aprendizaje visual y t\u00e9cnicas mnemot\u00e9cnicas;<\/li>\n<li><strong>Pros<\/strong>: aprendizaje interactivo y gamificado; repetici\u00f3n a distancia de tiempo para optimizar la revisi\u00f3n de vocabulario y frases;<\/li>\n<li><strong>Contras<\/strong>: enfoque en el vocabulario; enfoque de aprendizaje repetitivo;<\/li>\n<li><strong>Precio<\/strong>: plan gratuito con acceso limitado a funciones y cursos; plan pro \u20ac7,75\/mes, \u20ac54,80\/a\u00f1o (\u20ac4,50\/mes), o pago \u00fanico de \u20ac109,60;<\/li>\n<li><strong>Disponible en<\/strong>: <a href=\"https:\/\/apps.apple.com\/us\/app\/memrise-easy-language-learning\/id635966718\" target=\"_blank\" rel=\"noopener\">iOS<\/a> e <a href=\"https:\/\/play.google.com\/store\/apps\/details?id=com.memrise.android.memrisecompanion&amp;pcampaignid=web_share\" target=\"_blank\" rel=\"noopener\">Android<\/a>.<\/li>\n<\/ul>\n<h2>4. Busuu<\/h2>\n<p><img loading=\"lazy\" decoding=\"async\" class=\"alignnone wp-image-10014\" src=\"https:\/\/ils.simonemontanari.com\/it\/wp-content\/uploads\/sites\/4\/2024\/07\/busuu-logo.png\" alt=\"\" width=\"160\" height=\"160\" \/><\/p>\n<ul>\n<li><strong>Tipo<\/strong>: aplicaci\u00f3n de aprendizaje de idiomas basada en la comunidad de aprendices con cursos estructurados;<\/li>\n<li><strong>Pros<\/strong>: cursos bien organizados alineados con el MCER; permite la interacci\u00f3n con hablantes nativos para el uso pr\u00e1ctico del idioma y las reacciones;<\/li>\n<li><strong>Contras<\/strong>: La retroalimentaci\u00f3n var\u00eda seg\u00fan el compromiso de la comunidad; oportunidades limitadas para conversar;<\/li>\n<li><strong>Precio<\/strong>: primera semana de aprendizaje gratuita; \u20ac12,70\/mes; \u20ac46,30 por 6 meses (\u20ac8,00\/mes); \u20ac76,20\/a\u00f1o (\u20ac6,35\/mes);<\/li>\n<li><strong>Disponible en<\/strong>: <a href=\"https:\/\/apps.apple.com\/us\/app\/busuu-language-learning\/id379968583\" target=\"_blank\" rel=\"noopener\">iOS<\/a> e <a href=\"https:\/\/play.google.com\/store\/apps\/details?id=com.busuu.android.enc&amp;pcampaignid=web_share\" target=\"_blank\" rel=\"noopener\">Android<\/a>.<\/li>\n<\/ul>\n<h2>5. Drops<\/h2>\n<p><img loading=\"lazy\" decoding=\"async\" class=\"alignnone wp-image-10015\" src=\"https:\/\/ils.simonemontanari.com\/it\/wp-content\/uploads\/sites\/4\/2024\/07\/drops-logo.png\" alt=\"\" width=\"160\" height=\"160\" \/><\/p>\n<ul>\n<li><strong>Tipo<\/strong>: aplicaci\u00f3n de aprendizaje de idiomas basada en im\u00e1genes y enfoque en el vocabulario;<\/li>\n<li><strong>Pros<\/strong>: experiencia de aprendizaje visualmente rica y atractiva; sesiones cortas y manejables de 5 minutos, \u00fatiles para practicar constantemente;<\/li>\n<li><strong>Contras<\/strong>: e centra principalmente en el vocabulario, falta de habilidades gramaticales y ling\u00fc\u00edsticas completas;<\/li>\n<li><strong>Precio<\/strong>: acceso gratuito a algunas funciones; \u20ac11,90\/mes; \u20ac69,99\/a\u00f1o (\u20ac64\/mes); \u20ac146 por acceso de por vida;<\/li>\n<li><strong>Disponible en<\/strong>: <a href=\"https:\/\/apps.apple.com\/us\/app\/drops-language-learning-games\/id939540371\" target=\"_blank\" rel=\"noopener\">iOS<\/a> e <a href=\"https:\/\/play.google.com\/store\/apps\/details?id=com.languagedrops.drops.international&amp;pcampaignid=web_share\" target=\"_blank\" rel=\"noopener\">Android<\/a>.<\/li>\n<\/ul>\n<h2>6. Lingodeer<\/h2>\n<p><img loading=\"lazy\" decoding=\"async\" class=\"alignnone wp-image-10016\" src=\"https:\/\/ils.simonemontanari.com\/it\/wp-content\/uploads\/sites\/4\/2024\/07\/lingodeer-logo.png\" alt=\"\" width=\"160\" height=\"160\" \/><\/p>\n<ul>\n<li><strong>Tipo<\/strong>: aplicaci\u00f3n de aprendizaje de idiomas completa y estructurada con enfoque en la gram\u00e1tica;<\/li>\n<li><strong>Pros<\/strong>: aprendizaje estructurado alineado con el MCER; ejercicios interactivos y variados con elementos de gamificaci\u00f3n;<\/li>\n<li><strong>Contras<\/strong>: pr\u00e1ctica de conversaci\u00f3n limitada; estilo de aprendizaje repetitivo que podr\u00eda volverse mon\u00f3tono;<\/li>\n<li><strong>Precio<\/strong>: primera clase gratis, luego \u20ac12,17\/mes; \u20ac36,60 por 3 meses (\u20ac12,20\/mes); \u20ac73\/a\u00f1o (\u20ac6,10\/mes); \u20ac155 por acceso de por vida;<\/li>\n<li><strong>Disponible en<\/strong>: <a href=\"https:\/\/apps.apple.com\/us\/app\/lingodeer-learn-languages\/id1261193709\" target=\"_blank\" rel=\"noopener\">iOS<\/a> e <a href=\"https:\/\/play.google.com\/store\/apps\/details?id=com.lingodeer&amp;pcampaignid=web_share\" target=\"_blank\" rel=\"noopener\">Android<\/a>.<\/li>\n<\/ul>\n<h2>7. Mondly<\/h2>\n<p><img loading=\"lazy\" decoding=\"async\" class=\"alignnone wp-image-10017\" src=\"https:\/\/ils.simonemontanari.com\/it\/wp-content\/uploads\/sites\/4\/2024\/07\/mondly-logo.png\" alt=\"\" width=\"160\" height=\"160\" \/><\/p>\n<ul>\n<li><strong>Tipo<\/strong>: aplicaci\u00f3n de aprendizaje de idiomas tecnol\u00f3gico con enfoque en las habilidades conversacionales;<\/li>\n<li><strong>Pros<\/strong>: uso de tecnolog\u00eda avanzada como AR (realidad aumentada), VR (realidad virtual) y chatbot para el aprendizaje inmersivo; interfaz f\u00e1cil de usar con dise\u00f1o intuitivo y ejercicios interactivos;<\/li>\n<li><strong>Contras<\/strong>: no hay interacci\u00f3n en vivo con los instructores o las funciones de la comunidad; monoton\u00eda potencial debido a ejercicios repetitivos;<\/li>\n<li><strong>Precio<\/strong>: acceso gratuito a algunas funciones; \u20ac9\/mes; \u20ac44\/a\u00f1o (\u20ac3,65\/mes);<\/li>\n<li><strong>Disponible en<\/strong>: <a href=\"https:\/\/apps.apple.com\/us\/app\/learn-33-languages-with-mondly\/id987873536\" target=\"_blank\" rel=\"noopener\">iOS<\/a> e <a href=\"https:\/\/play.google.com\/store\/apps\/details?id=com.atistudios.mondly.languages&amp;pcampaignid=web_share\" target=\"_blank\" rel=\"noopener\">Android<\/a>.<\/li>\n<\/ul>\n<h2>8. Mango Languages<\/h2>\n<p><img loading=\"lazy\" decoding=\"async\" class=\"alignnone wp-image-10018\" src=\"https:\/\/ils.simonemontanari.com\/it\/wp-content\/uploads\/sites\/4\/2024\/07\/mango-logo.png\" alt=\"\" width=\"160\" height=\"160\" \/><\/p>\n<ul>\n<li><strong>Tipo<\/strong>: aplicaci\u00f3n de aprendizaje de idiomas con enfoque en la conversaci\u00f3n y el contexto cultural;<\/li>\n<li><strong>Pros<\/strong>: incluye informaci\u00f3n cultural para enriquecer el aprendizaje y la comprensi\u00f3n; ofrece ejercicios interactivos e interesantes con participaci\u00f3n activa;<\/li>\n<li><strong>Contras<\/strong>: cobertura limitada de los temas de gram\u00e1tica avanzada y habilidades de escritura; pr\u00e1ctica de conversaci\u00f3n interactiva limitada y ninguna interacci\u00f3n en vivo con instructores;<\/li>\n<li><strong>Precio<\/strong>: \u20ac10,90\/mes; \u20ac110\/a\u00f1o (\u20ac9\/mes);<\/li>\n<li><strong>Disponible en<\/strong>: <a href=\"https:\/\/apps.apple.com\/us\/app\/mango-languages-learning\/id443516516\" target=\"_blank\" rel=\"noopener\">iOS<\/a> e <a href=\"https:\/\/play.google.com\/store\/apps\/details?id=com.mango.android&amp;pcampaignid=web_share\" target=\"_blank\" rel=\"noopener\">Android<\/a>.<\/li>\n<\/ul>\n<h2>9. MosaLingua<\/h2>\n<p><img loading=\"lazy\" decoding=\"async\" class=\"\" src=\"https:\/\/play-lh.googleusercontent.com\/jjeAA0unjgNjdEDG4iafx0As_L1Sok-77mC4YbKO3cUzAGS9nJm8psHvT9rWFcU2-MM=w240-h480-rw\" alt=\"Learn Italian Fast: Course - Apps on Google Play\" width=\"160\" height=\"160\" \/><\/p>\n<ul>\n<li><strong>Tipo<\/strong>: aplicaci\u00f3n de aprendizaje de idiomas con enfoque en el vocabulario y habilidades comunicativas pr\u00e1cticas;<\/li>\n<li><strong>Pros<\/strong>: adquisici\u00f3n eficiente de vocabulario a trav\u00e9s del enfoque en palabras de alta frecuencia; audio de alta calidad de hablantes nativos y medios visuales para una mejor retenci\u00f3n;<\/li>\n<li><strong>Contras<\/strong>: menor \u00e9nfasis en la pr\u00e1ctica interactiva de conversaci\u00f3n y ninguna interacci\u00f3n en vivo con los instructores; cobertura limitada de temas gramaticales y habilidades de escritura;<\/li>\n<li><strong>Precio<\/strong>: $0, con acceso limitado y funcionalidad b\u00e1sica; Suscripci\u00f3n Premium: \u20ac9\/mes, \u20ac55\/a\u00f1o (aproximadamente \u20ac4,50\/mes), \u20ac119 pago \u00fanico;<\/li>\n<li><strong>Disponible en<\/strong>: <a href=\"https:\/\/apps.apple.com\/us\/app\/mosalingua-learn-languages\/id858567694\" target=\"_blank\" rel=\"noopener\">iOS<\/a> e <a href=\"https:\/\/play.google.com\/store\/apps\/details?id=com.mosalingua.itfree&amp;pcampaignid=web_share\" target=\"_blank\" rel=\"noopener\">Android<\/a>.<\/li>\n<\/ul>\n<h2>10. Beelinguapp<\/h2>\n<p><img loading=\"lazy\" decoding=\"async\" class=\"alignnone wp-image-10019\" src=\"https:\/\/ils.simonemontanari.com\/it\/wp-content\/uploads\/sites\/4\/2024\/07\/beelinguapp-logo.png\" alt=\"\" width=\"160\" height=\"160\" \/><\/p>\n<ul>\n<li><strong>Tipo<\/strong>: aplicaci\u00f3n de aprendizaje de idiomas que enfatiza la comprensi\u00f3n de lectura y escucha a trav\u00e9s del uso de textos biling\u00fces;<\/li>\n<li><strong>Pros<\/strong>: mejora el vocabulario y la comprensi\u00f3n a trav\u00e9s del aprendizaje contextual; enfoque narrativo atractivo que mantiene la motivaci\u00f3n;<\/li>\n<li><strong>Contras<\/strong>: enfoque gramatical limitado y ninguna pr\u00e1ctica de conversaci\u00f3n; monitoreo del progreso b\u00e1sico y personalizaci\u00f3n limitada en las rutas de aprendizaje;<\/li>\n<li><strong>Precio<\/strong>: $0, con acceso limitado y funciones b\u00e1sicas incluyendo anuncios; Suscripci\u00f3n Premium: \u20ac4,50 \/mes, \u20ac21\/a\u00f1o (aproximadamente \u20ac1,82\/mes), \u20ac83,20 pago \u00fanico;<\/li>\n<li><strong>Disponible en<\/strong>: <a href=\"https:\/\/apps.apple.com\/us\/app\/beelinguapp-language-learning\/id1225056371\" target=\"_blank\" rel=\"noopener\">iOS<\/a> e <a href=\"https:\/\/play.google.com\/store\/apps\/details?id=com.david.android.languageswitch&amp;pcampaignid=web_share\" target=\"_blank\" rel=\"noopener\">Android<\/a>.<\/li>\n<\/ul>\n<h2>11. Lingvist<\/h2>\n<p><img loading=\"lazy\" decoding=\"async\" class=\"alignnone wp-image-10020\" src=\"https:\/\/ils.simonemontanari.com\/it\/wp-content\/uploads\/sites\/4\/2024\/07\/lingvist-logo.png\" alt=\"\" width=\"160\" height=\"160\" \/><\/p>\n<ul>\n<li><strong>Tipo<\/strong>: aplicaci\u00f3n de aprendizaje de idiomas que utiliza inteligencia artificial y t\u00e9cnicas basadas en datos para proporcionar una experiencia de aprendizaje altamente personalizada y eficiente;<\/li>\n<li><strong>Pros<\/strong>: aprendizaje adaptativo impulsado por IA, proporciona contenido personalizado y din\u00e1mico; contenido adaptado a sus intereses personales;<\/li>\n<li><strong>Contras<\/strong>: Enfoque limitado en la gram\u00e1tica y sintaxis de la frase; pr\u00e1ctica m\u00ednima interactiva de conversaci\u00f3n y ninguna oportunidad de conversar en tiempo real;<\/li>\n<li><strong>Precio<\/strong>: \u20ac0, con acceso limitado y l\u00edmites de uso diario; \u20ac9 por mes; \u20ac73 por a\u00f1o (alrededor de \u20ac6\/mes); \u20ac182,67 pago \u00fanico;<\/li>\n<li><strong>Disponible en<\/strong>: <a href=\"https:\/\/apps.apple.com\/us\/app\/lingvist-learn-languages-fast\/id969093402\" target=\"_blank\" rel=\"noopener\">iOS<\/a> e <a href=\"https:\/\/play.google.com\/store\/apps\/details?id=io.lingvist.android&amp;pcampaignid=web_share\" target=\"_blank\" rel=\"noopener\">Android<\/a>.<\/li>\n<\/ul>\n<h2>12. Glossika<\/h2>\n<p><img loading=\"lazy\" decoding=\"async\" class=\"alignnone wp-image-10021\" src=\"https:\/\/ils.simonemontanari.com\/it\/wp-content\/uploads\/sites\/4\/2024\/07\/glossika-logo.png\" alt=\"\" width=\"160\" height=\"160\" \/><\/p>\n<ul>\n<li><strong>Tipo:<\/strong> aplicaci\u00f3n de aprendizaje de idiomas dise\u00f1ada para ayudar a los usuarios a alcanzar sus objetivos de aprendizaje mediante la pr\u00e1ctica inmersiva de escuchar y hablar;<\/li>\n<li><strong>Pros:<\/strong> enfatiza la pr\u00e1ctica de escuchar y hablar con audio en italiano; personalizaci\u00f3n impulsada por AI que adapta el contenido y la dificultad al progreso del usuario;<\/li>\n<li><strong>Contras:<\/strong> carece de instrucciones gramaticales expl\u00edcitas y pr\u00e1ctica m\u00ednima de escritura; el aprendizaje basado en frases repetitivas podr\u00eda volverse mon\u00f3tono;<\/li>\n<li><strong>Precio:<\/strong> prueba gratuita $0 por un per\u00edodo limitado; \u20ac22,83 al mes; \u20ac274 al a\u00f1o;\u20ac456 pago \u00fanico;<\/li>\n<li><strong>Disponible en<\/strong>: <a href=\"https:\/\/apps.apple.com\/us\/app\/glossika-language-learning\/id1597902556\" target=\"_blank\" rel=\"noopener\">iOS<\/a> e <a href=\"https:\/\/play.google.com\/store\/apps\/details?id=com.glossika.ai&amp;pcampaignid=web_share\" target=\"_blank\" rel=\"noopener\">Android<\/a>.<\/li>\n<\/ul>\n<h2>Conclusi<span class=\"Y2IQFc\" lang=\"es\">\u00f3<\/span>n<\/h2>\n<p>Cada aplicaci\u00f3n es espec\u00edfica para satisfacer ciertas necesidades y con enfoques de aprendizaje bien definidos.<\/p>\n<p>Por ejemplo, si quieres <strong>enriquecer tu vocabulario<\/strong>, Memrise y Beelinguapp son las aplicaciones perfectas; si quieres <strong>mejorar la interacci\u00f3n con hablantes nativos<\/strong> te recomendamos Busuu o MosaLingua; Si quieres centrarte en <strong>aprender la gram<span class=\"Y2IQFc\" lang=\"es\">\u00e1<\/span>tica<\/strong>, la app Lingodeer es ideal.<\/p>\n<p>Las aplicaciones pueden ser una <strong>herramienta de apoyo valiosa<\/strong> en el aprendizaje del idioma, y son un excelente m\u00e9todo para practicar durante los momentos de relajaci\u00f3n o espera, Como cuando est\u00e1s en el autob\u00fas o esperando a que la cena est\u00e9 lista.<\/p>\n<p>Pero para aprender el idioma, la pr\u00e1ctica constante y la interacci\u00f3n con otros estudiantes es esencial!<\/p>\n<p>Para una mejora r\u00e1pida y eficaz, descubre nuestros <a href=\"https:\/\/ils.simonemontanari.com\/es\/cursos-de-italiano\/\">cursos en Florencia<\/a> o <a href=\"https:\/\/ils.simonemontanari.com\/es\/aprender-italiano-online\/\">online<\/a>, \u00a1podr<span class=\"Y2IQFc\" lang=\"es\">\u00e1<\/span>s encontrar el curso perfecto para t\u00ec!<\/p>\n","protected":false},"excerpt":{"rendered":"<p>1. Duolingo Tipo: aplicaci\u00f3n para el aprendizaje de idiomas con un enfoque l\u00fadico; Pros: experiencia de aprendizaje atractiva; lecciones cortas e interactivas adecuadas para aquellos que tienen poco tiempo para entrenar; Controas: contenido limitado para estudiantes avanzados; pr\u00e1ctica en la conversaci\u00f3n y contexto cultural limitados; Precio: caracter\u00edsticas b\u00e1sicas gratuitas; Super Duolingo \u20ac12,99\/mes o \u20ac76,99\/a\u00f1o (\u20ac6,99\/mes); [&hellip;]<\/p>\n","protected":false},"author":1788,"featured_media":6940,"parent":29,"menu_order":0,"comment_status":"closed","ping_status":"closed","template":"","meta":{"_acf_changed":false,"footnotes":""},"class_list":["post-6883","page","type-page","status-publish","has-post-thumbnail","hentry"],"acf":[],"_links":{"self":[{"href":"https:\/\/ils.simonemontanari.com\/es\/wp-json\/wp\/v2\/pages\/6883","targetHints":{"allow":["GET"]}}],"collection":[{"href":"https:\/\/ils.simonemontanari.com\/es\/wp-json\/wp\/v2\/pages"}],"about":[{"href":"https:\/\/ils.simonemontanari.com\/es\/wp-json\/wp\/v2\/types\/page"}],"author":[{"embeddable":true,"href":"https:\/\/ils.simonemontanari.com\/es\/wp-json\/wp\/v2\/users\/1788"}],"replies":[{"embeddable":true,"href":"https:\/\/ils.simonemontanari.com\/es\/wp-json\/wp\/v2\/comments?post=6883"}],"version-history":[{"count":0,"href":"https:\/\/ils.simonemontanari.com\/es\/wp-json\/wp\/v2\/pages\/6883\/revisions"}],"up":[{"embeddable":true,"href":"https:\/\/ils.simonemontanari.com\/es\/wp-json\/wp\/v2\/pages\/29"}],"wp:featuredmedia":[{"embeddable":true,"href":"https:\/\/ils.simonemontanari.com\/es\/wp-json\/wp\/v2\/media\/6940"}],"wp:attachment":[{"href":"https:\/\/ils.simonemontanari.com\/es\/wp-json\/wp\/v2\/media?parent=6883"}],"curies":[{"name":"wp","href":"https:\/\/api.w.org\/{rel}","templated":true}]}}