{"id":6910,"date":"2023-10-26T12:38:53","date_gmt":"2023-10-26T10:38:53","guid":{"rendered":"https:\/\/ils.simonemontanari.com\/es\/?page_id=6910"},"modified":"2024-08-23T12:37:09","modified_gmt":"2024-08-23T10:37:09","slug":"resenas","status":"publish","type":"page","link":"https:\/\/ils.simonemontanari.com\/es\/resenas\/","title":{"rendered":"Europass Italian Language School Rese\u00f1as"},"content":{"rendered":"<h2>Rese\u00f1as de cursos verificadas<\/h2>\n<p><img decoding=\"async\" src=\"https:\/\/www.teacheracademy.eu\/wp-content\/uploads\/2023\/10\/image.png\" \/><\/p>\n<table class=\"holiday-prices-table\">\n<tbody>\n<tr>\n<th style=\"text-align: left;\">Curso<\/th>\n<th style=\"text-align: left;\">N\u00famero de valoraciones<\/th>\n<th style=\"text-align: left;\">Calificaci\u00f3n (\/10)<\/th>\n<\/tr>\n<tr>\n<td><a href=\"https:\/\/ils.simonemontanari.com\/es\/cursos\/grupales-online\/\">Cursos Grupales Online<\/a><\/td>\n<td>107<\/td>\n<td>9.57<\/td>\n<\/tr>\n<tr>\n<td><a href=\"https:\/\/ils.simonemontanari.com\/es\/cursos-de-italiano\/\">Cursos en Florencia<\/a><\/td>\n<td>303<\/td>\n<td>9.41<\/td>\n<\/tr>\n<\/tbody>\n<\/table>\n<p>*\u00daltima actualizaci\u00f3n 12-05-2024\u00a0 &#8211; Basado en las valoraciones del a\u00f1o anterior<\/p>\n<h3>GoAbroad rese\u00f1as<\/h3>\n<p><a href=\"https:\/\/www.goabroad.com\/providers\/europass-italian-language-school\">9.7 (30 rese\u00f1as)<\/a>\u2b50\u2b50\u2b50\u2b50\u2b50<\/p>\n<h3>LanguageBookings rese\u00f1as<\/h3>\n<p><a href=\"https:\/\/it.languagebookings.com\/corso-italiano\/italia\/firenze\/comments\/europass.html\">9.5 (37 rese\u00f1as)<\/a> \u2b50\u2b50\u2b50\u2b50\u2b50<\/p>\n<h2>Otras rese\u00f1as no verificadas*<\/h2>\n<h3>Google rese\u00f1as<\/h3>\n<p><a href=\"https:\/\/maps.app.goo.gl\/2eoYJgRB67vQaVVM8\">4.8 (120 rese\u00f1as)<\/a>\u2b50\u2b50\u2b50\u2b50\u2b50<\/p>\n<h3>Facebook rese\u00f1as<\/h3>\n<p><a href=\"https:\/\/www.facebook.com\/EuropassItalianLanguageSchool\/reviews\/\"> 4.8 (193 rese\u00f1as)<\/a> \u2b50\u2b50\u2b50\u2b50\u2b50<\/p>\n<p>*Las rese\u00f1as de cursos en Google Maps y Facebook no est\u00e1n verificadas. Las rese\u00f1as de cursos realizadas en el \u00faltimo d\u00eda del curso, en GoAbroad y en LanguageBookings, son verificadas por ETA SRL y los propietarios de los sitios web, y son alimentadas por <a href=\"https:\/\/surveysparrow.com\/\">SurveySparrow<\/a>. En la encuesta presentada el \u00faltimo d\u00eda del curso, se eval\u00faan varios aspectos. La calificaci\u00f3n proporcionada en la tabla anterior representa la respuesta a la \u00faltima pregunta de la encuesta: \u00abEn general, \u00bfc\u00f3mo calificar\u00eda su curso con nosotros?\u00bb<\/p>\n","protected":false},"excerpt":{"rendered":"<p>Rese\u00f1as de cursos verificadas Curso N\u00famero de valoraciones Calificaci\u00f3n (\/10) Cursos Grupales Online 107 9.57 Cursos en Florencia 303 9.41 *\u00daltima actualizaci\u00f3n 12-05-2024\u00a0 &#8211; Basado en las valoraciones del a\u00f1o anterior GoAbroad rese\u00f1as 9.7 (30 rese\u00f1as)\u2b50\u2b50\u2b50\u2b50\u2b50 LanguageBookings rese\u00f1as 9.5 (37 rese\u00f1as) \u2b50\u2b50\u2b50\u2b50\u2b50 Otras rese\u00f1as no verificadas* Google rese\u00f1as 4.8 (120 rese\u00f1as)\u2b50\u2b50\u2b50\u2b50\u2b50 Facebook rese\u00f1as 4.8 (193 [&hellip;]<\/p>\n","protected":false},"author":1788,"featured_media":0,"parent":0,"menu_order":0,"comment_status":"closed","ping_status":"closed","template":"","meta":{"_acf_changed":false,"footnotes":""},"class_list":["post-6910","page","type-page","status-publish","hentry"],"acf":[],"_links":{"self":[{"href":"https:\/\/ils.simonemontanari.com\/es\/wp-json\/wp\/v2\/pages\/6910","targetHints":{"allow":["GET"]}}],"collection":[{"href":"https:\/\/ils.simonemontanari.com\/es\/wp-json\/wp\/v2\/pages"}],"about":[{"href":"https:\/\/ils.simonemontanari.com\/es\/wp-json\/wp\/v2\/types\/page"}],"author":[{"embeddable":true,"href":"https:\/\/ils.simonemontanari.com\/es\/wp-json\/wp\/v2\/users\/1788"}],"replies":[{"embeddable":true,"href":"https:\/\/ils.simonemontanari.com\/es\/wp-json\/wp\/v2\/comments?post=6910"}],"version-history":[{"count":0,"href":"https:\/\/ils.simonemontanari.com\/es\/wp-json\/wp\/v2\/pages\/6910\/revisions"}],"wp:attachment":[{"href":"https:\/\/ils.simonemontanari.com\/es\/wp-json\/wp\/v2\/media?parent=6910"}],"curies":[{"name":"wp","href":"https:\/\/api.w.org\/{rel}","templated":true}]}}