{"id":6962,"date":"2023-11-29T16:37:39","date_gmt":"2023-11-29T15:37:39","guid":{"rendered":"https:\/\/ils.simonemontanari.com\/es\/?page_id=6962"},"modified":"2024-08-23T12:37:13","modified_gmt":"2024-08-23T10:37:13","slug":"formacion-professional","status":"publish","type":"page","link":"https:\/\/ils.simonemontanari.com\/es\/quien-somos\/formacion-professional\/","title":{"rendered":"Formaci\u00f3n Professional"},"content":{"rendered":"<p>Los docentes de Europass han podido mejorar sus competencias profesionales en distintos campos, gracias a diversos proyectos Erasmus:<\/p>\n<p>Gracias a la acreditaci\u00f3n Erasmus+ obtenida en el 2021 (2021-1-IT02-KA121-ADU-000006818), muchos docentes han participado en programas de mobilidad individual para seguir cursos de formaci\u00f3n profesional o llevar a cabo orientaci\u00f3n profesional en colaboraci\u00f3n con escuelas asociadas.<\/p>\n<p>Los fondos Erasmus KA1 tambi\u00e9n han sido usados para invitar a formadores expertos del estranjero para llevar a cabo seminarios para los docentes de la escuela Europass.<\/p>\n<div id='gallery-1' class='gallery galleryid-6962 gallery-columns-3 gallery-size-thumbnail'><figure class='gallery-item'>\n\t\t\t<div class='gallery-icon portrait'>\n\t\t\t\t<a href='https:\/\/ils.simonemontanari.com\/es\/quien-somos\/formacion-professional\/corso-formazione-2\/'><img loading=\"lazy\" decoding=\"async\" width=\"376\" height=\"250\" src=\"https:\/\/ils.simonemontanari.com\/es\/wp-content\/uploads\/sites\/3\/2023\/11\/Corso-formazione-2-376x250.jpg\" class=\"attachment-thumbnail size-thumbnail\" alt=\"\" \/><\/a>\n\t\t\t<\/div><\/figure><figure class='gallery-item'>\n\t\t\t<div class='gallery-icon portrait'>\n\t\t\t\t<a href='https:\/\/ils.simonemontanari.com\/es\/quien-somos\/formacion-professional\/corso-formazione-3\/'><img loading=\"lazy\" decoding=\"async\" width=\"376\" height=\"250\" src=\"https:\/\/ils.simonemontanari.com\/es\/wp-content\/uploads\/sites\/3\/2023\/11\/Corso-formazione-3-376x250.jpg\" class=\"attachment-thumbnail size-thumbnail\" alt=\"\" \/><\/a>\n\t\t\t<\/div><\/figure><figure class='gallery-item'>\n\t\t\t<div class='gallery-icon landscape'>\n\t\t\t\t<a href='https:\/\/ils.simonemontanari.com\/es\/quien-somos\/formacion-professional\/corso-formazione\/'><img loading=\"lazy\" decoding=\"async\" width=\"376\" height=\"250\" src=\"https:\/\/ils.simonemontanari.com\/es\/wp-content\/uploads\/sites\/3\/2023\/11\/Corso-formazione-376x250.jpg\" class=\"attachment-thumbnail size-thumbnail\" alt=\"\" \/><\/a>\n\t\t\t<\/div><\/figure><figure class='gallery-item'>\n\t\t\t<div class='gallery-icon landscape'>\n\t\t\t\t<a href='https:\/\/ils.simonemontanari.com\/es\/quien-somos\/formacion-professional\/corso-formazione-1\/'><img loading=\"lazy\" decoding=\"async\" width=\"376\" height=\"250\" src=\"https:\/\/ils.simonemontanari.com\/es\/wp-content\/uploads\/sites\/3\/2023\/11\/Corso-formazione-1-376x250.jpg\" class=\"attachment-thumbnail size-thumbnail\" alt=\"\" \/><\/a>\n\t\t\t<\/div><\/figure><figure class='gallery-item'>\n\t\t\t<div class='gallery-icon landscape'>\n\t\t\t\t<a href='https:\/\/ils.simonemontanari.com\/es\/quien-somos\/formacion-professional\/corso-formazione-4\/'><img loading=\"lazy\" decoding=\"async\" width=\"376\" height=\"250\" src=\"https:\/\/ils.simonemontanari.com\/es\/wp-content\/uploads\/sites\/3\/2023\/11\/Corso-formazione-4-376x250.jpg\" class=\"attachment-thumbnail size-thumbnail\" alt=\"\" \/><\/a>\n\t\t\t<\/div><\/figure><figure class='gallery-item'>\n\t\t\t<div class='gallery-icon landscape'>\n\t\t\t\t<a href='https:\/\/ils.simonemontanari.com\/es\/quien-somos\/formacion-professional\/corso-formazione-5\/'><img loading=\"lazy\" decoding=\"async\" width=\"376\" height=\"250\" src=\"https:\/\/ils.simonemontanari.com\/es\/wp-content\/uploads\/sites\/3\/2023\/11\/Corso-formazione-5-376x250.jpg\" class=\"attachment-thumbnail size-thumbnail\" alt=\"\" \/><\/a>\n\t\t\t<\/div><\/figure>\n\t\t<\/div>\n\n<p>Aqu\u00ed se puede encontrar la lista de la formaci\u00f3n realizada durante los dos \u00faltimos a\u00f1os:<\/p>\n<h2>Formaci\u00f3n 2022<\/h2>\n<p><strong>Herramientas de Orientaci\u00f3n Educativa<\/strong><br \/>\n7-11\/02\/2022 formaci\u00f3n en M\u00e1laga, Espa\u00f1a<\/p>\n<p><strong>M\u00e9todo CLIL<\/strong><br \/>\n7-12\/02\/2022 formaci\u00f3n en Dubl\u00edn, Irlanda<\/p>\n<p><strong>Storytelling, humor, t\u00e9cnicas de improvisaci\u00f3n y mon\u00f3logo humor\u00edstico en la clase <\/strong><br \/>\n8-10\/03\/2022 invitado experto\u00a0<a href=\"https:\/\/www.teacheracademy.eu\/team\/carmine-rodi-falanga\/\" target=\"_blank\" rel=\"noopener\">Carmine Rodi Falanga<\/a><\/p>\n<p><strong>Gesti\u00f3n de la clase intercultural<\/strong><br \/>\n21-25\/03\/2022 formaci\u00f3n en M\u00e1laga, Espa\u00f1a<\/p>\n<p><strong>Aprendizaje emocional y la neurociencia educativa en clase<\/strong><br \/>\n6-9\/06\/2022 experta invitada\u00a0<a href=\"https:\/\/www.teacheracademy.eu\/team\/veerle-ponnet\/\" target=\"_blank\" rel=\"noopener\">Veerle Ponnet<\/a><\/p>\n<p><a href=\"https:\/\/www.teacheracademy.eu\/course\/team-building-in-schools\/\" target=\"_blank\" rel=\"noopener\"><strong>Team Building for School: Play and Fun, Building Educators\u2019 Communities<\/strong><\/a><br \/>\n27\/06- 02\/07\/2022 formaci\u00f3n en Tenerife, Espa\u00f1a<\/p>\n<p><strong>Herramientas digitales para la educaci\u00f3n<\/strong><br \/>\n13-17\/11\/2022 formaci\u00f3n en Istanbul, Turqu\u00eda<\/p>\n<p><a href=\"https:\/\/www.alternativeways.eu\/\" target=\"_blank\" rel=\"noopener\"><strong>Alternative Ways<\/strong><\/a><br \/>\n23-25\/11 invitados expertos: Els Streefkerk e Arjen Barel, formaci\u00f3n para le ense\u00f1anza de idiomas a personas extranjeras con bajo nivel de alfabetizaci\u00f3n, mediante juegos y actividades enfocadas a incrementar la confianza en uno mismo durante el aprendizaje de una lengua extranjera.<\/p>\n<h2>Formaci\u00f3n 2023<\/h2>\n<p><strong>Job-shadowing<\/strong><br \/>\n30\/01 \u2013 3\/02\/2023 en una escuela primaria en Vorbasse, Dinamarca<\/p>\n<p><strong>Estrategias de liderazgo, comunicaci\u00f3n y gesti\u00f3n de la clase<\/strong><br \/>\n31\/01 \u2013 02\/02\/2023 formaci\u00f3n por parte del invitado experto Thomas Frick<\/p>\n<p><strong>4Cs: Comunicaci\u00f3n, Colaboraci\u00f3n, Creatividad Pensamiento Cr\u00edtico<\/strong><br \/>\n13-17\/02\/2023 formaci\u00f3n en Sevilla, Espa\u00f1a<\/p>\n<p><strong>Uso del arte y la cultura italiana en la ense<\/strong><strong>\u00f1<\/strong><strong>anza de la lengua<\/strong><br \/>\n15-17\/02\/2023 invitado experto Gianluca Olcese<\/p>\n<p><strong>Clase digital<\/strong><br \/>\n20-24\/02\/2023 formaci\u00f3n en Sevilla, Espa\u00f1a<\/p>\n<p><strong>Afrontando retos de comportamiento<\/strong><br \/>\n11-16\/03\/2023 formaci\u00f3n en Limassol, Chipre<\/p>\n<p><strong>Storytelling digital<\/strong><br \/>\n27\/03- 01\/04\/2023 formaci\u00f3n en Praga, Rep\u00fablica Checa<\/p>\n<p><strong>Uso de la voz en clase<\/strong><br \/>\n2-4\/05\/2023 invitado experto\u00a0<a href=\"https:\/\/www.teacheracademy.eu\/team\/jarek-sacharski\/\" target=\"_blank\" rel=\"noopener\">Jarek Sacharski<\/a><\/p>\n<p><a href=\"https:\/\/www.teacheracademy.eu\/course\/environmental-stewardship\/\" target=\"_blank\" rel=\"noopener\"><strong>Environmental Stewardship: How to Reconnect with Nature<\/strong><\/a><br \/>\n26-30\/06\/2023 formaci\u00f3n en Niza, Francia<\/p>\n<p><a href=\"https:\/\/www.teacheracademy.eu\/course\/democratic-life-eu\/\" target=\"_blank\" rel=\"noopener\"><strong>The Democratic Life in the EU<\/strong><\/a><br \/>\n23-28\/10\/2023 formaci\u00f3n en Dubl\u00edn, Irlanda<\/p>\n<p><a href=\"https:\/\/www.teacheracademy.eu\/course\/resilience-and-wellbeing\/\" target=\"_blank\" rel=\"noopener\"><strong>Resilience and Well-being Strengths<\/strong><\/a><br \/>\n30\/10- 04\/11\/2023 formaci\u00f3n en Tenerife, Espa\u00f1a<\/p>\n<p><strong>The best digital tools for language teachers<br \/>\n<\/strong>20-25\/11\/2023, formaci\u00f3n en Amsterdam, Pa\u00edses Bajos<\/p>\n<h2>Formaci\u00f3n 2024<\/h2>\n<p><strong>AI for Education: Exploring the Frontiers of ICT<\/strong><br \/>\n15-20\/01\/2024, formaci\u00f3n en Dublin<\/p>\n<p><strong>Job-shadowing<\/strong><br \/>\n8-13\/04\/2024, en una escuela de ingl\u00e9s en Dublin<\/p>\n<p><strong>Artificial Intelligence and ICT for language learning<\/strong><br \/>\n19-21\/03\/2024, formaci\u00f3n en Florencia, Italia, invitado experto <a href=\"https:\/\/www.teacheracademy.eu\/team\/alenka-miljevic\/\" target=\"_blank\" rel=\"noopener\">Alenka Miljevi\u0107<\/a><\/p>\n<p><iframe loading=\"lazy\" src=\"https:\/\/www.youtube.com\/embed\/e9-wKjr7RSE?si=BSiMMZ8vjXK9BnAV\" width=\"560\" height=\"315\" frameborder=\"0\" allowfullscreen=\"allowfullscreen\"><span data-mce-type=\"bookmark\" style=\"width: 0px;overflow: hidden;line-height: 0\" class=\"mce_SELRES_start\">\ufeff<\/span><span data-mce-type=\"bookmark\" style=\"width: 0px;overflow: hidden;line-height: 0\" class=\"mce_SELRES_start\">\ufeff<\/span><\/iframe><\/p>\n<p><strong>Positive education and motivation in multicultural classrooms<\/strong><br \/>\n7-9\/05\/2024, formaci\u00f3n en Florencia, Italia, invitado experto <a href=\"https:\/\/www.teacheracademy.eu\/team\/marta-mandolini\/\" target=\"_blank\" rel=\"noopener\">Marta Mandolini<\/a><\/p>\n<p><a href=\"https:\/\/www.teacheracademy.eu\/course\/art-music-and-dance-for-inclusion\/\"><strong>Art, music and dance therapy for an inclusive classroom<\/strong><\/a><br \/>\n17\/06 &#8211; 21\/06\/2024, formaci\u00f3n en Barcelona, Espa\u00f1a<\/p>\n<p><strong>Job-shadowing<\/strong><br \/>\n15\/07 &#8211; 20\/07\/2024, en una escuela de espa\u00f1ol en Barcelona, Espa\u00f1a<\/p>\n<h2>Otros proyectos Erasmus<\/h2>\n<p>Gracias al proyecto <a href=\"https:\/\/digitiseproject.eu\/\">Erasmus+ Digitise \u2013 Toolkit for 50+<\/a> (2021-1-RO01-KA220-000034802) nuestros docentes han podido desenvolupar sus competencias digitales para ofrecer lecciones m\u00e1s interactivas y eficaces, participando en la formaci\u00f3n sobre herramientas digitales en Berl\u00edn, Cluj-Napoca y Tessal\u00f3nica.<\/p>\n<p>Gracias al proyecto Erasmus+ Creativity for Innovation nuestros docentes han aprendido m\u00e9todos innovadores y creativos para ense\u00f1ar lenguas estranjeras a adultos, en particular dos docentes han seguido la formaci\u00f3n sobre el m\u00e9todo Callan en Zagabria (Croacia) y sobre storytelling en Amsterdam (Pa\u00edses Bajos).<\/p>\n<p>El proyecto Erasmus+ <a href=\"https:\/\/lolearningoutloud.com\/\" target=\"_blank\" rel=\"noopener\">Learning Out Loud (LOL)<\/a> permiti\u00f3 a nuestros profesores desarrollar actividades a\u00fan m\u00e1s atractivas y efectivas para apoyar a nuestros estudiantes en su camino de aprendizaje, integrando elementos de stand-up, teatro improvisado y psicolog\u00eda positiva en nuestras clases de idiomas.<\/p>\n<p>El Proyecto Jean Monnet <a href=\"https:\/\/euteam.teacheracademy.eu\/\" target=\"_blank\" rel=\"noopener\">EUTEAM<\/a> brind\u00f3 a nuestra escuela la oportunidad de organizar cursos de formaci\u00f3n para profesores sobre la UE, tanto en l\u00ednea como precenciales, lo que permiti\u00f3 a nuestra escuela promover la ciudadan\u00eda activa y los valores comunes de la UE.<\/p>\n","protected":false},"excerpt":{"rendered":"<p>Los docentes de Europass han podido mejorar sus competencias profesionales en distintos campos, gracias a diversos proyectos Erasmus: Gracias a la acreditaci\u00f3n Erasmus+ obtenida en el 2021 (2021-1-IT02-KA121-ADU-000006818), muchos docentes han participado en programas de mobilidad individual para seguir cursos de formaci\u00f3n profesional o llevar a cabo orientaci\u00f3n profesional en colaboraci\u00f3n con escuelas asociadas. Los [&hellip;]<\/p>\n","protected":false},"author":1788,"featured_media":6963,"parent":66,"menu_order":0,"comment_status":"closed","ping_status":"closed","template":"","meta":{"_acf_changed":false,"footnotes":""},"class_list":["post-6962","page","type-page","status-publish","has-post-thumbnail","hentry"],"acf":[],"_links":{"self":[{"href":"https:\/\/ils.simonemontanari.com\/es\/wp-json\/wp\/v2\/pages\/6962","targetHints":{"allow":["GET"]}}],"collection":[{"href":"https:\/\/ils.simonemontanari.com\/es\/wp-json\/wp\/v2\/pages"}],"about":[{"href":"https:\/\/ils.simonemontanari.com\/es\/wp-json\/wp\/v2\/types\/page"}],"author":[{"embeddable":true,"href":"https:\/\/ils.simonemontanari.com\/es\/wp-json\/wp\/v2\/users\/1788"}],"replies":[{"embeddable":true,"href":"https:\/\/ils.simonemontanari.com\/es\/wp-json\/wp\/v2\/comments?post=6962"}],"version-history":[{"count":0,"href":"https:\/\/ils.simonemontanari.com\/es\/wp-json\/wp\/v2\/pages\/6962\/revisions"}],"up":[{"embeddable":true,"href":"https:\/\/ils.simonemontanari.com\/es\/wp-json\/wp\/v2\/pages\/66"}],"wp:featuredmedia":[{"embeddable":true,"href":"https:\/\/ils.simonemontanari.com\/es\/wp-json\/wp\/v2\/media\/6963"}],"wp:attachment":[{"href":"https:\/\/ils.simonemontanari.com\/es\/wp-json\/wp\/v2\/media?parent=6962"}],"curies":[{"name":"wp","href":"https:\/\/api.w.org\/{rel}","templated":true}]}}