{"id":7017,"date":"2024-01-03T13:22:22","date_gmt":"2024-01-03T12:22:22","guid":{"rendered":"https:\/\/ils.simonemontanari.com\/es\/?page_id=7017"},"modified":"2024-12-02T14:17:25","modified_gmt":"2024-12-02T13:17:25","slug":"podcast-italia","status":"publish","type":"page","link":"https:\/\/ils.simonemontanari.com\/es\/podcast-italia\/","title":{"rendered":"El Podcast para aprender italiano: Italia 360\u00b0"},"content":{"rendered":"<p>Cada temporada es un viaje que recorre toda Italia desde una perspectiva diferente.<br \/>\n\u00a1\u00danete a nosotros para explorar juntos nuestra pen\u00ednsula de 360\u00ba!<\/p>\n        <div class=\"page-card temporada-1 is-style-default\">\n                            <figure class=\"page-card_image\">\n                    <a href=\"https:\/\/ils.simonemontanari.com\/es\/podcast-italia\/temporada-1\/\" title=\"Temporada 1 &#8211; El Cine Italiano\">\n                                            <\/a>\n                <\/figure>\n            <h2 class=\"page-card_title\"><a href=\"https:\/\/ils.simonemontanari.com\/es\/podcast-italia\/temporada-1\/\" title=\"Temporada 1 &#8211; El Cine Italiano\">Temporada 1 &#8211; El Cine Italiano<\/a><\/h2>            <p class=\"page-card_text\">Descubre el cine italiano, uno de los cines m\u00e1s famosos del mundo. Desde sus inicios hasta su triunfo, el cine italiano ha dejado una marca indeleble en la historia del arte cinematogr\u00e1fico.<\/p>\n                        <p class=\"page-card_cta\"><a href=\"https:\/\/ils.simonemontanari.com\/es\/podcast-italia\/temporada-1\/\">Descubre m\u00e1s<span class=\"icon\"><svg xmlns=\"http:\/\/www.w3.org\/2000\/svg\" aria-hidden=\"true\" focusable=\"false\" role=\"img\" viewBox=\"0 0 448 512\"><path fill=\"currentColor\" d=\"M443.7 266.8l-165.9 176C274.5 446.3 269.1 448 265.5 448c-3.986 0-7.988-1.375-11.16-4.156c-6.773-5.938-7.275-16.06-1.118-22.59L393.9 272H16.59c-9.171 0-16.59-7.155-16.59-15.1S7.421 240 16.59 240h377.3l-140.7-149.3c-6.157-6.531-5.655-16.66 1.118-22.59c6.789-5.906 17.27-5.469 23.45 1.094l165.9 176C449.4 251.3 449.4 260.7 443.7 266.8z\"\/><\/svg><\/span><\/a><\/p>\n                    <\/div>\n        \n        <div class=\"page-card temporada-2 is-style-default\">\n                            <figure class=\"page-card_image\">\n                    <a href=\"https:\/\/ils.simonemontanari.com\/es\/podcast-italia\/temporada-2\/\" title=\"Temporada 2 &#8211; El Made in Italy\">\n                                            <\/a>\n                <\/figure>\n            <h2 class=\"page-card_title\"><a href=\"https:\/\/ils.simonemontanari.com\/es\/podcast-italia\/temporada-2\/\" title=\"Temporada 2 &#8211; El Made in Italy\">Temporada 2 &#8211; El Made in Italy<\/a><\/h2>            <p class=\"page-card_text\">Exploremos el per\u00edodo del boom econ\u00f3mico de los a\u00f1os 50 y 60, cuando Italia cre\u00f3 objetos ic\u00f3nicos del made in Italy.<\/p>\n                        <p class=\"page-card_cta\"><a href=\"https:\/\/ils.simonemontanari.com\/es\/podcast-italia\/temporada-2\/\">Descubre m\u00e1s<span class=\"icon\"><svg xmlns=\"http:\/\/www.w3.org\/2000\/svg\" aria-hidden=\"true\" focusable=\"false\" role=\"img\" viewBox=\"0 0 448 512\"><path fill=\"currentColor\" d=\"M443.7 266.8l-165.9 176C274.5 446.3 269.1 448 265.5 448c-3.986 0-7.988-1.375-11.16-4.156c-6.773-5.938-7.275-16.06-1.118-22.59L393.9 272H16.59c-9.171 0-16.59-7.155-16.59-15.1S7.421 240 16.59 240h377.3l-140.7-149.3c-6.157-6.531-5.655-16.66 1.118-22.59c6.789-5.906 17.27-5.469 23.45 1.094l165.9 176C449.4 251.3 449.4 260.7 443.7 266.8z\"\/><\/svg><\/span><\/a><\/p>\n                    <\/div>\n        \n","protected":false},"excerpt":{"rendered":"<p>Cada temporada es un viaje que recorre toda Italia desde una perspectiva diferente. \u00a1\u00danete a nosotros para explorar juntos nuestra pen\u00ednsula de 360\u00ba!<\/p>\n","protected":false},"author":1788,"featured_media":7164,"parent":0,"menu_order":0,"comment_status":"closed","ping_status":"closed","template":"","meta":{"_acf_changed":false,"footnotes":""},"class_list":["post-7017","page","type-page","status-publish","has-post-thumbnail","hentry"],"acf":[],"_links":{"self":[{"href":"https:\/\/ils.simonemontanari.com\/es\/wp-json\/wp\/v2\/pages\/7017","targetHints":{"allow":["GET"]}}],"collection":[{"href":"https:\/\/ils.simonemontanari.com\/es\/wp-json\/wp\/v2\/pages"}],"about":[{"href":"https:\/\/ils.simonemontanari.com\/es\/wp-json\/wp\/v2\/types\/page"}],"author":[{"embeddable":true,"href":"https:\/\/ils.simonemontanari.com\/es\/wp-json\/wp\/v2\/users\/1788"}],"replies":[{"embeddable":true,"href":"https:\/\/ils.simonemontanari.com\/es\/wp-json\/wp\/v2\/comments?post=7017"}],"version-history":[{"count":0,"href":"https:\/\/ils.simonemontanari.com\/es\/wp-json\/wp\/v2\/pages\/7017\/revisions"}],"wp:featuredmedia":[{"embeddable":true,"href":"https:\/\/ils.simonemontanari.com\/es\/wp-json\/wp\/v2\/media\/7164"}],"wp:attachment":[{"href":"https:\/\/ils.simonemontanari.com\/es\/wp-json\/wp\/v2\/media?parent=7017"}],"curies":[{"name":"wp","href":"https:\/\/api.w.org\/{rel}","templated":true}]}}