{"id":7027,"date":"2024-01-03T13:41:21","date_gmt":"2024-01-03T12:41:21","guid":{"rendered":"https:\/\/ils.simonemontanari.com\/es\/?page_id=7027"},"modified":"2024-10-18T11:49:04","modified_gmt":"2024-10-18T09:49:04","slug":"premio-oscar","status":"publish","type":"page","link":"https:\/\/ils.simonemontanari.com\/es\/podcast-italia\/temporada-1\/premio-oscar\/","title":{"rendered":"1.4 El Premio Oscar"},"content":{"rendered":"<h4>1.4 <span class=\"mw-page-title-main\">Il Premio Oscar<\/span><\/h4>\n<div class=\"row has-columns two-columns podcast\">\n<div class=\"column\">\n<p><iframe style=\"border-radius:12px\" src=\"https:\/\/open.spotify.com\/embed\/episode\/5xtEJjxgBy3ab5foQ9afOs?utm_source=generator\" width=\"100%\" height=\"352\" frameBorder=\"0\" allowfullscreen=\"\" allow=\"autoplay; clipboard-write; encrypted-media; fullscreen; picture-in-picture\" loading=\"lazy\"><\/iframe><\/p>\n<p>Tambi\u00e9n disponible en: <a class=\"podcast-meta-itunes\" title=\"Audible\" href=\"https:\/\/music.amazon.it\/podcasts\/ef3c35df-76e7-4ef0-acc9-34c0cb4d82ae\/italia-360\" target=\"_blank\" rel=\"noopener\">Audible<\/a>\u00a0|\u00a0<a class=\"podcast-meta-itunes\" title=\"Apple Podcasts\" href=\"https:\/\/podcasts.apple.com\/us\/podcast\/italia-360%C2%B0\/id1700640883\" target=\"_blank\" rel=\"noopener\">Apple Podcasts<\/a><\/p>\n<\/div>\n<div class=\"column\">\n<p>Adem\u00e1s de destacados directores y actores, el cine incluye muchos otros \u00e1mbitos, como escen\u00f3grafos, dise\u00f1adores de vestuario, maquilladores, entre otros, a menudo premiados en prestigiosos festivales internacionales.<\/p>\n<p>Italia tiene una larga tradici\u00f3n cinematogr\u00e1fica y ha sido premiada muchas veces en los Oscar, con peliculas como &#8216;Sciuscia&#8217;, &#8216;La Strada&#8217;, &#8216;8e1\/2&#8217; y &#8216;La Vita \u00e8 Bella&#8217; entre otras.<\/p>\n<p>Otros profesionales italianos como dise\u00f1adores de vestuario, escen\u00f3grafos, fot\u00f3grafos y compositores han recibido reconocimiento, contribuyendo a la influencia del cine italiano en el mundo.<\/p>\n<span class=\"ep-cta-button\"style=\"text-align:left\";><a class=\"button\" href=\"https:\/\/ils.simonemontanari.com\/es\/podcast-italia\/temporada-1\/festival-cine-venecia\/\">Pr\u00f3ximo episodio<span class=\"icon\"><svg xmlns=\"http:\/\/www.w3.org\/2000\/svg\" aria-hidden=\"true\" focusable=\"false\" role=\"img\" viewBox=\"0 0 448 512\"><path fill=\"currentColor\" d=\"M443.7 266.8l-165.9 176C274.5 446.3 269.1 448 265.5 448c-3.986 0-7.988-1.375-11.16-4.156c-6.773-5.938-7.275-16.06-1.118-22.59L393.9 272H16.59c-9.171 0-16.59-7.155-16.59-15.1S7.421 240 16.59 240h377.3l-140.7-149.3c-6.157-6.531-5.655-16.66 1.118-22.59c6.789-5.906 17.27-5.469 23.45 1.094l165.9 176C449.4 251.3 449.4 260.7 443.7 266.8z\"\/><\/svg><\/span> <\/a><\/span>\n<\/div>\n<\/div>\n<h2>Script &#8211; Il Premio Oscar<\/h2>\n<p>Benvenuti a Italia 360\u00b0, il podcast di Europass. Oggi parleremo del cinema italiano non in termini storici ma in termini di successo. Parleremo dell&#8217;Italia e dei suoi premi cinematografici. Come detto la puntata scorsa il cinema non \u00e8 solo quello dei registi e degli attori, che sono le figure pi\u00f9 visibili e popolari del cinema, ma per produrre un buon film \u00e8 necessaria una serie incredibile di competenze che vanno dagli importantissimi sceneggiatori ai costumisti, dai truccatori ai parrucchieri, dai direttori della fotografia, quelli che studiano la luce da usare sul set ai costruttori e decoratori di scena, dai tecnici di ripresa ai tecnici del suono, per non parlare degli importantissimi montatori, coloro che mettono insieme in maniera sintattica logica i pezzi di pellicola girata. Per non parlare anche dei compositori delle colonne sonore che spesso sono pi\u00f9 famose dei film stessi.<\/p>\n<p>Il cinema \u00e8 anche questo ma spesso lo dimentichiamo per concentrare la nostra attenzione sul nome del regista o sull&#8217;ammirazione per quel divo o la diva di turno. Questo lo sanno bene gli organizzatori dei festival cinematografici, che hanno sempre una serie di premi che sono riservati proprio a queste categorie. I premi cinematografici sono il riconoscimento pubblico del lavoro dei cineasti. Quando pensiamo ad un premio del cinema pensiamo sempre al premio Oscar dell&#8217;Academy Award, anche perch\u00e9 nato nel 1929 ed \u00e8 il primo al mondo. Ma ci sono tantissimi premi cinematografici, fra i quali il Festival del Cinema di Venezia che, nato nel 1932, \u00e8 il pi\u00f9 antico del mondo dopo quello degli Academy Award.<\/p>\n<p>Dunque dopo l&#8217;Oscar c&#8217;\u00e8 il Leone d&#8217;oro di Venezia tra i premi pi\u00f9 prestigiosi. Ma ricordiamoci anche di premi famosi come la Palma d&#8217;oro del Festival di Cannes in Francia e l&#8217;Orso d&#8217;oro del Festival di Berlino in Germania. L&#8217;Italia \u00e8 sempre stata presente a questi festival e ha vinto moltissimi premi nella sua storia, premi per ogni genere di professionalit\u00e0 cinematografica. Questo ci dice quanto l&#8217;industria cinematografica italiana \u00e8 importante, con una lunga storia e tradizione, non solo creativa, ma anche tecnica. Parlando solo dei premi Oscar pensate che L&#8217;Italia \u00e8 il paese che ha vinto pi\u00f9 statuette dopo gli Stati Uniti e quando parlo di statuetta mi riferisco proprio al premio, all&#8217;oggetto statuetta di Oscar.<\/p>\n<p>Il primo Oscar che L&#8217;Italia ha vinto nel 1948 \u00e8 stato per il miglior film straniero \u00abSciusci\u00e0\u00bb di Vittorio De Sica. Un film neorealista che aveva come protagonisti due bambini che sopravvivono nella Napoli distrutta dalla guerra, facendogli \u00absciusci\u00e0\u00bb, termine napoletano che ha origine dalla parola inglese \u00abshoeshine\u00bb, termine che era arrivato a Napoli insieme all&#8217;esercito americano di liberazione. Gli sciusci\u00e0 erano i lustrascarpe di strada e questo film parla della misera vita di questi bambini che cercavano di sopravvivere con questo povero lavoro. Pensate che due giovani attori non erano assolutamente dei professionisti ma erano stati presi veramente dalla strada. Una storia tipica del cinema Neorealista, drammatica e commovente insieme. Dopo due anni, sempre il regista Vittorio De Sica vince un altro premio Oscar per il miglior film straniero, per un altro film neorealista, \u00abLadri di biciclette\u00bb, un altro film ambientato nella disastrata Italia del dopoguerra, anche questo recitato da attori non professionisti.<\/p>\n<p>Un film famosissimo che ha veramente fatto la storia del cinema italiano, considerato ancora oggi dalla critica internazionale come uno dei pi\u00f9 bei film della storia e vi ho gi\u00e0 consigliato di vederlo nella scorsa puntata. Poi ci sar\u00e0 il successo di Federico Fellini che vince l&#8217;Oscar per il miglior film straniero due anni di seguito, nel 1957 e nel 1958, con \u00abLa strada\u00bb e \u00abLe notti di Cabiria\u00bb, tutti e due con protagonista l&#8217;attrice Giulietta Masina. Due film molto originali, profondamente malinconici e con qualcosa di surreale che li rendono estremamente affascinanti. Ma Federico Fellini vince altri due premi Oscar nel 1964 con \u00ab8\u00bd\u00bb e nel 1975 con \u00abAmarcord\u00bb, due film autobiografici. In \u00abAmarcord\u00bb mette in scena i ricordi della sua infanzia, nel film \u00ab8\u00bd\u00bb le sue nevrosi personali, due film molto popolari in Italia anche se non sono film facili di intrattenimento. Fellini aveva la capacit\u00e0 di affascinare tutto il pubblico con le sue pellicole. Nel 1990 vince a sorpresa l&#8217;Oscar come miglior film straniero \u00abNuovo Cinema Paradiso\u00bb del giovane e sconosciuto regista Giuseppe Tornatore.<\/p>\n<p>Un film in parte autobiografico che \u00e8 un atto d&#8217;amore del regista verso il cinema. Un film che \u00e8 un affresco della storia del cinema e della storia recente d&#8217;Italia, recitato da attori bravissimi in un clima di struggente nostalgia del passato. Alcuni lo trovano un film un po&#8217; troppo sdolcinato, overly emotional direbbero gli anglosassoni, ma in realt\u00e0 \u00e8 un bellissimo film d&#8217;amore sul cinema. Nel 1999 vince l&#8217;Oscar come miglior film straniero il famosissimo \u00abLa vita \u00e8 bella\u00bb, scritto, diretto e interpretato da Roberto Benigni. Un film veramente speciale che tratta il tema dell&#8217;olocausto e dei campi di sterminio nazista in maniera veramente nuova, originale e molto efficace, senza cadere mai nei clich\u00e9 e negli stereotipi e nemmeno nel patetico o nel moralismo.<\/p>\n<p>\u00c8 un film dedicato all&#8217;amore di un padre per il proprio figlio mentre cerca di tutelarlo dall&#8217;orrore dei campi di concentramento attraverso il gioco. Un film che fa ridere e piangere nello stesso momento. Un film che consiglio a tutti di vedere almeno una volta. Il pi\u00f9 recente Oscar come migliore film straniero lo ha vinto Paolo Sorrentino nel 2014 con il film \u00abLa grande bellezza\u00bb, film dedicato alla citt\u00e0 di Roma. Sorrentino \u00e8 un altro dei grandi del cinema napoletano e questo film \u00e8 una spietata critica alla societ\u00e0 romana e a Roma, anche se la mostra attraverso la sua infinita bellezza, la bellezza della citt\u00e0 eterna. Alcuni critici hanno detto che \u00e8 un film molto felliniano ed \u00e8 vero, lo stile di Fellini influenza ancora oggi i registi italiani. Ma non dimentichiamo il film \u00abL&#8217;ultimo imperatore\u00bb di Bernardo Bertolucci che ha vinto l&#8217;Oscar nel 1987 come il miglior film dell&#8217;anno in assoluto, insieme ad altre otto statuette, tra cui miglior regia, costumi, scenografia, fotografia, colonna sonora e altro. Un colosso assolutamente da non perdere, un vero trionfo per il cinema italiano.<\/p>\n<p>Vorrei anche ricordare la regista romana Lina Wertmuller che vince un Oscar alla carriera nel 2019, da sottolineare perch\u00e9 non sono molte le registe donne ad aver ricevuto un Oscar. Tra gli attori che invece hanno preso un Oscar per la migliore interpretazione dobbiamo ricordare nel 1955 Anna Magnani, attrice romana, icona del cinema italiano del neorealismo, che vince per il film \u00abLa rosa tatuata\u00bb e la mitica Sophia Loren che vince due Oscar, nel 1962 per il film \u00abLa ciociara\u00bb, un film neorealista di Vittorio De Sica e nel 1991 Oscar alla carriera.<\/p>\n<p>Anche il fiorentino Roberto Benigni vince un Oscar come miglior attore per il film \u00abLa vita \u00e8 bella\u00bb che aveva gi\u00e0 vinto l&#8217;oscar come miglior film straniero. Ma il cinema italiano non \u00e8 fatto solo da film, registi e attori. Come vi ho gi\u00e0 detto, ci sono tantissimi elementi che servono alla realizzazione di un film, sceneggiatura, scene, costumi, trucco, fotografia, montaggio ed anche in tutti questi settori l&#8217;Italia ha avuto molto da dire, soprattutto nei settori artistici e creativi come quello dei costumi. Basta pensare ai quattro Oscar alla torinese Milena Canonero per i costumi dei film \u00abBarry Lindon\u00bb e \u00abMomenti di gloria\u00bb.<\/p>\n<p>Tra i costumisti vincitori di Oscar anche Vittorio Novarese per i costumi di \u00abCleopatra\u00bb, Piero Gherardi per i costumi di \u00ab8\u00bd\u00bb e \u00abLa dolce vita\u00bb di Fellini, Gabriella Pescucci per \u00abL&#8217;et\u00e0 dell&#8217;innocenza\u00bb di Martin Scorsese, Francesca Squarciano per \u00abCyrano de Bergerac\u00bb, Daniela Donati per \u00abRomeo e Giulietta\u00bb di Zeffirelli e \u00abCasanova\u00bb di Fellini. Altra disciplina artistica come la scenografia, premio Oscar a Luciana Arrighi per \u00abCasa Howard\u00bb, Ferdinando Scarfiotti per \u00abL&#8217;ultimo Imperatore\u00bb, Gianni Quaranta per \u00abCamera con vista\u00bb, Dante Ferretti per le scene meravigliose di Hugo Cabret di Martin Scorsese. Ma gli italiani sono stati premiati anche in settori pi\u00f9 tecnici, come la fotografia, ovvero lo studio delle luci in scena. Tre Oscar a Vittorio Storaro, uno dei quali per \u00abApocalypse Now\u00bb, Pasqualino dei Santi Oscar per la fotografia di \u00abRomeo e Giulietta\u00bb e Mauro Fiore per \u00abAvatar\u00bb di James Cameron. Per gli effetti speciali il geniale Carlo Rambaldi ha invece vinto tre Oscar per \u00abKing Kong\u00bb, \u00abAlien\u00bb e \u00abE.T.\u00bb Per il montaggio, importantissimo per la sintassi di un film, Oscar a Pietro Scalia per \u00abJFK\u00bb e Gabriella Christiani per \u00abL&#8217;ultimo Imperatore\u00bb.<\/p>\n<p>Per finire, ecco i vincitori di Oscar italiani che molti di voi potrebbero non conoscere di nome, ma sicuramente conoscono le loro musiche, i compositori di colonne sonore. Tutti in Italia e all&#8217;estero conoscono le musiche dei film di Fellini, tutte scritte da Nino Rota, che vince l&#8217;Oscar anche per la colonna sonora de \u00abIl Padrino\u00bb. Come non ricordare Giorgio Moroder, che vince tre Oscar per le musiche di \u00abFuga di mezzanotte\u00bb, \u00abFlashdance\u00bb e \u00abTop Gun\u00bb.<\/p>\n<p>Assolutamente da citare sono le struggenti musiche de \u00abLa vita \u00e8 bella\u00bb, con l&#8217;Oscar per la composizione di Nicola Piovani. Ma soprattutto, il pi\u00f9 famoso di tutti, Ennio Morricone, premio Oscar per \u00abThe Hateful Eight\u00bb di Quentin Tarantino, ma soprattutto premio Oscar alla carriera e stella sulla Hollywood Walk of Fame per aver scritto le colonne sonore pi\u00f9 iconiche del cinema italiano. Non solo ha contribuito ai film di Sergio Leone, ma anche a \u00abMission\u00bb, \u00abThe Untouchables\u00bb di Brian De Palma e alla struggente colonna sonora de \u00abNuovo Cinema Paradiso\u00bb.<\/p>\n<p>Questa lunga lista di nomi e titoli ci fa capire l&#8217;importanza e l&#8217;influenza del cinema italiano nel mondo, non solo nella produzione di film ma anche nelle professioni coinvolte. Molti di voi conosceranno questi film, magari con titoli diversi nella vostra lingua, o potreste scoprire film del tutto nuovi, ma che vale la pena cercare e vedere per conoscere meglio un pezzo importante della cultura italiana. In questo incontro, vi ho parlato di molte pellicole, sperando di aver suscitato la vostra curiosit\u00e0 e stimolato il desiderio di vederne alcune. Se lo farete, vi raccomando di guardarli in lingua originale, sar\u00e0 un bellissimo esercizio anche per migliorare la conoscenza della lingua italiana. Ringrazio tutti voi per avermi seguito e vi aspetto al prossimo podcast Italia 360\u00b0.<\/p>\n<p><img loading=\"lazy\" decoding=\"async\" class=\"alignnone wp-image-7019\" src=\"https:\/\/ils.simonemontanari.com\/es\/wp-content\/uploads\/sites\/3\/2024\/01\/Cofinanciado-por-la-UE-752x158.jpg\" alt=\"\" width=\"395\" height=\"83\" srcset=\"https:\/\/ils.simonemontanari.com\/es\/wp-content\/uploads\/sites\/3\/2024\/01\/Cofinanciado-por-la-UE-752x158.jpg 752w, https:\/\/ils.simonemontanari.com\/es\/wp-content\/uploads\/sites\/3\/2024\/01\/Cofinanciado-por-la-UE-1182x248.jpg 1182w, https:\/\/ils.simonemontanari.com\/es\/wp-content\/uploads\/sites\/3\/2024\/01\/Cofinanciado-por-la-UE-768x161.jpg 768w, https:\/\/ils.simonemontanari.com\/es\/wp-content\/uploads\/sites\/3\/2024\/01\/Cofinanciado-por-la-UE-1536x322.jpg 1536w, https:\/\/ils.simonemontanari.com\/es\/wp-content\/uploads\/sites\/3\/2024\/01\/Cofinanciado-por-la-UE-2048x430.jpg 2048w, https:\/\/ils.simonemontanari.com\/es\/wp-content\/uploads\/sites\/3\/2024\/01\/Cofinanciado-por-la-UE-1040x218.jpg 1040w\" sizes=\"auto, (max-width: 395px) 100vw, 395px\" \/><\/p>\n","protected":false},"excerpt":{"rendered":"<p>1.4 Il Premio Oscar Script &#8211; Il Premio Oscar Benvenuti a Italia 360\u00b0, il podcast di Europass. Oggi parleremo del cinema italiano non in termini storici ma in termini di successo. Parleremo dell&#8217;Italia e dei suoi premi cinematografici. Come detto la puntata scorsa il cinema non \u00e8 solo quello dei registi e degli attori, che [&hellip;]<\/p>\n","protected":false},"author":1788,"featured_media":7125,"parent":7021,"menu_order":0,"comment_status":"open","ping_status":"closed","template":"full-width.php","meta":{"_acf_changed":false,"footnotes":""},"class_list":["post-7027","page","type-page","status-publish","has-post-thumbnail","hentry"],"acf":[],"_links":{"self":[{"href":"https:\/\/ils.simonemontanari.com\/es\/wp-json\/wp\/v2\/pages\/7027","targetHints":{"allow":["GET"]}}],"collection":[{"href":"https:\/\/ils.simonemontanari.com\/es\/wp-json\/wp\/v2\/pages"}],"about":[{"href":"https:\/\/ils.simonemontanari.com\/es\/wp-json\/wp\/v2\/types\/page"}],"author":[{"embeddable":true,"href":"https:\/\/ils.simonemontanari.com\/es\/wp-json\/wp\/v2\/users\/1788"}],"replies":[{"embeddable":true,"href":"https:\/\/ils.simonemontanari.com\/es\/wp-json\/wp\/v2\/comments?post=7027"}],"version-history":[{"count":0,"href":"https:\/\/ils.simonemontanari.com\/es\/wp-json\/wp\/v2\/pages\/7027\/revisions"}],"up":[{"embeddable":true,"href":"https:\/\/ils.simonemontanari.com\/es\/wp-json\/wp\/v2\/pages\/7021"}],"wp:featuredmedia":[{"embeddable":true,"href":"https:\/\/ils.simonemontanari.com\/es\/wp-json\/wp\/v2\/media\/7125"}],"wp:attachment":[{"href":"https:\/\/ils.simonemontanari.com\/es\/wp-json\/wp\/v2\/media?parent=7027"}],"curies":[{"name":"wp","href":"https:\/\/api.w.org\/{rel}","templated":true}]}}