{"id":885,"date":"2018-01-22T11:22:23","date_gmt":"2018-01-22T10:22:23","guid":{"rendered":"https:\/\/ils.simonemontanari.com\/es\/?page_id=885"},"modified":"2024-08-23T12:37:43","modified_gmt":"2024-08-23T10:37:43","slug":"reglamento","status":"publish","type":"page","link":"https:\/\/ils.simonemontanari.com\/es\/reglamento\/","title":{"rendered":"Condiciones de inscripci\u00f3n"},"content":{"rendered":"<p>Contactos:<br \/>\nEuropass SRL, Via Sant\u2019Egidio 12, 50122 \u2013 Florencia<br \/>\nCorreo electr\u00f3nico: europass@europass.it<br \/>\nHorario de oficina: Lun-Ven 8.30 am -5.30 pm<br \/>\nTel\u00e9fono: +39 055 247 9995<\/p>\n<h2>Nuestros Servicios:<\/h2>\n<h3>Cursos en l\u00ednea<\/h3>\n<p><a href=\"https:\/\/ils.simonemontanari.com\/es\/cursos\/grupales-online\/\"><strong>Cursos de italiano en l\u00ednea en vivo<\/strong><\/a>: Lecciones en un aula virtual con un profesor y otros estudiantes. Duraci\u00f3n m\u00ednima de dos semanas, con dos lecciones por semana, cada una de 1 hora 40 minutos.<\/p>\n<p><a href=\"https:\/\/ils.simonemontanari.com\/es\/cursos\/plataforma-e-learning-agile\/\"><strong>Plataforma Europass Agile<\/strong><\/a>: Aproximadamente 50 horas de ejercicios y actividades en la plataforma Moodle.<\/p>\n<p><a href=\"https:\/\/ils.simonemontanari.com\/es\/cursos\/particulares-online\/\"><strong>Clases particulares de italiano en l\u00ednea<\/strong><\/a>: sesiones de tutor\u00eda personales de 50 minutos cada una, realizadas por videoconferencia. El horario se establece con anticipaci\u00f3n seg\u00fan las preferencias del estudiante, pero sujeto a la discreci\u00f3n de la escuela.<\/p>\n<h3>Cursos en Florencia<\/h3>\n<p><a href=\"https:\/\/ils.simonemontanari.com\/es\/cursos\/estandar-florencia\/\"><strong>Curso est\u00e1ndar de italiano<\/strong><\/a>: Clases en grupo con un profesor y otros estudiantes. 4 lecciones de 50 minutos cada una, por d\u00eda, presenciales, de lunes a viernes. Por lo general, de 9:00 am a 12:40 pm, pero sujeto a la discreci\u00f3n de la escuela para otros horarios.<\/p>\n<p><a href=\"https:\/\/ils.simonemontanari.com\/es\/cursos\/intensivos-florencia\/\"><strong>Cursos intensivos de Italiano<\/strong><\/a><strong>:<\/strong> Clases en grupo con un profesor y otros estudiantes. 6 lecciones de 50 minutos cada una, por d\u00eda, presenciales, de lunes a viernes. Por lo general, de 9:00 am a 2:50 pm, pero sujeto a la discreci\u00f3n de la escuela para otros horarios.<\/p>\n<p><a href=\"https:\/\/ils.simonemontanari.com\/es\/cursos\/particulares-florencia\/\"><strong>Cursos particulares de italiano en Florencia<\/strong><\/a><strong>:<\/strong> Tutor\u00edas individuales de 50 minutos. El horario se establece con anticipaci\u00f3n seg\u00fan las preferencias del estudiante, pero sujeto a la discreci\u00f3n de la escuela.<\/p>\n<p><strong><a href=\"https:\/\/ils.simonemontanari.com\/es\/cursos\/vacaciones-lengua-florencia\/\">Vacaciones de aprendizaje en Florencia<\/a>:<\/strong> Clases grupales de italiano (4 lecciones de 50 minutos cada una, por d\u00eda) de lunes a viernes, junto con 3 actividades culturales por semana, a discreci\u00f3n de la escuela.<\/p>\n<p><strong><a href=\"https:\/\/ils.simonemontanari.com\/es\/cursos\/vacaciones-cocina-florencia\/\">Vacaciones \u201cIdioma y Cocina Italiana\u201d en Florencia:<\/a> <\/strong>Clases grupales de italiano (4 lecciones de 50 minutos cada una, por d\u00eda) de lunes a viernes, y un curso de cocina en una escuela externa. El pago del curso de cocina se realizar\u00e1 directamente a trav\u00e9s de la escuela externa. Se proporcionar\u00e1n m\u00e1s detalles despu\u00e9s de la inscripci\u00f3n en el curso de italiano.<\/p>\n<p><strong><a href=\"https:\/\/ils.simonemontanari.com\/es\/cursos\/vacaciones-lengua-arte-florencia\/\">Vacaciones \u201cLengua Italiana y Pintura\u201d en Florencia<\/a>:<\/strong> Clases grupales de italiano (4 lecciones de 50 minutos cada una, por d\u00eda) de lunes a viernes, y un curso de arte en una escuela externa. El pago del curso de arte se realizar\u00e1 directamente a trav\u00e9s de la escuela externa. Se proporcionar\u00e1n m\u00e1s detalles despu\u00e9s de la inscripci\u00f3n en el curso de italiano.<\/p>\n<p><strong><a href=\"https:\/\/ils.simonemontanari.com\/es\/cursos\/campamento-verano-jovenes-florencia\/\">Campamento de Verano \u2013 Cursos de italiano para estudiantes de preparatoria<\/a>:<\/strong> Clases de italiano en grupo (4 lecciones de 50 minutos cada una, por d\u00eda) de lunes a viernes, 4 actividades culturales diferentes por semana, una actividad de fin de semana, 5 almuerzos por semana, un almuerzo para llevar durante el fin de semana, alojamiento con familia anfitriona (habitaci\u00f3n compartida + media pensi\u00f3n).<\/p>\n<h3>Otros<\/h3>\n<p>Las condiciones de inscripci\u00f3n relacionadas con alojamiento, cursos de cocina, cursos de arte y actividades extracurriculares de fin de semana no est\u00e1n asociadas con Europass SRL y no est\u00e1n cubiertas en esta p\u00e1gina.<\/p>\n<h2>Precios y Pagos:<\/h2>\n<h3>Precios<\/h3>\n<p>Los precios cambian en funci\u00f3n de la duraci\u00f3n o n\u00famero de lecciones y la fecha. El IVA est\u00e1 incluido y no hay cuotas de inscripci\u00f3n. El material did\u00e1ctico para los cursos de italiano est\u00e1 incluido en el precio.<\/p>\n<h3>Pago<\/h3>\n<p>El pago debe hacerse en una sola cuota en el momento de la inscripci\u00f3n. Los m\u00e9todos de pago aceptados incluyen PayPal, Google Pay, Apple Pay, Mastercard, Wire Transfer, tarjetas de cr\u00e9dito, d\u00e9bito Mastercard o VISA y transferencia bancaria.<\/p>\n<p>El pago deber\u00e1 efectuarse mediante transferencia bancaria a la cuenta corriente a nombre de:<\/p>\n<p>EUROPASS SRL<br \/>\nBanca Nazionale di Lavoro, Agency 4<br \/>\nVia Verdi 16, 50122 Florence<br \/>\nIBAN IT05P0100502970000000002034<br \/>\nN\u00famero de cuenta: 2034<br \/>\nBIC \/ Swift: BNLIITRR FIX<\/p>\n<h2>Cancelaciones y Devoluciones:<\/h2>\n<p>En caso de cancelaci\u00f3n por parte del alumno, EUROPASS SRL facilitar\u00e1 un c\u00f3digo de descuento por el precio total del curso para asistir a otros cursos. Como alternativa, se le reembolsar\u00e1 el importe total menos el 30%.<\/p>\n<p>No se otorgan reembolsos por cursos a los que no se asiste, incluso para cursos de larga duraci\u00f3n.<\/p>\n<p>En caso de cancelaci\u00f3n por parte de la escuela, el estudiante puede reprogramar para una nueva fecha o solicitar un reembolso.<\/p>\n<h3>D\u00edas festivos nacionales<\/h3>\n<p>En d\u00edas festivos nacionales, no hay lecciones. Por cada d\u00eda de curso perdido, el alumno recibir\u00e1 un cup\u00f3n de 40\u20ac. No se otorgan reembolsos y las lecciones perdidas no se recuperan.<\/p>\n<h3>Ausencias<\/h3>\n<ul>\n<li>Las ausencias por motivos personales, las salidas anticipadas y las llegadas tarde no son motivos v\u00e1lidos para recuperar lecciones o exigir reembolsos.<\/li>\n<li>Para mover o reorganizar una lecci\u00f3n individual, la escuela debe ser notificada al menos 24 horas antes de la hora acordada. Si la ausencia no se comunica a tiempo, la lecci\u00f3n no se puede reprogramar ni reembolsar.<\/li>\n<\/ul>\n<h3>Reducciones<\/h3>\n<p>Si solo hay dos participantes en una clase, la duraci\u00f3n del curso se reducir\u00e1 en un 50%. Si un estudiante es el \u00fanico participante, el curso se convertir\u00e1 en lecciones privadas, equivalentes al 30% del horario original y estudio asistido en el aula durante el 20% del tiempo original.<\/p>\n<h3>Actividades<\/h3>\n<p>Si un estudiante reserva m\u00e1s actividades de las indicadas por la escuela, se le proporcionar\u00e1 un c\u00f3digo de descuento como reembolso.<\/p>\n<h2>Otros:<\/h2>\n<h3>Edad m\u00ednima<\/h3>\n<p>Se requiere una edad m\u00ednima de 16 a\u00f1os para participar en los cursos. Los programas Junior est\u00e1n abiertos para personas a partir de los 14 a\u00f1os. Es posible la entrada a los menores de 18 a\u00f1os previa autorizaci\u00f3n de los padres o tutores para utilizar el transporte p\u00fablico y participar en todas las actividades extracurriculares organizadas por la escuela, sin la asistencia del personal de la escuela.<\/p>\n<h3>Visa de estudiante<\/h3>\n<p>Los documentos requeridos para la visa de estudio se proporcionar\u00e1n por correo electr\u00f3nico o, previa solicitud, por correo. En caso de denegaci\u00f3n de la visa, es necesario entregar al instituto una copia de la carta de rechazo. EUROPASS SRL retendr\u00e1 150,00 \u20ac por concepto de gastos administrativos.<\/p>\n<h3>Fotos y video<\/h3>\n<p>La escuela se reserva el derecho de utilizar fotos y videos tomados por los participantes o por terceros durante el curso o las actividades de ocio con el fin de ilustrar sus ofertas. Sin embargo, si un alumno opta por no conceder el permiso para la publicaci\u00f3n de dicho material, deber\u00e1 comunicar su decisi\u00f3n por escrito a la escuela en el plazo de un mes despu\u00e9s de la finalizaci\u00f3n del curso o la publicaci\u00f3n de la foto o el v\u00eddeo.<\/p>\n<p>Es importante tener en cuenta que si la escuela decide utilizar este material con fines promocionales o para la producci\u00f3n de videos, se les pedir\u00e1 a los estudiantes que firmen un formulario espec\u00edfico de consentimiento.<\/p>\n<h3>Seguro<\/h3>\n<p>Los estudiantes ser\u00e1n considerados responsables de cualquier da\u00f1o causado a la estructura de la escuela. EUROPASS SRL niega cualquier responsabilidad por la p\u00e9rdida de objetos personales dentro de sus instalaciones. Se recomienda encarecidamente obtener un seguro contra robo, p\u00e9rdida de propiedad personal, accidentes o enfermedades.<\/p>\n<h3>Aceptaci\u00f3n del reglamento<\/h3>\n<p>Una vez inscrito, el alumno aceptar\u00e1 autom\u00e1ticamente las condiciones de inscripci\u00f3n de la escuela.<\/p>\n","protected":false},"excerpt":{"rendered":"<p>Contactos: Europass SRL, Via Sant\u2019Egidio 12, 50122 \u2013 Florencia Correo electr\u00f3nico: europass@europass.it Horario de oficina: Lun-Ven 8.30 am -5.30 pm Tel\u00e9fono: +39 055 247 9995 Nuestros Servicios: Cursos en l\u00ednea Cursos de italiano en l\u00ednea en vivo: Lecciones en un aula virtual con un profesor y otros estudiantes. Duraci\u00f3n m\u00ednima de dos semanas, con dos [&hellip;]<\/p>\n","protected":false},"author":1788,"featured_media":4254,"parent":0,"menu_order":110,"comment_status":"closed","ping_status":"closed","template":"","meta":{"_acf_changed":false,"footnotes":""},"class_list":["post-885","page","type-page","status-publish","has-post-thumbnail","hentry"],"acf":[],"_links":{"self":[{"href":"https:\/\/ils.simonemontanari.com\/es\/wp-json\/wp\/v2\/pages\/885","targetHints":{"allow":["GET"]}}],"collection":[{"href":"https:\/\/ils.simonemontanari.com\/es\/wp-json\/wp\/v2\/pages"}],"about":[{"href":"https:\/\/ils.simonemontanari.com\/es\/wp-json\/wp\/v2\/types\/page"}],"author":[{"embeddable":true,"href":"https:\/\/ils.simonemontanari.com\/es\/wp-json\/wp\/v2\/users\/1788"}],"replies":[{"embeddable":true,"href":"https:\/\/ils.simonemontanari.com\/es\/wp-json\/wp\/v2\/comments?post=885"}],"version-history":[{"count":0,"href":"https:\/\/ils.simonemontanari.com\/es\/wp-json\/wp\/v2\/pages\/885\/revisions"}],"wp:featuredmedia":[{"embeddable":true,"href":"https:\/\/ils.simonemontanari.com\/es\/wp-json\/wp\/v2\/media\/4254"}],"wp:attachment":[{"href":"https:\/\/ils.simonemontanari.com\/es\/wp-json\/wp\/v2\/media?parent=885"}],"curies":[{"name":"wp","href":"https:\/\/api.w.org\/{rel}","templated":true}]}}