{"id":918,"date":"2018-01-23T10:55:26","date_gmt":"2018-01-23T09:55:26","guid":{"rendered":"https:\/\/ils.simonemontanari.com\/es\/?page_id=918"},"modified":"2024-08-23T12:37:15","modified_gmt":"2024-08-23T10:37:15","slug":"standard","status":"publish","type":"page","link":"https:\/\/ils.simonemontanari.com\/es\/cursos-de-italiano\/standard\/","title":{"rendered":"Classic Europass: Cursos Standard de Italiano. Clases Grupales"},"content":{"rendered":"<p>Se trata de <strong>clases grupales<\/strong>, cuatro cada ma\u00f1ana, cinco d\u00edas a la semana, que alternan gram\u00e1tica y pr\u00e1cticas de conversaci\u00f3n reales, las cuales te ayudar\u00e1n a aprender de manera natural y sin miedo de cometer errores.<\/p>\n<p>Nuestros profesores son especialistas en hacer que todos se sientan como en casa, creando <strong>un ambiente divertido donde aprender\u00e1s casi sin darte cuenta<\/strong>.<\/p>\n<p>Durante las clases surgen verdaderas amistades que se acent\u00faan con el d\u00eda a d\u00eda, gracias adem\u00e1s a las diversas <a href=\"https:\/\/ils.simonemontanari.com\/es\/estancia\/actividades\/\">actividades<\/a> ofrecidas por la escuela, <strong>desde actividades educativas hasta los tours de fin de semana<\/strong>.<\/p>\n<h2>Horas y precios<\/h2>\n<p><strong>Clases todos los d\u00edas, con dos horarios distintos disponibles.<\/strong><br \/>\n<div class=\"clear course-hours\"><i class=\"fal fa-calendar-alt fa-fw\"><\/i> De lunes a viernes.<br \/>\n<i class=\"fal fa-clock fa-fw\"><\/i> Clases en la ma\u00f1ana de 9.00 a 12.40<br \/>\n<i class=\"fal fa-clock fa-fw\"><\/i> Clases en la tarde de 13.10 a 16.50<\/div>\n<div class=\"clear table-and-text\"><\/div>\n    <div class=\"course-details shortcode\">\n        <div class=\"lessons-per-week\"><span class=\"number\">20<\/span>clases a la semana<\/div>\n        <div class=\"lessons-per-day\"><span class=\"number\">4<\/span>clases al d\u00eda<\/div>\n        <div class=\"lesson-duration\"><span class=\"number\">50<\/span>minutos<\/div>\n    <\/div>\n    \n<table class=\"price-table\">\n<tbody>\n<tr>\n<th>Semanas<\/th>\n<th>Precio<\/th>\n<\/tr>\n<tr>\n<td>1<\/td>\n<td>280 \u20ac<\/td>\n<\/tr>\n<tr>\n<td>2<\/td>\n<td>520 \u20ac<\/td>\n<\/tr>\n<tr>\n<td>3<\/td>\n<td>680 \u20ac<\/td>\n<\/tr>\n<tr>\n<td>4<\/td>\n<td>840 \u20ac<\/td>\n<\/tr>\n<tr>\n<td>+1<\/td>\n<td>120 \u20ac<\/td>\n<\/tr>\n<\/tbody>\n<\/table>\n    <section class=\"conditions-box\">\n        <div class=\"conditions-text\">\n        \n<h2>Detalles<\/h2>\n<div class=\"column\">\n<div class=\"icon-box\"><i class=\"fal fa-coins fa-fw fa-2x\"><\/i><span class=\"icon-box-text\">Sin cuota de inscripci\u00f3n<\/span><\/div>\n<div class=\"icon-box\"><i class=\"fal fa-undo fa-fw fa-2x\"><\/i><span class=\"icon-box-text\">Cancelaci\u00f3n gratuita (con cuatro semanas de antelaci\u00f3n)<\/span><\/div>\n<div class=\"icon-box\"><i class=\"fal fa-book fa-fw fa-2x\"><\/i><span class=\"icon-box-text\">Material de aprendizaje incluido<\/span><\/div>\n<div class=\"icon-box\"><i class=\"fal fa-mug-hot fa-fw fa-2x\"><\/i><span class=\"icon-box-text\">Caf\u00e9, t\u00e9 y snack incluidos<\/span><\/div>\n<div class=\"icon-box\"><i class=\"fal fa-users fa-fw fa-2x\"><\/i><span class=\"icon-box-text\">Clases peque\u00f1as: m\u00edn. 4, m\u00e1x. 12<\/span><\/div>\n<div class=\"icon-box\"><i class=\"fal fa-house fa-fw fa-2x\"><\/i><span class=\"icon-box-text\">B\u00fasqueda gratuita de familias de acogida (si se requiere)<\/span><\/div>\n<\/div>\n<div class=\"column\">\n<h4>Fechas de comienzo 2023<\/h4>\n<details class=\"accordion light\"><summary>No Principiantes<span class=\"icon\"><svg xmlns=\"http:\/\/www.w3.org\/2000\/svg\" aria-hidden=\"true\" role=\"img\" viewBox=\"0 0 448 512\"><path fill=\"currentColor\" d=\"M421.1 244.2L224 426.2l-197.1-181.1C23.78 241.4 19.89 239.1 16 239.1c-4.312 0-8.609 1.719-11.75 5.156c-6 6.5-5.594 16.59 .8906 22.59l208 192c6.156 5.688 15.56 5.688 21.72 0l208-192c6.484-6 6.891-16.09 .8906-22.59C437.8 238.6 427.6 238.2 421.1 244.2zM213.1 267.8c6.156 5.688 15.56 5.688 21.72 0l208-192c6.484-6 6.891-16.09 .8906-22.59c-5.969-6.531-16.11-6.906-22.61-.9062L224 234.2L26.86 52.26C23.78 49.41 19.89 48.01 16 48.01c-4.312 0-8.609 1.719-11.75 5.156c-6 6.5-5.594 16.59 .8906 22.59L213.1 267.8z\"\/><\/svg><\/span><\/summary>\n<p>Cada lunes<\/p>\n<p>Si deseas un n\u00famero de semanas distinto, o quieres a\u00f1adir semanas adicionales, <a href=\"#page-cta\">cont\u00e1ctanos<\/a> y te ofreceremos una cuota personalizada.<\/p>\n<\/details>\n<details class=\"accordion light\"><summary>Principiantes<span class=\"icon\"><svg xmlns=\"http:\/\/www.w3.org\/2000\/svg\" aria-hidden=\"true\" role=\"img\" viewBox=\"0 0 448 512\"><path fill=\"currentColor\" d=\"M421.1 244.2L224 426.2l-197.1-181.1C23.78 241.4 19.89 239.1 16 239.1c-4.312 0-8.609 1.719-11.75 5.156c-6 6.5-5.594 16.59 .8906 22.59l208 192c6.156 5.688 15.56 5.688 21.72 0l208-192c6.484-6 6.891-16.09 .8906-22.59C437.8 238.6 427.6 238.2 421.1 244.2zM213.1 267.8c6.156 5.688 15.56 5.688 21.72 0l208-192c6.484-6 6.891-16.09 .8906-22.59c-5.969-6.531-16.11-6.906-22.61-.9062L224 234.2L26.86 52.26C23.78 49.41 19.89 48.01 16 48.01c-4.312 0-8.609 1.719-11.75 5.156c-6 6.5-5.594 16.59 .8906 22.59L213.1 267.8z\"\/><\/svg><\/span><\/summary>\n<p>9\/01, 23\/01, 6\/02, 20\/02, 6\/03, 20\/03, 3\/04, 17\/04, 2\/05, 15\/05, 5\/06, 19\/06, 3\/07, 17\/07, 31\/07, 14\/08, 4\/09, 18\/09, 2\/10, 16\/10, 6\/11, 20\/11, 4\/12.<\/p>\n<p>Si deseas un n\u00famero de semanas distinto, o quieres a\u00f1adir semanas adicionales, <a href=\"#page-cta\">cont\u00e1ctanos<\/a> y te ofreceremos una cuota personalizada.<\/p>\n<\/details>\n<\/div>\n<details class=\"accordion standard\"><summary>M\u00e1s informaci\u00f3n<span class=\"icon\"><svg xmlns=\"http:\/\/www.w3.org\/2000\/svg\" aria-hidden=\"true\" role=\"img\" viewBox=\"0 0 448 512\"><path fill=\"currentColor\" d=\"M421.1 244.2L224 426.2l-197.1-181.1C23.78 241.4 19.89 239.1 16 239.1c-4.312 0-8.609 1.719-11.75 5.156c-6 6.5-5.594 16.59 .8906 22.59l208 192c6.156 5.688 15.56 5.688 21.72 0l208-192c6.484-6 6.891-16.09 .8906-22.59C437.8 238.6 427.6 238.2 421.1 244.2zM213.1 267.8c6.156 5.688 15.56 5.688 21.72 0l208-192c6.484-6 6.891-16.09 .8906-22.59c-5.969-6.531-16.11-6.906-22.61-.9062L224 234.2L26.86 52.26C23.78 49.41 19.89 48.01 16 48.01c-4.312 0-8.609 1.719-11.75 5.156c-6 6.5-5.594 16.59 .8906 22.59L213.1 267.8z\"\/><\/svg><\/span><\/summary>\n<p>*Si no se alcanza el n\u00famero m\u00ednimo de participantes, nos reservamos el derecho de convertir el curso grupal en un n\u00famero reducido de clases individuales \/ semi individuales (<a href=\"https:\/\/ils.simonemontanari.com\/es\/reglamento\/#reducciones-y-aplazamientos\">m\u00e1s informaci\u00f3n<\/a>).<\/p>\n<p><strong>Cada curso incluye<\/strong>: Evaluaci\u00f3n del nivel de italiano, material de aprendizaje, certificado de asistencia, asistencia durante la estancia, conexi\u00f3n wifi, pr\u00e9stamo de libros y DVDs.<\/p>\n<p><strong>No incluye<\/strong>: <a href=\"https:\/\/ils.simonemontanari.com\/es\/estancia\/alojamiento\/\">Alojamiento<\/a>, otros <a href=\"https:\/\/ils.simonemontanari.com\/es\/estancia\/actividades\/\">viajes de aprendizaje y actividades<\/a> durante la semana y el fin de semana.<\/p>\n<p>Descubre nuestras <a href=\"https:\/\/ils.simonemontanari.com\/es\/vacaciones\/\">vacaciones de aprendizaje<\/a>, paquetes especiales que incluyen cursos, viajes.<\/p>\n<\/details>\n        <\/div>\n        <div class=\"conditions-cta\">\n            <i class=\"fal fa-rocket\"><\/i>            <span class=\"cta-text\">Alguna pregunta?<br>Estamos aqu\u00ed para ayudarte.<\/span><a class=\"button\" href=\"#page-cta\">Cont\u00e1ctenos  <span class=\"icon\"><svg xmlns=\"http:\/\/www.w3.org\/2000\/svg\" aria-hidden=\"true\" focusable=\"false\" role=\"img\" viewBox=\"0 0 448 512\"><path fill=\"currentColor\" d=\"M443.7 266.8l-165.9 176C274.5 446.3 269.1 448 265.5 448c-3.986 0-7.988-1.375-11.16-4.156c-6.773-5.938-7.275-16.06-1.118-22.59L393.9 272H16.59c-9.171 0-16.59-7.155-16.59-15.1S7.421 240 16.59 240h377.3l-140.7-149.3c-6.157-6.531-5.655-16.66 1.118-22.59c6.789-5.906 17.27-5.469 23.45 1.094l165.9 176C449.4 251.3 449.4 260.7 443.7 266.8z\"\/><\/svg><\/span><\/a>\n        <\/div>\n    <\/section>\n    \n[sp_testimonial id=\u00bb6516&#8243;]\n","protected":false},"excerpt":{"rendered":"<p>Se trata de clases grupales, cuatro cada ma\u00f1ana, cinco d\u00edas a la semana, que alternan gram\u00e1tica y pr\u00e1cticas de conversaci\u00f3n reales, las cuales te ayudar\u00e1n a aprender de manera natural y sin miedo de cometer errores. Nuestros profesores son especialistas en hacer que todos se sientan como en casa, creando un ambiente divertido donde aprender\u00e1s [&hellip;]<\/p>\n","protected":false},"author":1788,"featured_media":6432,"parent":51,"menu_order":0,"comment_status":"closed","ping_status":"closed","template":"course.php","meta":{"_acf_changed":false,"footnotes":""},"class_list":["post-918","page","type-page","status-publish","has-post-thumbnail","hentry"],"acf":[],"_links":{"self":[{"href":"https:\/\/ils.simonemontanari.com\/es\/wp-json\/wp\/v2\/pages\/918","targetHints":{"allow":["GET"]}}],"collection":[{"href":"https:\/\/ils.simonemontanari.com\/es\/wp-json\/wp\/v2\/pages"}],"about":[{"href":"https:\/\/ils.simonemontanari.com\/es\/wp-json\/wp\/v2\/types\/page"}],"author":[{"embeddable":true,"href":"https:\/\/ils.simonemontanari.com\/es\/wp-json\/wp\/v2\/users\/1788"}],"replies":[{"embeddable":true,"href":"https:\/\/ils.simonemontanari.com\/es\/wp-json\/wp\/v2\/comments?post=918"}],"version-history":[{"count":0,"href":"https:\/\/ils.simonemontanari.com\/es\/wp-json\/wp\/v2\/pages\/918\/revisions"}],"up":[{"embeddable":true,"href":"https:\/\/ils.simonemontanari.com\/es\/wp-json\/wp\/v2\/pages\/51"}],"wp:featuredmedia":[{"embeddable":true,"href":"https:\/\/ils.simonemontanari.com\/es\/wp-json\/wp\/v2\/media\/6432"}],"wp:attachment":[{"href":"https:\/\/ils.simonemontanari.com\/es\/wp-json\/wp\/v2\/media?parent=918"}],"curies":[{"name":"wp","href":"https:\/\/api.w.org\/{rel}","templated":true}]}}