{"id":3788,"date":"2021-04-08T11:42:38","date_gmt":"2021-04-08T10:42:38","guid":{"rendered":"https:\/\/ils.simonemontanari.com\/es\/?post_type=product&#038;p=3788"},"modified":"2024-12-03T10:14:53","modified_gmt":"2024-12-03T09:14:53","slug":"particulares-online","status":"publish","type":"product","link":"https:\/\/ils.simonemontanari.com\/es\/producto\/particulares-online\/","title":{"rendered":"Clases Particulares de Italiano Online"},"content":{"rendered":"<h2>Descripci\u00f3n<\/h2>\n<p>Las clases particulares en l\u00ednea son perfectas para disfrutar de <strong>una experiencia de aprendizaje personalizada.<\/strong><\/p>\n<p>Gracias a uno de nuestros profesores, todos de lengua materna y altamente cualificados, <strong>mejorar\u00e1s tus competencias ling\u00fc\u00edsticas<\/strong> a trav\u00e9s de conversaciones sobre temas de tu inter\u00e9s.<\/p>\n<p>En nuestra plataforma de e-learning, dise\u00f1ada espec\u00edficamente para nuestros cursos de italiano, encontrar\u00e1s <strong>m\u00e1s de 400 ejercicios<\/strong> que podr\u00e1s completar con la gu\u00eda de un profesor de italiano, o por ti mismo, entre clase y clase.<\/p>\n<p>Para que tu proceso de inscripci\u00f3n sea lo m\u00e1s fluido y r\u00e1pido posible, te rogamos que especifiques en las notas:<\/p>\n<ul>\n<li>Tu nivel estimado de italiano (si no lo tienes claro, puedes hacer uno de nuestros <a href=\"https:\/\/ils.simonemontanari.com\/es\/test-de-italiano\/\">tests gratuitos de italiano<\/a>);<\/li>\n<li>Si desea mantener una conversaci\u00f3n sobre temas espec\u00edficos (por ejemplo, puede estar interesado en estudiar italiano para un trabajo concreto);<\/li>\n<li>Cualquier petici\u00f3n particular con respecto a su horario.<\/li>\n<\/ul>\n<p>Una vez recibida su reserva, nos pondremos en contacto con usted para planificar sus clases de italiano. Nuestros profesores est\u00e1n disponibles de lunes a viernes, de 8:30 a 18:00 CET.<\/p>\n<p>\u00a1Ap\u00fantate hoy mismo a nuestras clases online y comienza tu viaje hacia la fluidez!<\/p>\n<h2>Que incluy\u00e9<\/h2>\n<div class=\"icon-box\"><i class=\"fal fa-chalkboard-teacher fa-fw fa-2x\"><\/i><span class=\"icon-box-text\">Profesores altamente cualificados<\/span><\/div>\n<div class=\"icon-box\"><i class=\"fal fa-book fa-fw fa-2x\"><\/i><span class=\"icon-box-text\">Material de aprendizaje: 400 ejercicios y actividades<\/span><\/div>\n<div class=\"icon-box\"><i class=\"fal fa-cassette-tape fa-fw fa-2x\"><\/i><span class=\"icon-box-text\">Grabaciones de las clases (previa solicitud)<\/span><\/div>\n<div class=\"icon-box\"><i class=\"fal fa-file-certificate fa-fw fa-2x\"><\/i><span class=\"icon-box-text\">Certificado de participaci\u00f3n<\/span><\/div>\n<h2>Nuestros profesores de italiano<\/h2>\n<div class=\"images-carousel\"><div class=\"images-carousel_wrapper\"><figure class=\"image-carousel\"><img loading=\"lazy\" decoding=\"async\" width=\"752\" height=\"849\" src=\"https:\/\/ils.simonemontanari.com\/es\/wp-content\/uploads\/sites\/3\/2024\/11\/Sofia-G-752x849.jpg\" class=\"attachment-medium size-medium\" alt=\"\" srcset=\"https:\/\/ils.simonemontanari.com\/es\/wp-content\/uploads\/sites\/3\/2024\/11\/Sofia-G-752x849.jpg 752w, https:\/\/ils.simonemontanari.com\/es\/wp-content\/uploads\/sites\/3\/2024\/11\/Sofia-G-1182x1335.jpg 1182w, https:\/\/ils.simonemontanari.com\/es\/wp-content\/uploads\/sites\/3\/2024\/11\/Sofia-G-768x868.jpg 768w, https:\/\/ils.simonemontanari.com\/es\/wp-content\/uploads\/sites\/3\/2024\/11\/Sofia-G-1360x1536.jpg 1360w, https:\/\/ils.simonemontanari.com\/es\/wp-content\/uploads\/sites\/3\/2024\/11\/Sofia-G-1040x1175.jpg 1040w, https:\/\/ils.simonemontanari.com\/es\/wp-content\/uploads\/sites\/3\/2024\/11\/Sofia-G.jpg 1728w\" sizes=\"auto, (max-width: 752px) 100vw, 752px\" \/><figcaption>Sofia<\/figcaption><\/figure><figure class=\"image-carousel\"><img loading=\"lazy\" decoding=\"async\" width=\"752\" height=\"849\" src=\"https:\/\/ils.simonemontanari.com\/es\/wp-content\/uploads\/sites\/3\/2024\/11\/Maurizio-F-752x849.jpg\" class=\"attachment-medium size-medium\" alt=\"\" srcset=\"https:\/\/ils.simonemontanari.com\/es\/wp-content\/uploads\/sites\/3\/2024\/11\/Maurizio-F-752x849.jpg 752w, https:\/\/ils.simonemontanari.com\/es\/wp-content\/uploads\/sites\/3\/2024\/11\/Maurizio-F-1182x1335.jpg 1182w, https:\/\/ils.simonemontanari.com\/es\/wp-content\/uploads\/sites\/3\/2024\/11\/Maurizio-F-768x868.jpg 768w, https:\/\/ils.simonemontanari.com\/es\/wp-content\/uploads\/sites\/3\/2024\/11\/Maurizio-F-1360x1536.jpg 1360w, https:\/\/ils.simonemontanari.com\/es\/wp-content\/uploads\/sites\/3\/2024\/11\/Maurizio-F-1040x1175.jpg 1040w, https:\/\/ils.simonemontanari.com\/es\/wp-content\/uploads\/sites\/3\/2024\/11\/Maurizio-F.jpg 1728w\" sizes=\"auto, (max-width: 752px) 100vw, 752px\" \/><figcaption>Maurizio<\/figcaption><\/figure><figure class=\"image-carousel\"><img loading=\"lazy\" decoding=\"async\" width=\"752\" height=\"849\" src=\"https:\/\/ils.simonemontanari.com\/es\/wp-content\/uploads\/sites\/3\/2021\/11\/elena-insegnante-italiano-752x849.jpg\" class=\"attachment-medium size-medium\" alt=\"\" srcset=\"https:\/\/ils.simonemontanari.com\/es\/wp-content\/uploads\/sites\/3\/2021\/11\/elena-insegnante-italiano-752x849.jpg 752w, https:\/\/ils.simonemontanari.com\/es\/wp-content\/uploads\/sites\/3\/2021\/11\/elena-insegnante-italiano-768x868.jpg 768w, https:\/\/ils.simonemontanari.com\/es\/wp-content\/uploads\/sites\/3\/2021\/11\/elena-insegnante-italiano-1040x1175.jpg 1040w, https:\/\/ils.simonemontanari.com\/es\/wp-content\/uploads\/sites\/3\/2021\/11\/elena-insegnante-italiano.jpg 1080w\" sizes=\"auto, (max-width: 752px) 100vw, 752px\" \/><figcaption>Elena<\/figcaption><\/figure><figure class=\"image-carousel\"><img loading=\"lazy\" decoding=\"async\" width=\"752\" height=\"849\" src=\"https:\/\/ils.simonemontanari.com\/es\/wp-content\/uploads\/sites\/3\/2024\/11\/Francesca-R-752x849.jpg\" class=\"attachment-medium size-medium\" alt=\"\" srcset=\"https:\/\/ils.simonemontanari.com\/es\/wp-content\/uploads\/sites\/3\/2024\/11\/Francesca-R-752x849.jpg 752w, https:\/\/ils.simonemontanari.com\/es\/wp-content\/uploads\/sites\/3\/2024\/11\/Francesca-R-1182x1335.jpg 1182w, https:\/\/ils.simonemontanari.com\/es\/wp-content\/uploads\/sites\/3\/2024\/11\/Francesca-R-768x868.jpg 768w, https:\/\/ils.simonemontanari.com\/es\/wp-content\/uploads\/sites\/3\/2024\/11\/Francesca-R-1360x1536.jpg 1360w, https:\/\/ils.simonemontanari.com\/es\/wp-content\/uploads\/sites\/3\/2024\/11\/Francesca-R-1040x1175.jpg 1040w, https:\/\/ils.simonemontanari.com\/es\/wp-content\/uploads\/sites\/3\/2024\/11\/Francesca-R.jpg 1728w\" sizes=\"auto, (max-width: 752px) 100vw, 752px\" \/><figcaption>Francesca<\/figcaption><\/figure><figure class=\"image-carousel\"><img loading=\"lazy\" decoding=\"async\" width=\"752\" height=\"849\" src=\"https:\/\/ils.simonemontanari.com\/es\/wp-content\/uploads\/sites\/3\/2024\/11\/Giulia-L-752x849.jpg\" class=\"attachment-medium size-medium\" alt=\"\" srcset=\"https:\/\/ils.simonemontanari.com\/es\/wp-content\/uploads\/sites\/3\/2024\/11\/Giulia-L-752x849.jpg 752w, https:\/\/ils.simonemontanari.com\/es\/wp-content\/uploads\/sites\/3\/2024\/11\/Giulia-L-1182x1335.jpg 1182w, https:\/\/ils.simonemontanari.com\/es\/wp-content\/uploads\/sites\/3\/2024\/11\/Giulia-L-768x868.jpg 768w, https:\/\/ils.simonemontanari.com\/es\/wp-content\/uploads\/sites\/3\/2024\/11\/Giulia-L-1360x1536.jpg 1360w, https:\/\/ils.simonemontanari.com\/es\/wp-content\/uploads\/sites\/3\/2024\/11\/Giulia-L-1040x1175.jpg 1040w, https:\/\/ils.simonemontanari.com\/es\/wp-content\/uploads\/sites\/3\/2024\/11\/Giulia-L.jpg 1728w\" sizes=\"auto, (max-width: 752px) 100vw, 752px\" \/><figcaption>Giulia<\/figcaption><\/figure><figure class=\"image-carousel\"><img loading=\"lazy\" decoding=\"async\" width=\"752\" height=\"849\" src=\"https:\/\/ils.simonemontanari.com\/es\/wp-content\/uploads\/sites\/3\/2022\/07\/Michela-Silla-752x849.jpg\" class=\"attachment-medium size-medium\" alt=\"\" srcset=\"https:\/\/ils.simonemontanari.com\/es\/wp-content\/uploads\/sites\/3\/2022\/07\/Michela-Silla-752x849.jpg 752w, https:\/\/ils.simonemontanari.com\/es\/wp-content\/uploads\/sites\/3\/2022\/07\/Michela-Silla-1182x1335.jpg 1182w, https:\/\/ils.simonemontanari.com\/es\/wp-content\/uploads\/sites\/3\/2022\/07\/Michela-Silla-768x868.jpg 768w, https:\/\/ils.simonemontanari.com\/es\/wp-content\/uploads\/sites\/3\/2022\/07\/Michela-Silla-1360x1536.jpg 1360w, https:\/\/ils.simonemontanari.com\/es\/wp-content\/uploads\/sites\/3\/2022\/07\/Michela-Silla-1813x2048.jpg 1813w, https:\/\/ils.simonemontanari.com\/es\/wp-content\/uploads\/sites\/3\/2022\/07\/Michela-Silla-1040x1175.jpg 1040w\" sizes=\"auto, (max-width: 752px) 100vw, 752px\" \/><figcaption>Michela<\/figcaption><\/figure><figure class=\"image-carousel\"><img loading=\"lazy\" decoding=\"async\" width=\"752\" height=\"849\" src=\"https:\/\/ils.simonemontanari.com\/es\/wp-content\/uploads\/sites\/3\/2022\/11\/francesca_puglisi-752x849.jpg\" class=\"attachment-medium size-medium\" alt=\"\" srcset=\"https:\/\/ils.simonemontanari.com\/es\/wp-content\/uploads\/sites\/3\/2022\/11\/francesca_puglisi-752x849.jpg 752w, https:\/\/ils.simonemontanari.com\/es\/wp-content\/uploads\/sites\/3\/2022\/11\/francesca_puglisi-768x868.jpg 768w, https:\/\/ils.simonemontanari.com\/es\/wp-content\/uploads\/sites\/3\/2022\/11\/francesca_puglisi-1040x1175.jpg 1040w, https:\/\/ils.simonemontanari.com\/es\/wp-content\/uploads\/sites\/3\/2022\/11\/francesca_puglisi.jpg 1080w\" sizes=\"auto, (max-width: 752px) 100vw, 752px\" \/><figcaption>Francesca<\/figcaption><\/figure><figure class=\"image-carousel\"><img loading=\"lazy\" decoding=\"async\" width=\"752\" height=\"849\" src=\"https:\/\/ils.simonemontanari.com\/es\/wp-content\/uploads\/sites\/3\/2024\/11\/Filippo-Mulinacci-752x849.jpg\" class=\"attachment-medium size-medium\" alt=\"\" srcset=\"https:\/\/ils.simonemontanari.com\/es\/wp-content\/uploads\/sites\/3\/2024\/11\/Filippo-Mulinacci-752x849.jpg 752w, https:\/\/ils.simonemontanari.com\/es\/wp-content\/uploads\/sites\/3\/2024\/11\/Filippo-Mulinacci.jpg 756w\" sizes=\"auto, (max-width: 752px) 100vw, 752px\" \/><figcaption>Filippo<\/figcaption><\/figure><figure class=\"image-carousel\"><img loading=\"lazy\" decoding=\"async\" width=\"752\" height=\"849\" src=\"https:\/\/ils.simonemontanari.com\/es\/wp-content\/uploads\/sites\/3\/2024\/04\/Leonardo-Benozzi-752x849.png\" class=\"attachment-medium size-medium\" alt=\"\" srcset=\"https:\/\/ils.simonemontanari.com\/es\/wp-content\/uploads\/sites\/3\/2024\/04\/Leonardo-Benozzi-752x849.png 752w, https:\/\/ils.simonemontanari.com\/es\/wp-content\/uploads\/sites\/3\/2024\/04\/Leonardo-Benozzi-768x868.png 768w, https:\/\/ils.simonemontanari.com\/es\/wp-content\/uploads\/sites\/3\/2024\/04\/Leonardo-Benozzi-1040x1175.png 1040w, https:\/\/ils.simonemontanari.com\/es\/wp-content\/uploads\/sites\/3\/2024\/04\/Leonardo-Benozzi.png 1080w\" sizes=\"auto, (max-width: 752px) 100vw, 752px\" \/><figcaption>Leonardo<\/figcaption><\/figure><figure class=\"image-carousel\"><img loading=\"lazy\" decoding=\"async\" width=\"752\" height=\"849\" src=\"https:\/\/ils.simonemontanari.com\/es\/wp-content\/uploads\/sites\/3\/2024\/01\/Esposito-Lilli-752x849.png\" class=\"attachment-medium size-medium\" alt=\"\" srcset=\"https:\/\/ils.simonemontanari.com\/es\/wp-content\/uploads\/sites\/3\/2024\/01\/Esposito-Lilli-752x849.png 752w, https:\/\/ils.simonemontanari.com\/es\/wp-content\/uploads\/sites\/3\/2024\/01\/Esposito-Lilli-768x868.png 768w, https:\/\/ils.simonemontanari.com\/es\/wp-content\/uploads\/sites\/3\/2024\/01\/Esposito-Lilli.png 810w\" sizes=\"auto, (max-width: 752px) 100vw, 752px\" \/><figcaption>Lilli<\/figcaption><\/figure><figure class=\"image-carousel\"><img loading=\"lazy\" decoding=\"async\" width=\"752\" height=\"849\" src=\"https:\/\/ils.simonemontanari.com\/es\/wp-content\/uploads\/sites\/3\/2022\/07\/Bianca-Lami-752x849.jpg\" class=\"attachment-medium size-medium\" alt=\"\" srcset=\"https:\/\/ils.simonemontanari.com\/es\/wp-content\/uploads\/sites\/3\/2022\/07\/Bianca-Lami-752x849.jpg 752w, https:\/\/ils.simonemontanari.com\/es\/wp-content\/uploads\/sites\/3\/2022\/07\/Bianca-Lami-768x868.jpg 768w, https:\/\/ils.simonemontanari.com\/es\/wp-content\/uploads\/sites\/3\/2022\/07\/Bianca-Lami-1040x1175.jpg 1040w, https:\/\/ils.simonemontanari.com\/es\/wp-content\/uploads\/sites\/3\/2022\/07\/Bianca-Lami.jpg 1080w\" sizes=\"auto, (max-width: 752px) 100vw, 752px\" \/><figcaption>Bianca<\/figcaption><\/figure><figure class=\"image-carousel\"><img loading=\"lazy\" decoding=\"async\" width=\"752\" height=\"849\" src=\"https:\/\/ils.simonemontanari.com\/es\/wp-content\/uploads\/sites\/3\/2023\/12\/Federico-di-Leo-752x849.png\" class=\"attachment-medium size-medium\" alt=\"\" srcset=\"https:\/\/ils.simonemontanari.com\/es\/wp-content\/uploads\/sites\/3\/2023\/12\/Federico-di-Leo-752x849.png 752w, https:\/\/ils.simonemontanari.com\/es\/wp-content\/uploads\/sites\/3\/2023\/12\/Federico-di-Leo-768x868.png 768w, https:\/\/ils.simonemontanari.com\/es\/wp-content\/uploads\/sites\/3\/2023\/12\/Federico-di-Leo-1040x1175.png 1040w, https:\/\/ils.simonemontanari.com\/es\/wp-content\/uploads\/sites\/3\/2023\/12\/Federico-di-Leo.png 1080w\" sizes=\"auto, (max-width: 752px) 100vw, 752px\" \/><figcaption>Federico<\/figcaption><\/figure><figure class=\"image-carousel\"><img loading=\"lazy\" decoding=\"async\" width=\"752\" height=\"849\" src=\"https:\/\/ils.simonemontanari.com\/es\/wp-content\/uploads\/sites\/3\/2023\/03\/Donatella-Paolini-752x849.jpg\" class=\"attachment-medium size-medium\" alt=\"\" srcset=\"https:\/\/ils.simonemontanari.com\/es\/wp-content\/uploads\/sites\/3\/2023\/03\/Donatella-Paolini-752x849.jpg 752w, https:\/\/ils.simonemontanari.com\/es\/wp-content\/uploads\/sites\/3\/2023\/03\/Donatella-Paolini-768x868.jpg 768w, https:\/\/ils.simonemontanari.com\/es\/wp-content\/uploads\/sites\/3\/2023\/03\/Donatella-Paolini-1040x1175.jpg 1040w, https:\/\/ils.simonemontanari.com\/es\/wp-content\/uploads\/sites\/3\/2023\/03\/Donatella-Paolini.jpg 1080w\" sizes=\"auto, (max-width: 752px) 100vw, 752px\" \/><figcaption>Donatella<\/figcaption><\/figure><figure class=\"image-carousel\"><img loading=\"lazy\" decoding=\"async\" width=\"752\" height=\"849\" src=\"https:\/\/ils.simonemontanari.com\/es\/wp-content\/uploads\/sites\/3\/2022\/11\/domenica_di_biase-752x849.jpg\" class=\"attachment-medium size-medium\" alt=\"\" srcset=\"https:\/\/ils.simonemontanari.com\/es\/wp-content\/uploads\/sites\/3\/2022\/11\/domenica_di_biase-752x849.jpg 752w, https:\/\/ils.simonemontanari.com\/es\/wp-content\/uploads\/sites\/3\/2022\/11\/domenica_di_biase-768x868.jpg 768w, https:\/\/ils.simonemontanari.com\/es\/wp-content\/uploads\/sites\/3\/2022\/11\/domenica_di_biase-1040x1175.jpg 1040w, https:\/\/ils.simonemontanari.com\/es\/wp-content\/uploads\/sites\/3\/2022\/11\/domenica_di_biase.jpg 1080w\" sizes=\"auto, (max-width: 752px) 100vw, 752px\" \/><figcaption>Domenica<\/figcaption><\/figure><figure class=\"image-carousel\"><img loading=\"lazy\" decoding=\"async\" width=\"752\" height=\"849\" src=\"https:\/\/ils.simonemontanari.com\/es\/wp-content\/uploads\/sites\/3\/2021\/11\/enzo-insegnante-italiano-752x849.jpg\" class=\"attachment-medium size-medium\" alt=\"\" srcset=\"https:\/\/ils.simonemontanari.com\/es\/wp-content\/uploads\/sites\/3\/2021\/11\/enzo-insegnante-italiano-752x849.jpg 752w, https:\/\/ils.simonemontanari.com\/es\/wp-content\/uploads\/sites\/3\/2021\/11\/enzo-insegnante-italiano-768x868.jpg 768w, https:\/\/ils.simonemontanari.com\/es\/wp-content\/uploads\/sites\/3\/2021\/11\/enzo-insegnante-italiano-1040x1175.jpg 1040w, https:\/\/ils.simonemontanari.com\/es\/wp-content\/uploads\/sites\/3\/2021\/11\/enzo-insegnante-italiano.jpg 1080w\" sizes=\"auto, (max-width: 752px) 100vw, 752px\" \/><figcaption>Enzo <\/figcaption><\/figure><figure class=\"image-carousel\"><img loading=\"lazy\" decoding=\"async\" width=\"752\" height=\"849\" src=\"https:\/\/ils.simonemontanari.com\/es\/wp-content\/uploads\/sites\/3\/2021\/11\/layla-insegnante-italiano-752x849.jpg\" class=\"attachment-medium size-medium\" alt=\"\" srcset=\"https:\/\/ils.simonemontanari.com\/es\/wp-content\/uploads\/sites\/3\/2021\/11\/layla-insegnante-italiano-752x849.jpg 752w, https:\/\/ils.simonemontanari.com\/es\/wp-content\/uploads\/sites\/3\/2021\/11\/layla-insegnante-italiano-768x868.jpg 768w, https:\/\/ils.simonemontanari.com\/es\/wp-content\/uploads\/sites\/3\/2021\/11\/layla-insegnante-italiano-1040x1175.jpg 1040w, https:\/\/ils.simonemontanari.com\/es\/wp-content\/uploads\/sites\/3\/2021\/11\/layla-insegnante-italiano.jpg 1080w\" sizes=\"auto, (max-width: 752px) 100vw, 752px\" \/><figcaption>Layla<\/figcaption><\/figure><figure class=\"image-carousel\"><img loading=\"lazy\" decoding=\"async\" width=\"752\" height=\"849\" src=\"https:\/\/ils.simonemontanari.com\/es\/wp-content\/uploads\/sites\/3\/2021\/11\/riccardo-insegnante-italiano-752x849.jpg\" class=\"attachment-medium size-medium\" alt=\"\" srcset=\"https:\/\/ils.simonemontanari.com\/es\/wp-content\/uploads\/sites\/3\/2021\/11\/riccardo-insegnante-italiano-752x849.jpg 752w, https:\/\/ils.simonemontanari.com\/es\/wp-content\/uploads\/sites\/3\/2021\/11\/riccardo-insegnante-italiano-768x868.jpg 768w, https:\/\/ils.simonemontanari.com\/es\/wp-content\/uploads\/sites\/3\/2021\/11\/riccardo-insegnante-italiano-1040x1175.jpg 1040w, https:\/\/ils.simonemontanari.com\/es\/wp-content\/uploads\/sites\/3\/2021\/11\/riccardo-insegnante-italiano.jpg 1080w\" sizes=\"auto, (max-width: 752px) 100vw, 752px\" \/><figcaption>Riccardo <\/figcaption><\/figure><figure class=\"image-carousel\"><img loading=\"lazy\" decoding=\"async\" width=\"752\" height=\"849\" src=\"https:\/\/ils.simonemontanari.com\/es\/wp-content\/uploads\/sites\/3\/2021\/11\/xenia-insegnante-italiano-752x849.jpg\" class=\"attachment-medium size-medium\" alt=\"\" srcset=\"https:\/\/ils.simonemontanari.com\/es\/wp-content\/uploads\/sites\/3\/2021\/11\/xenia-insegnante-italiano-752x849.jpg 752w, https:\/\/ils.simonemontanari.com\/es\/wp-content\/uploads\/sites\/3\/2021\/11\/xenia-insegnante-italiano-768x868.jpg 768w, https:\/\/ils.simonemontanari.com\/es\/wp-content\/uploads\/sites\/3\/2021\/11\/xenia-insegnante-italiano-1040x1175.jpg 1040w, https:\/\/ils.simonemontanari.com\/es\/wp-content\/uploads\/sites\/3\/2021\/11\/xenia-insegnante-italiano.jpg 1080w\" sizes=\"auto, (max-width: 752px) 100vw, 752px\" \/><figcaption>Xenia<\/figcaption><\/figure><\/div><div class=\"carousel-navigation\"><button id=\"prev\" disabled=\"true\">Previous<\/button><button id=\"next\">Next<\/button><\/div><\/div>\n<h2>Horario<\/h2>\n<div class=\"icon-box\"><i class=\"fal fa-alarm-clock fa-fw fa-2x\"><\/i><span class=\"icon-box-text\">Lecciones de 50 minutos<\/span><\/div>\n<div class=\"icon-box\"><i class=\"fal fa-calendar-check fa-fw fa-2x\"><\/i><span class=\"icon-box-text\">Lecciones disponibles de lunes a viernes, de 8:30 a 18:00 CET<\/span><\/div>\n<h2>Precios<\/h2>\n<div class=\"icon-box\"><i class=\"fal fa-coins fa-fw fa-2x\"><\/i><span class=\"icon-box-text\">Sin tasa de inscripci\u00f3n<\/span><\/div>\n<div class=\"icon-box\"><i class=\"fal fa-percentage fa-fw fa-2x\"><\/i><span class=\"icon-box-text\">Descuentos a largo plazo de hasta el 20%.<\/span><\/div>\n","protected":false},"excerpt":{"rendered":"<p>\u00bfBuscas un profesor de italiano particular con el que hablar de determinados temas y aclarar tus dudas?<\/p>\n<p>\u00bfQuieres <strong>hablar italiano<\/strong> con un hablante nativo y mejorar tus habilidades de conversaci\u00f3n?<\/p>\n<p>No busques m\u00e1s, \u00a1nuestras clases individuales de italiano en l\u00ednea son las que buscas!<\/p>\n","protected":false},"featured_media":6334,"comment_status":"open","ping_status":"closed","template":"","meta":{"_acf_changed":false},"product_brand":[],"product_cat":[33,69],"product_tag":[],"class_list":{"0":"post-3788","1":"product","2":"type-product","3":"status-publish","4":"has-post-thumbnail","6":"product_cat-cursos","7":"product_cat-individual","9":"first","10":"instock","11":"downloadable","12":"virtual","13":"purchasable","14":"product-type-simple"},"group_of_quantity":0,"min_quantity":5,"max_quantity":"","exclude_order_quantity_value_rules":"no","exclude_category_quantity_rules":"no","combine_variations":"no","exclude_global_add_ons":false,"addons":[{"name":"Horario","type":"heading","position":0,"required":false,"title_format":"label","default":"","description_enable":false,"description":"","placeholder_enable":false,"placeholder":"","display":"select","restrictions_type":"any_text","adjust_price":false,"price":"","price_type":"flat_fee","restrictions":false,"min":"0","max":"0","options":[],"id":1691605832},{"name":"Frecuencia por semana","type":"input_multiplier","position":1,"required":true,"title_format":"label","default":"","description_enable":false,"description":"","placeholder_enable":false,"placeholder":"","display":"select","restrictions_type":"any_text","adjust_price":false,"price":"","price_type":"flat_fee","restrictions":false,"min":"0","max":"0","options":[],"id":1691605833},{"name":"D\u00edas disponibles","type":"checkbox","position":2,"required":true,"title_format":"label","default":"","description_enable":false,"description":"","placeholder_enable":false,"placeholder":"","display":"select","restrictions_type":"any_text","adjust_price":false,"price":"","price_type":"flat_fee","restrictions":false,"min":"0","max":"0","options":[{"label":"Lunes","price":"","price_type":"flat_fee","image":0,"visibility":true},{"label":"Martes","price":"","price_type":"flat_fee","image":0,"visibility":true},{"label":"Miercoles","price":"","price_type":"flat_fee","image":0,"visibility":true},{"label":"Jueves","price":"","price_type":"flat_fee","image":0,"visibility":true},{"label":"Viernes","price":"","price_type":"flat_fee","image":0,"visibility":true}],"id":1691605834},{"name":"Horas disponibles (CET)","type":"checkbox","position":3,"required":true,"title_format":"label","default":"","description_enable":false,"description":"","placeholder_enable":false,"placeholder":"","display":"select","restrictions_type":"any_text","adjust_price":false,"price":"","price_type":"flat_fee","restrictions":false,"min":"0","max":"0","options":[{"label":"Ma\u00f1ana temprano","price":"","price_type":"flat_fee","image":0,"visibility":true},{"label":"Ma\u00f1ana tard\u00eda","price":"","price_type":"flat_fee","image":0,"visibility":true},{"label":"Tarde temprana","price":"","price_type":"flat_fee","image":0,"visibility":true},{"label":"Tarde tard\u00eda","price":"","price_type":"flat_fee","image":0,"visibility":true}],"id":1691605835},{"name":"Notes","type":"custom_textarea","position":4,"required":false,"title_format":"label","default":"","description_enable":false,"description":"","placeholder_enable":false,"placeholder":"","display":"select","restrictions_type":"any_text","adjust_price":false,"price":"","price_type":"flat_fee","restrictions":false,"min":"0","max":"0","options":[],"id":1691605836}],"acf":[],"_links":{"self":[{"href":"https:\/\/ils.simonemontanari.com\/es\/wp-json\/wp\/v2\/product\/3788","targetHints":{"allow":["GET"]}}],"collection":[{"href":"https:\/\/ils.simonemontanari.com\/es\/wp-json\/wp\/v2\/product"}],"about":[{"href":"https:\/\/ils.simonemontanari.com\/es\/wp-json\/wp\/v2\/types\/product"}],"replies":[{"embeddable":true,"href":"https:\/\/ils.simonemontanari.com\/es\/wp-json\/wp\/v2\/comments?post=3788"}],"wp:featuredmedia":[{"embeddable":true,"href":"https:\/\/ils.simonemontanari.com\/es\/wp-json\/wp\/v2\/media\/6334"}],"wp:attachment":[{"href":"https:\/\/ils.simonemontanari.com\/es\/wp-json\/wp\/v2\/media?parent=3788"}],"wp:term":[{"taxonomy":"product_brand","embeddable":true,"href":"https:\/\/ils.simonemontanari.com\/es\/wp-json\/wp\/v2\/product_brand?post=3788"},{"taxonomy":"product_cat","embeddable":true,"href":"https:\/\/ils.simonemontanari.com\/es\/wp-json\/wp\/v2\/product_cat?post=3788"},{"taxonomy":"product_tag","embeddable":true,"href":"https:\/\/ils.simonemontanari.com\/es\/wp-json\/wp\/v2\/product_tag?post=3788"}],"curies":[{"name":"wp","href":"https:\/\/api.w.org\/{rel}","templated":true}]}}