{"id":6593,"date":"2023-08-09T14:10:27","date_gmt":"2023-08-09T12:10:27","guid":{"rendered":"https:\/\/ils.simonemontanari.com\/es\/?post_type=product&#038;p=6593"},"modified":"2024-04-19T16:40:41","modified_gmt":"2024-04-19T14:40:41","slug":"ciudades-arte-italia","status":"publish","type":"product","link":"https:\/\/ils.simonemontanari.com\/es\/producto\/ciudades-arte-italia\/","title":{"rendered":"Las peque\u00f1as, grandes ciudades del arte en Italia"},"content":{"rendered":"<p>En esta serie de videos, exploraremos la historia y el arte de otras peque\u00f1as y grandes ciudades del norte, centro y sur de Italia.<\/p>\n<h2>Trailer<\/h2>\n<blockquote class=\"instagram-media\" style=\"background: #FFF; border: 0; border-radius: 3px; box-shadow: 0 0 1px 0 rgba(0,0,0,0.5),0 1px 10px 0 rgba(0,0,0,0.15); margin: 1px; max-width: 540px; min-width: 326px; padding: 0; width: calc(100% - 2px);\" data-instgrm-captioned=\"\" data-instgrm-permalink=\"https:\/\/www.instagram.com\/reel\/CzbGHZzLHNx\/?utm_source=ig_embed&amp;utm_campaign=loading\" data-instgrm-version=\"14\">\n<div style=\"padding: 16px;\">\n<p>&nbsp;<\/p>\n<div style=\"display: flex; flex-direction: row; align-items: center;\">\n<div style=\"background-color: #f4f4f4; border-radius: 50%; flex-grow: 0; height: 40px; margin-right: 14px; width: 40px;\"><\/div>\n<div style=\"display: flex; flex-direction: column; flex-grow: 1; justify-content: center;\">\n<div style=\"background-color: #f4f4f4; border-radius: 4px; flex-grow: 0; height: 14px; margin-bottom: 6px; width: 100px;\"><\/div>\n<div style=\"background-color: #f4f4f4; border-radius: 4px; flex-grow: 0; height: 14px; width: 60px;\"><\/div>\n<\/div>\n<\/div>\n<div style=\"padding: 19% 0;\"><\/div>\n<div style=\"display: block; height: 50px; margin: 0 auto 12px; width: 50px;\"><\/div>\n<div style=\"padding-top: 8px;\">\n<div style=\"color: #3897f0; font-family: Arial,sans-serif; font-size: 14px; font-style: normal; font-weight: 550; line-height: 18px;\">Visualizza questo post su Instagram<\/div>\n<\/div>\n<div style=\"padding: 12.5% 0;\"><\/div>\n<div style=\"display: flex; flex-direction: row; margin-bottom: 14px; align-items: center;\">\n<div>\n<div style=\"background-color: #f4f4f4; border-radius: 50%; height: 12.5px; width: 12.5px; transform: translateX(0px) translateY(7px);\"><\/div>\n<div style=\"background-color: #f4f4f4; height: 12.5px; transform: rotate(-45deg) translateX(3px) translateY(1px); width: 12.5px; flex-grow: 0; margin-right: 14px; margin-left: 2px;\"><\/div>\n<div style=\"background-color: #f4f4f4; border-radius: 50%; height: 12.5px; width: 12.5px; transform: translateX(9px) translateY(-18px);\"><\/div>\n<\/div>\n<div style=\"margin-left: 8px;\">\n<div style=\"background-color: #f4f4f4; border-radius: 50%; flex-grow: 0; height: 20px; width: 20px;\"><\/div>\n<div style=\"width: 0; height: 0; border-top: 2px solid transparent; border-left: 6px solid #f4f4f4; border-bottom: 2px solid transparent; transform: translateX(16px) translateY(-4px) rotate(30deg);\"><\/div>\n<\/div>\n<div style=\"margin-left: auto;\">\n<div style=\"width: 0px; border-top: 8px solid #F4F4F4; border-right: 8px solid transparent; transform: translateY(16px);\"><\/div>\n<div style=\"background-color: #f4f4f4; flex-grow: 0; height: 12px; width: 16px; transform: translateY(-4px);\"><\/div>\n<div style=\"width: 0; height: 0; border-top: 8px solid #F4F4F4; border-left: 8px solid transparent; transform: translateY(-4px) translateX(8px);\"><\/div>\n<\/div>\n<\/div>\n<div style=\"display: flex; flex-direction: column; flex-grow: 1; justify-content: center; margin-bottom: 24px;\">\n<div style=\"background-color: #f4f4f4; border-radius: 4px; flex-grow: 0; height: 14px; margin-bottom: 6px; width: 224px;\"><\/div>\n<div style=\"background-color: #f4f4f4; border-radius: 4px; flex-grow: 0; height: 14px; width: 144px;\"><\/div>\n<\/div>\n<p>&nbsp;<\/p>\n<p style=\"color: #c9c8cd; font-family: Arial,sans-serif; font-size: 14px; line-height: 17px; margin-bottom: 0; margin-top: 8px; overflow: hidden; padding: 8px 0 7px; text-align: center; text-overflow: ellipsis; white-space: nowrap;\"><a style=\"color: #c9c8cd; font-family: Arial,sans-serif; font-size: 14px; font-style: normal; font-weight: normal; line-height: 17px; text-decoration: none;\" href=\"https:\/\/www.instagram.com\/reel\/CzbGHZzLHNx\/?utm_source=ig_embed&amp;utm_campaign=loading\" target=\"_blank\" rel=\"noopener\">Un post condiviso da Italian Language School (@europassitalian)<\/a><\/p>\n<\/div>\n<\/blockquote>\n<p><script async src=\"\/\/www.instagram.com\/embed.js\"><\/script><\/p>\n<h2>Programa<\/h2>\n<h3>Ciudades del arte en el Norte de Italia<\/h3>\n<p><img loading=\"lazy\" decoding=\"async\" class=\"alignnone size-medium wp-image-8522\" src=\"https:\/\/ils.simonemontanari.com\/it\/wp-content\/uploads\/sites\/4\/2023\/07\/Nord-Italia-752x482.png\" alt=\"\" width=\"752\" height=\"482\" \/><\/p>\n<p><strong>Ravenna &#8211; Emilia-Roma\u00f1a:<\/strong><\/p>\n<p>Aqu\u00ed es donde Dante paso sus \u00faltimos a\u00f1os de vida. Es reconocida por sus maravillosos mosaicos Bizantinos y sus monumentos pertenecientes al periodo Imperial y G\u00f3tico-Bizantino.<\/p>\n<p><strong>Padua &#8211; Veneto:<\/strong><\/p>\n<p>Es famosa por la capilla de Scrovegni, donde se encuentran frescos de Giotto, considerados obras maestras del Arte Occidental.<\/p>\n<p><strong>Mantua &#8211; Lombard\u00eda:<br \/>\n<\/strong><\/p>\n<p>Donde Romeo se refugi\u00f3 despu\u00e9s de escapar de Verona, es una ciudad donde abundan majestuosos castillos y palacios, como el palacio de Ducal, que alberga la famosa recamara de los reci\u00e9n casados.<\/p>\n<p><strong>Parma &#8211; Emilia-Roma\u00f1a:<br \/>\n<\/strong><\/p>\n<p>Es conocida en Italia por su cocina y por sus productos t\u00edpicos. Pero adem\u00e1s de eso, es la casa de uno de los teatros italianos m\u00e1s antiguos del mundo, el Teatro Farnese.<\/p>\n<p><strong>Bergamo &#8211; Lombard\u00eda:<br \/>\n<\/strong><\/p>\n<p>Una ciudad dividida en dos partes: Citt\u00e0 Alta, la parte Antigua de la ciudad, que a\u00fan tiene paredes medievales; y Citt\u00e0 Bassa, la parte moderna, ubicada llanura abajo.<\/p>\n<p><strong>Ferrara &#8211; Emilia-Roma\u00f1a:<\/strong><\/p>\n<p>Aqu\u00ed se encuentra el impresionante castilllo Estense Castle: una fortaleza caracterizada por un gran foso y sus torres en las cuatro esquinas.<\/p>\n<h3>Ciudades del arte en Italia Central<\/h3>\n<p><img loading=\"lazy\" decoding=\"async\" class=\"alignnone size-medium wp-image-8521\" src=\"https:\/\/ils.simonemontanari.com\/it\/wp-content\/uploads\/sites\/4\/2023\/07\/Centro-Italia-752x482.png\" alt=\"\" width=\"752\" height=\"482\" \/><\/p>\n<p><strong>Lucca &#8211; Toscana:<br \/>\n<\/strong><\/p>\n<p>La ciudad de cientos de Iglesias es famosa por sus paredes medievales que rodean todo el centro hist\u00f3rico. Uno de los s\u00edmbolos de Lucca es la Torre Guinigi, construida en la Edad Media.<\/p>\n<p><strong>Urbino &#8211; Marche:<br \/>\n<\/strong><\/p>\n<p>El lugar de Nacimiento de Raphael Sanzio, se jacta de prestigiosos artistas y una herencia cultural, representa la transici\u00f3n entre la Edad Media y el Renacimiento.<\/p>\n<p><strong>Orvieto &#8211; Umbria:<br \/>\n<\/strong><\/p>\n<p>Construida en una gran roca volc\u00e1nica, cuenta con un extenso sistema de cuevas y t\u00faneles bajo tierra. La Catedral de Orvieto es una obra maestra de la arquitectura G\u00f3tica.<\/p>\n<p><strong>Viterbo &#8211; Lazio:<\/strong><\/p>\n<p>Localizada en el coraz\u00f3n de la hist\u00f3rica regi\u00f3n de Tuscia, es conocida por sus aguas termales naturales, el Terme dei Papi. El centro hist\u00f3rico de la ciudad es un laberinto de estrellas y sinuosas calles.<\/p>\n<p><strong>L&#8217;Aquila &#8211; Abruzos:<br \/>\n<\/strong><\/p>\n<p>La ciudad cuenta con arquitectura medieval y Renacentista, y sus principales monumentos son el Castillo Espa\u00f1ol y la Bas\u00edlica de Santa Maria de Collemaggio.<\/p>\n<p><strong>Assisi &#8211; Umbria<\/strong>:<\/p>\n<p>Un importante centro de peregrinaci\u00f3n que adem\u00e1s ofrece una maravillosa vista de las colinas de la regi\u00f3n. La Bas\u00edlica de San Francisco es una de las principales atracciones de la ciudad.<\/p>\n<h3>Ciudades del arte en el sur de Italia<\/h3>\n<p><img loading=\"lazy\" decoding=\"async\" class=\"alignnone size-medium wp-image-8523\" src=\"https:\/\/ils.simonemontanari.com\/it\/wp-content\/uploads\/sites\/4\/2023\/07\/Sud-Italia-752x482.png\" alt=\"\" width=\"752\" height=\"482\" \/><\/p>\n<p><strong>Siracusa &#8211; Sicilia:<br \/>\n<\/strong><\/p>\n<p>Una de las m\u00e1s antiguas ciudades, donde su n\u00facleo hist\u00f3rico, la Isla de Ortigia, es un fascinante distrito compuesto de calles estrechas, plazas pintorescas e importantes monumentos como la catedral.<\/p>\n<p><strong>Lecce &#8211; Puglia:<br \/>\n<\/strong><\/p>\n<p>Conocida como el \u201cSur de Florencia\u201d, es famosa por sus elegantes edificios Barrocos hechos de pieda Lecce, una piedra caliza que adquiere un tono dorado al atardecer.<\/p>\n<p><strong>Matera &#8211; Basilicata:<\/strong><\/p>\n<p>La ciudad es famosa por sus \u00abSassi di Matera,\u00bb casas antiguas talladas en roca que representan uno de los asentamientos humanos m\u00e1s antiguo continuamente habitados en todo el mundo.<\/p>\n<p><strong>Catania &#8211; Sicilia:<br \/>\n<\/strong><\/p>\n<p>Ubicada en la costa este de Sicilia, Catania est\u00e1 dominada por la presencia del Monte Etna, el volc\u00e1n activo m\u00e1s alto de Europa. La Catedral de Catania es un impresionante ejemplo de arquitectura barroca.<\/p>\n<p><strong>Caserta &#8211; Campania:<br \/>\n<\/strong><\/p>\n<p>Aqu\u00ed se encuentra el famoso Palacio Real de Caserta: uno de los palacios reales m\u00e1s grandes del mundo, que cuenta con un parque con impresionantes jardines italianos.<\/p>\n<p><strong>Val di Noto &#8211; Sicilia:<br \/>\n<\/strong><\/p>\n<p>Incluye Noto, Ragusa, Modica y otros. Estas ciudades son bellos ejemplos de arquitectura barroca, con iglesias, palacios y plazas de extraordinaria elegancia.<\/p>\n<h2>Detalles<\/h2>\n<div class=\"icon-box\"><i class=\"fal fa-alarm-clock fa-fw fa-2x\"><\/i><span class=\"icon-box-text\">60 min. de transmisi\u00f3n en vivo para cada ciudad<\/span><\/div>\n<div class=\"icon-box\"><i class=\"fal fa-calendar fa-fw fa-2x\"><\/i><span class=\"icon-box-text\">Cada lunes a las 18:00 CET<\/span><\/div>\n<div class=\"icon-box\"><i class=\"fal fa-hourglass-start fa-fw fa-2x\"><\/i><span class=\"icon-box-text\">Desde 27 Noviembre 2023<\/span><\/div>\n<div class=\"icon-box\"><i class=\"fal fa-cassette-tape fa-fw fa-2x\"><\/i><span class=\"icon-box-text\">Clases grabadas<\/span><\/div>\n<div class=\"icon-box\"><i class=\"fal fa-chalkboard-teacher fa-fw fa-2x\"><\/i><span class=\"icon-box-text\">Con <a href=\"https:\/\/ils.simonemontanari.com\/maurizio-faggi\/\">Maurizio Faggi<\/a><\/span><\/div>\n","protected":false},"excerpt":{"rendered":"<p>Entre 1600 y 1700, en Europa, todos los arist\u00f3cratas y entusiastas del arte y la cultura, se embarcaron en una traves\u00eda a Italia, fascinados por las maravillas art\u00edsticas y culturales del hermoso pa\u00eds: el Gran Tour.<\/p>\n<p>Nosotros tambi\u00e9n realizaremos esta traves\u00eda para descubrir las m\u00e1s bellas ciudades del arte italianas, que no solamente son Venecia, Florencia y Roma.<\/p>\n","protected":false},"featured_media":6604,"comment_status":"open","ping_status":"closed","template":"","meta":{"_acf_changed":false},"product_brand":[],"product_cat":[33],"product_tag":[],"class_list":{"0":"post-6593","1":"product","2":"type-product","3":"status-publish","4":"has-post-thumbnail","6":"product_cat-cursos","8":"first","9":"instock","10":"sale","11":"sold-individually","12":"shipping-taxable","13":"purchasable","14":"product-type-variable"},"group_of_quantity":0,"min_quantity":0,"max_quantity":"","exclude_order_quantity_value_rules":"no","exclude_category_quantity_rules":"no","combine_variations":"no","exclude_global_add_ons":[],"addons":[],"acf":[],"_links":{"self":[{"href":"https:\/\/ils.simonemontanari.com\/es\/wp-json\/wp\/v2\/product\/6593","targetHints":{"allow":["GET"]}}],"collection":[{"href":"https:\/\/ils.simonemontanari.com\/es\/wp-json\/wp\/v2\/product"}],"about":[{"href":"https:\/\/ils.simonemontanari.com\/es\/wp-json\/wp\/v2\/types\/product"}],"replies":[{"embeddable":true,"href":"https:\/\/ils.simonemontanari.com\/es\/wp-json\/wp\/v2\/comments?post=6593"}],"wp:featuredmedia":[{"embeddable":true,"href":"https:\/\/ils.simonemontanari.com\/es\/wp-json\/wp\/v2\/media\/6604"}],"wp:attachment":[{"href":"https:\/\/ils.simonemontanari.com\/es\/wp-json\/wp\/v2\/media?parent=6593"}],"wp:term":[{"taxonomy":"product_brand","embeddable":true,"href":"https:\/\/ils.simonemontanari.com\/es\/wp-json\/wp\/v2\/product_brand?post=6593"},{"taxonomy":"product_cat","embeddable":true,"href":"https:\/\/ils.simonemontanari.com\/es\/wp-json\/wp\/v2\/product_cat?post=6593"},{"taxonomy":"product_tag","embeddable":true,"href":"https:\/\/ils.simonemontanari.com\/es\/wp-json\/wp\/v2\/product_tag?post=6593"}],"curies":[{"name":"wp","href":"https:\/\/api.w.org\/{rel}","templated":true}]}}