{"id":6619,"date":"2023-08-09T18:25:05","date_gmt":"2023-08-09T16:25:05","guid":{"rendered":"https:\/\/ils.simonemontanari.com\/es\/cursos\/intensivos-florencia\/"},"modified":"2024-11-30T13:32:05","modified_gmt":"2024-11-30T12:32:05","slug":"intensivos-florencia","status":"publish","type":"product","link":"https:\/\/ils.simonemontanari.com\/es\/producto\/intensivos-florencia\/","title":{"rendered":"Cursos Intensivos de Italiano en Florencia"},"content":{"rendered":"<h2>Descripci\u00f3n del curso<\/h2>\n<p>Las clases de nuestro <strong>curso intensivo de italiano<\/strong> tienen lugar cinco d\u00edas a la semana, ofreci\u00e9ndote 30 lecciones semanales, lo que te permitir\u00e1 aprender y practicar tu italiano sin prisas y sin preocuparte por los errores.<\/p>\n<p>Al alternar <strong>lecciones de gram\u00e1tica, vocabulario y conversaci\u00f3n<\/strong>, podr\u00e1s avanzar considerablemente en tu dominio del italiano.<\/p>\n<p>El <strong>ambiente relajado de nuestra escuela<\/strong>, junto con los cursos en grupos reducidos y nuestros profesores altamente cualificados de madrelingua italiana, tambi\u00e9n te facilitar\u00e1n la creaci\u00f3n de nuevas amistades y una fant\u00e1stica experiencia en Italia.<\/p>\n<h2>Qu\u00e9 est\u00e1 incluido<\/h2>\n<div class=\"icon-box\"><i class=\"fal fa-house fa-fw fa-2x\"><\/i><span class=\"icon-box-text\">Asistencia en la b\u00fasqueda de alojamiento<\/span><\/div>\n<div class=\"icon-box\"><i class=\"fal fa-file-lines fa-fw fa-2x\"><\/i><span class=\"icon-box-text\">Prueba de evaluaci\u00f3n inicial<\/span><\/div>\n<div class=\"icon-box\"><i class=\"fal fa-book fa-fw fa-2x\"><\/i><span class=\"icon-box-text\">Kit de bienvenida y material did\u00e1ctico<\/span><\/div>\n<div class=\"icon-box\"><i class=\"fal fa-camera-retro fa-fw fa-2x\"><\/i><span class=\"icon-box-text\">Un tour cultural<\/span><\/div>\n<div class=\"icon-box\"><i class=\"fal fa-chalkboard-teacher fa-fw fa-2x\"><\/i><span class=\"icon-box-text\">Profesores altamente cualificados<\/span><\/div>\n<div class=\"icon-box\"><i class=\"fal fa-mug-hot fa-fw fa-2x\"><\/i><span class=\"icon-box-text\">Caf\u00e9, t\u00e9 y aperitivos<\/span><\/div>\n<div class=\"icon-box\"><i class=\"fal fa-file-certificate fa-fw fa-2x\"><\/i><span class=\"icon-box-text\">Certificado de participaci\u00f3n<\/span><\/div>\n<div class=\"icon-box\"><i class=\"fal fa-ellipsis-h fa-fw fa-2x\"><\/i><span class=\"icon-box-text\">Wi-fi, aire acondicionado, pr\u00e9stamo de libros<\/span><\/div>\n<h4>Qu\u00e9 puede estar incluido: Actividades extra<\/h4>\n<p>Este curso de italiano te brindar\u00e1 un amplio tiempo para explorar Florencia. Puedes mejorar tu experiencia agregando una actividad cultural o una visita a un museo durante tu curso. Adem\u00e1s, al inscribirte, recibir\u00e1s un descuento del 20% con nuestro operador tur\u00edstico asociado, que organiza m\u00e1s de 100 excursiones de fin de semana en las ciudades italianas m\u00e1s bonitas.<\/p>\n<p><a href=\"https:\/\/ils.simonemontanari.com\/es\/estancia\/actividades\/\">Descubra m\u00e1s sobre las actividades<\/a><\/p>\n<h2>Nuestros profesores de Italiano<\/h2>\n<div class=\"images-carousel\"><div class=\"images-carousel_wrapper\"><figure class=\"image-carousel\"><img loading=\"lazy\" decoding=\"async\" width=\"752\" height=\"849\" src=\"https:\/\/ils.simonemontanari.com\/es\/wp-content\/uploads\/sites\/3\/2024\/11\/Maurizio-F-752x849.jpg\" class=\"attachment-medium size-medium\" alt=\"\" srcset=\"https:\/\/ils.simonemontanari.com\/es\/wp-content\/uploads\/sites\/3\/2024\/11\/Maurizio-F-752x849.jpg 752w, https:\/\/ils.simonemontanari.com\/es\/wp-content\/uploads\/sites\/3\/2024\/11\/Maurizio-F-1182x1335.jpg 1182w, https:\/\/ils.simonemontanari.com\/es\/wp-content\/uploads\/sites\/3\/2024\/11\/Maurizio-F-768x868.jpg 768w, https:\/\/ils.simonemontanari.com\/es\/wp-content\/uploads\/sites\/3\/2024\/11\/Maurizio-F-1360x1536.jpg 1360w, https:\/\/ils.simonemontanari.com\/es\/wp-content\/uploads\/sites\/3\/2024\/11\/Maurizio-F-1040x1175.jpg 1040w, https:\/\/ils.simonemontanari.com\/es\/wp-content\/uploads\/sites\/3\/2024\/11\/Maurizio-F.jpg 1728w\" sizes=\"auto, (max-width: 752px) 100vw, 752px\" \/><figcaption>Maurizio<\/figcaption><\/figure><figure class=\"image-carousel\"><img loading=\"lazy\" decoding=\"async\" width=\"752\" height=\"849\" src=\"https:\/\/ils.simonemontanari.com\/es\/wp-content\/uploads\/sites\/3\/2024\/11\/Francesca-R-752x849.jpg\" class=\"attachment-medium size-medium\" alt=\"\" srcset=\"https:\/\/ils.simonemontanari.com\/es\/wp-content\/uploads\/sites\/3\/2024\/11\/Francesca-R-752x849.jpg 752w, https:\/\/ils.simonemontanari.com\/es\/wp-content\/uploads\/sites\/3\/2024\/11\/Francesca-R-1182x1335.jpg 1182w, https:\/\/ils.simonemontanari.com\/es\/wp-content\/uploads\/sites\/3\/2024\/11\/Francesca-R-768x868.jpg 768w, https:\/\/ils.simonemontanari.com\/es\/wp-content\/uploads\/sites\/3\/2024\/11\/Francesca-R-1360x1536.jpg 1360w, https:\/\/ils.simonemontanari.com\/es\/wp-content\/uploads\/sites\/3\/2024\/11\/Francesca-R-1040x1175.jpg 1040w, https:\/\/ils.simonemontanari.com\/es\/wp-content\/uploads\/sites\/3\/2024\/11\/Francesca-R.jpg 1728w\" sizes=\"auto, (max-width: 752px) 100vw, 752px\" \/><figcaption>Francesca<\/figcaption><\/figure><figure class=\"image-carousel\"><img loading=\"lazy\" decoding=\"async\" width=\"752\" height=\"849\" src=\"https:\/\/ils.simonemontanari.com\/es\/wp-content\/uploads\/sites\/3\/2024\/11\/Giulia-L-752x849.jpg\" class=\"attachment-medium size-medium\" alt=\"\" srcset=\"https:\/\/ils.simonemontanari.com\/es\/wp-content\/uploads\/sites\/3\/2024\/11\/Giulia-L-752x849.jpg 752w, https:\/\/ils.simonemontanari.com\/es\/wp-content\/uploads\/sites\/3\/2024\/11\/Giulia-L-1182x1335.jpg 1182w, https:\/\/ils.simonemontanari.com\/es\/wp-content\/uploads\/sites\/3\/2024\/11\/Giulia-L-768x868.jpg 768w, https:\/\/ils.simonemontanari.com\/es\/wp-content\/uploads\/sites\/3\/2024\/11\/Giulia-L-1360x1536.jpg 1360w, https:\/\/ils.simonemontanari.com\/es\/wp-content\/uploads\/sites\/3\/2024\/11\/Giulia-L-1040x1175.jpg 1040w, https:\/\/ils.simonemontanari.com\/es\/wp-content\/uploads\/sites\/3\/2024\/11\/Giulia-L.jpg 1728w\" sizes=\"auto, (max-width: 752px) 100vw, 752px\" \/><figcaption>Giulia<\/figcaption><\/figure><figure class=\"image-carousel\"><img loading=\"lazy\" decoding=\"async\" width=\"752\" height=\"849\" src=\"https:\/\/ils.simonemontanari.com\/es\/wp-content\/uploads\/sites\/3\/2022\/11\/francesca_puglisi-752x849.jpg\" class=\"attachment-medium size-medium\" alt=\"\" srcset=\"https:\/\/ils.simonemontanari.com\/es\/wp-content\/uploads\/sites\/3\/2022\/11\/francesca_puglisi-752x849.jpg 752w, https:\/\/ils.simonemontanari.com\/es\/wp-content\/uploads\/sites\/3\/2022\/11\/francesca_puglisi-768x868.jpg 768w, https:\/\/ils.simonemontanari.com\/es\/wp-content\/uploads\/sites\/3\/2022\/11\/francesca_puglisi-1040x1175.jpg 1040w, https:\/\/ils.simonemontanari.com\/es\/wp-content\/uploads\/sites\/3\/2022\/11\/francesca_puglisi.jpg 1080w\" sizes=\"auto, (max-width: 752px) 100vw, 752px\" \/><figcaption>Francesca<\/figcaption><\/figure><figure class=\"image-carousel\"><img loading=\"lazy\" decoding=\"async\" width=\"752\" height=\"849\" src=\"https:\/\/ils.simonemontanari.com\/es\/wp-content\/uploads\/sites\/3\/2024\/11\/Filippo-Mulinacci-752x849.jpg\" class=\"attachment-medium size-medium\" alt=\"\" srcset=\"https:\/\/ils.simonemontanari.com\/es\/wp-content\/uploads\/sites\/3\/2024\/11\/Filippo-Mulinacci-752x849.jpg 752w, https:\/\/ils.simonemontanari.com\/es\/wp-content\/uploads\/sites\/3\/2024\/11\/Filippo-Mulinacci.jpg 756w\" sizes=\"auto, (max-width: 752px) 100vw, 752px\" \/><figcaption>Filippo<\/figcaption><\/figure><figure class=\"image-carousel\"><img loading=\"lazy\" decoding=\"async\" width=\"752\" height=\"849\" src=\"https:\/\/ils.simonemontanari.com\/es\/wp-content\/uploads\/sites\/3\/2024\/04\/Leonardo-Benozzi-752x849.png\" class=\"attachment-medium size-medium\" alt=\"\" srcset=\"https:\/\/ils.simonemontanari.com\/es\/wp-content\/uploads\/sites\/3\/2024\/04\/Leonardo-Benozzi-752x849.png 752w, https:\/\/ils.simonemontanari.com\/es\/wp-content\/uploads\/sites\/3\/2024\/04\/Leonardo-Benozzi-768x868.png 768w, https:\/\/ils.simonemontanari.com\/es\/wp-content\/uploads\/sites\/3\/2024\/04\/Leonardo-Benozzi-1040x1175.png 1040w, https:\/\/ils.simonemontanari.com\/es\/wp-content\/uploads\/sites\/3\/2024\/04\/Leonardo-Benozzi.png 1080w\" sizes=\"auto, (max-width: 752px) 100vw, 752px\" \/><figcaption>Leonardo<\/figcaption><\/figure><figure class=\"image-carousel\"><img loading=\"lazy\" decoding=\"async\" width=\"752\" height=\"849\" src=\"https:\/\/ils.simonemontanari.com\/es\/wp-content\/uploads\/sites\/3\/2024\/01\/Esposito-Lilli-752x849.png\" class=\"attachment-medium size-medium\" alt=\"\" srcset=\"https:\/\/ils.simonemontanari.com\/es\/wp-content\/uploads\/sites\/3\/2024\/01\/Esposito-Lilli-752x849.png 752w, https:\/\/ils.simonemontanari.com\/es\/wp-content\/uploads\/sites\/3\/2024\/01\/Esposito-Lilli-768x868.png 768w, https:\/\/ils.simonemontanari.com\/es\/wp-content\/uploads\/sites\/3\/2024\/01\/Esposito-Lilli.png 810w\" sizes=\"auto, (max-width: 752px) 100vw, 752px\" \/><figcaption>Lilli<\/figcaption><\/figure><figure class=\"image-carousel\"><img loading=\"lazy\" decoding=\"async\" width=\"752\" height=\"849\" src=\"https:\/\/ils.simonemontanari.com\/es\/wp-content\/uploads\/sites\/3\/2022\/07\/Bianca-Lami-752x849.jpg\" class=\"attachment-medium size-medium\" alt=\"\" srcset=\"https:\/\/ils.simonemontanari.com\/es\/wp-content\/uploads\/sites\/3\/2022\/07\/Bianca-Lami-752x849.jpg 752w, https:\/\/ils.simonemontanari.com\/es\/wp-content\/uploads\/sites\/3\/2022\/07\/Bianca-Lami-768x868.jpg 768w, https:\/\/ils.simonemontanari.com\/es\/wp-content\/uploads\/sites\/3\/2022\/07\/Bianca-Lami-1040x1175.jpg 1040w, https:\/\/ils.simonemontanari.com\/es\/wp-content\/uploads\/sites\/3\/2022\/07\/Bianca-Lami.jpg 1080w\" sizes=\"auto, (max-width: 752px) 100vw, 752px\" \/><figcaption>Bianca<\/figcaption><\/figure><figure class=\"image-carousel\"><img loading=\"lazy\" decoding=\"async\" width=\"752\" height=\"849\" src=\"https:\/\/ils.simonemontanari.com\/es\/wp-content\/uploads\/sites\/3\/2023\/12\/Federico-di-Leo-752x849.png\" class=\"attachment-medium size-medium\" alt=\"\" srcset=\"https:\/\/ils.simonemontanari.com\/es\/wp-content\/uploads\/sites\/3\/2023\/12\/Federico-di-Leo-752x849.png 752w, https:\/\/ils.simonemontanari.com\/es\/wp-content\/uploads\/sites\/3\/2023\/12\/Federico-di-Leo-768x868.png 768w, https:\/\/ils.simonemontanari.com\/es\/wp-content\/uploads\/sites\/3\/2023\/12\/Federico-di-Leo-1040x1175.png 1040w, https:\/\/ils.simonemontanari.com\/es\/wp-content\/uploads\/sites\/3\/2023\/12\/Federico-di-Leo.png 1080w\" sizes=\"auto, (max-width: 752px) 100vw, 752px\" \/><figcaption>Federico<\/figcaption><\/figure><figure class=\"image-carousel\"><img loading=\"lazy\" decoding=\"async\" width=\"752\" height=\"849\" src=\"https:\/\/ils.simonemontanari.com\/es\/wp-content\/uploads\/sites\/3\/2023\/03\/Donatella-Paolini-752x849.jpg\" class=\"attachment-medium size-medium\" alt=\"\" srcset=\"https:\/\/ils.simonemontanari.com\/es\/wp-content\/uploads\/sites\/3\/2023\/03\/Donatella-Paolini-752x849.jpg 752w, https:\/\/ils.simonemontanari.com\/es\/wp-content\/uploads\/sites\/3\/2023\/03\/Donatella-Paolini-768x868.jpg 768w, https:\/\/ils.simonemontanari.com\/es\/wp-content\/uploads\/sites\/3\/2023\/03\/Donatella-Paolini-1040x1175.jpg 1040w, https:\/\/ils.simonemontanari.com\/es\/wp-content\/uploads\/sites\/3\/2023\/03\/Donatella-Paolini.jpg 1080w\" sizes=\"auto, (max-width: 752px) 100vw, 752px\" \/><figcaption>Donatella<\/figcaption><\/figure><figure class=\"image-carousel\"><img loading=\"lazy\" decoding=\"async\" width=\"752\" height=\"849\" src=\"https:\/\/ils.simonemontanari.com\/es\/wp-content\/uploads\/sites\/3\/2022\/11\/domenica_di_biase-752x849.jpg\" class=\"attachment-medium size-medium\" alt=\"\" srcset=\"https:\/\/ils.simonemontanari.com\/es\/wp-content\/uploads\/sites\/3\/2022\/11\/domenica_di_biase-752x849.jpg 752w, https:\/\/ils.simonemontanari.com\/es\/wp-content\/uploads\/sites\/3\/2022\/11\/domenica_di_biase-768x868.jpg 768w, https:\/\/ils.simonemontanari.com\/es\/wp-content\/uploads\/sites\/3\/2022\/11\/domenica_di_biase-1040x1175.jpg 1040w, https:\/\/ils.simonemontanari.com\/es\/wp-content\/uploads\/sites\/3\/2022\/11\/domenica_di_biase.jpg 1080w\" sizes=\"auto, (max-width: 752px) 100vw, 752px\" \/><figcaption>Domenica<\/figcaption><\/figure><figure class=\"image-carousel\"><img loading=\"lazy\" decoding=\"async\" width=\"752\" height=\"849\" src=\"https:\/\/ils.simonemontanari.com\/es\/wp-content\/uploads\/sites\/3\/2021\/11\/enzo-insegnante-italiano-752x849.jpg\" class=\"attachment-medium size-medium\" alt=\"\" srcset=\"https:\/\/ils.simonemontanari.com\/es\/wp-content\/uploads\/sites\/3\/2021\/11\/enzo-insegnante-italiano-752x849.jpg 752w, https:\/\/ils.simonemontanari.com\/es\/wp-content\/uploads\/sites\/3\/2021\/11\/enzo-insegnante-italiano-768x868.jpg 768w, https:\/\/ils.simonemontanari.com\/es\/wp-content\/uploads\/sites\/3\/2021\/11\/enzo-insegnante-italiano-1040x1175.jpg 1040w, https:\/\/ils.simonemontanari.com\/es\/wp-content\/uploads\/sites\/3\/2021\/11\/enzo-insegnante-italiano.jpg 1080w\" sizes=\"auto, (max-width: 752px) 100vw, 752px\" \/><figcaption>Enzo <\/figcaption><\/figure><figure class=\"image-carousel\"><img loading=\"lazy\" decoding=\"async\" width=\"752\" height=\"849\" src=\"https:\/\/ils.simonemontanari.com\/es\/wp-content\/uploads\/sites\/3\/2021\/11\/layla-insegnante-italiano-752x849.jpg\" class=\"attachment-medium size-medium\" alt=\"\" srcset=\"https:\/\/ils.simonemontanari.com\/es\/wp-content\/uploads\/sites\/3\/2021\/11\/layla-insegnante-italiano-752x849.jpg 752w, https:\/\/ils.simonemontanari.com\/es\/wp-content\/uploads\/sites\/3\/2021\/11\/layla-insegnante-italiano-768x868.jpg 768w, https:\/\/ils.simonemontanari.com\/es\/wp-content\/uploads\/sites\/3\/2021\/11\/layla-insegnante-italiano-1040x1175.jpg 1040w, https:\/\/ils.simonemontanari.com\/es\/wp-content\/uploads\/sites\/3\/2021\/11\/layla-insegnante-italiano.jpg 1080w\" sizes=\"auto, (max-width: 752px) 100vw, 752px\" \/><figcaption>Layla<\/figcaption><\/figure><figure class=\"image-carousel\"><img loading=\"lazy\" decoding=\"async\" width=\"752\" height=\"849\" src=\"https:\/\/ils.simonemontanari.com\/es\/wp-content\/uploads\/sites\/3\/2021\/11\/riccardo-insegnante-italiano-752x849.jpg\" class=\"attachment-medium size-medium\" alt=\"\" srcset=\"https:\/\/ils.simonemontanari.com\/es\/wp-content\/uploads\/sites\/3\/2021\/11\/riccardo-insegnante-italiano-752x849.jpg 752w, https:\/\/ils.simonemontanari.com\/es\/wp-content\/uploads\/sites\/3\/2021\/11\/riccardo-insegnante-italiano-768x868.jpg 768w, https:\/\/ils.simonemontanari.com\/es\/wp-content\/uploads\/sites\/3\/2021\/11\/riccardo-insegnante-italiano-1040x1175.jpg 1040w, https:\/\/ils.simonemontanari.com\/es\/wp-content\/uploads\/sites\/3\/2021\/11\/riccardo-insegnante-italiano.jpg 1080w\" sizes=\"auto, (max-width: 752px) 100vw, 752px\" \/><figcaption>Riccardo <\/figcaption><\/figure><figure class=\"image-carousel\"><img loading=\"lazy\" decoding=\"async\" width=\"752\" height=\"849\" src=\"https:\/\/ils.simonemontanari.com\/es\/wp-content\/uploads\/sites\/3\/2021\/11\/xenia-insegnante-italiano-752x849.jpg\" class=\"attachment-medium size-medium\" alt=\"\" srcset=\"https:\/\/ils.simonemontanari.com\/es\/wp-content\/uploads\/sites\/3\/2021\/11\/xenia-insegnante-italiano-752x849.jpg 752w, https:\/\/ils.simonemontanari.com\/es\/wp-content\/uploads\/sites\/3\/2021\/11\/xenia-insegnante-italiano-768x868.jpg 768w, https:\/\/ils.simonemontanari.com\/es\/wp-content\/uploads\/sites\/3\/2021\/11\/xenia-insegnante-italiano-1040x1175.jpg 1040w, https:\/\/ils.simonemontanari.com\/es\/wp-content\/uploads\/sites\/3\/2021\/11\/xenia-insegnante-italiano.jpg 1080w\" sizes=\"auto, (max-width: 752px) 100vw, 752px\" \/><figcaption>Xenia<\/figcaption><\/figure><\/div><div class=\"carousel-navigation\"><button id=\"prev\" disabled=\"true\">Previous<\/button><button id=\"next\">Next<\/button><\/div><\/div>\n<h2>Horario<\/h2>\n<div class=\"icon-box\"><i class=\"fal fa-alarm-clock fa-fw fa-2x\"><\/i><span class=\"icon-box-text\">6 lecciones por d\u00eda, de 9:00 a 14:50<\/span><\/div>\n<div class=\"icon-box\"><i class=\"fal fa-users fa-fw fa-2x\"><\/i><span class=\"icon-box-text\">Clases reducidas: m\u00edn. 3, m\u00e1x. 12 alumnos<\/span><\/div>\n<h2>Fechas de inicio<\/h2>\n<div class=\"icon-box\"><i class=\"fal fa-calendar-check fa-fw fa-2x\"><\/i><span class=\"icon-box-text\">Cursos disponibles durante todo el a\u00f1o<\/span><\/div>\n<div class=\"icon-box\"><i class=\"fal fa-hourglass-start fa-fw fa-2x\"><\/i><span class=\"icon-box-text\">Duraci\u00f3n flexible del curso<\/span><\/div>\n<div class=\"icon-box\"><i class=\"fal fa-sliders-h fa-fw fa-2x\"><\/i><span class=\"icon-box-text\">Cursos disponibles para todos los niveles<\/span><\/div>\n<h2>Precios<\/h2>\n<div class=\"icon-box\"><i class=\"fal fa-coins fa-fw fa-2x\"><\/i><span class=\"icon-box-text\">Sin tasa de inscripci\u00f3n<\/span><\/div>\n<div class=\"icon-box\"><i class=\"fal fa-undo fa-fw fa-2x\"><\/i><span class=\"icon-box-text\">Cancelaci\u00f3n o cambio de fecha gratis<\/span><\/div>\n<p>Completa el formulario al final de la p\u00e1gina para calcular el precio de tu curso.<\/p>\n<h4>Precios: alojamiento<\/h4>\n<table class=\"holiday-prices-table\">\n<tbody>\n<tr>\n<th style=\"text-align: left\">Familia de acogida<\/th>\n<th style=\"text-align: left\">Individual<\/th>\n<th style=\"text-align: left\">Doble<\/th>\n<\/tr>\n<tr>\n<td><strong>6 noches<\/strong><\/td>\n<td>210-240 \u20ac<\/td>\n<td>180-210 \u20ac<\/td>\n<\/tr>\n<tr>\n<td><strong>2 semanas<\/strong><\/td>\n<td>390-455 \u20ac<\/td>\n<td>325-390 \u20ac<\/td>\n<\/tr>\n<tr>\n<td><b>Semana addicional\u00a0<\/b><\/td>\n<td>210-245 \u20ac<\/td>\n<td>175-210 \u20ac<\/td>\n<\/tr>\n<\/tbody>\n<\/table>\n<p>Todos los precios mencionados anteriormente incluyen desayuno.<br \/>\nLa cena est\u00e1 incluida por un adicional de 10 \u20ac\/d\u00eda.<\/p>\n<table class=\"holiday-prices-table\">\n<tbody>\n<tr>\n<th style=\"text-align: left\">Piso compartido<\/th>\n<th style=\"text-align: left\">Individual<\/th>\n<th style=\"text-align: left\">Doble<\/th>\n<\/tr>\n<tr>\n<td><strong>6 noches<\/strong><\/td>\n<td>220-300 \u20ac<\/td>\n<td>150-200 \u20ac<\/td>\n<\/tr>\n<tr>\n<td><strong>2 semanas<\/strong><\/td>\n<td>350-450 \u20ac<\/td>\n<td>250-350 \u20ac<\/td>\n<\/tr>\n<tr>\n<td><b>Semana adicional\u00a0<\/b><\/td>\n<td>120-175 \u20ac<\/td>\n<td>100-150 \u20ac<\/td>\n<\/tr>\n<\/tbody>\n<\/table>\n<table class=\"holiday-prices-table\">\n<tbody>\n<tr>\n<th style=\"text-align: left\" colspan=\"3\"><strong>Appartamento indipendiente<\/strong><\/th>\n<\/tr>\n<tr>\n<td><b>6 noches<\/b><\/td>\n<td>100 \u20ac por d\u00eda<\/td>\n<\/tr>\n<tr>\n<td><b>Larga estancia<\/b><\/td>\n<td>70-80\u20ac por d\u00eda<\/td>\n<\/tr>\n<\/tbody>\n<\/table>\n<h2>Nuestra escuela<\/h2>\n<p>Puedes encontrarnos en el coraz\u00f3n de Florencia, en el <a href=\"https:\/\/ils.simonemontanari.com\/es\/blog\/escuela-en-florencia\/\">Palazzo Galletti<\/a>, un hermoso edificio neocl\u00e1sico.<\/p>\n<p>Las aulas est\u00e1n decoradas con hermosos frescos en el techo y est\u00e1n completamente equipadas con comodidades modernas como grandes televisores y aire acondicionado.<\/p>\n<p>Disfruta de las \u00e1reas comunes con aperitivos y bebidas de cortes\u00eda, todo a solo unos pasos del Duomo y las principales atracciones de Florencia.<br \/>\n<section class=\"europass-map-container\">\n    <div class=\"europass-map\">\n        <div class=\"textwidget custom-html-widget\"><iframe loading=\"lazy\" src=\"https:\/\/www.google.com\/maps\/embed?pb=!1m18!1m12!1m3!1d2881.021820451547!2d11.258914015501611!3d43.772405879117414!2m3!1f0!2f0!3f0!3m2!1i1024!2i768!4f13.1!3m3!1m2!1s0x132a5405d2f331ef%3A0xff657f9bdbdc9677!2sEuropass%20Italian%20Language%20School!5e0!3m2!1ses!2sde!4v1576514792129!5m2!1ses!2sde\" width=\"600\" height=\"450\" frameborder=\"0\" style=\"border:0;\" allowfullscreen=\"\"><\/iframe><\/div>    <\/div>\n<\/section>\n\n","protected":false},"excerpt":{"rendered":"<p>Conc\u00e9ntrese plenamente en mejorar sus conocimientos de italiano mientras disfruta de la belleza de Florencia.<\/p>\n<p>\u00a1Logre resultados notables en el aprendizaje del italiano en poco tiempo!<\/p>\n","protected":false},"featured_media":6620,"comment_status":"open","ping_status":"closed","template":"","meta":{"_acf_changed":false},"product_brand":[],"product_cat":[71,74],"product_tag":[],"class_list":{"0":"post-6619","1":"product","2":"type-product","3":"status-publish","4":"has-post-thumbnail","6":"product_cat-alojamiento","7":"product_cat-standard","9":"first","10":"instock","11":"virtual","12":"sold-individually","13":"purchasable","14":"product-type-booking"},"group_of_quantity":0,"min_quantity":0,"max_quantity":"","exclude_order_quantity_value_rules":"no","exclude_category_quantity_rules":"no","combine_variations":"no","exclude_global_add_ons":false,"addons":[{"name":"Elige tu alojamiento","type":"heading","position":0,"required":false,"title_format":"label","default":"","description_enable":false,"description":"","placeholder_enable":false,"placeholder":"","display":"select","restrictions_type":"any_text","adjust_price":false,"price":"","price_type":"flat_fee","restrictions":false,"min":"0","max":"0","options":[],"id":1691605600},{"name":"Alojamiento","type":"multiple_choice","position":1,"required":true,"title_format":"hide","default":"","description_enable":true,"description":"Tendr\u00e1s que pagar el alojamiento m\u00e1s tarde, directamente al anfitri\u00f3n.","placeholder_enable":false,"placeholder":"","display":"select","restrictions_type":"any_text","adjust_price":false,"price":"","price_type":"flat_fee","restrictions":false,"min":"0","max":"0","options":[{"label":"Ninguno","price":"-60","price_type":"flat_fee","image":0,"visibility":true},{"label":"Familia de acogida - Desayuno - Individual","price":"","price_type":"flat_fee","image":0,"visibility":true},{"label":"Familia de acogida - Desayuno - Doble","price":"","price_type":"flat_fee","image":0,"visibility":true},{"label":"Familia de acogida- Mdia pensi\u00f3n - Individual","price":"","price_type":"flat_fee","image":0,"visibility":true},{"label":"Familia de acogida - Mdia pensi\u00f3n - Doble","price":"","price_type":"flat_fee","image":0,"visibility":true},{"label":"Piso compartido - Individual","price":"","price_type":"flat_fee","image":0,"visibility":true},{"label":"Piso compartido - Doble","price":"","price_type":"flat_fee","image":0,"visibility":true},{"label":"Apartamento indepiendente en el centro ciudad","price":"","price_type":"flat_fee","image":0,"visibility":true}],"id":1691605601},{"name":"Notes","type":"custom_textarea","position":2,"required":false,"title_format":"label","default":"","description_enable":false,"description":"","placeholder_enable":false,"placeholder":"","display":"select","restrictions_type":"any_text","adjust_price":false,"price":"","price_type":"flat_fee","restrictions":false,"min":"0","max":"0","options":[],"id":1691605602},{"name":"Elije tus actividades culturales","type":"heading","position":0,"required":false,"title_format":"label","default":"","description_enable":true,"description":"Adem\u00e1s de estas actividades entre semana, una vez inscrito, recibir\u00e1s un descuento del 20% que podr\u00e1s usar en 100 tours y actividades para hacer durante el fin de semana, saliendo desde Florencia y llegando a las ciudades italianas m\u00e1s hermosas.","placeholder_enable":false,"placeholder":"","display":"select","restrictions_type":"any_text","adjust_price":false,"price":"","price_type":"flat_fee","restrictions":false,"min":"0","max":"0","options":[],"id":1691605857},{"name":"Actividad gratuita","type":"multiple_choice","position":1,"required":true,"title_format":"label","default":"","description_enable":false,"description":"Insert the number of activities you want to book below","placeholder_enable":false,"placeholder":"","display":"select","restrictions_type":"any_text","adjust_price":true,"price":"8","price_type":"quantity_based","restrictions":false,"min":"0","max":"0","options":[{"label":"Tour a pie por la ciudad de Florencia","price":"","price_type":"flat_fee","image":0,"visibility":true}],"id":1691605858},{"name":"Tour a pie con gu\u00eda","type":"input_multiplier","position":2,"required":false,"title_format":"label","default":"","description_enable":true,"description":"M\u00e1ximo 1 actividad por semana y 6 en total. Cada semana una zona diferente.\r\n<p><strong>Escribe el n\u00famero de visitas abajo<\/strong><\/p>","placeholder_enable":false,"placeholder":"","display":"select","restrictions_type":"any_text","adjust_price":true,"price":"10","price_type":"quantity_based","restrictions":true,"min":"0","max":"6","options":[],"id":1691605859},{"name":"Visita guiada a un museo (entrada incluida)","type":"input_multiplier","position":3,"required":false,"title_format":"label","default":"","description_enable":true,"description":"M\u00e1ximo 1 actividad por semana y 8 en total.\r\n<p><strong>Escribe el n\u00famero de visitas abajo<\/strong><\/p>","placeholder_enable":false,"placeholder":"","display":"select","restrictions_type":"any_text","adjust_price":true,"price":"20","price_type":"flat_fee","restrictions":true,"min":"0","max":"8","options":[],"id":1691605860}],"acf":[],"_links":{"self":[{"href":"https:\/\/ils.simonemontanari.com\/es\/wp-json\/wp\/v2\/product\/6619","targetHints":{"allow":["GET"]}}],"collection":[{"href":"https:\/\/ils.simonemontanari.com\/es\/wp-json\/wp\/v2\/product"}],"about":[{"href":"https:\/\/ils.simonemontanari.com\/es\/wp-json\/wp\/v2\/types\/product"}],"replies":[{"embeddable":true,"href":"https:\/\/ils.simonemontanari.com\/es\/wp-json\/wp\/v2\/comments?post=6619"}],"wp:featuredmedia":[{"embeddable":true,"href":"https:\/\/ils.simonemontanari.com\/es\/wp-json\/wp\/v2\/media\/6620"}],"wp:attachment":[{"href":"https:\/\/ils.simonemontanari.com\/es\/wp-json\/wp\/v2\/media?parent=6619"}],"wp:term":[{"taxonomy":"product_brand","embeddable":true,"href":"https:\/\/ils.simonemontanari.com\/es\/wp-json\/wp\/v2\/product_brand?post=6619"},{"taxonomy":"product_cat","embeddable":true,"href":"https:\/\/ils.simonemontanari.com\/es\/wp-json\/wp\/v2\/product_cat?post=6619"},{"taxonomy":"product_tag","embeddable":true,"href":"https:\/\/ils.simonemontanari.com\/es\/wp-json\/wp\/v2\/product_tag?post=6619"}],"curies":[{"name":"wp","href":"https:\/\/api.w.org\/{rel}","templated":true}]}}