{"id":7653,"date":"2024-08-08T15:31:23","date_gmt":"2024-08-08T13:31:23","guid":{"rendered":"https:\/\/ils.simonemontanari.com\/es\/?post_type=product&#038;p=7653"},"modified":"2024-11-21T11:24:54","modified_gmt":"2024-11-21T10:24:54","slug":"preparacion-online-cils","status":"publish","type":"product","link":"https:\/\/ils.simonemontanari.com\/es\/producto\/preparacion-online-cils\/","title":{"rendered":"Preparaci\u00f3n Examen de Ciudadan\u00eda CILS B1 En L\u00ednea (Curso Grupal)"},"content":{"rendered":"<h2>Estructura del curso<\/h2>\n<p>Nuestro curso cubre todos los componentes esenciales del <strong>examen CILS B1<\/strong>, asegurando una preparaci\u00f3n completa.<\/p>\n<p>Durante el curso se simular\u00e1n tambi\u00e9n las sesiones del examen, utilizando antiguos documentos de examen.<\/p>\n<p>Al tomar los ex\u00e1menes de pr\u00e1ctica, usted se acostumbrar\u00e1 a la estructura del examen y el tiempo que se le proporciona para completarlo. Adem\u00e1s, al practicar, puede comprobar f\u00e1cilmente su puntuaci\u00f3n esperada.<\/p>\n<p>Tenga en cuenta que para obtener la <strong>certificaci\u00f3n CILS B1 Cittadinanza<\/strong>, los candidatos deben aprobar todas las partes del examen; el fracaso en cualquier parte requiere repetir todo el examen. El examen CILS B1 se estructura de la siguiente manera: Comprensi\u00f3n auditiva (25%), Comprensi\u00f3n lectora (25%), Escritura (25%) y Expresi\u00f3n oral (25%), con una duraci\u00f3n total de 2 horas y 5 minutos.<\/p>\n<h3>Fechas de los cursos y ex\u00e1menes<\/h3>\n<p>Este curso se lleva a cabo <strong>dos veces al a\u00f1o<\/strong>, la formaci\u00f3n que tiene lugar desde principios de septiembre hasta finales de noviembre est\u00e1 dise\u00f1ada para la sesi\u00f3n de diciembre, mientras que la de principios de marzo hasta finales de mayo es ideal si desea prepararse para el examen en la sesi\u00f3n de junio.<br \/>\nCada semana, los lunes y mi\u00e9rcoles por la tarde a las 17.00 CET, se llevar\u00e1n a cabo dos clases de 100 minutos cada una.<\/p>\n<h3>Admisi\u00f3n al curso<\/h3>\n<p>Todos los participantes <strong>deben superar un examen A2<\/strong> para participar en el curso. Si no aprueba, tiene tres opciones: solicitar un reembolso, cambiar su compra por 15 clases privadas en l\u00ednea o aplazar su inscripci\u00f3n para el pr\u00f3ximo curso de preparaci\u00f3n en unos meses.<\/p>\n<p>Antes de matricularse, puede realizar una prueba preliminar de 5 minutos aqu\u00ed: <a href=\"https:\/\/ils.simonemontanari.com\/es\/test-de-italiano\/nivel-a2\/\">Test italiano A2.<\/a><\/p>\n<h3>Centros examinadores y costos<\/h3>\n<p>Puede tomar el examen en <a href=\"https:\/\/ils.simonemontanari.com\/es\/quien-somos\/\">nuestra escuela de Florencia<\/a>, en la Universidad de Siena o en cualquier otro centro examinador oficial.<\/p>\n<p>Puede encontrar una lista completa de los centros en Italia <a href=\"https:\/\/cils.unistrasi.it\/84\/68\/Italia.htm\" target=\"_blank\" rel=\"noopener\">aqu\u00ed<\/a>. En el extranjero, los ex\u00e1menes se administran en <a href=\"https:\/\/cils.unistrasi.it\/1\/93\/Come_diventare_sede_di_esame.htm\" target=\"_blank\" rel=\"noopener\">estos lugares<\/a>.<\/p>\n<p>La inscripci\u00f3n al examen cuesta 100\u20ac adicionales, tanto en Italia como en el extranjero.<\/p>\n<p><strong>Note:<\/strong> CILS no puede ser realizado en l\u00ednea.<\/p>\n<h3>Consulta gratuita<\/h3>\n<p>Ofrecemos una consulta gratuita de 15 minutos para aclarar cualquier duda que pueda tener antes de comprar el curso. No dude en aprovechar esta oportunidad para asegurarse de que este curso es adecuado para usted.<\/p>\n<p>-&gt; <a href=\"https:\/\/ils.simonemontanari.com\/es\/encuentro-gratuito\/\">Programa tu encuentro<\/a><\/p>\n<h2>Horario<\/h2>\n<div class=\"icon-box\"><i class=\"fal fa-calendar-check fa-fw fa-2x\"><\/i><span class=\"icon-box-text\">Desde el primer lunes de septiembre<\/span><\/div>\n<div class=\"icon-box\"><i class=\"fal fa-calendar-check fa-fw fa-2x\"><\/i><span class=\"icon-box-text\">Desde el primer lunes de marzo <\/span><\/div>\n<div class=\"icon-box\"><i class=\"fal fa-hourglass-start fa-fw fa-2x\"><\/i><span class=\"icon-box-text\">Dos veces a la semanas, por 12 semanas<\/span><\/div>\n<div class=\"icon-box\"><i class=\"fal fa-alarm-clock fa-fw fa-2x\"><\/i><span class=\"icon-box-text\">100 minutos de clase<\/span><\/div>\n<div class=\"icon-box\"><i class=\"fal fa-alarm-clock fa-fw fa-2x\"><\/i><span class=\"icon-box-text\">Lu\/Mi a las 17:00 CET<\/span><\/div>\n<h2>Qu\u00e9 incluye<\/h2>\n<div class=\"icon-box\"><i class=\"fal fa-book fa-fw fa-2x\"><\/i><span class=\"icon-box-text\">Material de aprendizaje<\/span><\/div>\n<div class=\"icon-box\"><i class=\"fal fa-users fa-fw fa-2x\"><\/i><span class=\"icon-box-text\">Clases reducidas: m\u00edn. 3, m\u00e1x. 12 alumnos<\/span><\/div>\n<div class=\"icon-box\"><i class=\"fal fa-chalkboard-teacher fa-fw fa-2x\"><\/i><span class=\"icon-box-text\">Con <a href=\"https:\/\/ils.simonemontanari.com\/it\/sofia-guzzon\/\">Sofia Guzzon<\/a><\/span><\/div>\n<div class=\"icon-box\"><i class=\"fal fa-cassette-tape fa-fw fa-2x\"><\/i><span class=\"icon-box-text\">Grabaciones de las lecciones<\/span><\/div>\n<div class=\"icon-box\"><i class=\"fal fa-file-certificate fa-fw fa-2x\"><\/i><span class=\"icon-box-text\">Certificado de participaci\u00f3n<\/span><\/div>\n","protected":false},"excerpt":{"rendered":"<p>Necesita ayuda para prepararse para el <strong>examen CILS B1<\/strong>?<\/p>\n<p>Nuestro nuevo curso en l\u00ednea est\u00e1 dise\u00f1ado espec\u00edficamente para prepararse para <strong>el examen de ciudadan\u00eda italiana.<\/strong><\/p>\n","protected":false},"featured_media":8158,"comment_status":"closed","ping_status":"closed","template":"","meta":{"_acf_changed":false},"product_brand":[],"product_cat":[33],"product_tag":[],"class_list":{"0":"post-7653","1":"product","2":"type-product","3":"status-publish","4":"has-post-thumbnail","6":"product_cat-cursos","8":"first","9":"instock","10":"shipping-taxable","11":"purchasable","12":"product-type-variable"},"group_of_quantity":0,"min_quantity":0,"max_quantity":"","exclude_order_quantity_value_rules":"no","exclude_category_quantity_rules":"no","combine_variations":"no","exclude_global_add_ons":[],"addons":[],"acf":[],"_links":{"self":[{"href":"https:\/\/ils.simonemontanari.com\/es\/wp-json\/wp\/v2\/product\/7653","targetHints":{"allow":["GET"]}}],"collection":[{"href":"https:\/\/ils.simonemontanari.com\/es\/wp-json\/wp\/v2\/product"}],"about":[{"href":"https:\/\/ils.simonemontanari.com\/es\/wp-json\/wp\/v2\/types\/product"}],"replies":[{"embeddable":true,"href":"https:\/\/ils.simonemontanari.com\/es\/wp-json\/wp\/v2\/comments?post=7653"}],"wp:featuredmedia":[{"embeddable":true,"href":"https:\/\/ils.simonemontanari.com\/es\/wp-json\/wp\/v2\/media\/8158"}],"wp:attachment":[{"href":"https:\/\/ils.simonemontanari.com\/es\/wp-json\/wp\/v2\/media?parent=7653"}],"wp:term":[{"taxonomy":"product_brand","embeddable":true,"href":"https:\/\/ils.simonemontanari.com\/es\/wp-json\/wp\/v2\/product_brand?post=7653"},{"taxonomy":"product_cat","embeddable":true,"href":"https:\/\/ils.simonemontanari.com\/es\/wp-json\/wp\/v2\/product_cat?post=7653"},{"taxonomy":"product_tag","embeddable":true,"href":"https:\/\/ils.simonemontanari.com\/es\/wp-json\/wp\/v2\/product_tag?post=7653"}],"curies":[{"name":"wp","href":"https:\/\/api.w.org\/{rel}","templated":true}]}}