{"id":7673,"date":"2024-08-09T13:05:17","date_gmt":"2024-08-09T11:05:17","guid":{"rendered":"https:\/\/ils.simonemontanari.com\/es\/?post_type=product&#038;p=7673"},"modified":"2024-12-05T10:27:57","modified_gmt":"2024-12-05T09:27:57","slug":"cils-celi-en-florencia","status":"publish","type":"product","link":"https:\/\/ils.simonemontanari.com\/es\/producto\/cils-celi-en-florencia\/","title":{"rendered":"CILS y CELI Ex\u00e1menes en Florencia"},"content":{"rendered":"<p>Aprobar los ex\u00e1menes CILS y CELI significa obtener una certificaci\u00f3n oficial que acredita tu conocimiento de la lengua italiana.<\/p>\n<p>Estas certificaciones son esenciales, tanto para prop\u00f3sitos profesionales como acad\u00e9micos. En nuestra escuela, puedes tomar todos los niveles de los ex\u00e1menes CILS y CELI.<\/p>\n<p>Los ex\u00e1menes se realizan en <a href=\"https:\/\/www.google.com\/maps\/place\/Europass+Italian+Language+School\/@43.7723943,11.2611036,17z\/data=!3m1!4b1!4m6!3m5!1s0x132a5405d2f331ef:0xff657f9bdbdc9677!8m2!3d43.7723943!4d11.2611036!16s%2Fm%2F01029h19?source=g.page.share&amp;coh=219816&amp;entry=tts&amp;g_ep=EgoyMDI0MDgwNS4wKgBIAVAD\" target=\"_blank\" rel=\"noopener\">Via Sant&#8217;Egidio 12, 50122 Florencia, Italia<\/a>.<\/p>\n<h2>Detalles del examen CILS<\/h2>\n<ul>\n<li><strong>Precio CILS:<\/strong> 40-160\u20ac dependiendo del nivel;<\/li>\n<li><strong>Plazo de pago del examen CILS:<\/strong> al menos 40 d\u00edas antes de la fecha del examen;<\/li>\n<li><strong>Fechas del examen CILS:<\/strong> dos veces al a\u00f1o, en diciembre y junio, para todos los niveles;\n<ul>\n<li><strong>Pr\u00f3ximas fechas:<\/strong>\n<ul>\n<li>11 junio 2025 (fecha l\u00edmite para inscribirse: 24 de abril 2025)<\/li>\n<li>4 deciembre 2025 (fecha l\u00edmite para inscribirse: 25 de octubre 2025)<\/li>\n<\/ul>\n<\/li>\n<\/ul>\n<\/li>\n<li><strong>Por:<\/strong> Universidad para Extranjeros de Siena.<\/li>\n<li><strong>Niveles disponibles:<\/strong> A1, A2, A1 and A2 integrazione, CILS Livello Uno (B1), B1 cittadinanza, B1 adolescenti, CILS Livello Due (B2)<\/li>\n<\/ul>\n<p><a href=\"https:\/\/ils.simonemontanari.com\/es\/examenes-de-italiano\/cils\/\">M\u00e1s informaci\u00f3n sobre el examen CILS<\/a><\/p>\n<h2>Detalles del examen CELI<\/h2>\n<ul>\n<li><strong>Precio CELI:<\/strong> Precio fijo de 120\u20ac;<\/li>\n<li><strong>Plazo de pago del examen CELI:<\/strong> al menos 30 d\u00edas antes de la fecha del examen:<\/li>\n<li><strong>Fechas del examen CELI:<\/strong> una vez al a\u00f1o\n<ul>\n<li><strong>Pr\u00f3xima fecha:<\/strong>\n<ul>\n<li>12 marzo 2025, 4 niveles (A1-B2) (fecha l\u00edmite para inscribirse: 14 febrero 2025);<\/li>\n<\/ul>\n<\/li>\n<\/ul>\n<\/li>\n<li><strong>Por:<\/strong> Universidad para Extranjeros de Perugia<\/li>\n<\/ul>\n<p><a href=\"https:\/\/ils.simonemontanari.com\/es\/examenes-de-italiano\/celi\/\">M\u00e1s informaci\u00f3n sobre el examen CELI<\/a><\/p>\n","protected":false},"excerpt":{"rendered":"<p>Quieres certificar tu <strong>conocimiento de la lengua italiana<\/strong>?<\/p>\n<p>Nuestra escuela de italiano en Florencia es un centro oficial para los ex\u00e1menes CILS y CELI, <strong>certificaciones reconocidas oficialmente<\/strong> en todo el mundo.<\/p>\n","protected":false},"featured_media":8159,"comment_status":"closed","ping_status":"closed","template":"","meta":{"_acf_changed":false},"product_brand":[],"product_cat":[33],"product_tag":[],"class_list":{"0":"post-7673","1":"product","2":"type-product","3":"status-publish","4":"has-post-thumbnail","6":"product_cat-cursos","8":"first","9":"instock","10":"sold-individually","11":"shipping-taxable","12":"purchasable","13":"product-type-variable"},"group_of_quantity":0,"min_quantity":0,"max_quantity":"","exclude_order_quantity_value_rules":"no","exclude_category_quantity_rules":"no","combine_variations":"no","exclude_global_add_ons":[],"addons":[],"acf":[],"_links":{"self":[{"href":"https:\/\/ils.simonemontanari.com\/es\/wp-json\/wp\/v2\/product\/7673","targetHints":{"allow":["GET"]}}],"collection":[{"href":"https:\/\/ils.simonemontanari.com\/es\/wp-json\/wp\/v2\/product"}],"about":[{"href":"https:\/\/ils.simonemontanari.com\/es\/wp-json\/wp\/v2\/types\/product"}],"replies":[{"embeddable":true,"href":"https:\/\/ils.simonemontanari.com\/es\/wp-json\/wp\/v2\/comments?post=7673"}],"wp:featuredmedia":[{"embeddable":true,"href":"https:\/\/ils.simonemontanari.com\/es\/wp-json\/wp\/v2\/media\/8159"}],"wp:attachment":[{"href":"https:\/\/ils.simonemontanari.com\/es\/wp-json\/wp\/v2\/media?parent=7673"}],"wp:term":[{"taxonomy":"product_brand","embeddable":true,"href":"https:\/\/ils.simonemontanari.com\/es\/wp-json\/wp\/v2\/product_brand?post=7673"},{"taxonomy":"product_cat","embeddable":true,"href":"https:\/\/ils.simonemontanari.com\/es\/wp-json\/wp\/v2\/product_cat?post=7673"},{"taxonomy":"product_tag","embeddable":true,"href":"https:\/\/ils.simonemontanari.com\/es\/wp-json\/wp\/v2\/product_tag?post=7673"}],"curies":[{"name":"wp","href":"https:\/\/api.w.org\/{rel}","templated":true}]}}