{"id":1056,"date":"2018-06-26T10:01:48","date_gmt":"2018-06-26T09:01:48","guid":{"rendered":"https:\/\/ils.simonemontanari.com\/it\/?page_id=1056"},"modified":"2024-08-23T11:30:07","modified_gmt":"2024-08-23T10:30:07","slug":"informativa-cookie","status":"publish","type":"page","link":"https:\/\/ils.simonemontanari.com\/it\/informativa-cookie\/","title":{"rendered":"Informativa sull&#8217;uso dei cookie"},"content":{"rendered":"<p>Per garantire il corretto funzionamento delle procedure e migliorare l\u2019esperienza d\u2019uso dell\u2019utente, questo sito fa uso di cookie tecnici e di \u201cterze parti\u201d.<\/p>\n<h2>Definizione e durata dei cookie<\/h2>\n<p>I cookie sono piccole quantit\u00e0 di informazione, memorizzate in un file di testo, che i siti visatati dall\u2019utente inviano ai loro terminali, generalmente al browser, per essere ritrasmessi alla successiva sessione di navigazione, effettuata del medesimo utente, sul medesimo sito. I cookie, infatti, possono essere letti solo dal sito web che li ha creati. Il tutto, con lo scopo di tenere traccia delle preferenze manifestate dall\u2019utente e fornire una migliore esperienza di navigazione.<\/p>\n<p>La funzione di un cookie \u00e8 quindi quella di aiutare il sito web ad identificare un utente durante la sessione di navigazione. Esistono, perci\u00f2, <strong>cookie temporanei<\/strong>, relativi alla sessione di navigazione in corso e restano attivi solo fino alla chiusura del browser o all\u2019esecuzione dell\u2019eventuale comando di logout; oppure <strong>cookie permanenti<\/strong>, che restano disponibili anche durante le sessioni di navigazione successive. La durata di questi ultimi \u00e8 stabilita dal server al momento della loro creazione: in alcuni casi \u00e8 fissata una scadenza, mentre in altri la durata \u00e8 illimitata.<\/p>\n<h2>Manifestazione del consenso<\/h2>\n<p>Questo sito utilizza il cookie banner, ovvero un avviso pop-up che viene mostrato a ciascun utente al primo accesso, da qualsiasi dispositivo. Tale banner esplicita l\u2019utilizzo di cookie da parte del sito e richiede il consenso all\u2019installazione. Fornisce, inoltre, i link all\u2019intera <a href=\"https:\/\/ils.simonemontanari.com\/it\/privacy-policy\/\">informativa sulla Privacy<\/a>.<\/p>\n<p>Ai sensi del GDPR, il consenso raccolto \u00e8 integralmente documentato. Ci\u00f2 include, oltre ai servizi e ai gruppi di servizi a cui il visitatore ha acconsentito, tutte le impostazioni dei banner dei cookie al momento del consenso, nonch\u00e9 le circostanze tecniche (es. dimensione dell&#8217;area visualizzata al momento del consenso) e le interazioni dell&#8217;utente (es. clic sui pulsanti) che hanno portato al consenso. Il consenso viene raccolto una volta per lingua.<\/p>\n<p>L\u2019utente \u00e8 in grado di esprimere il proprio consenso o il proprio dissenso in qualsiasi momento.<\/p>\n<h2>Tipologie di Cookie<\/h2>\n<p>In base alle caratteristiche e all\u2019utilizzo dei cookie, si possono distinguere diverse tipologie:<\/p>\n<p><strong>Cookie Tecnici: <\/strong>necessari al normale funzionamento del sito, sono utilizzati al solo fine di \u201ceffettuare la trasmissione di una comunicazione su una rete di comunicazione elettronica, o nella misura strettamente necessaria al fornitore di un servizio della societ\u00e0 dell\u2019informazione esplicitamente richiesto dall\u2019abbonato o dall\u2019utente a erogare tale servizio\u201d. Essi non vengono utilizzati per scopi ulteriori e sono normalmente installati direttamente dal titolare o gestore del sito web.<\/p>\n<p>Possono essere suddivisi in: <strong>cookie di navigazione o di sessione<\/strong>, che garantiscono la normale navigazione e fruizione del sito web; <strong>cookie analytics<\/strong>, assimilati ai cookie tecnici laddove utilizzati direttamente dal gestore del sito per raccogliere informazioni, in forma aggregata, sul numero degli utenti e su come questi visitano il sito stesso; <strong>cookie di funzionalit\u00e0<\/strong>, che permettono all\u2019utente la navigazione in funzione di una serie di criteri selezionati al fine di migliorare il servizio reso allo stesso.<\/p>\n<p>Per l\u2019installazione di tali cookie non \u00e8 richiesto il preventivo consenso degli utenti, mentre resta fermo l\u2019obbligo di dare l\u2019informativa ai sensi dell\u2019art. 13 del Regolamento UE 2016\/679, che il gestore del sito, qualora utilizzi soltanto tali dispositivi, potr\u00e0 fornire con le modalit\u00e0 che ritiene pi\u00f9 idonee.<\/p>\n<p><strong>Cookie di profilazione<\/strong>: volti a creare profili relativi all\u2019utente e utilizzati al fine di inviare messaggi pubblicitari in linea con le preferenze manifestate dallo stesso nell\u2019ambito della navigazione in rete. In ragione della particolare invasivit\u00e0 che tali dispositivi possono avere nell\u2019ambito della sfera privata degli utenti, la normativa europea e italiana prevede che l\u2019utente debba essere adeguatamente informato sull\u2019uso degli stessi ed esprimere cos\u00ec il proprio valido consenso.<\/p>\n<p>\u00c8 previsto che \u201cl\u2019archiviazione delle informazioni nell\u2019apparecchio terminale di un contraente o di un utente o l\u2019accesso a informazioni gi\u00e0 archiviate sono consentiti unicamente a condizione che il contraente o l\u2019utente abbia espresso il proprio consenso dopo essere stato informato con le modalit\u00e0 semplificate di cui all\u2019articolo 13 del Regolamento UE 2016\/679.<\/p>\n<p>Il presente sito non utilizza cookie di profilazione.<\/p>\n<h2>Cookie di \u201cterze parti\u201d<\/h2>\n<p>Visitando il presente sito web si potrebbero ricevere cookie da siti gestiti da altre organizzazioni (\u201cterze parti\u201d). Un esempio \u00e8 rappresentato dalla presenza dei \u201csocial plugin\u201d per Facebook, Twitter, Google+ o LinkedIn, oppure sistemi di visualizzazione di contenuti multimediali integrati come, ad esempio, YouTube.<\/p>\n<p>Si tratta di parti generate direttamente dai suddetti siti ed integrati nella pagina web del sito ospitante visitato. La presenza di questi plugin comporta la trasmissione di cookie da e verso tutti i siti gestiti da terze parti. La gestione delle informazioni raccolte da \u201cterze parti\u201d \u00e8 disciplinata dalle relative informative.<\/p>\n<p>La disabilitazione dei cookie \u201cterze parti\u201d non pregiudica in alcun modo la navigabilit\u00e0.<\/p>\n<p>L\u2019impostazione pu\u00f2 essere definita in modo specifico per i diversi siti e applicazioni web. Inoltre, i browser consentono di definire impostazioni diverse per i cookie \u201cproprietari\u201d e per quelli di \u201cterze parti\u201d. In internet \u00e8 facilmente reperibile la documentazione su come impostare le regole di gestione dei cookies per il proprio browser.<\/p>\n<h2>Cookie utilizzati dal sito<\/h2>\n<p>Per garantire una maggiore trasparenza si riportano qui di seguito le tecnologie di tracciamento che utilizziamo e gli indirizzi web delle diverse informative e delle modalit\u00e0 per la gestione dei cookie:<\/p>\n<p><strong>Cookie tecnici (o necessari)<\/strong> sono strumenti di tracciamento strettamente necessari per garantire il funzionamento e la fornitura del servizio richiesto e, pertanto, non richiedono alcun consenso.<\/p>\n<ul>\n<li><strong>Google reCAPTCHA<\/strong>: soluzione per rilevare bot e prevenire lo spam quando si inseriscono dati nei form del sito. I cookie sono utilizzati per identificare l&#8217;utente come utente all&#8217;interno dei dati noti a Google e per stimare la malignit\u00e0 dell&#8217;utente. Questi dati raccolti possono essere collegati ai dati sugli utenti che hanno effettuato l&#8217;accesso ai propri account Google su google.com o su una versione localizzata di Google.<\/li>\n<\/ul>\n<p>Per ulteriori informazioni consultare: <a href=\"https:\/\/policies.google.com\/privacy\" target=\"_blank\" rel=\"noopener\">https:\/\/policies.google.com\/privacy<\/a><\/p>\n<ul>\n<li><strong>WordPress:<\/strong> sistema di gestione dei contenuti offre la possibilit\u00e0 di scrivere commenti per gli articoli del blog e altri contenuti. Il cookie memorizza il nome, l&#8217;indirizzo e-mail e il sito Web di un commentatore per visualizzarlo nuovamente se il commentatore desidera scrivere un altro commento su questo sito web.<\/li>\n<\/ul>\n<p>Per ulteriori informazioni consultare: <a href=\"https:\/\/ils.simonemontanari.com\/privacy-policy\/\">https:\/\/ils.simonemontanari.com\/privacy-policy\/<\/a><\/p>\n<ul>\n<li><strong>WooCommerce:<\/strong> software per e-commerce che ti consente di acquistare corsi e altri servizi su questo sito web. I cookie vengono utilizzati per raccogliere articoli in un carrello della spesa, per memorizzare il carrello dell&#8217;utente nel database del sito Web, per memorizzare i prodotti visualizzati di recente e mostrarli nuovamente e per consentire agli utenti di ignorare gli avvisi nel negozio online.<\/li>\n<\/ul>\n<p>Per ulteriori informazioni consultare: <a href=\"https:\/\/ils.simonemontanari.com\/privacy-policy\/\">https:\/\/ils.simonemontanari.com\/privacy-policy\/<\/a><\/p>\n<p><strong>Cookie funzionali<\/strong> sono strumenti di tracciamento che permettono di offrire una user experience personalizzata migliorando la gestione delle impostazioni e consentendo l&#8217;interazione con network e piattaforme esterne.<\/p>\n<ul>\n<li><strong>Instagram<\/strong>: consente di incorporare i contenuti pubblicati su instagram.com, direttamente nei siti web. I cookie vengono utilizzati per raccogliere i siti web visitati e statistiche dettagliate sul comportamento dell&#8217;utente. Tali dati possono essere collegati ai dati degli utenti registrati su youtube.com e google.com o a versioni localizzate di tali servizi.<\/li>\n<\/ul>\n<p>Per ulteriori informazioni consultare: <a href=\"https:\/\/help.instagram.com\/519522125107875\" target=\"_blank\" rel=\"noopener\">https:\/\/help.instagram.com\/519522125107875<\/a><\/p>\n<ul>\n<li><strong>YouTube<\/strong> consente di incorporare i contenuti pubblicati su youtube.com, direttamente nei siti web. I cookie vengono utilizzati per raccogliere i siti web visitati e statistiche dettagliate sul comportamento dell&#8217;utente. Tali dati possono essere collegati ai dati degli utenti registrati su youtube.com e google.com o a versioni localizzate di tali servizi.<\/li>\n<\/ul>\n<p>Per ulteriori informazioni consultare: <a href=\"https:\/\/policies.google.com\/privacy\" target=\"_blank\" rel=\"noopener\">https:\/\/policies.google.com\/privacy<\/a><\/p>\n<ul>\n<li><strong>Google Maps<\/strong> visualizza le mappe sul sito web come iframe o tramite JavaScript direttamente incorporato come parte del sito web. Nessun cookie in senso tecnico viene impostato sul client dell&#8217;utente, ma dati tecnici e personali come l&#8217;indirizzo IP verranno trasmessi dal client al server del fornitore di servizi per rendere possibile la fruizione del servizio.<\/li>\n<\/ul>\n<p>Per ulteriori informazioni consultare: <a href=\"https:\/\/policies.google.com\/privacy\" target=\"_blank\" rel=\"noopener\">https:\/\/policies.google.com\/privacy<\/a><\/p>\n<p><strong>Cookie statistici<\/strong> sono strumenti di tracciamento che permettono di misurare il traffico e analizzare il comportamento dell\u2019utente con l&#8217;obiettivo di migliorare il servizio.<\/p>\n<ul>\n<li><strong>Google Analytics (GA4)<\/strong> \u00e8 un servizio per la creazione di statistiche dettagliate sul comportamento degli utenti sul sito web. I cookie vengono utilizzati per differenziare gli utenti, memorizzare informazioni relative alla campagna per e dall&#8217;utente e per collegare i dati da pi\u00f9 visualizzazioni di pagina.<\/li>\n<\/ul>\n<p>Per ulteriori informazioni consultare: <a href=\"https:\/\/policies.google.com\/privacy\" target=\"_blank\" rel=\"noopener\">https:\/\/policies.google.com\/privacy<\/a><\/p>\n<ul>\n<li><strong>Google Analytics<\/strong> \u00e8 un servizio per la creazione di statistiche dettagliate sul comportamento degli utenti del sito web. I cookie vengono utilizzati per differenziare gli utenti, limitare la frequenza delle richieste, collegare l&#8217;ID client all&#8217;ID client AMP dell&#8217;utente, memorizzare le informazioni relative alla campagna per e dall&#8217;utente e per collegare i dati da pi\u00f9 visualizzazioni di pagina.<\/li>\n<\/ul>\n<p>Per ulteriori informazioni consultare: <a href=\"https:\/\/policies.google.com\/privacy\" target=\"_blank\" rel=\"noopener\">https:\/\/policies.google.com\/privacy<\/a><\/p>\n<p><strong>Cookie di Marketing<\/strong> sono strumenti di tracciamento che consentono la fruizione di contenuti commerciali personalizzati in base al comportamento dello specifico utente e di gestire, fornire e tracciare gli annunci pubblicitari.<\/p>\n<ul>\n<li><strong>Facebook Page Plugin<\/strong> mostra informazioni sulla nostra fan page di Facebook. I cookie vengono utilizzati per raccogliere i Mi piace cos\u00ec come per raccogliere i siti web visitati. Questi dati possono essere collegati ai dati degli utenti registrati su facebook.com con i loro account Facebook.<\/li>\n<\/ul>\n<p>Per ulteriori informazioni consultare: <a href=\"https:\/\/www.facebook.com\/about\/privacy\" target=\"_blank\" rel=\"noopener\">https:\/\/www.facebook.com\/about\/privacy<\/a><\/p>\n<ul>\n<li><strong>Facebook Pixel<\/strong> aiuta a determinare il pubblico di destinazione per la presentazione di annunci all&#8217;interno della rete pubblicitaria di Facebook. Il Pixel di Facebook consente inoltre di monitorare l&#8217;efficacia degli annunci di Facebook. Con la funzione aggiuntiva &#8220;confronto esteso&#8221;, le informazioni memorizzate nel account Facebook personale, come indirizzi e-mail o ID Facebook degli utenti, vengono utilizzate in forma crittografata per raggiungere il pubblico. I cookie vengono utilizzati per differenziare gli utenti e per registrare in dettaglio il loro comportamento sul sito web e per collegare questi dati con dati pubblicitari della rete pubblicitaria di Facebook. Questi dati possono essere collegati ai dati degli utenti registrati su facebook.com con i propri account Facebook.<\/li>\n<\/ul>\n<p>Per ulteriori informazioni consultare: <a href=\"https:\/\/www.facebook.com\/about\/privacy\" target=\"_blank\" rel=\"noopener\">https:\/\/www.facebook.com\/about\/privacy<\/a><\/p>\n<ul>\n<li><strong>Hotjar<\/strong> \u00e8 un servizio per l&#8217;analisi del comportamento e la raccolta di feedback degli utenti. Crea mappe di calore e record di sessione dell&#8217;utente del sito Web e riproduce sondaggi. I cookie vengono utilizzati per identificare l&#8217;utente attraverso pi\u00f9 sotto pagine, per memorizzare lo stato dei sondaggi, per controllare la riproduzione dei display e per collegare i dati raccolti durante le registrazioni della sessione.<\/li>\n<\/ul>\n<p>Per ulteriori informazioni consultare: <a href=\"https:\/\/www.hotjar.com\/legal\/policies\/privacy\" target=\"_blank\" rel=\"noopener\">https:\/\/www.hotjar.com\/legal\/policies\/privacy<\/a><\/p>\n<h2>Gestione dei cookie<\/h2>\n<p>L\u2019utente pu\u00f2 decidere se accettare o meno i cookie utilizzando le impostazioni del proprio browser.<br \/>\nLa disabilitazione totale o parziale dei cookie tecnici potrebbe compromettere l\u2019utilizzo ottimale del sito. La disabilitazione dei cookie \u201cterze parti\u201d, invece, non pregiudica in alcun modo la navigabilit\u00e0.<\/p>\n<p>L\u2019impostazione pu\u00f2 essere definita in modo specifico per i diversi siti e applicazioni web. Inoltre, i browser consentono di definire impostazioni diverse per i cookie \u201cproprietari\u201d e per quelli di \u201cterze parti\u201d.<\/p>\n<p>A titolo di esempio, si riportano, qui di seguito, i link relativi ai browser maggiormente utilizzati, per impostare le regole di gestione dei cookie a proprio piacimento:<\/p>\n<ul>\n<li><a href=\"https:\/\/support.google.com\/chrome\/answer\/95647?hl=it\" target=\"_blank\" rel=\"noopener\">Chrome<\/a><\/li>\n<li><a href=\"https:\/\/support.mozilla.org\/it\/kb\/Gestione%20dei%20cookie\" target=\"_blank\" rel=\"noopener\">FireFox<\/a><\/li>\n<li><a href=\"http:\/\/help.opera.com\/Windows\/10.00\/it\/cookies.html\" target=\"_blank\" rel=\"noopener\">Opera<\/a><\/li>\n<li><a href=\"http:\/\/support.apple.com\/kb\/HT1677?viewlocale=it_IT\" target=\"_blank\" rel=\"noopener\">Safari<\/a><\/li>\n<li><a href=\"https:\/\/support.microsoft.com\/it-it\/microsoft-edge\/eliminare-i-cookie-in-microsoft-edge-63947406-40ac-c3b8-57b9-2a946a29ae09#:~:text=Apri%20Microsoft%20Edge%20and%20seleziona,del%20sito%2C%20quindi%20Cancella%20ora.\" target=\"_blank\" rel=\"noopener\">Edge<\/a><\/li>\n<\/ul>\n","protected":false},"excerpt":{"rendered":"<p>Per garantire il corretto funzionamento delle procedure e migliorare l\u2019esperienza d\u2019uso dell\u2019utente, questo sito fa uso di cookie tecnici e di \u201cterze parti\u201d. Definizione e durata dei cookie I cookie sono piccole quantit\u00e0 di informazione, memorizzate in un file di testo, che i siti visatati dall\u2019utente inviano ai loro terminali, generalmente al browser, per essere [&hellip;]<\/p>\n","protected":false},"author":1788,"featured_media":0,"parent":0,"menu_order":0,"comment_status":"closed","ping_status":"closed","template":"","meta":{"_acf_changed":false,"footnotes":""},"class_list":["post-1056","page","type-page","status-publish","hentry"],"acf":[],"_links":{"self":[{"href":"https:\/\/ils.simonemontanari.com\/it\/wp-json\/wp\/v2\/pages\/1056","targetHints":{"allow":["GET"]}}],"collection":[{"href":"https:\/\/ils.simonemontanari.com\/it\/wp-json\/wp\/v2\/pages"}],"about":[{"href":"https:\/\/ils.simonemontanari.com\/it\/wp-json\/wp\/v2\/types\/page"}],"author":[{"embeddable":true,"href":"https:\/\/ils.simonemontanari.com\/it\/wp-json\/wp\/v2\/users\/1788"}],"replies":[{"embeddable":true,"href":"https:\/\/ils.simonemontanari.com\/it\/wp-json\/wp\/v2\/comments?post=1056"}],"version-history":[{"count":0,"href":"https:\/\/ils.simonemontanari.com\/it\/wp-json\/wp\/v2\/pages\/1056\/revisions"}],"wp:attachment":[{"href":"https:\/\/ils.simonemontanari.com\/it\/wp-json\/wp\/v2\/media?parent=1056"}],"curies":[{"name":"wp","href":"https:\/\/api.w.org\/{rel}","templated":true}]}}