{"id":11008,"date":"2024-11-05T11:03:59","date_gmt":"2024-11-05T10:03:59","guid":{"rendered":"https:\/\/ils.simonemontanari.com\/it\/?page_id=11008"},"modified":"2024-12-02T12:21:53","modified_gmt":"2024-12-02T11:21:53","slug":"maserati-ferrari-lamborghini","status":"publish","type":"page","link":"https:\/\/ils.simonemontanari.com\/it\/podcast-italia\/stagione-2\/maserati-ferrari-lamborghini\/","title":{"rendered":"2.4 Maserati, Ferrari e Lamborghini"},"content":{"rendered":"<div class=\"row has-columns two-columns podcast\">\n<div class=\"column\">\n<iframe style=\"border-radius:12px\" src=\"https:\/\/open.spotify.com\/embed\/episode\/6yQEuMLwycLlcrdNS6BFeV?utm_source=generator\" width=\"100%\" height=\"352\" frameBorder=\"0\" allowfullscreen=\"\" allow=\"autoplay; clipboard-write; encrypted-media; fullscreen; picture-in-picture\" loading=\"lazy\"><\/iframe>\n<p>Disponibile anche su: <a class=\"podcast-meta-itunes\" title=\"Audible\" href=\"https:\/\/music.amazon.it\/podcasts\/ef3c35df-76e7-4ef0-acc9-34c0cb4d82ae\/episodes\/a8bbff3e-7a0a-4250-b420-60e0dde3358f\/italia-360%C2%B0-2-4-maserati-ferrari-e-lamborghini\" target=\"_blank\" rel=\"noopener\">Amazon Music<\/a>\u00a0|\u00a0<a class=\"podcast-meta-itunes\" title=\"Apple Podcasts\" href=\"https:\/\/podcasts.apple.com\/us\/podcast\/2-4-maserati-ferrari-e-lamborghini\/id1700640883?i=1000675740287\" target=\"_blank\" rel=\"noopener\">Apple Podcasts<\/a><\/p>\n<\/div>\n<div class=\"column\">\n<p>L&#8217;automobile italiana: emblema di bellezza, prestigio e passione.<\/p>\n<p>Scopriamo i mitici marchi Maserati, Lamborghini e Ferrari, simboli di successo e design, nati in Emilia-Romagna, cuore della meccanica italiana.<\/p>\n<p>Dalle gare di Formula 1 alle auto da sogno, un viaggio nel mondo delle quattro ruote all&#8217;insegna dell&#8217;eccellenza e dell&#8217;orgoglio italiano.<\/p>\n<span class=\"ep-cta-button\"style=\"text-align:left\";><a class=\"button\" href=\"https:\/\/ils.simonemontanari.com\/it\/podcast-italia\/stagione-2\/ferrero-barilla\/\">Ascolta il prossimo episodio<span class=\"icon\"><svg xmlns=\"http:\/\/www.w3.org\/2000\/svg\" aria-hidden=\"true\" focusable=\"false\" role=\"img\" viewBox=\"0 0 448 512\"><path fill=\"currentColor\" d=\"M443.7 266.8l-165.9 176C274.5 446.3 269.1 448 265.5 448c-3.986 0-7.988-1.375-11.16-4.156c-6.773-5.938-7.275-16.06-1.118-22.59L393.9 272H16.59c-9.171 0-16.59-7.155-16.59-15.1S7.421 240 16.59 240h377.3l-140.7-149.3c-6.157-6.531-5.655-16.66 1.118-22.59c6.789-5.906 17.27-5.469 23.45 1.094l165.9 176C449.4 251.3 449.4 260.7 443.7 266.8z\"\/><\/svg><\/span> <\/a><\/span>\n<\/div>\n<\/div>\n<h2>Script \u2013 Ferrari, Maserati e Lamborghini<\/h2>\n<p>Benvenuti ad una nuova puntata di Italia 360\u00b0 di Europass.<\/p>\n<p>In questa serie dedicata al made in Italy, \u00e8 inevitabile parlare di alcuni dei marchi pi\u00f9 famosi del mondo delle automobili, marchi che hanno creato alcuni degli oggetti pi\u00f9 belli e desiderati da moltissime persone su tutta la terra. Oggi vi presenter\u00f2 la Lamborghini, la Maserati e soprattutto la mitica Ferrari.<\/p>\n<p>L&#8217;Italia \u00e8 sempre stata un paese che ha amato la meccanica. Forse, non molti sanno che il motore a scoppio, o meglio, a combustione interna, \u00e8 stato brevettato nel 1853 da due inventori toscani di Lucca: Eugenio Barsanti e Felice Matteucci. L\u2019invenzione viene poi perfezionata dal tedesco Daimler, ma la prima idea di un motore che trasformasse un composto chimico, la benzina, in movimento \u00e8 tutta italiana!<\/p>\n<p>Infatti, la passione ingegneristica della meccanica ha portato alla creazione di moltissime industrie automobilistiche in Italia. Gi\u00e0 dalla fine del 1800, in Italia nascono molte fabbriche di auto, come la Fraschini, la Bugatti, la Lancia, l\u2019Alfa Romeo e la Fiat, che \u00e8 ancora oggi una delle industrie automobilistiche pi\u00f9 importati al mondo.<\/p>\n<p>Milano, ma soprattutto Torino, sede della Fiat, sono sempre state le capitali dell\u2019ingegneria e della produzione automobilistica. Ma in Italia c\u2019\u00e8 un altro luogo mitico per la realizzazione di automobili: la provincia di Modena, in Reggio Emilia, qui si sono prodotte e si producono Maserati, Lamborghini, De Tomaso e soprattutto Ferrari, auto da sogno, gioielli di ingegneria meccanica e di design, tra le automobili pi\u00f9 costose e pi\u00f9 desiderate da ogni appassionato di motori.<\/p>\n<p>In questo territorio di amanti dei motori, dove nascono le macchine pi\u00f9 famose d\u2019Italia, tra tutti questi marchi di prestigio, la Maserati \u00e8 quella pi\u00f9 vecchia. Fu fondata nel 1914 e nasce soprattutto come un\u2019auto da competizione. Infatti, il suo fondatore Alfieri Maserati, era un pilota di auto da corsa che decide di aprire un\u2019officina per la preparazione di auto per gare di velocit\u00e0 per conto di altre aziende. Solo nel 1926 nasce la prima vera auto progettata e costruita da Maserati e nasce anche il suo marchio, il famoso tridente ispirato al simbolo del dio del mare Nettuno.<\/p>\n<p>Vede cos\u00ec la luce il famoso modello \u201cTipo 26\u201d che diventa una delle auto pi\u00f9 veloci nelle competizioni automobilistiche su strada del tempo e la Maserati inizia a diventare un mito tra le auto da corsa. Le sue vittorie in tutto il mondo lo rendono uno dei marchi pi\u00f9 famosi tra gli sportivi. Ma alla morte del suo fondatore, Alfieri, l\u2019azienda viene venduta a un industriale modenese, Adolfo Orsi, che cambia la filosofia del marchio.<\/p>\n<p>Da quel momento, la Maserati, oltre alle auto sportive, inizia una produzione di auto di lusso comode e confortevoli, ma con motori sportivi e aggressivi. Negli anni Sessanta, le berline e le gran turismo della Maserati diventano tra le auto pi\u00f9 prestigiose del mercato, come la Gran Turismo A6 1500.<\/p>\n<p>Negli anni Settanta, la Maserati continua la produzione di auto di lusso, come la Bora e la Merak, ma soprattutto la famosissima Biturbo, che negli anni Ottanta ha salvato l\u2019azienda dalla profonda crisi nella quale era caduta negli anni precedenti. Oggi Maserati \u00e8 un marchio del gruppo Fiat e le sue auto di prestigio sono sempre pi\u00f9 diffuse nelle nostre strade.<\/p>\n<p>Un\u2019altra marca di auto di grande prestigio che ha la sua sede sempre in Emilia-Romagna \u00e8 la Lamborghini. Quella della Lamborghini \u00e8 una storia pi\u00f9 recente; l\u2019azienda nasce infatti nel 1963 su iniziativa di Ferruccio Lamborghini, un ricco industriale che produceva trattori e macchine agricole.<\/p>\n<p>Esiste una specie di leggenda sulla nascita dell\u2019azienda Lamborghini, si racconta che Ferruccio Lamborghini non fosse contento della meccanica di una macchina Ferrari che aveva comprato e che dopo un litigio proprio con Enzo Ferrari, durante il quale Ferrari sembra abbia urlato a Lamborghini: &#8220;che ne sa lei di auto, che guida dei trattori!&#8221; Ferruccio Lamborghini abbia fondato la fabbrica di auto con il suo nome, per dimostrare a Enzo Ferrari che poteva costruire automobili migliori delle sue.<\/p>\n<p>Non sappiamo se \u00e8 veramente andata cos\u00ec la vicenda, ma non c\u2019\u00e8 dubbio che Ferruccio Lamborghini, grazie ai suoi grandi capitali e la possibilit\u00e0 di avere bravi ingegneri, inizia a produrre automobili dalla meccanica eccellente, grande velocit\u00e0, design spettacolare e anche costi altissimi, ma le sue erano veramente auto di grande prestigio.<\/p>\n<p>La prima auto che entra in commercio \u00e8 la 350 Gran Turismo e poi la 400 GT. Seguono poi dei modelli che sono stati il sogno di migliaia di appassionati di auto sportive e che sono entrati nel mito delle automobili di lusso, come la iconica Miura del 1966 che montava un potentissimo motore posteriore di ben 12 cilindri e 4000 cc di cilindrata e toccava i 300 km all\u2019ora. Dopo il grandissimo successo della Miura, nascono la Islero, la Espada, la Urraco e la Countach, dal design radicale e modernissimo con la caratteristica apertura della porta detta ad \u201cali di farfalla\u201d che ancora oggi in America viene chiamata &#8220;Lamborghini style doors&#8221;.<\/p>\n<p>Nel 1973, Ferruccio Lamborghini vende la sua azienda, forse si era stancato del suo \u201cgiocattolo\u201d creato come sfida alla Ferrari, ma forse era per salvare economicamente la sua principale azienda, quella dei trattori. Negli ultimi decenni, l\u2019azienda Lamborghini \u00e8 passata da molti diversi proprietari con alterne fortune.<\/p>\n<p>Oggi, la Lamborghini \u00e8 propriet\u00e0 della tedesca Audi e continua a produrre auto dalle grandi prestazioni e grandi costi, come la Aventador e la Hurac\u00e1n, auto costosissime per un pubblico veramente di \u00e9lite. Pensate che la Lamborghini non ha mai prodotto pi\u00f9 di 1800 auto in un anno.<\/p>\n<p>Ma la vera leggenda automobilistica italiana \u00e8 la Ferrari! La Ferrari \u00e8 stata fondata a Modena nel 1947 da Enzo Ferrari. Enzo Ferrari era stato un famoso pilota di auto sportive che inizia a fare il preparatore di auto da corsa e poi avvia una piccola attivit\u00e0 meccanica di produzione auto da competizione, la AVO. Dopo le difficolt\u00e0 della guerra, Enzo Ferrari inaugura l\u2019azienda di auto da competizione che porta il suo nome, mettendo a frutto la sua esperienza di pilota, preparatore e meccanico.<\/p>\n<p>L\u2019industria Ferrari nasce infatti per produrre auto da corsa per competizioni, non a caso la scuderia Ferrari \u00e8 ancora oggi quella che ha vinto pi\u00f9 campionati di Formula 1 della storia, ben 31 campionati mondiali, piloti e costruttori vinti in oltre 50 anni di storia, con piloti mitici come Ascari, Fangio, Niki Lauda, Gilles Villeneuve, Michael Schumacher. Ancora oggi la scuderia Ferrari \u00e8 una delle pi\u00f9 famose al mondo e le sue \u201crosse\u201d rimangono tra le pi\u00f9 ammirate e vincenti auto della Formula 1.<\/p>\n<p>Sulla scia del successo in Formula 1 negli anni Cinquanta, la Ferrari inizia la produzione non solo di auto da competizione, ma anche di auto sportive da strada, per un pubblico ricco ed esigente. \u00c8 da allora che la Ferrari diventa un oggetto dei desideri per molte persone nel mondo, auto icone di bellezza, sportivit\u00e0 e ricchezza. Le auto Ferrari sono subito progettate per essere il top della sportivit\u00e0 e del design.<\/p>\n<p>Gi\u00e0 i modelli usciti negli anni Cinquanta sono stupefacenti come la mitica 250 Gran Turismo Coup\u00e9 del 1954, con uno straordinario motore a dodici cilindri, o la iconica Testarossa del 1958, detta Barchetta, dal design straordinario, ancora oggi uno dei sogni di ogni collezionista di auto del mondo. Ma anche l\u2019altrettanto mitica 250 GTO del 1964, dalla linea elegantissima e super aerodinamica.<\/p>\n<p>Nel 1984, nasce la Nuova Testarossa, un modello molto diverso dallo stile elegante delle precedenti Ferrari, un&#8217;auto molto vistosa, dalla linea aggressiva, che avr\u00e0 un successo straordinario in tutto il mondo, creando uno stile imitato da molti altri marchi. La Ferrari \u00e8 da sempre attentissima a chiamare per la realizzazione della sua auto i pi\u00f9 grandi designer di auto del mondo, come Pininfarina, Bertone, Scaglietti, Giugiaro, che hanno creato auto dallo stile unico e super imitate. Ma i modelli Ferrari che hanno fatto storia sono tantissimi e ci vorrebbe troppo tempo per elencarli tutti. Vi dico per\u00f2 che, nel 2023, \u00e8 uscito il primo Crossover Suv di Ferrari, un&#8217;auto veramente monumentale con un motore di 12 cilindri e prestazioni da supersportiva.<\/p>\n<p>Fra i dettagli che hanno reso la Ferrari cos\u00ec famosa, c\u2019\u00e8 anche il suo marchio, il famoso cavallino rampante su fondo giallo. Questo marchio nasce dal simbolo personale del famoso aviatore Francesco Baracca, che era stato un celebre eroe della Prima guerra mondiale e un asso dell\u2019aviazione militare italiana, morto nel 1918. E questo cavallino, simbolo del coraggio di Francesco Baracca, viene messo su uno sfondo giallo, che era il colore dello stemma della citt\u00e0 di Modena, che era la citt\u00e0 di Ferrari e della sua azienda.<\/p>\n<p>Ma la cosa che, forse, rende ancora di pi\u00f9 riconoscibili le auto Ferrari, \u00e8 il famoso colore rosso, il cosiddetto &#8220;rosso Ferrari&#8221; che ha caratterizzato e caratterizza la grande maggioranza della auto modenesi, un colore che evoca grinta, coraggio e velocit\u00e0, anche se in alternativa potete scegliere il giallo, altro colore iconico delle Ferrari.<\/p>\n<p>La macchina Ferrari \u00e8 ancora oggi, in Italia, un mito incrollabile, non \u00e8 solo una macchina, ma una sorta di simbolo di bellezza e perfezione, Ferrari \u00e8 diventato un sinonimo di qualit\u00e0 e di orgoglio italiano, quasi una filosofia di vita. Enzo Ferrari, poi, \u00e8 considerato il tipico self-made man del dopoguerra, il classico uomo che dal niente riesce, con coraggio e una buona dose di visionariet\u00e0, a costruire un impero fatto di successi e bellezza.<\/p>\n<p>Ma questo mito non \u00e8 forte solo in Italia, ma in tutto il mondo, per il suo prestigio e per la sua bellezza, non c\u2019\u00e8 film, o serie televisiva, o video o altro, dove non appare una Ferrari quando si vuol mostrare un\u2019ambientazione di lusso ed esclusiva. Ancora oggi, quando passa una Ferrari per strada, tutti si voltano a guardarla, anche perch\u00e9 il suo passaggio viene annunciato dal caratteristico rombo del motore.<\/p>\n<p>Dunque, se volete comprare una nuova macchina, non avete che l\u2019imbarazzo della scelta: Maserati, Lamborghini, Ferrari: simboli di bellezza, tecnica e prestigio, tutti italiani.<\/p>\n<h4>Approfondimento linguistico<\/h4>\n<p>In questa puntata dedicata alle auto di lusso italiane, abbiamo usato l\u2019espressione idiomatica \u201cvedere la luce\u201d che, come \u201cvenire alla luce\u201d, significa semplicemente nascere. Chi nasce, infatti, viene alla luce dopo essere stato nel buio del ventre materno. Per esteso, si pu\u00f2 usare anche per indicare un oggetto che viene creato.<\/p>\n<p>Il termine visionario, invece, \u00e8 un aggettivo che pu\u00f2 avere diverse interpretazioni. Visionario \u00e8 colui che ha delle visioni, ovvero, che vede qualcosa che in realt\u00e0 non esiste. Questo pu\u00f2 significare che quel qualcuno \u00e8 una persona incapace di relazionarsi con la realt\u00e0, una specie di folle. Ma pu\u00f2 voler dire anche qualcuno che ha la capacit\u00e0 di vedere, immaginare, idee innovative nel futuro ed avere la forza e la capacit\u00e0 di realizzarle.<\/p>\n<p>Vi ringrazio di avermi ascoltato e vi aspetto ad una prossima puntata di Italia 360\u00b0 di Europass.<\/p>\n<hr \/>\n<p><strong>Scritto e prodotto da<\/strong>\u00a0<a href=\"https:\/\/ils.simonemontanari.com\/it\/maurizio-faggi\/\">Maurizio Faggi<\/a>, insegnante di italiano e storia dell\u2019arte.<\/p>\n","protected":false},"excerpt":{"rendered":"<p>Script \u2013 Ferrari, Maserati e Lamborghini Benvenuti ad una nuova puntata di Italia 360\u00b0 di Europass. In questa serie dedicata al made in Italy, \u00e8 inevitabile parlare di alcuni dei marchi pi\u00f9 famosi del mondo delle automobili, marchi che hanno creato alcuni degli oggetti pi\u00f9 belli e desiderati da moltissime persone su tutta la terra. [&hellip;]<\/p>\n","protected":false},"author":603,"featured_media":11010,"parent":10466,"menu_order":0,"comment_status":"open","ping_status":"closed","template":"full-width.php","meta":{"_acf_changed":false,"footnotes":""},"class_list":["post-11008","page","type-page","status-publish","has-post-thumbnail","hentry"],"acf":[],"_links":{"self":[{"href":"https:\/\/ils.simonemontanari.com\/it\/wp-json\/wp\/v2\/pages\/11008","targetHints":{"allow":["GET"]}}],"collection":[{"href":"https:\/\/ils.simonemontanari.com\/it\/wp-json\/wp\/v2\/pages"}],"about":[{"href":"https:\/\/ils.simonemontanari.com\/it\/wp-json\/wp\/v2\/types\/page"}],"author":[{"embeddable":true,"href":"https:\/\/ils.simonemontanari.com\/it\/wp-json\/wp\/v2\/users\/603"}],"replies":[{"embeddable":true,"href":"https:\/\/ils.simonemontanari.com\/it\/wp-json\/wp\/v2\/comments?post=11008"}],"version-history":[{"count":0,"href":"https:\/\/ils.simonemontanari.com\/it\/wp-json\/wp\/v2\/pages\/11008\/revisions"}],"up":[{"embeddable":true,"href":"https:\/\/ils.simonemontanari.com\/it\/wp-json\/wp\/v2\/pages\/10466"}],"wp:featuredmedia":[{"embeddable":true,"href":"https:\/\/ils.simonemontanari.com\/it\/wp-json\/wp\/v2\/media\/11010"}],"wp:attachment":[{"href":"https:\/\/ils.simonemontanari.com\/it\/wp-json\/wp\/v2\/media?parent=11008"}],"curies":[{"name":"wp","href":"https:\/\/api.w.org\/{rel}","templated":true}]}}