{"id":11517,"date":"2025-01-07T12:59:10","date_gmt":"2025-01-07T11:59:10","guid":{"rendered":"https:\/\/ils.simonemontanari.com\/it\/?page_id=11517"},"modified":"2025-01-07T17:26:55","modified_gmt":"2025-01-07T16:26:55","slug":"industria-italiana","status":"publish","type":"page","link":"https:\/\/ils.simonemontanari.com\/it\/podcast-italia\/stagione-2\/industria-italiana\/","title":{"rendered":"2.8 L&#8217;industria Italiana"},"content":{"rendered":"<div class=\"row has-columns two-columns podcast\">\n<div class=\"column\">\n<iframe style=\"border-radius:12px\" src=\"https:\/\/open.spotify.com\/embed\/episode\/7rs1numCTSEIwnPq7BgQsI?utm_source=generator\" width=\"100%\" height=\"352\" frameBorder=\"0\" allowfullscreen=\"\" allow=\"autoplay; clipboard-write; encrypted-media; fullscreen; picture-in-picture\" loading=\"lazy\"><\/iframe>\n<p>Disponibile anche su: <a class=\"podcast-meta-itunes\" title=\"Amazon Music\" href=\"https:\/\/music.amazon.it\/podcasts\/ef3c35df-76e7-4ef0-acc9-34c0cb4d82ae\/episodes\/cc309b61-8763-4b7a-83fa-88a1c2ede46c\/italia-360%C2%B0-2-8-l%E2%80%99industria\" target=\"_blank\" rel=\"noopener\">Amazon Music<\/a>\u00a0|\u00a0<a class=\"podcast-meta-itunes\" title=\"Apple Podcasts\" href=\"https:\/\/podcasts.apple.com\/us\/podcast\/2-8-lindustria\/id1700640883?i=1000682994162\" target=\"_blank\" rel=\"noopener\">Apple Podcasts<\/a><\/p>\n<\/div>\n<div class=\"column\">\n<p>L&#8217;Italia \u00e8 una delle nazioni industrializzate pi\u00f9 importanti al mondo, con settori come meccanica automobilistica, agroalimentare, tessile e moda che giocano un ruolo chiave nell&#8217;economia.<\/p>\n<p>I distretti industriali specializzati si concentrano su produzioni uniche e di alta qualit\u00e0. L&#8217;Italia \u00e8 anche leader nella produzione di vini, farmaci e dispositivi biomedicali.<\/p>\n<p>Questo aspetto meno noto dell&#8217;Italia va oltre i clich\u00e9 turistici e contribuisce significativamente alla ricchezza e all&#8217;influenza del paese.<\/p>\n<\/div>\n<\/div>\n<h2>Script &#8211; L&#8217;industria Italiana<\/h2>\n<p data-ccp-border-bottom=\"0px none #000000\" data-ccp-padding-bottom=\"0px\" data-ccp-border-between=\"0px none #000000\" data-ccp-padding-between=\"0px\"><span data-contrast=\"none\">Benvenuti a Italia 360\u00b0, il podcast di Europass.\u00a0<\/span><span data-ccp-props=\"{&quot;201341983&quot;:0,&quot;335559740&quot;:288}\">\u00a0<\/span><\/p>\n<p data-ccp-border-bottom=\"0px none #000000\" data-ccp-padding-bottom=\"0px\" data-ccp-border-between=\"0px none #000000\" data-ccp-padding-between=\"0px\"><span data-contrast=\"none\">Nelle scorse puntate, abbiamo parlato dei pi\u00f9 famosi settori del <\/span><i><span data-contrast=\"none\">made in Italy<\/span><\/i><span data-contrast=\"none\">: quello della moda dei grandi stilisti, dei designer pi\u00f9 famosi, delle auto di prestigio, degli oggetti iconici che l\u2019Italia ha lanciato nel mondo. Ma c\u2019\u00e8 anche tutto un mondo industriale meno famoso, ma che \u00e8 di importanza strategica per l\u2019Italia sia per l\u2019economia che per i processi industriali nazionali. <\/span><\/p>\n<p data-ccp-border-bottom=\"0px none #000000\" data-ccp-padding-bottom=\"0px\" data-ccp-border-between=\"0px none #000000\" data-ccp-padding-between=\"0px\"><span data-contrast=\"none\">Forse, tutti non sanno che l\u2019Italia, pur essendo un paese piuttosto piccolo, \u00e8 il terzo paese pi\u00f9 industrializzato d\u2019Europa ed \u00e8 il settimo nel mondo, significa che l\u2019industria italiana \u00e8 tra le pi\u00f9 sviluppate. L\u2019Italia \u00e8, infatti, membro del G7, che raggruppa i paesi pi\u00f9 influenti economicamente della terra, ma questo spesso non viene percepito all\u2019estero, che vede l\u2019Italia con i consueti clich\u00e9 del paese della dolce vita, delle vacanze, della pizza e degli spaghetti. <\/span><\/p>\n<p data-ccp-border-bottom=\"0px none #000000\" data-ccp-padding-bottom=\"0px\" data-ccp-border-between=\"0px none #000000\" data-ccp-padding-between=\"0px\"><span data-contrast=\"none\">Tutto questo \u00e8 vero, per\u00f2, forse, a molti sfugge che anche il cibo \u00e8 un\u2019industria importantissima, e anche il turismo \u00e8 un\u2019industria formidabile o quanto meno una voce importante del bilancio nazionale, il cosiddetto PIL, ovvero, il Prodotto Interno Lordo, in parole povere, la ricchezza prodotta dal paese. <\/span><\/p>\n<p data-ccp-border-bottom=\"0px none #000000\" data-ccp-padding-bottom=\"0px\" data-ccp-border-between=\"0px none #000000\" data-ccp-padding-between=\"0px\"><span data-contrast=\"none\">Il turismo \u00e8 importante per l\u2019Italia, ma produce solo 100 miliardi di euro l\u2019anno, il 6% del PIL nazionale, che \u00e8 piuttosto poco. L\u2019Italia, infatti, non vive di turismo, come sembrerebbe vedendo citt\u00e0 come Venezia, o Roma, o viaggiando per la Toscana, la vera ricchezza dell\u2019Italia \u00e8 proprio l\u2019industria. <\/span><\/p>\n<p data-ccp-border-bottom=\"0px none #000000\" data-ccp-padding-bottom=\"0px\" data-ccp-border-between=\"0px none #000000\" data-ccp-padding-between=\"0px\"><span data-contrast=\"none\">Tanti non ci pensano, ma l\u2019Italia \u00e8 un paese fortemente industrializzato, dove ci sono delle aree di produzione specialistiche uniche in Europa, che non ci si aspetterebbe di trovare in Italia e che rendono la nostra nazione veramente un unicum nel mondo. Queste aree industriali specializzate si chiamano \u201cdistretti\u201d dove si concentrano molte industrie medio-piccole, che si sono specializzate in settori specifici. <\/span><\/p>\n<p data-ccp-border-bottom=\"0px none #000000\" data-ccp-padding-bottom=\"0px\" data-ccp-border-between=\"0px none #000000\" data-ccp-padding-between=\"0px\"><span data-contrast=\"none\">Per cominciare con i casi pi\u00f9 vistosi, per esempio, tra Milano e Torino, che sono le capitali della meccanica automobilistica (pensate a Fiat, Alfa Romeo, Lancia), si \u00e8 sviluppato tutto un distretto dell\u2019auto, fatto di industrie che progettano e realizzano tutti i componenti per realizzare un\u2019auto: dai cambi, alla selleria, agli pneumatici. Basta pensare alla Pirelli, che \u00e8 una delle industrie pi\u00f9 importanti al mondo di ruote e pneumatici, o alla Magneti Marelli, che produce componenti elettronici per auto. <\/span><\/p>\n<p data-ccp-border-bottom=\"0px none #000000\" data-ccp-padding-bottom=\"0px\" data-ccp-border-between=\"0px none #000000\" data-ccp-padding-between=\"0px\"><span data-contrast=\"none\">Forse, molti non sanno che queste industrie riforniscono anche le prestigiose aziende di auto tedesche, come BMW e Mercedes. Altro distretto della meccanica automobilistica famoso \u00e8 quello di Modena, dove si producono Ferrari, Maserati, Lamborghini e tutte le componenti di lusso per queste auto, dalla meccanica di precisione, ai sedili in pelle. <\/span><\/p>\n<p data-ccp-border-bottom=\"0px none #000000\" data-ccp-padding-bottom=\"0px\" data-ccp-border-between=\"0px none #000000\" data-ccp-padding-between=\"0px\"><span data-contrast=\"none\">Ma nella stessa area a vocazione meccanica, ci sono anche la Ducati, famosissima per le sue motociclette prestigiose e\u00a0 le pi\u00f9 importanti aziende di produzione di macchine agricole, tra le pi\u00f9 importanti d\u2019Europa, non a caso, perch\u00e9 Modena si trova in Emilia Romagna, che \u00e8 la regione pi\u00f9 importante in Italia per le produzioni agricole e alimentari.\u00a0<\/span><span data-ccp-props=\"{&quot;201341983&quot;:0,&quot;335559740&quot;:288}\">\u00a0<\/span><\/p>\n<p data-ccp-border-bottom=\"0px none #000000\" data-ccp-padding-bottom=\"0px\" data-ccp-border-between=\"0px none #000000\" data-ccp-padding-between=\"0px\"><span data-contrast=\"none\">Molti trovano strano che l\u2019Italia sia un paese di ingegneri meccanici, eppure la meccanica \u00e8 uno dei fiori all\u2019occhiello della nostra nazione, nella quale si trovano moltissime fabbriche meccaniche di altissimo livello. Un esempio su tutti, la Nuovo Pignone di Firenze, che \u00e8 la pi\u00f9 prestigiosa fabbrica al mondo per la produzione di turbine per l\u2019estrazione di petrolio e gas naturale, L\u2019avreste mai pensato, a una cosa cos\u00ec specialistica?!\u00a0<\/span><span data-ccp-props=\"{&quot;201341983&quot;:0,&quot;335559740&quot;:288}\">\u00a0<\/span><\/p>\n<p data-ccp-border-bottom=\"0px none #000000\" data-ccp-padding-bottom=\"0px\" data-ccp-border-between=\"0px none #000000\" data-ccp-padding-between=\"0px\"><span data-contrast=\"none\">Ma non dimentichiamo la Fincantieri di Trieste, che \u00e8 il pi\u00f9 importante gruppo navale e cantiere d\u2019Europa, da dove escono navi commerciali, da trasporto, piattaforme marine, navi militari e le pi\u00f9 straordinarie navi da crociera di sempre.\u00a0<\/span><span data-ccp-props=\"{&quot;201341983&quot;:0,&quot;335559740&quot;:288}\">\u00a0<\/span><\/p>\n<p data-ccp-border-bottom=\"0px none #000000\" data-ccp-padding-bottom=\"0px\" data-ccp-border-between=\"0px none #000000\" data-ccp-padding-between=\"0px\"><span data-contrast=\"none\">Sempre nel campo della meccanica, l\u2019Italia \u00e8 anche un grande produttore di elettrodomestici, uno dei pi\u00f9 importati in Europa. Purtroppo, l\u2019Italia \u00e8 anche uno dei pi\u00f9 grandi produttori al mondo di armi, come la fabbrica Beretta, famosissima per le armi, e di strumentazioni militari, come la Leonardo. <\/span><\/p>\n<p data-ccp-border-bottom=\"0px none #000000\" data-ccp-padding-bottom=\"0px\" data-ccp-border-between=\"0px none #000000\" data-ccp-padding-between=\"0px\"><span data-contrast=\"none\">L\u2019Italia \u00e8 anche uno dei principali produttori di elicotteri in Europa, soprattutto grazie alla Augusta e alla Piaggio, la stessa fabbrica del motoscooter Vespa, tanto per parlare ancora di famose industrie meccaniche. E in Italia non c\u2019\u00e8 solo la Piaggio per le motociclette e la gi\u00e0 citata Ducati, ma ci sono anche famosissime marche come Augusta, Aprilia, Moto Guzzi, Benelli, tutte motociclette mitiche, amate da un pubblico ricco ed esigente!\u00a0<\/span><span data-ccp-props=\"{&quot;201341983&quot;:0,&quot;335559740&quot;:288}\">\u00a0<\/span><\/p>\n<p data-ccp-border-bottom=\"0px none #000000\" data-ccp-padding-bottom=\"0px\" data-ccp-border-between=\"0px none #000000\" data-ccp-padding-between=\"0px\"><span data-contrast=\"none\">Tutte queste costruzioni meccaniche hanno bisogno acciai e metalli. Infatti, in Italia, a Piombino in Toscana e soprattutto a Taranto, in Puglia, ci sono i pi\u00f9 grandi stabilimenti siderurgici in Europa: l\u2019avreste mai detto?! In ogni caso, il settore metalmeccanico \u00e8 il principale in Italia, con un fatturato di 500 miliardi di euro una gran parte del PIL italiano.\u00a0<\/span><span data-ccp-props=\"{&quot;201341983&quot;:0,&quot;335559740&quot;:288}\">\u00a0<\/span><\/p>\n<p data-ccp-border-bottom=\"0px none #000000\" data-ccp-padding-bottom=\"0px\" data-ccp-border-between=\"0px none #000000\" data-ccp-padding-between=\"0px\"><span data-contrast=\"none\">Ma vediamo quello che \u00e8 il secondo settore industriale italiano: quello alimentare. E partiamo da quelle cose che tutti conoscono: come l\u2019aceto balsamico di Modena, il Parmigiano reggiano di Reggio Emilia e Parma, il prosciutto di Parma e, sempre a Parma, la Barilla. <\/span><\/p>\n<p data-ccp-border-bottom=\"0px none #000000\" data-ccp-padding-bottom=\"0px\" data-ccp-border-between=\"0px none #000000\" data-ccp-padding-between=\"0px\"><span data-contrast=\"none\">Infatti, l\u2019area di Parma con Barilla, Parmalat, il prosciutto, il parmigiano, \u00e8 considerata uno dei centri principali dell\u2019agroalimentare italiano ed europeo. Questo insieme alla regione Puglia, che produce grano, olio, uva e frutta, pi\u00f9 di ogni altra regione italiana. Pensate che l\u2019Italia \u00e8 anche il pi\u00f9 grande produttore al mondo di agricoltura biologica. Il settore agricolo vale quasi il 12% del PIL nazionale, ovvero qualcosa come quasi 200 miliardi di euro, un quarto dei quali vengono esportati.\u00a0<\/span><span data-ccp-props=\"{&quot;201341983&quot;:0,&quot;335559740&quot;:288}\">\u00a0<\/span><\/p>\n<p data-ccp-border-bottom=\"0px none #000000\" data-ccp-padding-bottom=\"0px\" data-ccp-border-between=\"0px none #000000\" data-ccp-padding-between=\"0px\"><span data-contrast=\"none\">Per non parlare dei vini: Piemonte, Toscana, Veneto, Puglia, l\u2019Italia \u00e8 il pi\u00f9 importate produttore di vino nel mondo, con oltre 50milioni di ettolitri l\u2019anno, l\u2019Italia supera la Francia e la California, con moltissimi vini di assoluto prestigio e un fatturato di 14 miliardi di euro, la met\u00e0 dei quali arrivano dall\u2019export. <\/span><\/p>\n<p data-ccp-border-bottom=\"0px none #000000\" data-ccp-padding-bottom=\"0px\" data-ccp-border-between=\"0px none #000000\" data-ccp-padding-between=\"0px\"><span data-contrast=\"none\">Inutile parlare di vini come Chianti, Barolo, Prosecco, famosi in tutto il mondo, ma possiamo citare tanti altri alcolici come il Marsala, l\u2019Amaretto, il limoncello, le grappe, gli amari e i vermouth, o prodotti come Martini, Campari, Fernet Branca. Questo, nonostante gli italiani siano tra gli europei che bevono meno alcool. Infatti, questi prodotti vengono in gran parte esportati.\u00a0<\/span><span data-ccp-props=\"{&quot;201341983&quot;:0,&quot;335559740&quot;:288}\">\u00a0<\/span><\/p>\n<p data-ccp-border-bottom=\"0px none #000000\" data-ccp-padding-bottom=\"0px\" data-ccp-border-between=\"0px none #000000\" data-ccp-padding-between=\"0px\"><span data-contrast=\"none\">Altro super settore industriale \u00e8 quello della moda, che arriva a quasi 40miliardi di euro l\u2019anno, la met\u00e0 dei quali sempre dalle esportazioni. Quello della moda coinvolge molte industrie, come quella del tessile, per la produzione di filati e tessuti, o quella della pelle e del cuoio, nelle quali la Toscana \u00e8 importantissima. Infatti la citt\u00e0 di Prato, vicino Firenze, \u00e8 il distretto pi\u00f9 grande in Europa per la produzione di tessuti e filati.<\/span><\/p>\n<p data-ccp-border-bottom=\"0px none #000000\" data-ccp-padding-bottom=\"0px\" data-ccp-border-between=\"0px none #000000\" data-ccp-padding-between=\"0px\"><span data-contrast=\"none\">Mentre Firenze \u00e8 il distretto pi\u00f9 importante nel mondo per la produzione di pelletteria e scarpe di lusso, anche perch\u00e9, sempre in Toscana, in provincia di Pisa, c\u2019\u00e8 il distretto conciario pi\u00f9 grande d\u2019Italia. Tante industrie di moda si trovano anche in Lombardia, e Marche. Per rimanere in Toscana, nella nostra regione, \u00e8 interessante andare oltre i soliti clich\u00e9 di regione fatta di bellissimi paesaggi, citt\u00e0 d\u2019arte, cultura e bellezza, per scoprire che \u00e8 una regione dagli importantissimi distretti industriali ed economici. <\/span><\/p>\n<p data-ccp-border-bottom=\"0px none #000000\" data-ccp-padding-bottom=\"0px\" data-ccp-border-between=\"0px none #000000\" data-ccp-padding-between=\"0px\"><span data-contrast=\"none\">Oltre ai citati distretti di Prato per il tessile, di Firenze per la pelletteria e di Pisa per le concerie, potremmo citare Pistoia, che \u00e8 la citt\u00e0 che ha il distretto pi\u00f9 grande di Europa per il vivaismo, ovvero la produzione di piante, mentre la provincia di Lucca lo \u00e8 per la coltivazione di fiori da vaso e da recidere. Sempre in provincia di Lucca, c\u2019\u00e8 il secondo distretto pi\u00f9 grande in Europa e il pi\u00f9 importante d\u2019Italia per la produzione di carta di uso comune ( come tovaglioli di carta, fazzoletti, carta igienica, carta da cucina). <\/span><\/p>\n<p data-ccp-border-bottom=\"0px none #000000\" data-ccp-padding-bottom=\"0px\" data-ccp-border-between=\"0px none #000000\" data-ccp-padding-between=\"0px\"><span data-contrast=\"none\">E tra Lucca, Pisa e Livorno ci sono i pi\u00f9 prestigiosi cantieri di nautica da diporto del mondo, ovvero, qui si producono i pi\u00f9 bei yacht della terra, quelli da oltre 100 metri, che i pi\u00f9 famosi milionari fanno produrre in Toscana. Mentre in provincia di Siena, c\u2019\u00e8 il distretto pi\u00f9 grande d\u2019Europa per la produzione dei caravan e dei camper motorizzati, e poi Siena \u00e8 il paradiso delle fattorie di vino, la regione del Chianti si trova in gran parte in provincia di Siena, come anche l\u2019area del Brunello di Montalcino e della Vernaccia di San Gimignano. Sempre a Siena, ci sono grandi produttori di farmaci, soprattutto vaccini. <\/span><\/p>\n<p data-ccp-border-bottom=\"0px none #000000\" data-ccp-padding-bottom=\"0px\" data-ccp-border-between=\"0px none #000000\" data-ccp-padding-between=\"0px\"><span data-contrast=\"none\">E per rimanere nel campo farmaceutico, a Firenze, la ditta Menarini \u00e8 la pi\u00f9 grande industria farmaceutica d\u2019Italia, che \u00e8 il paese che, comunque, produce pi\u00f9 medicine in Europa. Nella provincia di Massa Carrara c\u2019\u00e8 l\u2019importantissimo distretto per la produzione del marmo di Carrara, considerato il marmo bianco pi\u00f9 bello di sempre. <\/span><\/p>\n<p data-ccp-border-bottom=\"0px none #000000\" data-ccp-padding-bottom=\"0px\" data-ccp-border-between=\"0px none #000000\" data-ccp-padding-between=\"0px\"><span data-contrast=\"none\">Sulle Alpi Apuane, c\u2019\u00e8 una frenetica attivit\u00e0 di estrazione di marmo, con grandissime cave e dove il marmo viene trasportato al porto di Carrara per essere esportato in tutto il mondo. In Toscana, rimane la citt\u00e0 di Arezzo, che \u00e8 la citt\u00e0 pi\u00f9 importante al mondo per la produzione di gioielli e prodotti in oro. La famosissima ditta UNAERRE di Arezzo, \u00e8 ancora oggi il pi\u00f9 grande trasformatore di oro della terra.\u00a0<\/span><span data-ccp-props=\"{&quot;201341983&quot;:0,&quot;335559740&quot;:288}\">\u00a0<\/span><\/p>\n<p data-ccp-border-bottom=\"0px none #000000\" data-ccp-padding-bottom=\"0px\" data-ccp-border-between=\"0px none #000000\" data-ccp-padding-between=\"0px\"><span data-contrast=\"none\">Come vedete, dietro i filari di cipressi e i vigneti della Toscana, amata dai viaggiatori di tutto il mondo, si nasconde tutta un\u2019economia che il turista non s\u2019immagina. Ma ci sono altre realt\u00e0 importantissime, che non s\u2019immaginano. Per esempio, in Emilia-Romagna, a Sassuolo, c\u2019\u00e8 il pi\u00f9 grande distretto di produzione di ceramiche per la casa (mattonelle e piastrelle). Sempre l\u00ec vicino, a Mirandola, c\u2019\u00e8 il pi\u00f9 importante distretto di produzione in Europa di dispositivi biomedicali monouso, incredibile!\u00a0<\/span><span data-ccp-props=\"{&quot;201341983&quot;:0,&quot;335559740&quot;:288}\">\u00a0<\/span><\/p>\n<p data-ccp-border-bottom=\"0px none #000000\" data-ccp-padding-bottom=\"0px\" data-ccp-border-between=\"0px none #000000\" data-ccp-padding-between=\"0px\"><span data-contrast=\"none\">Nella provincia di Monza, in Lombardia, c\u2019\u00e8 invece il pi\u00f9 importante distretto di mobili e arredamento d\u2019Italia. Trieste, nel Friuli, \u00e8 invece il porto pi\u00f9 importate in Europa per l\u2019import di caff\u00e8, oltre a essere la citt\u00e0 italiana pi\u00f9 specializzata nella torrefazione e produzione di caff\u00e8 di alta qualit\u00e0.\u00a0<\/span><span data-ccp-props=\"{&quot;201341983&quot;:0,&quot;335559740&quot;:288}\">\u00a0<\/span><\/p>\n<p data-ccp-border-bottom=\"0px none #000000\" data-ccp-padding-bottom=\"0px\" data-ccp-border-between=\"0px none #000000\" data-ccp-padding-between=\"0px\"><span data-contrast=\"none\">A proposito di porti, ricordiamoci che l\u2019Italia \u00e8 una penisola al centro del Mediterraneo e che dall\u2019Italia passa la maggior parte delle merci che si spostano via mare nel Mediterraneo: Napoli, Palermo, Gioia Tauro, Taranto, Ancona, Livorno, Genova, La Spezia, Venezia, Trieste e molte altre citt\u00e0, sono tutti porti importanti, che movimentano milioni di container ogni anno, con un grande valore commerciale.\u00a0<\/span><span data-ccp-props=\"{&quot;201341983&quot;:0,&quot;335559740&quot;:288}\">\u00a0<\/span><\/p>\n<p data-ccp-border-bottom=\"0px none #000000\" data-ccp-padding-bottom=\"0px\" data-ccp-border-between=\"0px none #000000\" data-ccp-padding-between=\"0px\"><span data-contrast=\"none\">Ma ora basta, questa lista si potrebbe allungare all\u2019infinito, diventando noiosa. Volevo solo farvi capire quanto la ricchezza italiana sia data da una grande variet\u00e0 di produzioni industriali, spesso originali e uniche, tutte di alta qualit\u00e0 e di prestigio, e di come gli italiani non sono solo quelli dei clich\u00e9 banali tipo, pizza, spaghetti, mandolino, mafia, che molti stranieri amano pensare e che fanno arrabbiare moltissimo gli italiani. <\/span><\/p>\n<p data-ccp-border-bottom=\"0px none #000000\" data-ccp-padding-bottom=\"0px\" data-ccp-border-between=\"0px none #000000\" data-ccp-padding-between=\"0px\"><span data-contrast=\"none\">In Italia, c\u2019\u00e8 un grandissimo desiderio di lavorare, emergere, fare cose interessanti e produrre in maniera originale. Infatti, non dimenticatevi che Europass di Firenze \u00e8 la pi\u00f9 prestigiosa scuola di italiano per stranieri di Italia e il pi\u00f9 importante provider di formazione continua per insegnanti d\u2019Europa, sapete perch\u00e9? Perch\u00e9 siamo italiani e ci piace stupirvi!\u00a0<\/span><span data-ccp-props=\"{&quot;201341983&quot;:0,&quot;335559740&quot;:288}\">\u00a0<\/span><\/p>\n<h4 data-ccp-border-bottom=\"0px none #000000\" data-ccp-padding-bottom=\"0px\" data-ccp-border-between=\"0px none #000000\" data-ccp-padding-between=\"0px\"><span data-ccp-props=\"{&quot;201341983&quot;:0,&quot;335559740&quot;:288}\">Approfondimento linguistico<\/span><\/h4>\n<p data-ccp-border-bottom=\"0px none #000000\" data-ccp-padding-bottom=\"0px\" data-ccp-border-between=\"0px none #000000\" data-ccp-padding-between=\"0px\"><span data-contrast=\"none\">Benvenuto all\u2019approfondimento lessicale della puntata sul <\/span><i><span data-contrast=\"none\">made in Italy<\/span><\/i><span data-contrast=\"none\"> dedicato all\u2019industria italiana dell\u2019Italia a 360\u00b0 di Europass. Abbiamo pi\u00f9 volte nominato questo termine \u201cPIL\u201d, che \u00e8 acronimo di Prodotto Interno Lordo. \u00c8 un termine di natura economica che serve per misurare il valore in denaro di tutti i beni e servizi che un paese produce in un dato periodo. \u00c8 uno strumento per valutare la capacit\u00e0 di un paese di produrre ricchezza ed \u00e8 considerato il parametro principale per misurare il benessere economico di una nazione.<\/span><span data-ccp-props=\"{&quot;201341983&quot;:0,&quot;335559740&quot;:288}\">\u00a0<\/span><\/p>\n<p data-ccp-border-bottom=\"0px none #000000\" data-ccp-padding-bottom=\"0px\" data-ccp-border-between=\"0px none #000000\" data-ccp-padding-between=\"0px\"><span data-contrast=\"none\">Abbiamo poi ripetuto molte volte il termine \u201cdistretto\u201d, distretto industriale. Un distretto industriale \u00e8 un\u2019area, ben localizzata su un territorio, dove si trovano fabbriche che sono specializzate a creare tutti gli oggetti e i servizi necessari a creare dei prodotti di una stessa categoria.<\/span><\/p>\n<p data-ccp-border-bottom=\"0px none #000000\" data-ccp-padding-bottom=\"0px\" data-ccp-border-between=\"0px none #000000\" data-ccp-padding-between=\"0px\"><span data-contrast=\"none\">Per esempio, nel distretto industriale della carta di Lucca, ci sono le cartiere vere e proprie, ovvero le fabbriche di carta, ma anche le industrie chimiche che producono i prodotti per le cartiere, le officine per produrre macchine per la carta, i meccanici che fanno le riparazioni a queste macchine, i trasportatori che portano la carta da una lavorazione a un\u2019altra, le societ\u00e0 che raccolgono la carta usata da riciclare, il sistema di acquedotti necessari a produrre la carta, le agenzie di marketing per queste industrie, ecc. Dunque, un distretto \u00e8 un\u2019area dotata di un sistema complesso dedicato alla produzione di un determinato prodotto.<\/span><span data-ccp-props=\"{&quot;201341983&quot;:0,&quot;335559740&quot;:288}\">\u00a0<\/span><\/p>\n<p data-ccp-border-bottom=\"0px none #000000\" data-ccp-padding-bottom=\"0px\" data-ccp-border-between=\"0px none #000000\" data-ccp-padding-between=\"0px\"><span data-contrast=\"none\">Quando abbiamo nominato l\u2019industria metalmeccanica, intendiamo tutte quelle industrie che producono oggetti di metallo e che sono meccanici, come automobili, elettrodomestici, navi, motori, strumenti, macchinari, ecc.<\/span><span data-ccp-props=\"{&quot;201341983&quot;:0,&quot;335559740&quot;:288}\">\u00a0<\/span><\/p>\n<p data-ccp-border-bottom=\"0px none #000000\" data-ccp-padding-bottom=\"0px\" data-ccp-border-between=\"0px none #000000\" data-ccp-padding-between=\"0px\"><span data-contrast=\"none\">Mentre l\u2019espressione idiomatica \u201cfiore all\u2019occhiello\u201d si riferisce al fiore che, in speciali occasioni, si pu\u00f2 mettere all\u2019occhiello, ovvero al buco dove passa un bottone della giacca. Spesso si tratta di fiori molto belli, speciali, dunque il fiore pi\u00f9 bello da mostrare, da esibire. Questa espressione ha dunque il significato di un qualcosa di particolarmente bello, buono e pregiato che rende orgogliosi.<\/span><span data-ccp-props=\"{&quot;201341983&quot;:0,&quot;335559740&quot;:288}\">\u00a0<\/span><\/p>\n<p data-ccp-border-between=\"0px none #000000\" data-ccp-padding-between=\"0px\"><span data-contrast=\"none\">Vi ringrazio per avermi seguito e vi aspetto alla prossima puntata di Italia 360\u00b0 di Europass Firenze.<\/span><span data-ccp-props=\"{&quot;201341983&quot;:0,&quot;335559740&quot;:288}\">\u00a0<\/span><\/p>\n<hr \/>\n<p><strong>Scritto e prodotto da<\/strong>\u00a0<a href=\"https:\/\/ils.simonemontanari.com\/it\/maurizio-faggi\/\">Maurizio Faggi<\/a>, insegnante di italiano e storia dell\u2019arte.<\/p>\n","protected":false},"excerpt":{"rendered":"<p>Script &#8211; L&#8217;industria Italiana Benvenuti a Italia 360\u00b0, il podcast di Europass.\u00a0\u00a0 Nelle scorse puntate, abbiamo parlato dei pi\u00f9 famosi settori del made in Italy: quello della moda dei grandi stilisti, dei designer pi\u00f9 famosi, delle auto di prestigio, degli oggetti iconici che l\u2019Italia ha lanciato nel mondo. Ma c\u2019\u00e8 anche tutto un mondo industriale [&hellip;]<\/p>\n","protected":false},"author":603,"featured_media":11518,"parent":10466,"menu_order":0,"comment_status":"closed","ping_status":"closed","template":"full-width.php","meta":{"_acf_changed":false,"footnotes":""},"class_list":["post-11517","page","type-page","status-publish","has-post-thumbnail","hentry"],"acf":[],"_links":{"self":[{"href":"https:\/\/ils.simonemontanari.com\/it\/wp-json\/wp\/v2\/pages\/11517","targetHints":{"allow":["GET"]}}],"collection":[{"href":"https:\/\/ils.simonemontanari.com\/it\/wp-json\/wp\/v2\/pages"}],"about":[{"href":"https:\/\/ils.simonemontanari.com\/it\/wp-json\/wp\/v2\/types\/page"}],"author":[{"embeddable":true,"href":"https:\/\/ils.simonemontanari.com\/it\/wp-json\/wp\/v2\/users\/603"}],"replies":[{"embeddable":true,"href":"https:\/\/ils.simonemontanari.com\/it\/wp-json\/wp\/v2\/comments?post=11517"}],"version-history":[{"count":0,"href":"https:\/\/ils.simonemontanari.com\/it\/wp-json\/wp\/v2\/pages\/11517\/revisions"}],"up":[{"embeddable":true,"href":"https:\/\/ils.simonemontanari.com\/it\/wp-json\/wp\/v2\/pages\/10466"}],"wp:featuredmedia":[{"embeddable":true,"href":"https:\/\/ils.simonemontanari.com\/it\/wp-json\/wp\/v2\/media\/11518"}],"wp:attachment":[{"href":"https:\/\/ils.simonemontanari.com\/it\/wp-json\/wp\/v2\/media?parent=11517"}],"curies":[{"name":"wp","href":"https:\/\/api.w.org\/{rel}","templated":true}]}}