{"id":18,"date":"2017-12-06T15:22:40","date_gmt":"2017-12-06T14:22:40","guid":{"rendered":"https:\/\/ils.simonemontanari.com\/it\/stay-in-florence\/reaching-florence\/"},"modified":"2024-08-23T11:30:10","modified_gmt":"2024-08-23T10:30:10","slug":"arrivare","status":"publish","type":"page","link":"https:\/\/ils.simonemontanari.com\/it\/soggiorno\/arrivare\/","title":{"rendered":"Raggiungere Firenze"},"content":{"rendered":"<h2>Raggiungere Firenze in Treno<\/h2>\n<p><strong>Firenze si trova in un punto centrale della rete ferroviaria italiana<\/strong>, per cui \u00e8 ben servita e collegata direttamente alle citt\u00e0 italiane ed europee pi\u00f9 importanti.<br \/>\nTutti i principali treni che uniscono il nord e il sud dell\u2019Italia solitamente fermano a Firenze. I treni Intercity e ad Alta Velocit\u00e0 tra Milano, Roma, Bologna, Venezia, Verona e Pisa sono frequenti. Ci sono anche <strong>numerose connessioni tra citt\u00e0 Europee con i treni Eurocity ed Euronight<\/strong>.<\/p>\n<p>La stazione principale della citt\u00e0 \u00e8 <a href=\"https:\/\/www.instazione.shop\/firenze-smaria-novella\" target=\"_blank\" rel=\"noopener\">Firenze Santa Maria Novella<\/a> (SMN), situata proprio nel centro, <strong>a 15 minuti a piedi dal Duomo e da Europass<\/strong>. Ci sono altre due stazioni importanti: Firenze Rifredi (nella zona nord-est della citt\u00e0) e Firenze Campo di Marte (nella zona a sud).<\/p>\n<p>Per qualsiasi informazione, per saperne di pi\u00f9 sugli orari o per prenotare, guarda il sito di Trenitalia, la societ\u00e0 italiana per il trasporto ferroviario: <a href=\"http:\/\/www.trenitalia.com\/\" target=\"_blank\" rel=\"noopener\">www.trenitalia.it<\/a><br \/>\nPer i treni ad Alta Velocit\u00e0, puoi guardare anche il sito di \u201cItalo\u201d: <a href=\"https:\/\/www.italotreno.it\/en\" target=\"_blank\" rel=\"noopener\">www.italotreno.it<\/a><\/p>\n<h2>Raggiungere Firenze in Aereo<\/h2>\n<p><strong>L\u2019aeroporto di Firenze si chiama &#8220;<a href=\"https:\/\/www.aeroporto.firenze.it\/it\/\" target=\"_blank\" rel=\"noopener\">Amerigo Vespucci<\/a>&#8220;<\/strong> (FLR) e si trova a <a href=\"https:\/\/www.google.it\/maps\/place\/Aeroporto+Amerigo+Vespucci\/@43.8086534,11.1837152,14z\/data=!4m5!3m4!1s0x132a5700d9c8c257:0xf212e4766dd926b2!8m2!3d43.8086534!4d11.2012247\" target=\"_blank\" rel=\"noopener\">Peretola<\/a>, una zona a circa 7 km dal centro. L\u2019aeroporto di Firenze \u00e8 relativamente piccolo.<\/p>\n<p>\u00c8 utile principalmente per prendere voli nazionali e di compagnie low cost. <strong>\u00c8 ben collegato al centro citt\u00e0 nei seguenti modi: taxi, bus navetta e tramvia<\/strong>, e -se sei gi\u00e0 uno studente Europass e hai bisogno di essere accompagnato al tuo alloggio- il <a href=\"https:\/\/ils.simonemontanari.com\/it\/soggiorno\/arrivare\/#servizio-pick-up-e-transfer-di-europass\" target=\"_blank\" rel=\"noopener\">nostro Servizio Transfer<\/a>.<\/p>\n<p><strong>Le migliori opzioni per raggiungere Firenze in aereo<\/strong> sono, in ordine di vicinanza:<\/p>\n<h3>Pisa-Aeroporto di San Giusto (PSA)<\/h3>\n<p><a href=\"https:\/\/www.pisa-airport.com\/it\/\" target=\"_blank\" rel=\"noopener\">Il principale aeroporto della Toscana<\/a>. Nonostante sia poco pi\u00f9 grande di quello fiorentino, l\u00ec approdano numerosi voli europei di compagnie low cost. <strong>\u00c8 ben collegato a Firenze con treni o autobus<\/strong> (tragitto: circa un\u2019ora).<\/p>\n<h3>Bologna-Aeroporto di Borgo Panigale (BLQ)<\/h3>\n<p>Uno dei pi\u00f9 efficienti aeroporti in Italia, ampiamente utilizzato per <a href=\"https:\/\/www.bologna-airport.it\/benvenuto-all-aeroporto-di-bologna\/?idC=62175#section-park-form\" target=\"_blank\" rel=\"noopener\">voli europei di compagnie low cost<\/a>. Bologna \u00e8 <strong>collegata a Firenze da treni alta velocit\u00e0<\/strong> (tempo di percorrenza: 37 minuti). Ci sono anche autobus che portano a Firenze direttamente dall\u2019aeroporto di Bologna.<\/p>\n<h3>Aeroporti di Milano<\/h3>\n<p>Ci sono tre aeroporti nella zona intorno a Milano, due dei quali per <strong>voli intercontinentali<\/strong>.<br \/>\n<a href=\"https:\/\/www.milanolinate-airport.com\/it\/\" target=\"_blank\" rel=\"noopener\">Milano-Linate<\/a> (LIN), a 7 km da Milano<br \/>\n<a href=\"https:\/\/www.milanomalpensa-airport.com\/it\/\" target=\"_blank\" rel=\"noopener\">Milano-Malpensa<\/a> (MXP), a 48 km da Milano<br \/>\n<a href=\"https:\/\/www.milanbergamoairport.it\/it\/\" target=\"_blank\" rel=\"noopener\">Bergamo-Orio al Serio<\/a> (BGY), a 50 km da Milano, con molti collegamenti aerei low cost.<br \/>\nPer andare <strong>da Milano a Firenze ci sono treni Alta Velocit\u00e0<\/strong> (durata del tragitto: 1 ora e 40 minuti)<\/p>\n<h3>Aeroporti di Roma<\/h3>\n<p>Ci sono due aeroporti nella capitale: il pi\u00f9 importante \u00e8 <a href=\"https:\/\/www.adr.it\/web\/aeroporti-di-roma-en-\/pax-fco-fiumicino\" target=\"_blank\" rel=\"noopener\">Fiumicino<\/a> (FCO), con collegamenti <strong>aerei per tutto il mondo<\/strong>; l\u2019altro \u00e8 Roma <a href=\"https:\/\/www.adr.it\/web\/aeroporti-di-roma-en-\/pax-cia-ciampino\" target=\"_blank\" rel=\"noopener\">Ciampino<\/a> (CIA), utilizzato per <strong>voli low cost internazionali e voli interni<\/strong>.<\/p>\n<p>Roma \u00e8 una buona opzione per raggiungere Firenze , perch\u00e9 i <strong>treni ad Alta Velocit\u00e0 tra le due citt\u00e0 hanno un tragitto della durata di 1 ora e 22 minuti<\/strong>. Inoltre, c\u2019\u00e8 un treno che collega proprio l\u2019aeroporto di Fiumicino con Firenze, in sole 2 ore.<\/p>\n<h3>Risorse<\/h3>\n<p>Per trovare il modo migliore per raggiungere Firenze da qualsiasi parte, puoi utilizzare questo utile sito web, che combina i <strong>migliori itinerari di viaggio<\/strong> in aereo \/ treno \/ autobus \/ car sharing: <a href=\"https:\/\/www.rome2rio.com\/\" target=\"_blank\" rel=\"noopener\">www.rome2rio.com<\/a><\/p>\n<h2>Raggiungere Firenze in Auto<\/h2>\n<p>Firenze si trova nella parte settentrionale del Centro Italia ed \u00e8 ben collegata alle altre citt\u00e0 italiane.<br \/>\nCi sono due principali autostrade che attraversano Firenze. L\u2019<a href=\"https:\/\/it.wikipedia.org\/wiki\/Autostrada_A1_(Italia)\" target=\"_blank\" rel=\"noopener\">A1<\/a>, anche chiamata \u201cautostrada del sole\u201d, mette in comunicazione Milano e Napoli, passando attraverso Bologna, Firenze e Roma. <strong>L\u2019A11, o \u201cFirenze Mare\u201d, unisce Firenze a Pisa e altre localit\u00e0 balneari della Toscana<\/strong>.<br \/>\nLa FI-PI-LI (Firenze Pisa Livorno) \u00e8 un\u2019alternativa senza pedaggio all\u2019A11, dato che collega Firenze alla costa toscana.<\/p>\n<p>Se verrai a Firenze in auto, tieni presente che ci sono diverse uscite autostradali.<\/p>\n<ul>\n<li>Se arrivi da Milano (o da qualsiasi localit\u00e0 a Nord di Firenze sull\u2019A1), ti conviene uscire a \u201cFirenze Nord\u201d<\/li>\n<li>Se arrivi da Roma (o da altre citt\u00e0 a Sud di Firenze), ti conviene uscire a \u201cFirenze Sud\u201d<\/li>\n<\/ul>\n<p>Inoltre, quando si guida in Italia, \u00e8 importante ricordare che i limiti di velocit\u00e0 variano in base al tipo di strada che si percorre:<\/p>\n<ul>\n<li><strong>Autostrade<\/strong>: limite 130 Km\/h<\/li>\n<li><strong>Altre strade principali<\/strong>: 70\/90 Km\/h<\/li>\n<li><strong>Centri Urbani<\/strong>: 50 Km\/h<\/li>\n<\/ul>\n<p>Puoi trovare ulteriori informazione sul sito delle autostrade italiane: <a href=\"http:\/\/www.autostrade.it\/it\/home\" target=\"_blank\" rel=\"noopener\">www.autostrade.it<\/a>.<\/p>\n<h2>Servizio Pick Up e Transfer di Europass<\/h2>\n<p>Appena arrivi in citt\u00e0 -se vuoi e se ne hai bisogno-, <strong>pu\u00f2 venirti a prendere un membro dello staff Europass (o un membro della famiglia ospitante), in una delle stazioni di Firenze o all\u2019aeroporto di Firenze per accompagnarti fino al tuo alloggio &#8211; e viceversa quando dovrai ripartire<\/strong>.<\/p>\n<p>Puoi selezionare questo servizio direttamente al momento dell\u2019iscrizione.<br \/>\nQuesti sono i costi:<\/p>\n<table class=\"holiday-prices-table\">\n<tbody>\n<tr>\n<th><\/th>\n<th>Sola Andata<\/th>\n<th>Andata e Ritorno<\/th>\n<\/tr>\n<tr>\n<td>Stazioni di Firenze<\/td>\n<td>40\u20ac<\/td>\n<td>75\u20ac<\/td>\n<\/tr>\n<tr>\n<td>Aeroporto di Firenze<\/td>\n<td>50\u20ac<\/td>\n<td>95\u20ac<\/td>\n<\/tr>\n<\/tbody>\n<\/table>\n<p>N.B. Il costo indicato si riferisce alla fascia oraria 6-23. Sar\u00e0 richiesto un supplemento di 10 euro per sola andata tra le ore 23 e 6.<\/p>\n","protected":false},"excerpt":{"rendered":"<p>Raggiungere Firenze in Treno Firenze si trova in un punto centrale della rete ferroviaria italiana, per cui \u00e8 ben servita e collegata direttamente alle citt\u00e0 italiane ed europee pi\u00f9 importanti. Tutti i principali treni che uniscono il nord e il sud dell\u2019Italia solitamente fermano a Firenze. I treni Intercity e ad Alta Velocit\u00e0 tra Milano, [&hellip;]<\/p>\n","protected":false},"author":1788,"featured_media":2398,"parent":17,"menu_order":0,"comment_status":"closed","ping_status":"closed","template":"","meta":{"_acf_changed":false,"footnotes":""},"class_list":["post-18","page","type-page","status-publish","has-post-thumbnail","hentry"],"acf":[],"_links":{"self":[{"href":"https:\/\/ils.simonemontanari.com\/it\/wp-json\/wp\/v2\/pages\/18","targetHints":{"allow":["GET"]}}],"collection":[{"href":"https:\/\/ils.simonemontanari.com\/it\/wp-json\/wp\/v2\/pages"}],"about":[{"href":"https:\/\/ils.simonemontanari.com\/it\/wp-json\/wp\/v2\/types\/page"}],"author":[{"embeddable":true,"href":"https:\/\/ils.simonemontanari.com\/it\/wp-json\/wp\/v2\/users\/1788"}],"replies":[{"embeddable":true,"href":"https:\/\/ils.simonemontanari.com\/it\/wp-json\/wp\/v2\/comments?post=18"}],"version-history":[{"count":0,"href":"https:\/\/ils.simonemontanari.com\/it\/wp-json\/wp\/v2\/pages\/18\/revisions"}],"up":[{"embeddable":true,"href":"https:\/\/ils.simonemontanari.com\/it\/wp-json\/wp\/v2\/pages\/17"}],"wp:featuredmedia":[{"embeddable":true,"href":"https:\/\/ils.simonemontanari.com\/it\/wp-json\/wp\/v2\/media\/2398"}],"wp:attachment":[{"href":"https:\/\/ils.simonemontanari.com\/it\/wp-json\/wp\/v2\/media?parent=18"}],"curies":[{"name":"wp","href":"https:\/\/api.w.org\/{rel}","templated":true}]}}