{"id":2264,"date":"2019-10-21T11:22:36","date_gmt":"2019-10-21T10:22:36","guid":{"rendered":"https:\/\/ils.simonemontanari.com\/it\/?page_id=2264"},"modified":"2024-10-18T08:24:27","modified_gmt":"2024-10-18T07:24:27","slug":"cils","status":"publish","type":"page","link":"https:\/\/ils.simonemontanari.com\/it\/esami-lingua-italiana\/cils\/","title":{"rendered":"Esame CILS (Universit\u00e0 di Siena)"},"content":{"rendered":"<h2>Quali sono i livelli CILS<\/h2>\n<p><iframe loading=\"lazy\" src=\"https:\/\/www.youtube.com\/embed\/tC2lefUvIYk?si=xdf9aEyNoW0GwWGg\" width=\"560\" height=\"315\" frameborder=\"0\" allowfullscreen=\"allowfullscreen\"><\/iframe><br \/>\nRiconosciuta dal Ministero degli Affari Esteri e della Pubblica Istruzione, la certificazione CILS \u00e8 stata la prima ad aver adottato il sistema dei 6 livelli di competenza linguistico-comunicativa, e proposta dal \u201c<a href=\"https:\/\/ils.simonemontanari.com\/it\/blog\/livelli-qcer\/\">Common European Framework of Reference<\/a>\u201d del consiglio d\u2019Europa.<\/p>\n<p>I certificati CILS sono suddivisi in 6 diversi livelli di competenza, a cui si aggiunge il livello CILS B1 Cittadinanza, ovvero un B1 semplificato.<\/p>\n<p>L&#8217;esame consiste in: una prova di ascolto, una prova di lettura, un&#8217;analisi delle strutture di comunicazione, una prova scritta e una prova orale.<\/p>\n<p>Per ottenere la certificazione CILS, il candidato dovr\u00e0 risultare idoneo in tutte le parti.<\/p>\n<p>NOTA: Gli attestati CILS <strong>non hanno scadenza.<\/strong><\/p>\n<h3>CILS A1<\/h3>\n<p>Il\u00a0<strong>CILS A1 <\/strong>\u00e8 pensato per coloro i quali sono ai<strong> primi passi nello studio della lingua.<\/strong><\/p>\n<p>L&#8217;esame CILS A1 dura due ore e costa \u20ac40.<\/p>\n<p><strong>\u00bb<\/strong>\u00a0Mettiti alla prova, completa il\u00a0<a href=\"https:\/\/ils.simonemontanari.com\/it\/test-di-italiano\/a1\/\">test di italiano A1<\/a><\/p>\n<h3>CILS A2<\/h3>\n<p>Il <strong>CILS A2<\/strong> \u00e8 il certificato necessario <strong>per chi desidera ottenere un permesso di soggiorno.\u00a0<\/strong><\/p>\n<p>L&#8217;esame CILS A2 dura due ore e costa \u20ac40.<\/p>\n<p><strong>\u00bb<\/strong>\u00a0Mettiti alla prova, completa il\u00a0<a href=\"https:\/\/ils.simonemontanari.com\/it\/test-di-italiano\/a2\/\">test di italiano A2<\/a><\/p>\n<h3>CILS Livello Uno<\/h3>\n<p>Il &#8220;<strong>Livello Uno<\/strong>&#8220;, che corrisponde al livello B1 del Quadro europeo, e valuta il livello base di competenza degli utenti, necessario per l&#8217;uso autonomo della lingua nei contesti quotidiani.<\/p>\n<p>La certificazione \u201cLivello Uno\u201d permette agli studenti stranieri l&#8217;<strong>ammissione al sistema italiano di scuola superiore.<\/strong><\/p>\n<p>L&#8217;esame CILS Livello Uno dura tre ore e costa \u20ac90.<\/p>\n<p><strong>\u00bb<\/strong>\u00a0Mettiti alla prova, completa il\u00a0<a href=\"https:\/\/ils.simonemontanari.com\/it\/test-di-italiano\/b1\/\">test di italiano B1<\/a><\/p>\n<h3>CILS B1 Cittadinanza<\/h3>\n<p><strong>CILS B1 Cittadinanza <\/strong>corrisponde sempre al livello B1 del Quadro europeo, ma presenta delle leggere differenze rispetto al \u201cLivello Uno\u201d.<\/p>\n<p>La Legge 1 dicembre 2018, n. 132 rende necessario il posseso di un certificato di livello B1 <strong>per ottenere la cittadinanza italiana,<\/strong> per questo motivo, l\u2019Universit\u00e0 degli stranieri di Siena ha elaborato un esame B1 semplificato che non va a coprire gli scopi lavoratovi e accademici.<\/p>\n<p>La durata d&#8217;esame CILS B1 Cittadinanza \u00e8 tre ore e costa \u20ac100.<\/p>\n<p><strong>\u00bb<\/strong>\u00a0Mettiti alla prova, completa il\u00a0<a href=\"https:\/\/ils.simonemontanari.com\/it\/test-di-italiano\/b1\/\">test di italiano B1<\/a><\/p>\n<h3>CILS Livello Due<\/h3>\n<p>Il \u201c<strong>Livello Due<\/strong>\u201d, B2 del Framework, \u00e8 un livello intermedio, in cui gli studenti sono in grado di dimostrare la capacit\u00e0 di utilizzare le basi fondamentali della lingua, in un&#8217;ampia variet\u00e0 di contesti e situazioni.<\/p>\n<p>Il &#8220;Livello Due&#8221; \u00e8 necessario<strong> per l&#8217;ammissione universitaria in Italia<\/strong><b>.<\/b><\/p>\n<p>L&#8217;esame CILS Livello Due dura circa quattro ore e costa \u20ac105.<\/p>\n<p><strong>\u00bb<\/strong>\u00a0Mettiti alla prova, completa il\u00a0<a href=\"https:\/\/ils.simonemontanari.com\/it\/test-di-italiano\/b2\/\">test di italiano B2<\/a><\/p>\n<h3>CILS Livello Tre<\/h3>\n<p>Il \u201c<strong>Livello Tre<\/strong>\u201d, C1 del Framework, dimostra un&#8217;elevata competenza nell&#8217;uso della lingua italiana, per uno studente in grado di usare efficacemente l&#8217;italiano in una gamma molto pi\u00f9 ampia di contesti.<\/p>\n<p>Questo livello \u00e8<strong> altamente spendibile in ambito lavorativo.<\/strong><\/p>\n<p>L&#8217;esame CILS Livello Tre dura circa cinque ore e costa \u20ac135.<\/p>\n<p><strong>\u00bb<\/strong>\u00a0Mettiti alla prova, completa il\u00a0<a href=\"https:\/\/ils.simonemontanari.com\/it\/test-di-italiano\/c1\/\">test di italiano C1<\/a><\/p>\n<h3>CILS Livello Quattro<\/h3>\n<p>Il &#8220;<strong>Livello Quattro<\/strong>&#8220;, C2 del Framework, \u00e8 il livello pi\u00f9 avanzato. Questo testimonia un uso della lingua paragonabile a quello di un madrelingua. Anche in questo caso, il certificato rappresenta un ottimo valore aggiunto ad un curriculum accademico, ed \u00e8 <strong>spendibile in ambito lavorativo.<\/strong><\/p>\n<p>L&#8217;esame CILS Livello Quattro dura circa cinque ore e mezza e costa \u20ac160.<\/p>\n<h2>Esami CILS: quando e dove<\/h2>\n<p>Gli esami CILS si svolgono solitamente cinque volte all\u2019anno e avvengono contemporaneamente in tutto il mondo.<\/p>\n<p>Sul sito dell\u2019<a href=\"https:\/\/www.unistrasi.it\/redirect.asp?n=\/2\/527\/home_altre_lingue.htm\" target=\"_blank\" rel=\"noopener noreferrer\">Universit\u00e0 per stranieri di Siena<\/a> puoi consultare l\u2019<a href=\"https:\/\/cils.unistrasi.it\/82\/364\/Le_date_degli_esami.htm\" target=\"_blank\" rel=\"noopener noreferrer\">elenco delle date d\u2019esame<\/a>.<\/p>\n<ul>\n<li>In Italia, si svolgono presso l\u2019Universit\u00e0 di Siena e altre sedi convenzionate, <strong>inclusa la <a href=\"https:\/\/ils.simonemontanari.com\/it\/chi-siamo\/\">nostra scuola<\/a>!<\/strong> <a href=\"https:\/\/cils.unistrasi.it\/84\/68\/Italia.htm\">Lista completa<\/a>.<\/li>\n<li>All\u2019estero gli esami hanno luogo presso alcune sedi convenzionate e Istituti Italiani di Cultura. Scopri <a href=\"https:\/\/cils.unistrasi.it\/1\/93\/Come_diventare_sede_di_esame.htm\" target=\"_blank\" rel=\"noopener noreferrer\">la sede pi\u00f9 vicine a te<\/a>.<\/li>\n<\/ul>\n<p><strong>Attenzione<\/strong>: Per sostenere l&#8217;esame \u00e8 necessario rispettare delle scadenze rigorose, per esempio, l&#8217;iscrizione deve avvenire almeno 45 giorni prima dell&#8217;esame.<\/p>\n<span class=\"ep-cta-button\"><a class=\"button\" href=\"https:\/\/ils.simonemontanari.com\/it\/corsi\/cils-celi-a-firenze\/\">Prenota l'esame a Firenze<span class=\"icon\"><svg xmlns=\"http:\/\/www.w3.org\/2000\/svg\" aria-hidden=\"true\" focusable=\"false\" role=\"img\" viewBox=\"0 0 448 512\"><path fill=\"currentColor\" d=\"M443.7 266.8l-165.9 176C274.5 446.3 269.1 448 265.5 448c-3.986 0-7.988-1.375-11.16-4.156c-6.773-5.938-7.275-16.06-1.118-22.59L393.9 272H16.59c-9.171 0-16.59-7.155-16.59-15.1S7.421 240 16.59 240h377.3l-140.7-149.3c-6.157-6.531-5.655-16.66 1.118-22.59c6.789-5.906 17.27-5.469 23.45 1.094l165.9 176C449.4 251.3 449.4 260.7 443.7 266.8z\"\/><\/svg><\/span> <\/a><\/span>\n<h2>Preparazione agli esami CILS<\/h2>\n<p>Per superare gli esami CILS non \u00e8 necessario aver seguito un corso specifico, con specifici contenuti o un metodo specifico, ma \u00e8 importante possedere una buona preparazione rispetto a quanto previsto nei <a href=\"https:\/\/cils.unistrasi.it\/public\/articoli\/52\/Files\/linee_guida_cils_pdf.pdf\">profili di competenza dei diversi livelli<\/a>.<\/p>\n<p>Per questo motivo, offriamo a chiunque voglia affidarsi a noi per la preparazione all&#8217;esame CILS (a Firenze e online) un <a href=\"https:\/\/ils.simonemontanari.com\/it\/corsi\/incontro-gratuito\/\">incontro conoscitivo di 15 minuti<\/a>\u00a0dove uno dei nostri istruttori ti aiuter\u00e0 a scegliere il percorso di apprendimento pi\u00f9 adatto alle tue necessit\u00e0.<\/p>\n<p>Per questo motivo, offriamo una\u00a0<a href=\"https:\/\/ils.simonemontanari.com\/it\/corsi\/incontro-gratuito\/\">consulenza online gratuita<\/a> della durata di 15 minuti in cui uno dei nostri istruttori pu\u00f2 aiutarti a scegliere il percorso di apprendimento che meglio si adatta alle tue esigenze nella preparazione dell\u2019esame CILS.<\/p>\n<ul>\n<li class=\"page-card_title\"><a href=\"https:\/\/ils.simonemontanari.com\/it\/corsi\/gruppo-online\/\">Corsi di Italiano Online di Gruppo<\/a><br \/>\n2 lezioni, da 100 minuti ciascuna, a settimana con studenti del tuo livello.<\/li>\n<li class=\"page-card_title\"><a href=\"https:\/\/ils.simonemontanari.com\/it\/corsi\/privati-firenze\/\">Lezioni Private di Italiano a Firenze<\/a><br \/>\nLascia che i nostri insegnanti esperti ti guidino nella preparazione dell\u2019esame CILS.<\/li>\n<li class=\"page-card_title\"><a href=\"https:\/\/ils.simonemontanari.com\/it\/corsi\/standard-firenze\/\">Corso Standard di Italiano<\/a><br \/>\n4 lezioni di italiano, ogni giorno, con un piccolo gruppo di compagni di classe.<\/li>\n<li class=\"page-card_title\"><a href=\"https:\/\/ils.simonemontanari.com\/it\/corsi\/privati-online\/\">Lezioni Private di Italiano Online<\/a><br \/>\nPrepara il tuo esame CILS con il supporto di insegnanti esperti.<\/li>\n<\/ul>\n<p>Durante la preparazione agli esami CILS, \u00e8 possibile simulare una sessione di esame, utilizzando vecchie prove di esame CILS.<\/p>\n<p>In questo modo ti abituerai al tipo di prove, alla loro sequenza e al tempo previsto per il loro svolgimento. Inoltre, potrai verificare con facilit\u00e0 il punteggio ottenuto.<\/p>\n","protected":false},"excerpt":{"rendered":"<p>Quali sono i livelli CILS Riconosciuta dal Ministero degli Affari Esteri e della Pubblica Istruzione, la certificazione CILS \u00e8 stata la prima ad aver adottato il sistema dei 6 livelli di competenza linguistico-comunicativa, e proposta dal \u201cCommon European Framework of Reference\u201d del consiglio d\u2019Europa. I certificati CILS sono suddivisi in 6 diversi livelli di competenza, [&hellip;]<\/p>\n","protected":false},"author":1788,"featured_media":10868,"parent":3353,"menu_order":0,"comment_status":"closed","ping_status":"closed","template":"course.php","meta":{"_acf_changed":false,"footnotes":""},"class_list":["post-2264","page","type-page","status-publish","has-post-thumbnail","hentry"],"acf":[],"_links":{"self":[{"href":"https:\/\/ils.simonemontanari.com\/it\/wp-json\/wp\/v2\/pages\/2264","targetHints":{"allow":["GET"]}}],"collection":[{"href":"https:\/\/ils.simonemontanari.com\/it\/wp-json\/wp\/v2\/pages"}],"about":[{"href":"https:\/\/ils.simonemontanari.com\/it\/wp-json\/wp\/v2\/types\/page"}],"author":[{"embeddable":true,"href":"https:\/\/ils.simonemontanari.com\/it\/wp-json\/wp\/v2\/users\/1788"}],"replies":[{"embeddable":true,"href":"https:\/\/ils.simonemontanari.com\/it\/wp-json\/wp\/v2\/comments?post=2264"}],"version-history":[{"count":0,"href":"https:\/\/ils.simonemontanari.com\/it\/wp-json\/wp\/v2\/pages\/2264\/revisions"}],"up":[{"embeddable":true,"href":"https:\/\/ils.simonemontanari.com\/it\/wp-json\/wp\/v2\/pages\/3353"}],"wp:featuredmedia":[{"embeddable":true,"href":"https:\/\/ils.simonemontanari.com\/it\/wp-json\/wp\/v2\/media\/10868"}],"wp:attachment":[{"href":"https:\/\/ils.simonemontanari.com\/it\/wp-json\/wp\/v2\/media?parent=2264"}],"curies":[{"name":"wp","href":"https:\/\/api.w.org\/{rel}","templated":true}]}}