{"id":23,"date":"2017-12-06T15:22:14","date_gmt":"2017-12-06T14:22:14","guid":{"rendered":"https:\/\/ils.simonemontanari.com\/it\/stay-in-florence\/accommodations\/"},"modified":"2024-09-26T09:24:11","modified_gmt":"2024-09-26T08:24:11","slug":"alloggio","status":"publish","type":"page","link":"https:\/\/ils.simonemontanari.com\/it\/soggiorno\/alloggio\/","title":{"rendered":"Alloggio"},"content":{"rendered":"<p>Ovviamente potrai cercare un alloggio per conto tuo ma, se non vuoi perdere tempo a cercare, nel database della nostra scuola <strong>abbiamo un\u2019ampia gamma di alloggi<\/strong>, che abbiamo selezionato con cura.<\/p>\n<h2>Qualit\u00e0 garantita<\/h2>\n<p>Tutti gli alloggi che proponiamo sono <strong>controllati regolarmente<\/strong> in base ai seguenti criteri:<\/p>\n<ul>\n<li>Condizioni generali dell\u2019appartamento<\/li>\n<li>Funzionamento degli impianti (acqua calda, riscaldamento etc.)<\/li>\n<li>Pulizia.<\/li>\n<\/ul>\n<p>Per quanto riguarda l\u2019alloggio presso famiglie ospitanti, valutiamo anche l\u2019apertura, la socievolezza e l\u2019ospitalit\u00e0 delle persone, come pure la variet\u00e0, quantit\u00e0 e qualit\u00e0 dei pasti.<\/p>\n<div id='gallery-1' class='gallery galleryid-23 gallery-columns-3 gallery-size-thumbnail'><figure class='gallery-item'>\n\t\t\t<div class='gallery-icon landscape'>\n\t\t\t\t<a href='https:\/\/ils.simonemontanari.com\/it\/wp-content\/uploads\/sites\/4\/2018\/02\/florence-city-center-accommodation-08.png'><img loading=\"lazy\" decoding=\"async\" width=\"376\" height=\"250\" src=\"https:\/\/ils.simonemontanari.com\/it\/wp-content\/uploads\/sites\/4\/2018\/02\/florence-city-center-accommodation-08-376x250.png\" class=\"attachment-thumbnail size-thumbnail\" alt=\"Appartamenti a Firente\" srcset=\"https:\/\/ils.simonemontanari.com\/it\/wp-content\/uploads\/sites\/4\/2018\/02\/florence-city-center-accommodation-08-376x250.png 376w, https:\/\/ils.simonemontanari.com\/it\/wp-content\/uploads\/sites\/4\/2018\/02\/florence-city-center-accommodation-08-752x501.png 752w, https:\/\/ils.simonemontanari.com\/it\/wp-content\/uploads\/sites\/4\/2018\/02\/florence-city-center-accommodation-08-768x512.png 768w, https:\/\/ils.simonemontanari.com\/it\/wp-content\/uploads\/sites\/4\/2018\/02\/florence-city-center-accommodation-08.png 914w\" sizes=\"auto, (max-width: 376px) 100vw, 376px\" \/><\/a>\n\t\t\t<\/div><\/figure><figure class='gallery-item'>\n\t\t\t<div class='gallery-icon landscape'>\n\t\t\t\t<a href='https:\/\/ils.simonemontanari.com\/it\/wp-content\/uploads\/sites\/4\/2018\/02\/host-family-apartment-florence-europass-03.jpg'><img loading=\"lazy\" decoding=\"async\" width=\"376\" height=\"250\" src=\"https:\/\/ils.simonemontanari.com\/it\/wp-content\/uploads\/sites\/4\/2018\/02\/host-family-apartment-florence-europass-03-376x250.jpg\" class=\"attachment-thumbnail size-thumbnail\" alt=\"Appartamenti a Firente\" \/><\/a>\n\t\t\t<\/div><\/figure><figure class='gallery-item'>\n\t\t\t<div class='gallery-icon landscape'>\n\t\t\t\t<a href='https:\/\/ils.simonemontanari.com\/it\/wp-content\/uploads\/sites\/4\/2018\/02\/apartment-florence-europass-07.jpg'><img loading=\"lazy\" decoding=\"async\" width=\"376\" height=\"250\" src=\"https:\/\/ils.simonemontanari.com\/it\/wp-content\/uploads\/sites\/4\/2018\/02\/apartment-florence-europass-07-376x250.jpg\" class=\"attachment-thumbnail size-thumbnail\" alt=\"Appartamenti a Firente\" srcset=\"https:\/\/ils.simonemontanari.com\/it\/wp-content\/uploads\/sites\/4\/2018\/02\/apartment-florence-europass-07-376x250.jpg 376w, https:\/\/ils.simonemontanari.com\/it\/wp-content\/uploads\/sites\/4\/2018\/02\/apartment-florence-europass-07-752x501.jpg 752w, https:\/\/ils.simonemontanari.com\/it\/wp-content\/uploads\/sites\/4\/2018\/02\/apartment-florence-europass-07-768x512.jpg 768w, https:\/\/ils.simonemontanari.com\/it\/wp-content\/uploads\/sites\/4\/2018\/02\/apartment-florence-europass-07-1182x788.jpg 1182w, https:\/\/ils.simonemontanari.com\/it\/wp-content\/uploads\/sites\/4\/2018\/02\/apartment-florence-europass-07.jpg 1600w\" sizes=\"auto, (max-width: 376px) 100vw, 376px\" \/><\/a>\n\t\t\t<\/div><\/figure>\n\t\t<\/div>\n\n<p>Due settimane prima dell\u2019inizio del corso gli studenti riceveranno le foto dell\u2019appartamento (laddove disponibili) e una descrizione scritta, insieme a una lista dei servizi disponibili.<\/p>\n<p>Ecco la nostra lista di alloggi disponibili: puoi scegliere quella pi\u00f9 vicina alle tue esigenze!<\/p>\n<h2>Famiglia Ospitante<\/h2>\n<p>Questo tipo di alloggio \u00e8 l\u2019<strong>ideale per chi desidera fare amicizie e conoscere pi\u00f9 da vicino lo stile di vita italiano<\/strong>.<\/p>\n<div id='gallery-2' class='gallery galleryid-23 gallery-columns-3 gallery-size-thumbnail'><figure class='gallery-item'>\n\t\t\t<div class='gallery-icon portrait'>\n\t\t\t\t<a href='https:\/\/ils.simonemontanari.com\/it\/wp-content\/uploads\/sites\/4\/2018\/02\/host-family-apartment-florence-europass-02.jpg'><img loading=\"lazy\" decoding=\"async\" width=\"376\" height=\"250\" src=\"https:\/\/ils.simonemontanari.com\/it\/wp-content\/uploads\/sites\/4\/2018\/02\/host-family-apartment-florence-europass-02-376x250.jpg\" class=\"attachment-thumbnail size-thumbnail\" alt=\"Stanza singola o doppia presso famiglia ospitante\" \/><\/a>\n\t\t\t<\/div><\/figure><figure class='gallery-item'>\n\t\t\t<div class='gallery-icon landscape'>\n\t\t\t\t<a href='https:\/\/ils.simonemontanari.com\/it\/wp-content\/uploads\/sites\/4\/2018\/02\/host-family-apartment-florence-europass-01.jpg'><img loading=\"lazy\" decoding=\"async\" width=\"376\" height=\"250\" src=\"https:\/\/ils.simonemontanari.com\/it\/wp-content\/uploads\/sites\/4\/2018\/02\/host-family-apartment-florence-europass-01-376x250.jpg\" class=\"attachment-thumbnail size-thumbnail\" alt=\"Stanza singola o doppia presso famiglia ospitante\" srcset=\"https:\/\/ils.simonemontanari.com\/it\/wp-content\/uploads\/sites\/4\/2018\/02\/host-family-apartment-florence-europass-01-376x250.jpg 376w, https:\/\/ils.simonemontanari.com\/it\/wp-content\/uploads\/sites\/4\/2018\/02\/host-family-apartment-florence-europass-01-752x501.jpg 752w, https:\/\/ils.simonemontanari.com\/it\/wp-content\/uploads\/sites\/4\/2018\/02\/host-family-apartment-florence-europass-01-768x512.jpg 768w, https:\/\/ils.simonemontanari.com\/it\/wp-content\/uploads\/sites\/4\/2018\/02\/host-family-apartment-florence-europass-01-1182x788.jpg 1182w, https:\/\/ils.simonemontanari.com\/it\/wp-content\/uploads\/sites\/4\/2018\/02\/host-family-apartment-florence-europass-01.jpg 1600w\" sizes=\"auto, (max-width: 376px) 100vw, 376px\" \/><\/a>\n\t\t\t<\/div><\/figure><figure class='gallery-item'>\n\t\t\t<div class='gallery-icon landscape'>\n\t\t\t\t<a href='https:\/\/ils.simonemontanari.com\/it\/wp-content\/uploads\/sites\/4\/2018\/02\/host-family-apartment-florence-europass-04.jpg'><img loading=\"lazy\" decoding=\"async\" width=\"376\" height=\"250\" src=\"https:\/\/ils.simonemontanari.com\/it\/wp-content\/uploads\/sites\/4\/2018\/02\/host-family-apartment-florence-europass-04-376x250.jpg\" class=\"attachment-thumbnail size-thumbnail\" alt=\"Stanza singola o doppia presso famiglia ospitante\" \/><\/a>\n\t\t\t<\/div><\/figure>\n\t\t<\/div>\n\n<p>Tra le nostre famiglie ospitanti ci sono coppie di tutte le et\u00e0 -con o senza bambini-, genitori separati o persone single. Spesso, le persone pi\u00f9 \u201csu con l\u2019et\u00e0\u201d diventano le nonne dei nostri studenti!<\/p>\n<p>Potrai <strong>assaggiare il cibo fatto in casa da famiglie del posto e il tuo italiano migliorer\u00e0 rapidamente<\/strong>, grazia all\u2019atmosfera amichevole ed accogliente che troverai.<\/p>\n<p>Le case si trovano vicino al centro di Firenze e sono facilmente raggiungibili dai mezzi di trasporto.<br \/>\n<div class=\"row has-columns two-columns \">\n<div class=\"column\">\n<h3>Stanza e colazione<\/h3>\n<table class=\"holiday-prices-table\">\n<tbody>\n<tr>\n<th>Notti<\/th>\n<th>Singola<\/th>\n<th>Doppia<\/th>\n<\/tr>\n<tr>\n<td style=\"text-align: center;\"><strong>6<\/strong><\/td>\n<td>240-270\u20ac<\/td>\n<td>210-240\u20ac<\/td>\n<\/tr>\n<tr>\n<td style=\"text-align: center;\"><strong>13<\/strong><\/td>\n<td>455-520\u20ac<\/td>\n<td>390-455\u20ac<\/td>\n<\/tr>\n<tr>\n<td style=\"text-align: center;\"><b>sett.aggiuntiva<br \/>\n(7 notti)<\/b><\/td>\n<td><b><\/b>245-280\u20ac<\/td>\n<td>210-245\u20ac<\/td>\n<\/tr>\n<\/tbody>\n<\/table>\n<\/div>\n<div class=\"column\">\n<h3>Stanza e mezza pensione<\/h3>\n<table class=\"holiday-prices-table\">\n<tbody>\n<tr>\n<th>Notti<\/th>\n<th>Singola<\/th>\n<th>Doppia<\/th>\n<\/tr>\n<tr>\n<td style=\"text-align: center;\"><strong>6<\/strong><\/td>\n<td>300- 330 \u20ac<\/td>\n<td>270-300\u20ac<\/td>\n<\/tr>\n<tr>\n<td style=\"text-align: center;\"><strong>13<\/strong><\/td>\n<td>585-650\u20ac<\/td>\n<td>520-585\u20ac<\/td>\n<\/tr>\n<tr>\n<td style=\"text-align: center;\"><strong>sett.aggiuntiva<br \/>\n(7 notti)<\/strong><\/td>\n<td>315-350\u20ac<\/td>\n<td>280-315\u20ac<\/td>\n<\/tr>\n<\/tbody>\n<\/table>\n<\/div>\n<\/div>\n<h3>Dettagli<\/h3>\n<ul>\n<li>Le stanze doppie sono disponibili solo per chi viaggia insieme<\/li>\n<li>Arrivi la domenica, partenze il sabato. Notti extra su richiesta.<\/li>\n<li>L&#8217;uso di cucina non \u00e8 consentito<\/li>\n<\/ul>\n<p><strong>Nel costo sono inclusi<\/strong>: consumi (elettricit\u00e0, gas, acqua) \u2022 Pulizie prima e dopo la partenza \u2022 Lenzuola e asciugamani \u2022 Lavatrice (un carico a settimana) \u2022 Connessione wifi. Vitto (colazione oppure mezza pensione)<\/p>\n<h2>Appartamento Condiviso<\/h2>\n<p>Se vuoi stare con altri studenti, in un\u2019atmosfera internazionale, <strong>quest\u2019opzione \u00e8 perfetta, perch\u00e9 ti permetter\u00e0 di incontrare altre persone ma anche di avere i tuoi spazi<\/strong>.<\/p>\n<p><em>Alcuni esempi di appartamenti condivisi<\/em><\/p>\n<div id='gallery-3' class='gallery galleryid-23 gallery-columns-3 gallery-size-thumbnail'><figure class='gallery-item'>\n\t\t\t<div class='gallery-icon portrait'>\n\t\t\t\t<a href='https:\/\/ils.simonemontanari.com\/it\/wp-content\/uploads\/sites\/4\/2018\/02\/standard-accommodation-florence-europass-02.jpg'><img loading=\"lazy\" decoding=\"async\" width=\"376\" height=\"250\" src=\"https:\/\/ils.simonemontanari.com\/it\/wp-content\/uploads\/sites\/4\/2018\/02\/standard-accommodation-florence-europass-02-376x250.jpg\" class=\"attachment-thumbnail size-thumbnail\" alt=\"Appartamento condiviso\" \/><\/a>\n\t\t\t<\/div><\/figure><figure class='gallery-item'>\n\t\t\t<div class='gallery-icon landscape'>\n\t\t\t\t<a href='https:\/\/ils.simonemontanari.com\/it\/wp-content\/uploads\/sites\/4\/2018\/02\/florence-city-center-accommodation-07.jpg'><img loading=\"lazy\" decoding=\"async\" width=\"376\" height=\"250\" src=\"https:\/\/ils.simonemontanari.com\/it\/wp-content\/uploads\/sites\/4\/2018\/02\/florence-city-center-accommodation-07-376x250.jpg\" class=\"attachment-thumbnail size-thumbnail\" alt=\"Appartamento condiviso\" \/><\/a>\n\t\t\t<\/div><\/figure><figure class='gallery-item'>\n\t\t\t<div class='gallery-icon landscape'>\n\t\t\t\t<a href='https:\/\/ils.simonemontanari.com\/it\/wp-content\/uploads\/sites\/4\/2018\/02\/florence-city-center-accommodation-05.png'><img loading=\"lazy\" decoding=\"async\" width=\"376\" height=\"250\" src=\"https:\/\/ils.simonemontanari.com\/it\/wp-content\/uploads\/sites\/4\/2018\/02\/florence-city-center-accommodation-05-376x250.png\" class=\"attachment-thumbnail size-thumbnail\" alt=\"Appartamento condiviso\" srcset=\"https:\/\/ils.simonemontanari.com\/it\/wp-content\/uploads\/sites\/4\/2018\/02\/florence-city-center-accommodation-05-376x250.png 376w, https:\/\/ils.simonemontanari.com\/it\/wp-content\/uploads\/sites\/4\/2018\/02\/florence-city-center-accommodation-05-752x501.png 752w, https:\/\/ils.simonemontanari.com\/it\/wp-content\/uploads\/sites\/4\/2018\/02\/florence-city-center-accommodation-05-768x511.png 768w, https:\/\/ils.simonemontanari.com\/it\/wp-content\/uploads\/sites\/4\/2018\/02\/florence-city-center-accommodation-05.png 910w\" sizes=\"auto, (max-width: 376px) 100vw, 376px\" \/><\/a>\n\t\t\t<\/div><\/figure>\n\t\t<\/div>\n\n<p>Gli appartamenti condivisi solitamente hanno da 2 a 4 stanze e, in alcuni casi, puoi condividere l\u2019appartamento solo con il\/la proprietario\/a (in genere si tratta di studenti o lavoratori).<\/p>\n<p>Gli studenti possono scegliere le seguenti opzioni:<\/p>\n<ul>\n<li><strong>Stanza singola o doppia<\/strong> (quest\u2019ultima solo per chi viaggia insieme)<\/li>\n<\/ul>\n<div class=\"row has-columns two-columns \">\n<div class=\"column\">\n<table class=\"holiday-prices-table\">\n<tbody>\n<tr>\n<th>Notti<\/th>\n<th>Singola<\/th>\n<th>Doppia<\/th>\n<\/tr>\n<tr>\n<td style=\"text-align: center;\"><strong>6<\/strong><\/td>\n<td>250-300\u20ac<\/td>\n<td>150-200\u20ac<\/td>\n<\/tr>\n<tr>\n<td style=\"text-align: center;\"><strong>13<\/strong><\/td>\n<td>350-450\u20ac<\/td>\n<td>250-350\u20ac<\/td>\n<\/tr>\n<tr>\n<td style=\"text-align: center;\"><strong>sett.aggiuntiva<br \/>\n(7 notti)<\/strong><\/td>\n<td>130-175\u20ac<\/td>\n<td>100-150\u20ac<\/td>\n<\/tr>\n<\/tbody>\n<\/table>\n<\/div>\n<\/div>\n<h3>Dettagli<\/h3>\n<ul>\n<li>Gli appartamenti si trovano da 10 a 35\/40 minuti a piedi dalla scuola<\/li>\n<li>Le camere doppie sono disponibili solo per chi viaggia insieme<\/li>\n<li>Arrivi la domenica, partenze il sabato. Notti extra su richiesta.<\/li>\n<li>In alcuni casi, agli studenti potrebbe essere richiesto di pagare una cauzione al momento dell\u2019arrivo. In assenza di eventuali danni alle strutture, al momento della partenza verr\u00e0 restituito l\u2019intero importo.<\/li>\n<li>Appartamenti misti (donne\/ uomini)<\/li>\n<\/ul>\n<p><strong>Nel costo sono inclusi<\/strong>: consumi (elettricit\u00e0, gas, acqua) \u2022 Pulizie prima e dopo la partenza \u2022 Lenzuola e asciugamani\u00a0 \u2022\u00a0 Connessione WIFI \u2022 Uso della cucina<\/p>\n<h2>Appartamento indipendente<\/h2>\n<p>Se ami essere indipendente e vivere con tutti i comfort, questa \u00e8 l\u2019opzione ideale per te.<\/p>\n<p><em>Alcuni esempi di appartamenti indipendenti<\/em><\/p>\n<div id='gallery-4' class='gallery galleryid-23 gallery-columns-3 gallery-size-thumbnail'><figure class='gallery-item'>\n\t\t\t<div class='gallery-icon landscape'>\n\t\t\t\t<a href='https:\/\/ils.simonemontanari.com\/it\/wp-content\/uploads\/sites\/4\/2018\/02\/apartment-florence-europass-03.png'><img loading=\"lazy\" decoding=\"async\" width=\"376\" height=\"250\" src=\"https:\/\/ils.simonemontanari.com\/it\/wp-content\/uploads\/sites\/4\/2018\/02\/apartment-florence-europass-03-376x250.png\" class=\"attachment-thumbnail size-thumbnail\" alt=\"Appartamento indipendente\" \/><\/a>\n\t\t\t<\/div><\/figure><figure class='gallery-item'>\n\t\t\t<div class='gallery-icon landscape'>\n\t\t\t\t<a href='https:\/\/ils.simonemontanari.com\/it\/wp-content\/uploads\/sites\/4\/2018\/02\/apartment-florence-europass-06.jpg'><img loading=\"lazy\" decoding=\"async\" width=\"376\" height=\"250\" src=\"https:\/\/ils.simonemontanari.com\/it\/wp-content\/uploads\/sites\/4\/2018\/02\/apartment-florence-europass-06-376x250.jpg\" class=\"attachment-thumbnail size-thumbnail\" alt=\"Appartamento indipendente\" srcset=\"https:\/\/ils.simonemontanari.com\/it\/wp-content\/uploads\/sites\/4\/2018\/02\/apartment-florence-europass-06-376x250.jpg 376w, https:\/\/ils.simonemontanari.com\/it\/wp-content\/uploads\/sites\/4\/2018\/02\/apartment-florence-europass-06-752x501.jpg 752w, https:\/\/ils.simonemontanari.com\/it\/wp-content\/uploads\/sites\/4\/2018\/02\/apartment-florence-europass-06-768x512.jpg 768w, https:\/\/ils.simonemontanari.com\/it\/wp-content\/uploads\/sites\/4\/2018\/02\/apartment-florence-europass-06-1182x788.jpg 1182w, https:\/\/ils.simonemontanari.com\/it\/wp-content\/uploads\/sites\/4\/2018\/02\/apartment-florence-europass-06.jpg 1600w\" sizes=\"auto, (max-width: 376px) 100vw, 376px\" \/><\/a>\n\t\t\t<\/div><\/figure><figure class='gallery-item'>\n\t\t\t<div class='gallery-icon landscape'>\n\t\t\t\t<a href='https:\/\/ils.simonemontanari.com\/it\/wp-content\/uploads\/sites\/4\/2018\/02\/apartment-florence-europass-02.png'><img loading=\"lazy\" decoding=\"async\" width=\"376\" height=\"250\" src=\"https:\/\/ils.simonemontanari.com\/it\/wp-content\/uploads\/sites\/4\/2018\/02\/apartment-florence-europass-02-376x250.png\" class=\"attachment-thumbnail size-thumbnail\" alt=\"Appartamento indipendente\" \/><\/a>\n\t\t\t<\/div><\/figure>\n\t\t<\/div>\n\n<p>Sono disponibili <strong>mono-<\/strong> e <strong>bilocali<\/strong> (camera da letto, un salottino con cucinotto, bagno), generalmente situati nel centro di Firenze, con tutti i comfort per una piacevole permanenza.<\/p>\n<table class=\"holiday-prices-table\">\n<tbody>\n<tr>\n<td>Appartamento Privato in Centro:<\/td>\n<td>a partire da 70\/80\u20ac a notte<\/td>\n<\/tr>\n<\/tbody>\n<\/table>\n<h3>Dettagli<\/h3>\n<ul>\n<li>Arrivi la domenica, partenze il sabato. Notti extra su richiesta<\/li>\n<li>In alcuni casi, agli studenti potrebbe essere richiesto di pagare una cauzione al momento dell\u2019arrivo. In assenza di eventuali danni alle strutture, al momento della partenza verr\u00e0 restituito l\u2019intero importo.<\/li>\n<\/ul>\n<p><strong>Nel costo sono inclusi<\/strong>: consumi (elettricit\u00e0, gas, acqua)\u00a0 \u2022 Lenzuola e asciugamani\u00a0 \u2022 Connessione WIFI<\/p>\n","protected":false},"excerpt":{"rendered":"<p>Ovviamente potrai cercare un alloggio per conto tuo ma, se non vuoi perdere tempo a cercare, nel database della nostra scuola abbiamo un\u2019ampia gamma di alloggi, che abbiamo selezionato con cura. Qualit\u00e0 garantita Tutti gli alloggi che proponiamo sono controllati regolarmente in base ai seguenti criteri: Condizioni generali dell\u2019appartamento Funzionamento degli impianti (acqua calda, riscaldamento [&hellip;]<\/p>\n","protected":false},"author":1788,"featured_media":10607,"parent":17,"menu_order":0,"comment_status":"closed","ping_status":"closed","template":"","meta":{"_acf_changed":false,"footnotes":""},"class_list":["post-23","page","type-page","status-publish","has-post-thumbnail","hentry"],"acf":[],"_links":{"self":[{"href":"https:\/\/ils.simonemontanari.com\/it\/wp-json\/wp\/v2\/pages\/23","targetHints":{"allow":["GET"]}}],"collection":[{"href":"https:\/\/ils.simonemontanari.com\/it\/wp-json\/wp\/v2\/pages"}],"about":[{"href":"https:\/\/ils.simonemontanari.com\/it\/wp-json\/wp\/v2\/types\/page"}],"author":[{"embeddable":true,"href":"https:\/\/ils.simonemontanari.com\/it\/wp-json\/wp\/v2\/users\/1788"}],"replies":[{"embeddable":true,"href":"https:\/\/ils.simonemontanari.com\/it\/wp-json\/wp\/v2\/comments?post=23"}],"version-history":[{"count":0,"href":"https:\/\/ils.simonemontanari.com\/it\/wp-json\/wp\/v2\/pages\/23\/revisions"}],"up":[{"embeddable":true,"href":"https:\/\/ils.simonemontanari.com\/it\/wp-json\/wp\/v2\/pages\/17"}],"wp:featuredmedia":[{"embeddable":true,"href":"https:\/\/ils.simonemontanari.com\/it\/wp-json\/wp\/v2\/media\/10607"}],"wp:attachment":[{"href":"https:\/\/ils.simonemontanari.com\/it\/wp-json\/wp\/v2\/media?parent=23"}],"curies":[{"name":"wp","href":"https:\/\/api.w.org\/{rel}","templated":true}]}}