{"id":27,"date":"2017-12-06T15:21:45","date_gmt":"2017-12-06T14:21:45","guid":{"rendered":"https:\/\/ils.simonemontanari.com\/it\/stay-in-florence\/europass-activities\/"},"modified":"2024-11-27T10:52:06","modified_gmt":"2024-11-27T09:52:06","slug":"attivita","status":"publish","type":"page","link":"https:\/\/ils.simonemontanari.com\/it\/soggiorno\/attivita\/","title":{"rendered":"Attivit\u00e0 di Europass"},"content":{"rendered":"<p>Le seguenti attivit\u00e0 e tour possono essere inclusi nei vari pacchetti o possono essere acquistati separatamente, al tuo arrivo.<\/p>\n<p>Garantiamo la rotazione delle attivit\u00e0 nell\u2019arco di 8 settimana, per cui potrai aggiungere un walking tour e una visita guidata al museo a settimana, fino a due mesi, senza preoccupazioni.<\/p>\n<p>La principale lingua parlata durante i tour \u00e8 l\u2019italiano, ma \u00e8 possibile anche parlare in inglese, affinch\u00e9 tutti gli studenti, a prescindere dal livello, possano capire ed essere coinvolti.<\/p>\n<h2>Walking tour: 10\u20ac<\/h2>\n<p>I nostri tour settimanali mirano a scoprire -soprattutto- Firenze, i suoi <a href=\"https:\/\/www.zingarate.com\/italia\/toscana\/firenze\/quartieri-da-visitare.html\" target=\"_blank\" rel=\"noopener\">quartieri<\/a>, i monumenti e i <strong>centri pi\u00f9 vivaci della vita in citt\u00e0<\/strong>. Ogni settimana puoi vedere nuovi angoli della citt\u00e0, attraverso prospettive diverse.<\/p>\n<p>Siamo molto fortunati ad avere un insegnante \u2013 Maurizio \u2013 con una profonda conoscenza di tutte le curiosit\u00e0 e storie nascoste di Firenze. Come lui, tutte le nostre guide possono accompagnarti alla scoperta dei vari, sorprendenti aspetti della nostra bella citt\u00e0!<\/p>\n<p>Questi sono i nostri tour, in ordine, dal pi\u00f9 comune al meno frequente:<\/p>\n<h4>Passeggiata non turistica nel centro<\/h4>\n<p>Abbandona le vie affollate e immergiti nell&#8217;atmosfera autentica della citt\u00e0. Esplora vicoli pittoreschi e scopri gli angoli nascosti di Firenze.<\/p>\n<h4>Oltrarno<\/h4>\n<p>Con bar e negozietti di antiquariato, studi di artisti ed osterie, questo \u00e8 il quartiere fiorentino pi\u00f9 autentico, proprio al di l\u00e0 del fiume Arno.<\/p>\n<h4>Palazzo Vecchio<\/h4>\n<p>Un viaggio nel cuore della storia fiorentina attraverso le sale di questo maestoso palazzo che ha visto i destini della citt\u00e0 e dei suoi abitanti.<\/p>\n<h4>Il quartiere di Santa Maria Novella<\/h4>\n<p>Un&#8217;immersione nella Firenze autentica, attraverso le strade e i vicoli di questo suggestivo quartiere, tra storia e cultura.<\/p>\n<h4>I luoghi dei Medici<\/h4>\n<p>Scopri i luoghi che hanno segnato la potente dinastia dei Medici, le loro residenze, gli affascinanti aneddoti e il loro impatto sulla citt\u00e0.<\/p>\n<h4>Salotti di Firenze<\/h4>\n<p>Esplora gli eleganti salotti storici di Firenze, dove l&#8217;arte, la cultura e la societ\u00e0 si sono intrecciate nel corso dei secoli.<\/p>\n<h4>Piazza del Duomo<\/h4>\n<p>Un&#8217;esperienza emozionante al cuore di Firenze: ammira la grandiosit\u00e0 del Duomo, del Battistero e del Campanile, vero simbolo della citt\u00e0.<\/p>\n<h4>Case torri \u2013 alla scoperta della Firenze medievale<\/h4>\n<p>Con questo tour puoi scoprire ed\u00a0esplorare le tracce del Medioevo, tuttora chiaramente visibili, nonch\u00e9 dell\u2019epoca romana e del Rinascimento, l\u2019era di massimo splendore della citt\u00e0.<\/p>\n<h4>Firenze sconosciuta<\/h4>\n<p>Scopri le storie dimenticate, antiche leggende e tesori nascosti di Firenze, lontano dalle mete turistiche tradizionali.<\/p>\n<h4>Fiesole<\/h4>\n<p>Tra boschi e uliveti, e un teatro romano tuttora attivo, testimone della storia della citt\u00e0, Fiesole si innalza sulle colline dietro Firenze.<\/p>\n<h4>Firenze ai tempi di Dante<\/h4>\n<p>Trasportati indietro nel tempo e immergiti nella Firenze del Sommo Poeta. Esplora le strade lastricate, i mercati animati e i luoghi che hanno ispirato la sua opera immortale.<\/p>\n<h4>Giardini di Firenze<\/h4>\n<p>Immergiti nel lato verde di Firenze e scopri giardini in fiore, con alberi centenari, fontane e un panorama mozzafiato.<\/p>\n<h4>Botteghe artigiane<\/h4>\n<p>Un tour attraverso i pi\u00f9 importanti\u00a0laboratori e botteghe del centro, che ancora oggi portano avanti la\u00a0tradizione dei principali patrimoni della citt\u00e0: l\u2019artigianato e le arti figurative.<\/p>\n<h4>Passeggiata Lungarno<\/h4>\n<p>Una passeggiata lungo il fiume che taglia in due la citt\u00e0,\u00a0attraverso i principali quartieri che si affacciano sulle sue rive, le piazze e le chiese che ne ritraggono la storia.<\/p>\n<h4>Piazzale Michelangelo<\/h4>\n<p>Lontano dal rumore della citt\u00e0, da Piazzale Michelangelo potrai godere di una vista mozzafiato e ammirare da lontano tutti i monumenti pi\u00f9 iconici di Firenze.<\/p>\n<h2>Visite guidate (biglietto incluso): 20\u20ac<\/h2>\n<div id='gallery-1' class='gallery galleryid-27 gallery-columns-3 gallery-size-thumbnail'><figure class='gallery-item'>\n\t\t\t<div class='gallery-icon landscape'>\n\t\t\t\t<img loading=\"lazy\" decoding=\"async\" width=\"376\" height=\"250\" src=\"https:\/\/ils.simonemontanari.com\/it\/wp-content\/uploads\/sites\/4\/2021\/06\/santissima-annunziata-square-florence-3-752x499-1-376x250.jpg\" class=\"attachment-thumbnail size-thumbnail\" alt=\"\" srcset=\"https:\/\/ils.simonemontanari.com\/it\/wp-content\/uploads\/sites\/4\/2021\/06\/santissima-annunziata-square-florence-3-752x499-1-376x250.jpg 376w, https:\/\/ils.simonemontanari.com\/it\/wp-content\/uploads\/sites\/4\/2021\/06\/santissima-annunziata-square-florence-3-752x499-1.jpg 752w\" sizes=\"auto, (max-width: 376px) 100vw, 376px\" \/>\n\t\t\t<\/div><\/figure><figure class='gallery-item'>\n\t\t\t<div class='gallery-icon landscape'>\n\t\t\t\t<img loading=\"lazy\" decoding=\"async\" width=\"376\" height=\"250\" src=\"https:\/\/ils.simonemontanari.com\/it\/wp-content\/uploads\/sites\/4\/2021\/06\/historical-fest-florence-752x499-1-376x250.jpg\" class=\"attachment-thumbnail size-thumbnail\" alt=\"\" srcset=\"https:\/\/ils.simonemontanari.com\/it\/wp-content\/uploads\/sites\/4\/2021\/06\/historical-fest-florence-752x499-1-376x250.jpg 376w, https:\/\/ils.simonemontanari.com\/it\/wp-content\/uploads\/sites\/4\/2021\/06\/historical-fest-florence-752x499-1.jpg 752w\" sizes=\"auto, (max-width: 376px) 100vw, 376px\" \/>\n\t\t\t<\/div><\/figure><figure class='gallery-item'>\n\t\t\t<div class='gallery-icon landscape'>\n\t\t\t\t<img loading=\"lazy\" decoding=\"async\" width=\"376\" height=\"250\" src=\"https:\/\/ils.simonemontanari.com\/it\/wp-content\/uploads\/sites\/4\/2021\/06\/historic-houses-florence-6-752x499-1-376x250.jpg\" class=\"attachment-thumbnail size-thumbnail\" alt=\"\" srcset=\"https:\/\/ils.simonemontanari.com\/it\/wp-content\/uploads\/sites\/4\/2021\/06\/historic-houses-florence-6-752x499-1-376x250.jpg 376w, https:\/\/ils.simonemontanari.com\/it\/wp-content\/uploads\/sites\/4\/2021\/06\/historic-houses-florence-6-752x499-1.jpg 752w\" sizes=\"auto, (max-width: 376px) 100vw, 376px\" \/>\n\t\t\t<\/div><\/figure>\n\t\t<\/div>\n\n<p>Ogni settimana organizziamo almeno un\u2019<strong>attivit\u00e0 per cui \u00e8 richiesto un biglietto di ingresso. <\/strong>Incluso nel prezzo di 20\u20ac avrai quindi sia il biglietto che la possibilit\u00e0 di seguire un nostro insegnante il quale far\u00e0 da guida.<\/p>\n<p>A una cifra forfettaria ti proponiamo una soluzione che include tutte le diverse opzioni, per darti tutto ci\u00f2 di cui hai bisogno senza alcuno sforzo organizzativo da parte tua.<\/p>\n<p>Queste sono le nostre visite a <strong>musei, chiese e mostre,<\/strong> in ordine, da quelli pi\u00f9 comuni a quelli meno frequenti:<\/p>\n<h4 data-pm-slice=\"1 1 []\">Chiesa Santa Maria Novella<\/h4>\n<p data-pm-slice=\"1 1 []\">Scoprire la prima grande basilica di Firenze e il suo convento; un museo di <strong>opere gotiche di grandi artisti fiorentini <\/strong>e la\u00a0<a href=\"https:\/\/www.vologratis.org\/farmacia-santa-maria-novella\/\" target=\"_blank\" rel=\"noopener\">pi\u00f9 antica farmacia<\/a>\u00a0di tutta Europa<\/p>\n<h4>Chiesa Santa Croce<\/h4>\n<p>Una delle pi\u00f9 belle e ricche chiese in Italia,\u00a0<strong>il miglior esempio di stile architettonico Gotico fiorentino<\/strong>, nonch\u00e9 luogo di sepoltura di illustri personalit\u00e0 della storia italiana.<\/p>\n<h4>Basilica di San Lorenzo<\/h4>\n<p>Progettata da maestri come Brunelleschi, racchiude secoli di storia e arte. Esplora le cappelle decorate e scopri le tombe di famiglie nobili che hanno lasciato il loro segno nella storia fiorentina.<\/p>\n<h4>Cappelle Medicee<\/h4>\n<p>Un luogo di valore straordinario, nascosto nel centro di Firenze, e costruito dalla famiglia Medici dietro alla chiesa di San Lorenzo, per fare mostra del proprio potere.<\/p>\n<h4>Museo degli Innocenti<\/h4>\n<p>Entra in contatto con le emozioni profonde dietro la storia del Museo degli Innocenti, un luogo carico di significato che racconta la storia dei bambini abbandonati e delle madri.<\/p>\n<h4>Bargello<\/h4>\n<p>Scopri l&#8217;antico Palazzo del Bargello, ora museo, che racchiude una collezione eccezionale di sculture, opere d&#8217;arte e manufatti medievali e rinascimentali.<\/p>\n<h4>Palazzo Davanzati<\/h4>\n<p>Un&#8217;abitazione rinascimentale nel cuore di Firenze, che ti riporter\u00e0 indietro nel tempo, mostrandoti come vivevano le famiglie fiorentine benestanti nel XV secolo.<\/p>\n<h4>Museo Opera del Duomo<\/h4>\n<p>Un museo unico per scoprire la magnificenza senza tempo dei pi\u00f9 famosi monumenti di Firenze: il battistero, il duomo, il campanile e<strong>\u00a0i capolavori conservati dalla diocesi fiorentina.<\/strong><\/p>\n<h4>Gita in Barca sull\u2019Arno con i Renaioli<\/h4>\n<p>Goditi una prospettiva diversa della citt\u00e0, attraversando i ponti storici e ammirando gli edifici lungo le rive. I Renaioli condivideranno storie e aneddoti sulla storia di Firenze, offrendoti un&#8217;esperienza autentica e indimenticabile.<\/p>\n<h4>Uffizi e Galleria dell\u2019Accademia<\/h4>\n<p>In questi musei, ti aspettano <strong>eccezionali collezioni di dipinti e sculture\u00a0<\/strong>ad opera di Giotto, Piero della Francesca, Botticelli, Leonardo Da Vinci, Raffaello, Michelangelo, Caravaggio, risalenti al 14esimo secolo e al periodo rinascimentale.<\/p>\n<h4>Ville Medicee<\/h4>\n<p>Palazzi di campagna usati per fare mostra del proprio potere e della propria ricchezza, nonch\u00e9 luogo di svago per i proprietari, mentre le attivit\u00e0 agricole si svolgevano nei dintorni. Questo specifico tour si concentra sulle ville nelle immediate vicinanze di Firenze.<\/p>\n<h4>Certosa del Galluzzo<\/h4>\n<p>Una certosa rinascimentale, appena fuori dalla citt\u00e0, nella pi\u00f9 totale tranquillit\u00e0 degli uliveti; un posto dove meditare. Una destinazione leggermente pi\u00f9 originale, fuori dalle solite destinazioni turistiche.<\/p>\n<h4>Forte Belvedere<\/h4>\n<p>Questa fortezza storica offre un&#8217;esperienza unica che combina storia militare con una vista mozzafiato. Esplora le mura imponenti, immergiti nell&#8217;atmosfera medievale e goditi una vista panoramica sulla citt\u00e0.<\/p>\n<h4>Cappella Brancacci<\/h4>\n<p>Una visita alla Cappella Brancacci \u00e8 un viaggio nel tempo e nell&#8217;arte. Qui sono custoditi alcuni dei pi\u00f9 celebri affreschi del mondo, realizzati da artisti come Masaccio e Masolino, e importanti scene bibliche.<\/p>\n<h2>Gite fuori Firenze -20%<\/h2>\n<p>Grazie alla nostra collaborazione con un affidabile tour operator, avrai la possibilit\u00e0 di <strong>scegliere tra pi\u00f9 di 100 gite da fare nel weekend!<\/strong><\/p>\n<p>Potrai scoprire luoghi bellissimi, chiacchierare e fare amicizie, tra un bicchiere di vino e visite mozzafiato.<\/p>\n<p>Queste gite possono essere sia di mezzagiornata che di una giornata intera e sono spesso disponibili in numerose lingue, non solo Italiano e Inglese.<\/p>\n<p>Questi sono alcuni esempi delle gite pi\u00f9 scelte:<\/p>\n<ul>\n<li>Gita a Pisa (mezzagiornata)<\/li>\n<li>Tour nel Chianti (mezzagiornata)<\/li>\n<li>Visita a Pisa e Lucca<\/li>\n<li>Visita a Venezia<\/li>\n<li>Visita a Siena e San Gimignano<\/li>\n<li>Visita a Montepulciano, Montalcino e Pienza<\/li>\n<li>Visita alle Cinque Terre<\/li>\n<\/ul>\n<h2>Corsi &#8220;tutto incluso&#8221;<\/h2>\n        <div class=\"page-card lingua is-style-default\">\n                            <figure class=\"page-card_image\">\n                    <a href=\"https:\/\/ils.simonemontanari.com\/it\/vacanze-studio\/lingua\/\" title=\"Vacanze Studio Lingua Italiana\">\n                        <img loading=\"lazy\" decoding=\"async\" width=\"679\" height=\"480\" src=\"https:\/\/ils.simonemontanari.com\/it\/wp-content\/uploads\/sites\/4\/2023\/07\/vacanza_studio_italiano.png\" class=\"attachment-full size-full wp-post-image\" alt=\"\" \/>                    <\/a>\n                <\/figure>\n            <h3 class=\"page-card_title\"><a href=\"https:\/\/ils.simonemontanari.com\/it\/vacanze-studio\/lingua\/\" title=\"Vacanze Studio Lingua Italiana\">Vacanze Studio Lingua Italiana<\/a><\/h3>            <p class=\"page-card_text\">Lezioni di italiano la mattina, visite e passeggiate guidate per la citt\u00e0 e i suoi dintorni il pomeriggio: rimani per un po\u2019 e potrai sperimentare lo stile di vita fiorentino e la magica atmosfera della citt\u00e0.<\/p>\n                        <p class=\"page-card_cta\"><a href=\"https:\/\/ils.simonemontanari.com\/it\/vacanze-studio\/lingua\/\">Scopri di pi\u00f9<span class=\"icon\"><svg xmlns=\"http:\/\/www.w3.org\/2000\/svg\" aria-hidden=\"true\" focusable=\"false\" role=\"img\" viewBox=\"0 0 448 512\"><path fill=\"currentColor\" d=\"M443.7 266.8l-165.9 176C274.5 446.3 269.1 448 265.5 448c-3.986 0-7.988-1.375-11.16-4.156c-6.773-5.938-7.275-16.06-1.118-22.59L393.9 272H16.59c-9.171 0-16.59-7.155-16.59-15.1S7.421 240 16.59 240h377.3l-140.7-149.3c-6.157-6.531-5.655-16.66 1.118-22.59c6.789-5.906 17.27-5.469 23.45 1.094l165.9 176C449.4 251.3 449.4 260.7 443.7 266.8z\"\/><\/svg><\/span><\/a><\/p>\n                    <\/div>\n        \n        <div class=\"page-card cucina is-style-default\">\n                            <figure class=\"page-card_image\">\n                    <a href=\"https:\/\/ils.simonemontanari.com\/it\/vacanze-studio\/cucina\/\" title=\"Vacanze \u201cLingua Italiana e Cucina\u201d in Italia\">\n                        <img loading=\"lazy\" decoding=\"async\" width=\"720\" height=\"480\" src=\"https:\/\/ils.simonemontanari.com\/it\/wp-content\/uploads\/sites\/4\/2023\/07\/cucina_italiano_a_firenze.png\" class=\"attachment-full size-full wp-post-image\" alt=\"\" srcset=\"https:\/\/ils.simonemontanari.com\/it\/wp-content\/uploads\/sites\/4\/2023\/07\/cucina_italiano_a_firenze.png 720w, https:\/\/ils.simonemontanari.com\/it\/wp-content\/uploads\/sites\/4\/2023\/07\/cucina_italiano_a_firenze-376x250.png 376w\" sizes=\"auto, (max-width: 720px) 100vw, 720px\" \/>                    <\/a>\n                <\/figure>\n            <h3 class=\"page-card_title\"><a href=\"https:\/\/ils.simonemontanari.com\/it\/vacanze-studio\/cucina\/\" title=\"Vacanze \u201cLingua Italiana e Cucina\u201d in Italia\">Vacanze \u201cLingua Italiana e Cucina\u201d in Italia<\/a><\/h3>            <p class=\"page-card_text\">Impara a cucinare secondo la tradizione e la creativit\u00e0 culinaria italiana: disponibili opzioni per tutti i livelli, dalle classi pi\u00f9 informali ai corsi professionali.<\/p>\n                        <p class=\"page-card_cta\"><a href=\"https:\/\/ils.simonemontanari.com\/it\/vacanze-studio\/cucina\/\">Scopri di pi\u00f9<span class=\"icon\"><svg xmlns=\"http:\/\/www.w3.org\/2000\/svg\" aria-hidden=\"true\" focusable=\"false\" role=\"img\" viewBox=\"0 0 448 512\"><path fill=\"currentColor\" d=\"M443.7 266.8l-165.9 176C274.5 446.3 269.1 448 265.5 448c-3.986 0-7.988-1.375-11.16-4.156c-6.773-5.938-7.275-16.06-1.118-22.59L393.9 272H16.59c-9.171 0-16.59-7.155-16.59-15.1S7.421 240 16.59 240h377.3l-140.7-149.3c-6.157-6.531-5.655-16.66 1.118-22.59c6.789-5.906 17.27-5.469 23.45 1.094l165.9 176C449.4 251.3 449.4 260.7 443.7 266.8z\"\/><\/svg><\/span><\/a><\/p>\n                    <\/div>\n        \n        <div class=\"page-card pittura is-style-default\">\n                            <figure class=\"page-card_image\">\n                    <a href=\"https:\/\/ils.simonemontanari.com\/it\/vacanze-studio\/pittura\/\" title=\"Vacanze Lingua Italiana e Pittura\">\n                        <img loading=\"lazy\" decoding=\"async\" width=\"729\" height=\"480\" src=\"https:\/\/ils.simonemontanari.com\/it\/wp-content\/uploads\/sites\/4\/2023\/07\/pittura_italiano_a_firenze.png\" class=\"attachment-full size-full wp-post-image\" alt=\"\" \/>                    <\/a>\n                <\/figure>\n            <h3 class=\"page-card_title\"><a href=\"https:\/\/ils.simonemontanari.com\/it\/vacanze-studio\/pittura\/\" title=\"Vacanze Lingua Italiana e Pittura\">Vacanze Lingua Italiana e Pittura<\/a><\/h3>            <p class=\"page-card_text\">Impara la lingua, le tecniche e gli stili artistici della citt\u00e0 che pi\u00f9 di ogni altra ne celebra la bellezza; Firenze \u00e8 la culla delle belle arti, della pittura e della scultura.<\/p>\n                        <p class=\"page-card_cta\"><a href=\"https:\/\/ils.simonemontanari.com\/it\/vacanze-studio\/pittura\/\">Scopri di pi\u00f9<span class=\"icon\"><svg xmlns=\"http:\/\/www.w3.org\/2000\/svg\" aria-hidden=\"true\" focusable=\"false\" role=\"img\" viewBox=\"0 0 448 512\"><path fill=\"currentColor\" d=\"M443.7 266.8l-165.9 176C274.5 446.3 269.1 448 265.5 448c-3.986 0-7.988-1.375-11.16-4.156c-6.773-5.938-7.275-16.06-1.118-22.59L393.9 272H16.59c-9.171 0-16.59-7.155-16.59-15.1S7.421 240 16.59 240h377.3l-140.7-149.3c-6.157-6.531-5.655-16.66 1.118-22.59c6.789-5.906 17.27-5.469 23.45 1.094l165.9 176C449.4 251.3 449.4 260.7 443.7 266.8z\"\/><\/svg><\/span><\/a><\/p>\n                    <\/div>\n        \n        <div class=\"page-card junior is-style-default\">\n                            <figure class=\"page-card_image\">\n                    <a href=\"https:\/\/ils.simonemontanari.com\/it\/vacanze-studio\/junior\/\" title=\"Campo Estivo Junior &#8211; Corsi di Italiano per Studenti di Scuola Superiore\">\n                        <img loading=\"lazy\" decoding=\"async\" width=\"640\" height=\"480\" src=\"https:\/\/ils.simonemontanari.com\/it\/wp-content\/uploads\/sites\/4\/2023\/07\/corsi_estivi_di_italiano_ragazzi.png\" class=\"attachment-full size-full wp-post-image\" alt=\"\" \/>                    <\/a>\n                <\/figure>\n            <h3 class=\"page-card_title\"><a href=\"https:\/\/ils.simonemontanari.com\/it\/vacanze-studio\/junior\/\" title=\"Campo Estivo Junior &#8211; Corsi di Italiano per Studenti di Scuola Superiore\">Campo Estivo Junior &#8211; Corsi di Italiano per Studenti di Scuola Superiore<\/a><\/h3>            <p class=\"page-card_text\">La prima esperienza all\u2019estero dei tuoi figli! Divertimento e amici, in un ambiente sicuro, nella splendida Firenze.<\/p>\n                        <p class=\"page-card_cta\"><a href=\"https:\/\/ils.simonemontanari.com\/it\/vacanze-studio\/junior\/\">Scopri di pi\u00f9<span class=\"icon\"><svg xmlns=\"http:\/\/www.w3.org\/2000\/svg\" aria-hidden=\"true\" focusable=\"false\" role=\"img\" viewBox=\"0 0 448 512\"><path fill=\"currentColor\" d=\"M443.7 266.8l-165.9 176C274.5 446.3 269.1 448 265.5 448c-3.986 0-7.988-1.375-11.16-4.156c-6.773-5.938-7.275-16.06-1.118-22.59L393.9 272H16.59c-9.171 0-16.59-7.155-16.59-15.1S7.421 240 16.59 240h377.3l-140.7-149.3c-6.157-6.531-5.655-16.66 1.118-22.59c6.789-5.906 17.27-5.469 23.45 1.094l165.9 176C449.4 251.3 449.4 260.7 443.7 266.8z\"\/><\/svg><\/span><\/a><\/p>\n                    <\/div>\n        \n","protected":false},"excerpt":{"rendered":"<p>Le seguenti attivit\u00e0 e tour possono essere inclusi nei vari pacchetti o possono essere acquistati separatamente, al tuo arrivo. Garantiamo la rotazione delle attivit\u00e0 nell\u2019arco di 8 settimana, per cui potrai aggiungere un walking tour e una visita guidata al museo a settimana, fino a due mesi, senza preoccupazioni. La principale lingua parlata durante i [&hellip;]<\/p>\n","protected":false},"author":1788,"featured_media":2395,"parent":17,"menu_order":0,"comment_status":"closed","ping_status":"closed","template":"","meta":{"_acf_changed":false,"footnotes":""},"class_list":["post-27","page","type-page","status-publish","has-post-thumbnail","hentry"],"acf":[],"_links":{"self":[{"href":"https:\/\/ils.simonemontanari.com\/it\/wp-json\/wp\/v2\/pages\/27","targetHints":{"allow":["GET"]}}],"collection":[{"href":"https:\/\/ils.simonemontanari.com\/it\/wp-json\/wp\/v2\/pages"}],"about":[{"href":"https:\/\/ils.simonemontanari.com\/it\/wp-json\/wp\/v2\/types\/page"}],"author":[{"embeddable":true,"href":"https:\/\/ils.simonemontanari.com\/it\/wp-json\/wp\/v2\/users\/1788"}],"replies":[{"embeddable":true,"href":"https:\/\/ils.simonemontanari.com\/it\/wp-json\/wp\/v2\/comments?post=27"}],"version-history":[{"count":0,"href":"https:\/\/ils.simonemontanari.com\/it\/wp-json\/wp\/v2\/pages\/27\/revisions"}],"up":[{"embeddable":true,"href":"https:\/\/ils.simonemontanari.com\/it\/wp-json\/wp\/v2\/pages\/17"}],"wp:featuredmedia":[{"embeddable":true,"href":"https:\/\/ils.simonemontanari.com\/it\/wp-json\/wp\/v2\/media\/2395"}],"wp:attachment":[{"href":"https:\/\/ils.simonemontanari.com\/it\/wp-json\/wp\/v2\/media?parent=27"}],"curies":[{"name":"wp","href":"https:\/\/api.w.org\/{rel}","templated":true}]}}