{"id":2807,"date":"2020-09-30T14:26:39","date_gmt":"2020-09-30T13:26:39","guid":{"rendered":"https:\/\/ils.simonemontanari.com\/it\/?page_id=2807"},"modified":"2024-09-26T14:19:02","modified_gmt":"2024-09-26T13:19:02","slug":"audio","status":"publish","type":"page","link":"https:\/\/ils.simonemontanari.com\/it\/risorse-gratuite\/audio\/","title":{"rendered":"I migliori supporti Audio e Podcast per imparare l&#8217;italiano"},"content":{"rendered":"<h2>Italia 360\u00b0<\/h2>\n<p>Il nostro <a href=\"https:\/\/ils.simonemontanari.com\/it\/podcast-italia\/\">podcast per imparare l&#8217;italiano<\/a>!<br \/>\nIl podcast dedicato a chi <strong>sogna la Dolce Vita<\/strong>, ama la cucina Mediterranea, vuole imparare la lingua italiana e desidera conoscere <strong>ogni segreto della storia e dell&#8217;arte Italiana<\/strong>.<\/p>\n<p>Ogni stagione \u00e8 un emozionante viaggio che attraversa tutta l\u2019Italia da una <strong>prospettiva diversa<\/strong>, per esplorare insieme la nostra penisola a 360\u00b0.<\/p>\n<p>La <a href=\"https:\/\/ils.simonemontanari.com\/it\/podcast-italia\/stagione-1\/\">prima stagione<\/a> \u00e8 interamente dedicata al cinema italiano, una delle <strong>pi\u00f9 celebri cinematografie<\/strong> al mondo. Dagli esordi al trionfo, <strong>il cinema italiano<\/strong> ha lasciato un segno indelebile nella storia dell\u2019arte cinematografica.<\/p>\n<p>Nella <a href=\"https:\/\/ils.simonemontanari.com\/it\/podcast-italia\/stagione-2\/\">seconda stagione<\/a>, esploriamo il periodo del boom economico degli anni &#8217;50 e &#8217;60, quando l&#8217;Italia cre\u00f2 oggetti iconici del made in Italy.<\/p>\n<h2>News in Slow Italian<\/h2>\n<p>Questo podcast gratuito <strong>tratta di attualit\u00e0 da tutto il mondo. <\/strong>Utilizza\u00a0un <strong>italiano semplice e di facile comprensione, <\/strong>ed \u00e8 presentato da Carla e Stefano.<\/p>\n<p>\u201cNews in Slow Italian\u201d \u00e8 un&#8217;eccellente risorsa per migliorare la vostra comprensione delle notizie, essenziale per chiunque voglia vivere in Italia o semplicemente migliorare il proprio vocabolario.<\/p>\n<p>C&#8217;\u00e8 anche una selezione di podcast che trattano di politica a livello internazionale, come ad esempio gli effetti della Brexit e l&#8217;elezione di Trump. Sul website <strong>potete trovare anche le trascrizioni dei podcast e schede, <\/strong>cos\u00ec come grammatica, pronuncia e le espressioni usate dai presentatori.<\/p>\n<p>Un limite di questo podcast sta nel fatto che, mentre i file audio sono gratuiti per tutti, la maggioranza dei materiali extra sono disponibili solo per gli abbonati. <a href=\"https:\/\/www.newsinslowitalian.com\/subscription_info\" target=\"_blank\" rel=\"noopener noreferrer\">Sul sito web<\/a> potete trovare i prezzi per gli abbonamenti Bronzo, Argento e Oro. Grazie a un podcast settimanale di dieci minuti News in Slow Italian \u00e8 il sito perfetto per migliorare il vostro italiano. disponibile su <a href=\"https:\/\/apps.apple.com\/us\/app\/l360\/id1464580750\" target=\"_blank\" rel=\"noopener\">App Store<\/a>.<\/p>\n<h2>Learn Italian Pod<\/h2>\n<p>In questo podcast <strong>il tema<\/strong> \u00e8 <strong>introdotto in inglese ed \u00e8 accompagnato da brevi racconti <\/strong>di facile comprensione, perfetti per studenti di livello intermedio o avanzato.<\/p>\n<p>\u00c8 possibile scegliere il livello di difficolt\u00e0 del podcast: principiante, pre-intermedio, intermedio e avanzato.<\/p>\n<p>I temi sono molto interessanti e soprattutto utili, sia per la vita in Italia che <strong>per saperne di pi\u00f9 sull&#8217;Italia in generale<\/strong>. Per esempio, alcuni dei podcast pi\u00f9 recenti hanno esaminato questioni quali le superstizioni e i portafortuna in Italia (un tema molto interessante che dimostra quanto siano superstiziosi gli italiani) e gli scioglilingua, un modo eccellente per migliorare la pronuncia.<\/p>\n<p>Su quest&#8217;app e il suo website potrete trovare anche un&#8217;ampia selezione di altre lezioni, come <a href=\"https:\/\/www.learnitalianpod.com\/category\/culture-shot\/\" target=\"_blank\" rel=\"noopener noreferrer\">Culture Shot<\/a>, dove ogni podcast discute degli aspetti interessanti della cultura italiana, quali le feste in varie citt\u00e0 o gli eventi storici.<\/p>\n<p>C&#8217;\u00e8 anche una nuova lezione intitolata <a href=\"https:\/\/www.learnitalianpod.com\/category\/fame-fortune\/\" target=\"_blank\" rel=\"noopener noreferrer\">Fame and Fortune <\/a>in cui si parla delle vite di italiani famosi. Per chiunque desideri diventare un membro VIP sono disponibili altre storie, pi\u00f9 traduzioni inglesi e pi\u00f9 attivit\u00e0. L&#8217;abbonamento VIP costa 14.95 dollari o 149.50 dollari all&#8217;anno.<\/p>\n<p>Si pu\u00f2 scaricare Learn Italian Pod da App Store oppure <a href=\"http:\/\/www.learnitalianpod.com\/\" target=\"_blank\" rel=\"noopener noreferrer\">online<\/a>.<\/p>\n<h2>Coffee Break Italian<\/h2>\n<p>Questo podcast\u00a0<strong>ha<\/strong>\u00a0<strong>vinto\u00a0il premio<\/strong> <strong>Smartest Podcast 2017 a Londra<\/strong>, grazi al suo stile didattico innovativo, perfetto per i principianti.<\/p>\n<p>Con questo podcast potete imparare del vocabolario semplice, &#8220;to book a table at a restaurant&#8221; ad esempio, prenotare un tavolo al ristorante. Ogni podcast consiste in una lezione tra uno studente e due insegnanti, e in questo mod l&#8217;ascoltatore pu\u00f2 imparare insieme a loro. Le lezioni pi\u00f9 recenti parlano della differenza tra <strong>bello<\/strong> e <strong>buono<\/strong>, di come fare i complimenti alle persone e della concordanza degli aggettivi.<\/p>\n<p>Per gli abbonati ci sono anche schede e video da abbinare a ogni lezione. I prezzi sono disponibili sul <a href=\"https:\/\/radiolingua.com\/category\/shows\/coffee-break-italian\/\" target=\"_blank\" rel=\"noopener noreferrer\">website<\/a>. Coffee Break Italian \u00e8 disponibile per l&#8217;iPhone su <a href=\"https:\/\/itunes.apple.com\/us\/podcast\/coffee-break-italian\/id958179457?mt=2\" target=\"_blank\" rel=\"noopener noreferrer\">App Store<\/a>.<\/p>\n<h2>Eye on Italy<\/h2>\n<p>Bench\u00e9 sia in inglese, questo podcast \u00e8 molto interessante dato che tratta di molti aspetti differenti della cultura italiana, in modo da attrarre l&#8217;interesse degli utenti e stimolarli all&#8217;apprendimento dell&#8217;italiano. Ogni settimana i presentatori parlano con vari ospiti di una gamma di soggetti differenti: il cibo italiano, la mafia, la politica e altre notizie italiane. Il podcast mette a disposizione anche un certo numero di <strong>consigli e suggerimenti differenti, utili per chiunque voglia vivere in Italia<\/strong>. Anche se i presentatori parlano in inglese, questo podcast rappresenta una grande opportunit\u00e0 per migliorare la comprensione della cultura italiana.<\/p>\n<h2>ItalianPod101<\/h2>\n<p><a href=\"https:\/\/www.italianpod101.com\/\" target=\"_blank\" rel=\"noopener noreferrer\">ItalianPod101<\/a> <strong>vi d\u00e0<\/strong> <strong>accesso al suo intero contenuto con un account gratuito.<\/strong><\/p>\n<p>I Podcast sono <strong>sia in inglese che in it<\/strong><strong>aliano, e sono estremamente facile da comprendere<\/strong>.<\/p>\n<p>L&#8217;italiano \u00e8 insegnato con l&#8217;ausilio di conversazioni tra madrelingua su temi quali le presentazioni o le ordinazioni al ristorante. Ci sono anche altri materiali didattico come schede e file PDF files che si possono scaricare per ottenere trascrizioni delle conversazioni o del vocabolario utilizzato. Sul website c&#8217;\u00e8 anche un forum dove gli studenti possono discutere delle lezioni.<\/p>\n<p><strong>Questo podcast \u00e8 pi\u00f9 adatto ai principianti, <\/strong>dato che le conversazioni sono molto lente e ripetitive, il che potrebbe risultare noioso per gli studenti provvisto di un livello superiore al B1.<\/p>\n<h2>ItalianLingQ<\/h2>\n<p>Questo podcast contiene vari file audio per studenti di goni livello: principiante, intermedio e avanzato. Per i principianti ci sono discussioni sulla vita quotidiana in Italia e su come usare il vocabolario di base per ordinare cibo e bevande, insegnato mediante semplici conversazioni di gruppo al ristorante.<\/p>\n<p>Per gli studenti di livello pi\u00f9 avanzato ci sono dialoghi sulla storia, sulle notizie e su altre meraviglie dell&#8217;Italia. Un podcast parla addirittura degli eventi che portarono al naufragio del Titanic. Anche nei podcasts di livello pi\u00f9 avanzato i <strong>presentatori parlano molto lentamente in modo da rendere facilmente comprensibile ogni tema <\/strong>ed insegnano del vocabolario nuovo e utile. Ogni podcast dura circa dieci minuti ed \u00e8 disponibile su <a href=\"https:\/\/itunes.apple.com\/us\/app\/italian-language-learn-now\/id1218127151?mt=8\" target=\"_blank\" rel=\"noopener noreferrer\">App Store<\/a> e sul <a href=\"https:\/\/www.lingq.com\/it\/imparare-italiano\/courses\/25470\/\" target=\"_blank\" rel=\"noopener noreferrer\">website<\/a>.<\/p>\n<h2>Finestre sull\u2019arte<\/h2>\n<p>\u201cFinestre sull\u2019arte\u201d offre qualcosa di differente rispetto a tutti gli altri podcast, dal momento che \u00e8 interamente dedicato alla storia dell&#8217;arte italiana. <strong>Ogni podcast parla di differenti opere d&#8217;arte e mostre, la maggior parte delle quali si trovano a Firenze<\/strong>. Recentemente il podcast si \u00e8 occupato della mostra \u201cJacopo Ligozzi, Pittore Universalissimo\u201d tenutasi nel 2014 nella Galleria Palatina di Palazzo Pitti. Il podcast \u00e8 perfetto per gli studenti di livello pi\u00f9 avanzato che oltre all&#8217;italiano vogliono imparare qualcosa di nuovo e interessante sulla cultura italiana.<\/p>\n<p>Ogni podcast dura circa 35 minuti e, data la complessit\u00e0 del vocabolario utilizzato, non \u00e8 indicato per i principianti. Potete <a href=\"https:\/\/www.finestresullarte.info\/finestre.php\" target=\"_blank\" rel=\"noopener noreferrer\">accedere ai podcast<\/a> sul website, da dove potranno essere scaricati.<\/p>\n<h2>Al Dente<\/h2>\n<p>Perfetto per studenti di livello A2, questo podcast tratta una grande variet\u00e0 di temi in un italiano elementare. Come scattare belle foto in Italia, interviste e dibattiti sulla lingua italiana, o se si tratta o meno di un linguaggio maschilista. Al dente vi aiuta a migliorare rapidamente il vostro vocabolario in modo divertente e stimolante, e anche ad imparare qualcosa di nuovo sulla cultura italiana. Il website \u00e8 molto utile dato che fornisce elenchi di vocaboli con definizioni in italiano per aiutare gli studenti meno preparati. Potete trovare <a href=\"https:\/\/www.scuola-club.ch\/Temi\/Generale\/podclub?_ga=2.111682244.1128726145.1601546410-56028422.1601546410\" target=\"_blank\" rel=\"noopener noreferrer\">tutti gli audio file online<\/a>.<\/p>\n","protected":false},"excerpt":{"rendered":"<p>Italia 360\u00b0 Il nostro podcast per imparare l&#8217;italiano! Il podcast dedicato a chi sogna la Dolce Vita, ama la cucina Mediterranea, vuole imparare la lingua italiana e desidera conoscere ogni segreto della storia e dell&#8217;arte Italiana. Ogni stagione \u00e8 un emozionante viaggio che attraversa tutta l\u2019Italia da una prospettiva diversa, per esplorare insieme la nostra [&hellip;]<\/p>\n","protected":false},"author":1788,"featured_media":3538,"parent":3505,"menu_order":0,"comment_status":"closed","ping_status":"closed","template":"","meta":{"_acf_changed":false,"footnotes":""},"class_list":["post-2807","page","type-page","status-publish","has-post-thumbnail","hentry"],"acf":[],"_links":{"self":[{"href":"https:\/\/ils.simonemontanari.com\/it\/wp-json\/wp\/v2\/pages\/2807","targetHints":{"allow":["GET"]}}],"collection":[{"href":"https:\/\/ils.simonemontanari.com\/it\/wp-json\/wp\/v2\/pages"}],"about":[{"href":"https:\/\/ils.simonemontanari.com\/it\/wp-json\/wp\/v2\/types\/page"}],"author":[{"embeddable":true,"href":"https:\/\/ils.simonemontanari.com\/it\/wp-json\/wp\/v2\/users\/1788"}],"replies":[{"embeddable":true,"href":"https:\/\/ils.simonemontanari.com\/it\/wp-json\/wp\/v2\/comments?post=2807"}],"version-history":[{"count":0,"href":"https:\/\/ils.simonemontanari.com\/it\/wp-json\/wp\/v2\/pages\/2807\/revisions"}],"up":[{"embeddable":true,"href":"https:\/\/ils.simonemontanari.com\/it\/wp-json\/wp\/v2\/pages\/3505"}],"wp:featuredmedia":[{"embeddable":true,"href":"https:\/\/ils.simonemontanari.com\/it\/wp-json\/wp\/v2\/media\/3538"}],"wp:attachment":[{"href":"https:\/\/ils.simonemontanari.com\/it\/wp-json\/wp\/v2\/media?parent=2807"}],"curies":[{"name":"wp","href":"https:\/\/api.w.org\/{rel}","templated":true}]}}