{"id":2812,"date":"2020-09-30T14:20:46","date_gmt":"2020-09-30T13:20:46","guid":{"rendered":"https:\/\/ils.simonemontanari.com\/it\/?page_id=2812"},"modified":"2024-08-23T11:30:05","modified_gmt":"2024-08-23T10:30:05","slug":"libri","status":"publish","type":"page","link":"https:\/\/ils.simonemontanari.com\/it\/risorse-gratuite\/libri\/","title":{"rendered":"I migliori libri per l&#8217;apprendimento dell&#8217;italiano"},"content":{"rendered":"<h2>&#8220;Bar Italia&#8221;<\/h2>\n<p><a href=\"https:\/\/www.amazon.it\/Bar-Italia-Ciro-Massimo-Naddeo\/dp\/8886440332\" target=\"_blank\" rel=\"noopener\">Questo libro<\/a> offre articoli sulla societ\u00e0, la vita, la cultura e le abitudini italiane, permettendo cos\u00ec agli studenti di <strong>avvicinarsi alla realt\u00e0 culturale italiana,<\/strong> e allo stesso tempo di <strong>sviluppare ulteriormente la loro conoscenza linguistica.<\/strong><\/p>\n<p>Ogni testo presenta un argomento specifico (per esempio, una domenica italiana, i sogni e gli incubi degli italiani, gli italiani e il caff\u00e8\u2026) Gli<strong> articoli sono tratti dai quotidiani e<\/strong> sono organizzati in unit\u00e0 di difficolt\u00e0 graduale, adatti a studenti dai livelli A1 a C1.<\/p>\n<p>Il testo comprende attivit\u00e0 comunicative e interattive, ma anche <strong>esercizi di<\/strong>\u00a0<strong>vocabolario, morfologia e sintassi,<\/strong> che possono essere svolti senza l&#8217;ausilio di un insegnante grazie alle soluzioni.<\/p>\n<h2>&#8220;Una parola tira l\u2019altra&#8221;<\/h2>\n<p>&#8220;<a href=\"https:\/\/www.amazon.it\/Una-parola-tira-laltra-vocabolario\/dp\/3125250706\" target=\"_blank\" rel=\"noopener\">Una parola tira l&#8217;altra<\/a>&#8221; \u00e8 un testo <strong>rivolto ai principianti assoluti e agli studenti con una conoscenza linguistica limitata<\/strong>.<\/p>\n<p>Il libro fornisce il vocabolario per le evenienze quotidiane e la fraseologia di base necessaria per la comunicazione.<\/p>\n<p>Il libro \u00e8 composto da ventidue unit\u00e0 suddivise in varie aree tematiche:<\/p>\n<p>Incontri; a scuola; il passare del tempo; al ristorante, il carattere; emozioni e sensazioni; descrizioni fisiche; la salute; la famiglia; la casa; le attivit\u00e0 quotidiane; espressioni idiomatiche come &#8220;che tempo fa?&#8221;; espressione dei propri gusti; il tempo libero; la comunicazione; il cibo e gli acquisti; i pasti e la cucina; l&#8217;abbigliamento; lo sport; un po&#8217; di geografia; la citt\u00e0; le vacanze.<\/p>\n<p>Il libro<strong> \u00e8 pieno di immagini ironiche e giocose che raffigurano il vocabolario<\/strong> in modo chiaro e facile da ricordare.<\/p>\n<p>Tutto questo \u00e8 contestualizzato in situazioni autentiche della vita e della cultura italiane. La combinazione con le soluzioni disponibili alla fine rende il testo adatto agli autodidatti.<\/p>\n<h2>&#8220;Una parola tira l\u2019altra 2&#8221;<\/h2>\n<p>Questo libro consente agli studenti stranieri di ampliare e <a href=\"https:\/\/www.amazon.it\/Una-parola-tira-laltra-vocabulario\/dp\/3125250005\/ref=sr_1_1?crid=4T3MXC02QRZC&amp;keywords=una+parola+tira+l%27altra+2&amp;qid=1707745946&amp;s=books&amp;sprefix=una+parola+tira+l%27altra+2%2Cstripbooks%2C101&amp;sr=1-1\" target=\"_blank\" rel=\"noopener\">approfondire il proprio vocabolario<\/a>.<\/p>\n<p>Il testo \u00e8 diviso in diciotto unit\u00e0:<\/p>\n<p>Che tempo fa?; l&#8217;ambiente; il carattere e la personalit\u00e0; le emozioni e i sentimenti; le attivit\u00e0 quotidiane; la casa; gli elettrodomestici; il lavoro e le professioni; l&#8217;ufficio e i computer; dal dottore; conversazioni telefoniche; all&#8217;ufficio postale e in banca; il cibo e la cucina; gli animali; lo sport; la citt\u00e0: le vacanze; la moda e l&#8217;abbigliamento.<\/p>\n<p><strong>Il testo fornisce anche articoli di giornale<\/strong>, brani di letteratura e, come nella precedente edizione, il vocabolario \u00e8 collegato a immagini allo scopo di facilitare la memorizzazione.<\/p>\n<p>Ogni unit\u00e0 <strong>comprende esercizi e attivit\u00e0 che coinvolgono abilit\u00e0 comunicative differenti:<\/strong> compiti orali e scritti, dialoghi di ruolo, rebus e cruciverba.<\/p>\n<p>Anche in questa edizione sono disponibili le soluzioni alla fine del libro, il che favorisce gli autodidatti.<\/p>\n<h2>\u201cNuova grammatica pratica della lingua italiana\u201d<\/h2>\n<p>La <a href=\"https:\/\/www.amazon.it\/Nuova-grammatica-pratica-lingua-italiana\/dp\/8861822479\" target=\"_blank\" rel=\"noopener\">grammatica di Susanna Nocchi<\/a> \u00e8 <strong>uno degli strumenti pi\u00f9 apprezzati<\/strong> per esercitare la grammatica per studenti dai livelli A1 a B2.<\/p>\n<p>Le regole grammaticali sono presentate <strong>in modo chiaro e conciso,<\/strong> ma al tempo stesso chiaro ed efficace. Le tabelle sono immediatamente comprensibili.<\/p>\n<p>Ci sono anche riquadri utili dove si possono trovare le forme pi\u00f9 frequentemente usate nella lingua autentica e pratica.<\/p>\n<p><strong>Per ogni unit\u00e0 grammaticale ci sono esercizi e test<\/strong> che consentono agli studenti di verificare la loro conoscenza e i loro progressi. Le soluzioni sono disponibili alla fine del libro.<\/p>\n<h2>\u201cGrammatica avanzata della lingua italiana\u201d<\/h2>\n<p>Questo libro \u00e8 rivolto a quegli studenti che <strong>sono gi\u00e0 in possesso di una buona conoscenza della lingua italiana<\/strong> e desiderano sviluppare ulteriormente la loro competenza. Perci\u00f2, \u00e8 consigliabile per studenti di livello intermedio e avanzato, da B1 a C1.<\/p>\n<p>Il testo presenta <a href=\"https:\/\/www.almaedizioni.it\/prodotto\/grammatica-avanzata-della-lingua-italiana\/\" target=\"_blank\" rel=\"noopener\">approfondimenti grammaticali<\/a>, che, nonostante siano diffusi, compaiono raramente nei libri di testo per stranieri.<\/p>\n<p>I punti grammaticali sono chiari e gli esercizi<strong>\u00a0e le attivit\u00e0<\/strong> forniscono molte informazioni <strong>riguardo alla societ\u00e0 e alla cultura italiane.<\/strong> Inoltre, come nel volume precedente,<strong> ci sono piccoli riquadri con suggerimenti utili.<\/strong> Le soluzioni sono disponibili, il che rende questo testo ugualmente rilevante sia per gli studenti che vogliono approfondire la propria conoscenza che per gli autodidatta.<\/p>\n<h2>\u201cI verbi italiani\u201d<\/h2>\n<p>Questo libro \u00e8 interamente dedicato ai <strong><a href=\"https:\/\/www.almaedizioni.it\/prodotto\/i-verbi-italiani-edizione-aggiornata\/\" target=\"_blank\" rel=\"noopener\">tempi e modi verbali dell&#8217;italiano<\/a>,<\/strong> cosa considerata difficile da molti studenti stranieri. Il testo fornisce loro delle <strong>strategie utili<\/strong> per fronteggiare queste difficolt\u00e0.<\/p>\n<p>Il testo si rivolge a tutti gli studenti, a partire dal livello A1 fino al C1. Le <strong>unit\u00e0 sono strutturate secondo un criterio progressivo di difficolt\u00e0,<\/strong> con test che possono essere praticati dagli studenti e le relative soluzioni. Le sezioni grammaticali presentano vari tempi verbali, al tempo stesso mettendone in luce gli aspetti morfologici e analizzandone gli usi.<\/p>\n<p><span id=\"s2_1\">Il libro inizia con la spiegazione delle forme regolari e irregolari del presente di indicativo e con l&#8217;uso dei tempi passati.<\/span> <span id=\"s2_2\">In seguito, fornisce consigli sull&#8217;uso corretto degli ausiliari.<\/span> <span id=\"s2_3\">Include anche argomenti relativi alla concordanza.<\/span><\/p>\n<h2>\u201cL&#8217;italiano per la cucina\u201d<\/h2>\n<p>Questo \u00e8 un obbligo per tutti gli entusiasti della lingua e del cibo italiani! Perch\u00e9? Perch\u00e9 con &#8220;<a href=\"https:\/\/www.almaedizioni.it\/prodotto\/l-italiano-per-la-cucina\/\" target=\"_blank\" rel=\"noopener noreferrer\">L&#8217;italiano per la cucina<\/a>&#8221; si pu\u00f2 imparare nuovo vocabolario, stimolare la comprensione durante la lettura e imparare a preparare deliziosi piatti italiani. Che c&#8217;\u00e8 di meglio?<\/p>\n<p>Leggete dodici storie. Ognuna di esse descrive una ricetta e fornisce un approfondimento nelle tecniche culinarie italiane. Questo libro \u00e8 eccellente per gli studenti di livello A2 e B1.<\/p>\n<h2>\u201cL&#8217;italiano con i fumetti\u201d<\/h2>\n<p>Qui abbiamo un nuovo modo di divertirsi a leggere in italiano, ottimale per gli appassionati di fumetti: &#8220;<a href=\"https:\/\/www.almaedizioni.it\/catalogo\/materiale-complementare\/letture-di-italiano-facile\/litaliano-con-i-fumetti\/\" target=\"_blank\" rel=\"noopener noreferrer\">L&#8217;italiano con i fumetti<\/a>&#8221; \u00e8 un nuovo tipo di libro di italiano comprendente cinque volumi. Ogni volume contiene una storia a fumetti differente: &#8220;Roma 2050 d.C.&#8221;, &#8220;Una storia italiana&#8221;, &#8220;Il mistero di Casanova&#8221;, &#8220;Rigoletto&#8221; e &#8220;Habemus Papam&#8221;. Ognuna include molte attivit\u00e0 ed esercizi collegati alle storie.<\/p>\n<p>I primi 3 libri sono ideali per studenti dall&#8217;A1 all&#8217;A2, mentre gli altri due sono perfetti per studenti di livello intermedio.<\/p>\n<h2>\u201cLe parole italiane\u201d<\/h2>\n<p><a href=\"https:\/\/www.almaedizioni.it\/prodotto\/le-parole-italiane\/\" target=\"_blank\" rel=\"noopener\">Questo libro<\/a> presenta una selezione di <strong>esercizi e giochi che favoriscono la memorizzazione<\/strong> e lo sviluppo del vocabolario. \u00c8 diviso in due sezioni: una lessicale, l&#8217;altra grammaticale.<\/p>\n<p>La prima analizza le parole da un punto di vista lessicale, <strong>proponendo espressioni idiomatiche ed altre espressioni tipiche,<\/strong> mentre la seconda si concentra sugli aspetti grammaticali. Il libro affronta lo studio di temi meno comuni quali <strong>la formazione delle parole,<\/strong> <strong>l&#8217;ordine delle parole, la derivazione, l&#8217;alterazione, le irregolarit\u00e0, i sinonimi, gli antonimi, i prefissi, i suffissi, gli avverbi e le parole composte.<\/strong> Questo testo pu\u00f2 essere utilizzato sia con che senza un insegnante, ed \u00e8 rivolto a studenti dal livello A1 aC1.<\/p>\n<h2>\u201cNuovo espresso\u201d<\/h2>\n<ul>\n<li><a href=\"https:\/\/www.amazon.it\/gp\/product\/8861823181\/ref=as_li_tl?ie=UTF8&amp;camp=3414&amp;creative=21718&amp;creativeASIN=8861823181&amp;linkCode=as2&amp;tag=europassitali-21&amp;linkId=1a0511eadd5b956c61a6483ab357db05\" target=\"_blank\" rel=\"noopener\">Libro studente e libro esercizi A1<\/a><\/li>\n<li><a href=\"https:\/\/www.amazon.it\/gp\/product\/8861826806\/ref=as_li_tl?ie=UTF8&amp;camp=3414&amp;creative=21718&amp;creativeASIN=8861826806&amp;linkCode=as2&amp;tag=europassitali-21&amp;linkId=376759ef407d166bde69619d34ccce1b\" target=\"_blank\" rel=\"noopener\">Libro studente + ebook interattivo A2<\/a><\/li>\n<li><a href=\"https:\/\/www.amazon.it\/gp\/product\/8861823394\/ref=as_li_tl?ie=UTF8&amp;camp=3414&amp;creative=21718&amp;creativeASIN=8861823394&amp;linkCode=as2&amp;tag=europassitali-21&amp;linkId=3ff7cf4c15d41252d1da10253a37336a\" target=\"_blank\" rel=\"noopener\">Libro dello studente e esercizi B1<\/a><\/li>\n<li><a href=\"https:\/\/www.amazon.it\/gp\/product\/8861825052\/ref=as_li_tl?ie=UTF8&amp;camp=3414&amp;creative=21718&amp;creativeASIN=8861825052&amp;linkCode=as2&amp;tag=europassitali-21&amp;linkId=b3e69d755dcca6052f1c4a2e79d3b1a9\" target=\"_blank\" rel=\"noopener\">Libro dello studente e esercizi B2<\/a><\/li>\n<li><a href=\"https:\/\/www.amazon.it\/gp\/product\/8861825060\/ref=as_li_tl?ie=UTF8&amp;camp=3414&amp;creative=21718&amp;creativeASIN=8861825060&amp;linkCode=as2&amp;tag=europassitali-21&amp;linkId=a8caa8f09382b441d729664c4ec09062\" target=\"_blank\" rel=\"noopener\">Libro dello studente e esercizi C1<\/a><\/li>\n<li><a href=\"https:\/\/www.amazon.it\/gp\/product\/8861826105\/ref=as_li_tl?ie=UTF8&amp;camp=3414&amp;creative=21718&amp;creativeASIN=8861826105&amp;linkCode=as2&amp;tag=europassitali-21&amp;linkId=e35b4a408c0e2f6ebf82ab01e53f2c43\" target=\"_blank\" rel=\"noopener\">Libro delle studente e esercizi C2<\/a><\/li>\n<\/ul>\n<p>\u201cNuovo Espresso\u201d \u00e8 una raccolta di volumi di italiano per stranieri, <strong>divisa in sei livelli<\/strong> previsti dal Quadro Comune di Riferimento Europeo per insegnamento delle lingue dal livello A1 al C2.<\/p>\n<p>Questi testi comprendono <strong>letture relative alla cultura italiana<\/strong>, <strong>unit\u00e0 di ascolto, grammatica, esercizi, chiavi per l&#8217;autovalutazione,<\/strong> <strong>giochi e test di revisione<\/strong>.<\/p>\n<p><strong>Nei primi tre volumi<\/strong> c&#8217;\u00e8 anche un <strong>corso in video <\/strong>(disponibili anche <strong>con sottotitoli e <\/strong>in streaming su <a href=\"https:\/\/www.almaedizioni.it\/it\/almatv\/\" rel=\"noopener\">ALMA.it<\/a>), che in una serie di episodi racconta la storia di quattro amici, filmata durante la loro vita quotidiana, oltre a un video sulla grammatica che sviluppa ulteriormente i temi linguistici.<\/p>\n","protected":false},"excerpt":{"rendered":"<p>&#8220;Bar Italia&#8221; Questo libro offre articoli sulla societ\u00e0, la vita, la cultura e le abitudini italiane, permettendo cos\u00ec agli studenti di avvicinarsi alla realt\u00e0 culturale italiana, e allo stesso tempo di sviluppare ulteriormente la loro conoscenza linguistica. Ogni testo presenta un argomento specifico (per esempio, una domenica italiana, i sogni e gli incubi degli italiani, [&hellip;]<\/p>\n","protected":false},"author":1788,"featured_media":3533,"parent":3505,"menu_order":0,"comment_status":"closed","ping_status":"closed","template":"","meta":{"_acf_changed":false,"footnotes":""},"class_list":["post-2812","page","type-page","status-publish","has-post-thumbnail","hentry"],"acf":[],"_links":{"self":[{"href":"https:\/\/ils.simonemontanari.com\/it\/wp-json\/wp\/v2\/pages\/2812","targetHints":{"allow":["GET"]}}],"collection":[{"href":"https:\/\/ils.simonemontanari.com\/it\/wp-json\/wp\/v2\/pages"}],"about":[{"href":"https:\/\/ils.simonemontanari.com\/it\/wp-json\/wp\/v2\/types\/page"}],"author":[{"embeddable":true,"href":"https:\/\/ils.simonemontanari.com\/it\/wp-json\/wp\/v2\/users\/1788"}],"replies":[{"embeddable":true,"href":"https:\/\/ils.simonemontanari.com\/it\/wp-json\/wp\/v2\/comments?post=2812"}],"version-history":[{"count":0,"href":"https:\/\/ils.simonemontanari.com\/it\/wp-json\/wp\/v2\/pages\/2812\/revisions"}],"up":[{"embeddable":true,"href":"https:\/\/ils.simonemontanari.com\/it\/wp-json\/wp\/v2\/pages\/3505"}],"wp:featuredmedia":[{"embeddable":true,"href":"https:\/\/ils.simonemontanari.com\/it\/wp-json\/wp\/v2\/media\/3533"}],"wp:attachment":[{"href":"https:\/\/ils.simonemontanari.com\/it\/wp-json\/wp\/v2\/media?parent=2812"}],"curies":[{"name":"wp","href":"https:\/\/api.w.org\/{rel}","templated":true}]}}