{"id":2816,"date":"2020-09-30T13:39:13","date_gmt":"2020-09-30T12:39:13","guid":{"rendered":"https:\/\/ils.simonemontanari.com\/it\/?page_id=2816"},"modified":"2024-08-23T11:30:06","modified_gmt":"2024-08-23T10:30:06","slug":"bambini","status":"publish","type":"page","link":"https:\/\/ils.simonemontanari.com\/it\/risorse-gratuite\/bambini\/","title":{"rendered":"L&#8217;italiano per i bambini"},"content":{"rendered":"<p>Man mano che imparano l&#8217;italiano, avranno una miglior comprensione del mondo, conosceranno culture e stili di vita differenti e, magari, diventeranno persino pi\u00f9 bravi nella loro stessa lingua.<\/p>\n<p>Imparare l&#8217;italiano da bambini pu\u00f2 essere molto divertente: ci sono <strong>centinaia di canzoni, giochi e attivit\u00e0<\/strong> a disposizione, e noi della scuola Europass abbiamo trovato quelle che riteniamo <strong>alcune delle migliori risorse disponibili<\/strong> per insegnare l&#8217;italiano ai tuoi bambini.<\/p>\n<h2>Siti web<\/h2>\n<h3>Muzzy BBC<\/h3>\n<p><a href=\"https:\/\/www.muzzybbc.com\/learn-italian-kids\/\" target=\"_blank\" rel=\"noopener noreferrer\">Muzzy BBC<\/a> \u00e8 una risorsa fantastica per insegnare l&#8217;italiano a bambini di tutte le et\u00e0. \u00c8 <strong>il sito web pi\u00f9 popolare per insegnare l&#8217;italiano nel mondo<\/strong> usato sia dai genitori sia dalle scuole. Ci sono 12 lezioni differenti. Ogni lezione comincia con un breve video sottotitolato, seguito da giochi e attivit\u00e0 per rinforzare il lessico e la grammatica appena appresi.<\/p>\n<p>I video sono molto semplici e facili da seguire, ma <strong>si adattano maggiormente ad un pubblico di bambini molto piccoli<\/strong>, in quanto il vocabolario viene ripetuto molte volte per permettere agli studenti di memorizzare velocemente le nuove parole. Ogni video riguarda argomenti differenti, con <strong>temi che vanno dalle forme e i colori alle parti del corpo umano<\/strong>.<\/p>\n<p>Il principale punto a sfavore di Muzzy \u00e8 che costa di pi\u00f9 rispetto alle altre risorse disponibili sul mercato e, dopo un trial di una settimana venduto a $1.00, ci sono varie formule a disposizione: $9.95 per un mese, $49.45 per 6 mesi o $89.95 per un anno. Tuttavia, considerate anche che avrete accesso a tutti i video, 2 film, 190 giochi sul vocabolario e 20 canzoni.<\/p>\n<h3>The picture dictionary<\/h3>\n<p>The picture dictionary <strong>\u00e8 una risorsa online gratuita<\/strong> che \u00e8 perfetta per insegnare qualche parola italiana ai vostri figli. Ci sono <a href=\"http:\/\/pdictionary.com\/italian\/\" target=\"_blank\" rel=\"noopener noreferrer\">15 corsi differenti<\/a> e, tra gli argomenti trattati, ci sono i vestiti, i colori e gli animali. Ci sono circa 20 parole che un bambino pu\u00f2 imparare per ogni argomento.<\/p>\n<p>Alcune parole sono leggermente strane o specifiche, ma altre sono utili e importanti. Ogni parola \u00e8 accompagnata da un&#8217;immagine e, nonostante il look un po&#8217; datato, il sito \u00e8 comunque molto utile.<\/p>\n<p>The Picture Dictionary \u00e8 un po&#8217; limitato in quanto insegna solo il vocabolario, bench\u00e9 questo sia perfettamente adatto per dei bambini che hanno bisogno di una comprensione basilare della lingua, ma questo sito d\u00e0 sicuramente il meglio di s\u00e9 se accompagnato da un supporto didattico pi\u00f9 approfondito. <strong>Ci sono inoltre diversi giochi<\/strong>, come il classico riempi gli spazi vuoti, ma hanno un livello di sfida leggermente alto e si adattano meglio ad un pubblico di bambini pi\u00f9 grandi o avanzati.<\/p>\n<h3>The Italian Experiment<\/h3>\n<p><a href=\"https:\/\/www.theitalianexperiment.com\/stories\" target=\"_blank\" rel=\"noopener noreferrer\">The Italian experiment<\/a> \u00e8 una risorsa online gratuita che contiene le pi\u00f9 popolari fiabe per bambini, come<strong> Cappuccetto Rosso <\/strong>o <strong>i 3 Piccoli Porcellini<\/strong>, tradotte in italiano. Queste storie possono aiutare i bambini a familiarizzare sia con la grammatica che con il lessico italiano.<\/p>\n<p><img loading=\"lazy\" decoding=\"async\" class=\"aligncenter size-full wp-image-1122\" src=\"https:\/\/ils.simonemontanari.com\/wp-content\/uploads\/2018\/02\/the-italian-experiment-screenshot.jpg\" alt=\"Classic italian fairytales from The Italian Experiment\" width=\"733\" height=\"638\" \/><\/p>\n<p><strong>Ogni favola \u00e8 accompagnata da un file audio<\/strong>, che dura per circa 10 minuti, e <strong>da una trascrizione<\/strong>: in questo modo, i bambini possono ascoltare la storia o farsela leggere dai genitori. Ogni favola contiene illustrazioni molto graziose e c&#8217;\u00e8 perfino una traduzione in inglese che rende ogni storia facile da capire e da seguire.<\/p>\n<p>Le storie sono perfette per i bambini di tutte le et\u00e0, sia per quelli che sanno gi\u00e0 leggere e vogliono migliorare la grammatica e il vocabolario in italiano, sia per quelli pi\u00f9 piccoli che vogliono semplicemente godersi una bella favola.<\/p>\n<h3>Chillola<\/h3>\n<p>Una fantastica e gratuita risorsa online per insegnare il vocabolario ai bambini. Come con molti altri siti Web, insegna il vocabolario utilizzando foto e giochi. Il sito stesso \u00e8 molto facile da usare e ci sono una variet\u00e0 di argomenti che i bambini possono studiare &#8211; come animali, famiglia, cibo e colori.<\/p>\n<p><img loading=\"lazy\" decoding=\"async\" class=\"aligncenter size-full wp-image-1123\" src=\"https:\/\/ils.simonemontanari.com\/wp-content\/uploads\/2018\/02\/chillola-screenshot.jpg\" alt=\"Chillola Website Screenshot\" width=\"734\" height=\"559\" \/><\/p>\n<p><strong>Questo sito \u00e8 adatto anche per bambini un po&#8217; pi\u00f9 grandi o pi\u00f9 avanzati<\/strong> perch\u00e9 ci sono anche argomenti pi\u00f9 complessi come la storia e la cultura italiana.<\/p>\n<p>Forse l&#8217;aspetto pi\u00f9 singolare di questo sito Web \u00e8 che<strong> esiste anche una vasta gamma di attivit\u00e0 relative a ciascuna lezione<\/strong>, come fogli da colorare o riempire gli spazi vuoti, che i genitori possono scaricare e dare ai propri figli per aiutarli a consolidare le parole che hanno imparato.<\/p>\n<h2>App per smartphone<\/h2>\n<h3>Kids Garden<\/h3>\n<div id='gallery-1' class='gallery galleryid-2816 gallery-columns-2 gallery-size-full'><figure class='gallery-item'>\n\t\t\t<div class='gallery-icon portrait'>\n\t\t\t\t<img loading=\"lazy\" decoding=\"async\" width=\"635\" height=\"1128\" src=\"https:\/\/ils.simonemontanari.com\/it\/wp-content\/uploads\/sites\/4\/2020\/09\/mindsnacks-2-635x1128-1.jpg\" class=\"attachment-full size-full\" alt=\"\" \/>\n\t\t\t<\/div><\/figure><figure class='gallery-item'>\n\t\t\t<div class='gallery-icon portrait'>\n\t\t\t\t<img loading=\"lazy\" decoding=\"async\" width=\"635\" height=\"1128\" src=\"https:\/\/ils.simonemontanari.com\/it\/wp-content\/uploads\/sites\/4\/2020\/09\/mindsnacks-3-635x1128-2.jpg\" class=\"attachment-full size-full\" alt=\"\" \/>\n\t\t\t<\/div><\/figure>\n\t\t<\/div>\n\n<p>Kids garden \u00e8 un&#8217;app molto divertente e utile per insegnare l&#8217;italiano ai bambini. Attraverso giochi e puzzle i bambini possono apprendere una vasta gamma di semplici vocaboli italiani, e come tali potranno avere un livello base di italiano; <strong>sono disponibili 180 diversi giochi e puzzle che insegnano il vocabolario su una vasta gamma di temi<\/strong> tra cui cibo, alfabeto e animali.<\/p>\n<p>Questa app \u00e8 molto interattiva e facile da usare ed \u00e8 perfetta per i bambini, con buone immagini e animazioni e giochi semplici e di facile comprensione. Un altro grande aspetto di questa app \u00e8 che <strong>i bambini possono sentire ogni parola pronunciata da un madrelingua<\/strong>\u00a0e cos\u00ec possono ascoltare come ogni parola dovrebbe essere pronunciata.<\/p>\n<p>Il principale svantaggio di questa app, tuttavia, \u00e8 che nella versione gratuita c&#8217;\u00e8 solo una piccola selezione di giochi disponibili, mentre la versione premium, che costa solo \u20ac 3,50, ne contiene una gamma molto pi\u00f9 ampia. Considerando la qualit\u00e0 di questa app, probabilmente vale la pena acquistare direttamente quest&#8217;ultima versione. Kid\u2019s Garden \u00e8 disponibile per IOS sull&#8217;<a href=\"https:\/\/itunes.apple.com\/us\/app\/kids-garden-basic-skills\/id999797890?mt=8\" target=\"_blank\" rel=\"noopener noreferrer\">App Store<\/a> e per Android su <a href=\"https:\/\/play.google.com\/store\/apps\/details?id=forqan.tech.shadow&amp;hl=en\" target=\"_blank\" rel=\"noopener noreferrer\">Google Play<\/a>.<\/p>\n<h3>Learn Italian by MindSnacks<\/h3>\n<div id='gallery-2' class='gallery galleryid-2816 gallery-columns-2 gallery-size-full'><figure class='gallery-item'>\n\t\t\t<div class='gallery-icon portrait'>\n\t\t\t\t<img loading=\"lazy\" decoding=\"async\" width=\"635\" height=\"1128\" src=\"https:\/\/ils.simonemontanari.com\/it\/wp-content\/uploads\/sites\/4\/2020\/09\/kids-garden-2-635x1128-1.jpg\" class=\"attachment-full size-full\" alt=\"\" \/>\n\t\t\t<\/div><\/figure><figure class='gallery-item'>\n\t\t\t<div class='gallery-icon portrait'>\n\t\t\t\t<img loading=\"lazy\" decoding=\"async\" width=\"635\" height=\"1128\" src=\"https:\/\/ils.simonemontanari.com\/it\/wp-content\/uploads\/sites\/4\/2020\/09\/kids-garden-1-635x1128-1.jpg\" class=\"attachment-full size-full\" alt=\"\" \/>\n\t\t\t<\/div><\/figure>\n\t\t<\/div>\n\n<p>L&#8217;app di italiano creata da Mindsnacks \u00e8 perfetta per i bambini un po&#8217; pi\u00f9 grandi che sono gi\u00e0 in grado di leggere e scrivere e che hanno almeno una conoscenza di base della lingua italiana. \u00c8 molto divertente e facile da usare, e insegna oltre 1000 parole e frasi italiane utilizzando 9 diversi giochi divertenti e coinvolgenti. Questa app \u00e8 pi\u00f9 efficace nella didattica rispetto ad altre, perch\u00e9 riconosce e ripete le parole pi\u00f9 difficili, oltre ad utilizzare giochi incentrati sull&#8217;ortografia.<\/p>\n<p>\u00c8 anche leggermente diversa dalle altre app di cui abbiamo parlato, perch\u00e9 inizia a insegnare alcuni degli aspetti pi\u00f9 basilari della grammatica italiana che, per quanto sia pi\u00f9 difficile da capire, \u00e8 importante per i bambini di tutte le et\u00e0 che stiano cercando di imparare l&#8217;italiano.<\/p>\n<p>Un altro aspetto utile di questa app \u00e8 che i vostri figli possono scegliere ci\u00f2 che vogliono imparare dalla selezione di materie disponibili, rendendola un&#8217;esperienza di apprendimento pi\u00f9 personalizzata.<\/p>\n<p>Un aspetto che dovete considerare, tuttavia, \u00e8 che con la versione gratuita avrete accesso solo a una manciata di lezioni, mentre con la versione premium, che costa solo $ 4,99, avrete accesso a tutti i contenuti e si tratta sicuramente di un piccolo prezzo da pagare per una app cos\u00ec utile.<\/p>\n<p>Learn Italian \u00e8 disponibile per IOS sull&#8217;<a href=\"https:\/\/itunes.apple.com\/us\/app\/learn-italian-by-mindsnacks\/id433199718?mt=8\" target=\"_blank\" rel=\"noopener noreferrer\">App Store<\/a>.<\/p>\n<h2>Video<\/h2>\n<h3>Canzoni per bimbi.it<\/h3>\n<p>Si tratta di un popolare <a href=\"https:\/\/www.youtube.com\/channel\/UCv1eHXj4h8gRX8DYfFz0Jxg\" target=\"_blank\" rel=\"noopener noreferrer\">canale YouTube<\/a> che \u00e8 perfetto per i bambini che stanno imparando l&#8217;italiano, in quanto propone una serie di semplici canzoni italiane tutte accompagnate da un video animato. La maggior parte delle canzoni, come <strong>Old McDonald had a Farm<\/strong> o the <strong>Wheels on the Bus Go Round and Round<\/strong>, \u00e8 conosciuta dai bambini di tutto il mondo e sono molto facili da imparare e cantare in italiano.<\/p>\n<p>Ogni canzone dura solo un paio di minuti e acquisire familiarit\u00e0 con queste canzoni render\u00e0 pi\u00f9 semplice l&#8217;apprendimento dell&#8217;italiano per il pubblico dei pi\u00f9 piccoli, i quali potranno esercitarsi ad ascoltare e parlare italiano divertendosi. Alcune delle migliori canzoni sono If You Are Happy and you know it e Old McDonald Had a Farm. <strong>Tutti i brani possono essere visualizzati gratuitamente su YouTube e inoltre il canale carica regolarmente nuovi brani e video<\/strong>. Sono inoltre disponibili come app anche sull&#8217;<a href=\"https:\/\/itunes.apple.com\/it\/app\/canzoni-per-bimbi\/id1073346288?mt=8\" target=\"_blank\" rel=\"noopener noreferrer\">App Store<\/a> e <a href=\"https:\/\/play.google.com\/store\/apps\/details?id=com.canzoniperbimbi.it.app&amp;hl=en\" target=\"_blank\" rel=\"noopener noreferrer\">Google Play<\/a>.<\/p>\n<h3>Italian Fairy Tales<\/h3>\n<p>Un fantastico canale YouTube che pu\u00f2 aiutare i bambini ad imparare e comprendere un po&#8217; di italiano con la narrativa. C&#8217;\u00e8 un&#8217;<strong>ampia selezione di favole per bambini, come Hansel e Gretel o il Libro della Giungla, con testi in italiano e sottotitoli in inglese<\/strong> e sono tutte accompagnate da video animati.<\/p>\n<p>Ogni video dura tra i 5 e i 15 minuti, un intervallo di tempo piuttosto breve che ben si adatta alla vivace routine di un bambino che potr\u00e0 cos\u00ec guardare una storia approfittando del suo tempo libero, per esempio prima di andare a dormire oppure dopo essersi svegliato, senza annoiarsi.<\/p>\n<p>Questa \u00e8 un&#8217;ottima risorsa <strong>per bambini di tutte le et\u00e0<\/strong> che vogliono imparare l&#8217;italiano e che sono gi\u00e0 in grado di ascoltare input di parlato madrelingua, e i sottotitoli rendono molto facile seguire la traccia audio del narratore. I video sono tutti di buona qualit\u00e0, ma i migliori sono sicuramente i 3 Piccoli Porcellini, Heidi e il Mago di Oz.<\/p>\n<p>Tutti i video sono <a href=\"https:\/\/www.youtube.com\/channel\/UCgKvhlEKcFP7dAMEVMxjvNw\" target=\"_blank\" rel=\"noopener noreferrer\">disponibili gratuitamente su YouTube<\/a>.<\/p>\n<h3>Canzoni specifiche<\/h3>\n<p><strong>Imparare alcune canzoni di base ben note in italiano pu\u00f2 davvero aiutare i bambini a progredire, poich\u00e9 sono in grado di ascoltare la lingua e la pronuncia<\/strong>; ci sono molte canzoni conosciute dai bambini di tutto il mondo che esistono anche in italiano e sono molto facili da imparare e cantare insieme come una famiglia.<\/p>\n<h4>Testa Spalle Ginocchia e Piedi<\/h4>\n<p>Testa Spalle Ginocchia e Piedi \u00e8 una fantastica canzone da usare quando si insegna l&#8217;italiano ai bambini, perch\u00e9 \u00e8 molto divertente e interattiva se i bambini ballano insieme. Questa pu\u00f2 essere una delle canzoni pi\u00f9 utili da insegnare, in quanto \u00e8 adatta ai bambini di qualsiasi et\u00e0 e insegna chiaramente i nomi di alcune parti del corpo.<\/p>\n<h4>Tanti auguri<\/h4>\n<p>Tanti auguri \u00e8 una bella canzone da imparare insieme a tutta la famiglia. \u00c8 molto semplice e facile da imparare per i bambini di tutte le et\u00e0 e <a href=\"https:\/\/www.youtube.com\/watch?v=xVU390OVj08\" target=\"_blank\" rel=\"noopener\">questa version<\/a> in particolare ha persino i sottotitoli per poter seguire il cantato in italiano. Chiss\u00e0, magari riuscirete ad impararla in breve tempo e potrete cantarla al compleanno di un vostro amico!<\/p>\n<h4>Alfabeto<\/h4>\n<p>L&#8217;alfabeto \u00e8 sicuramente un buon argomento da cui iniziare per insegnare l&#8217;italiano ai vostri bambini, in quanto costituisce la base fondamentale per costruire tutto il linguaggio. <a href=\"https:\/\/www.youtube.com\/watch?v=de6l9lyAPMY\" target=\"_blank\" rel=\"noopener\">Questa \u00e8 un&#8217;ottima versione per far pratica<\/a>, <strong>in quanto insegna non solo tutti i suoni dell&#8217;alfabeto, ma fornisce anche per ciascuna lettera una parola dedicata<\/strong>, come A (albero) o B (bambino).<\/p>\n","protected":false},"excerpt":{"rendered":"<p>Man mano che imparano l&#8217;italiano, avranno una miglior comprensione del mondo, conosceranno culture e stili di vita differenti e, magari, diventeranno persino pi\u00f9 bravi nella loro stessa lingua. Imparare l&#8217;italiano da bambini pu\u00f2 essere molto divertente: ci sono centinaia di canzoni, giochi e attivit\u00e0 a disposizione, e noi della scuola Europass abbiamo trovato quelle che [&hellip;]<\/p>\n","protected":false},"author":1788,"featured_media":3511,"parent":3505,"menu_order":0,"comment_status":"closed","ping_status":"closed","template":"","meta":{"_acf_changed":false,"footnotes":""},"class_list":["post-2816","page","type-page","status-publish","has-post-thumbnail","hentry"],"acf":[],"_links":{"self":[{"href":"https:\/\/ils.simonemontanari.com\/it\/wp-json\/wp\/v2\/pages\/2816","targetHints":{"allow":["GET"]}}],"collection":[{"href":"https:\/\/ils.simonemontanari.com\/it\/wp-json\/wp\/v2\/pages"}],"about":[{"href":"https:\/\/ils.simonemontanari.com\/it\/wp-json\/wp\/v2\/types\/page"}],"author":[{"embeddable":true,"href":"https:\/\/ils.simonemontanari.com\/it\/wp-json\/wp\/v2\/users\/1788"}],"replies":[{"embeddable":true,"href":"https:\/\/ils.simonemontanari.com\/it\/wp-json\/wp\/v2\/comments?post=2816"}],"version-history":[{"count":0,"href":"https:\/\/ils.simonemontanari.com\/it\/wp-json\/wp\/v2\/pages\/2816\/revisions"}],"up":[{"embeddable":true,"href":"https:\/\/ils.simonemontanari.com\/it\/wp-json\/wp\/v2\/pages\/3505"}],"wp:featuredmedia":[{"embeddable":true,"href":"https:\/\/ils.simonemontanari.com\/it\/wp-json\/wp\/v2\/media\/3511"}],"wp:attachment":[{"href":"https:\/\/ils.simonemontanari.com\/it\/wp-json\/wp\/v2\/media?parent=2816"}],"curies":[{"name":"wp","href":"https:\/\/api.w.org\/{rel}","templated":true}]}}