{"id":2826,"date":"2020-07-02T15:48:09","date_gmt":"2020-07-02T14:48:09","guid":{"rendered":"https:\/\/ils.simonemontanari.com\/it\/?page_id=2826"},"modified":"2024-10-18T08:32:11","modified_gmt":"2024-10-18T07:32:11","slug":"certificazioni","status":"publish","type":"page","link":"https:\/\/ils.simonemontanari.com\/it\/risorse-gratuite\/certificazioni\/","title":{"rendered":"Le certificazioni della lingua italiana: CILS, CELI &amp; altri Certificati"},"content":{"rendered":"<p>Percentuale studenti di italiano per certificazione:<\/p>\n<table>\n<tbody>\n<tr>\n<td style=\"text-align: left;\"><\/td>\n<td style=\"text-align: left;\"><strong>2019<\/strong><\/td>\n<td style=\"text-align: left;\"><strong>2021<\/strong><\/td>\n<td style=\"text-align: left;\"><strong>2022<\/strong><\/td>\n<td style=\"text-align: left;\"><strong>2023<\/strong><\/td>\n<\/tr>\n<tr>\n<td><strong>CILS\u00a0<\/strong><\/td>\n<td>65,3<\/td>\n<td>79,8<\/td>\n<td>81,5<\/td>\n<td>84,6<\/td>\n<\/tr>\n<tr>\n<td><strong>CELI<\/strong><\/td>\n<td>14,4<\/td>\n<td>14,6<\/td>\n<td>9,1<\/td>\n<td>7,9<\/td>\n<\/tr>\n<tr>\n<td><b>AIL<\/b><\/td>\n<td>10,6<\/td>\n<td>3,3<\/td>\n<td>5,5<\/td>\n<td>3,1<\/td>\n<\/tr>\n<tr>\n<td><strong>PLIDA<\/strong><\/td>\n<td>9,5<\/td>\n<td>2,2<\/td>\n<td>3,9<\/td>\n<td>4,4<\/td>\n<\/tr>\n<tr>\n<td><strong>Altri<\/strong><\/td>\n<td>0,2<\/td>\n<td>0,1<\/td>\n<td>0<\/td>\n<td>0,1<\/td>\n<\/tr>\n<\/tbody>\n<\/table>\n<p>Fonte: Asils<\/p>\n<h2>CILS<\/h2>\n<ul>\n<li><strong>Nome certificazione:<\/strong> CILS &#8211; Certificazione di Italiano come Lingua Straniera<\/li>\n<li><strong>Promotore:<\/strong> <a href=\"https:\/\/cils.unistrasi.it\/\" target=\"_blank\" rel=\"noopener\">Universit\u00e0 per Stranieri di Siena<\/a><\/li>\n<li><strong>Costo:<\/strong> Da 50\u20ac a 160\u20ac, a seconda del livello<\/li>\n<li><strong>Date:<\/strong> 2 sessioni principali all&#8217;anno (giugno e dicembre), con sessioni addizionali per alcuni livelli. <a href=\"https:\/\/cils.unistrasi.it\/82\/364\/Le_date_degli_esami.htm\" target=\"_blank\" rel=\"noopener\">Elenco competo<\/a><\/li>\n<li><strong>Livelli:<\/strong> CILS A1 (A1), CILS A2 (A2), CILS UNO (B1), CILS UNO \u2013 B1 ADOLESCENTI, CILS UNO \u2013 B1 CITTADINANZA, CILS DUE (B2), CILS TRE (C1), CILS QUATTRO (C2)<\/li>\n<li><strong>Centri:<\/strong> Pi\u00f9 di 800 sedi al mondo, inclusa la <a href=\"https:\/\/ils.simonemontanari.com\/it\/chi-siamo\/\">nostra scuola<\/a>. <a href=\"https:\/\/cils.unistrasi.it\/84\/16\/Le_sedi_di_esami.htm\" target=\"_blank\" rel=\"noopener\">Elenco completo<\/a><\/li>\n<li><strong>Tempo di correzione:<\/strong> Fino a 12 settimane<\/li>\n<li><strong>Note particolari:<\/strong> Ciascuna sezione dell&#8217;esame viene valutata in maniera indipendente, pertanto per passare l&#8217;esame dovete aver ottenuto un voto sufficientemente alto in ogni parte. Se cos\u00ec non dovesse essere, allora sar\u00e0 possibile ripetere le sezioni necessarie<\/li>\n<li><strong>Maggiori dettagli:<\/strong> <a href=\"https:\/\/ils.simonemontanari.com\/it\/esami-lingua-italiana\/preparazione-cils\/\">Guida all&#8217;esame CILS<\/a><\/li>\n<\/ul>\n<p>Creata dall&#8217;Universit\u00e0 di Siena, la certificazione CILS \u00e8 la certificazione di riferimento per gli studenti di italiano: <strong>pi\u00f9 della met\u00e0 degli studenti<\/strong> di italiano che sostengono un esame ufficiale di italiano, sostengono l&#8217;esame CILS.<\/p>\n<p>La certificazione CILS \u00e8 la prima certificazione in lingua italiana ad aver applicato sei livelli di competenza linguistico-comunicativa dal <a href=\"https:\/\/ils.simonemontanari.com\/it\/blog\/livelli-qcer\/\">Quadro Comune Europeo di Riferimento<\/a> e ad aver offerto certificazioni specifiche per i lavoratori stranieri in Italia.<\/p>\n<p>Attraverso l&#8217;esame vengono valutate le competenze linguistico-comunicative e le quattro abilit\u00e0 di base, pertanto l&#8217;esame \u00e8 diviso in quattro sezioni (competenza orale, scritta, morfosintattica e lessicale, comprensione dei testi scritti, comprensione dei testi orali).<\/p>\n<p>L&#8217;esame consiste in domande chiuse (a risposta multipla) e domande semi-strutturate (rielaborazione di testi a partire da elementi di dati) e aperte (sviluppo libero di un argomento).<\/p>\n<p>Le certificazioni CILS sono riconosciute sia nei settori lavorativi che in quelli educativi e universitari. Il Ministero degli Affari Esteri riconosce il modulo della certificazione CILS A2 come un valido attestato di competenza nella lingua italiana per ottenere il Permesso di Soggiorno CE per i residenti a lungo termine.<\/p>\n<h2>CELI<\/h2>\n<ul>\n<li><strong>Nome certificazione:<\/strong> CELI &#8211; Certificato di lingua italiana<\/li>\n<li><strong>Promotore:<\/strong> <a href=\"https:\/\/www.unistrapg.it\/\" target=\"_blank\" rel=\"noopener\">Universit\u00e0 per Stranieri di Perugia<\/a><\/li>\n<li><strong>Costo:<\/strong> Da 50\u20ac a 130\u20ac, in base al livello<\/li>\n<li><strong>Date:<\/strong> 3 sessioni all&#8217;anno (primavera, estate e autunno)<\/li>\n<li><strong>Livelli:<\/strong> CELI IMPATTO \u2013 A1, CELI 1 \u2013 A2, CELI \u2013 B1, CELI 3 \u2013 B2, CELI 4 \u2013 C1, CELI 5 \u2013 C2<\/li>\n<li><strong>Centri:<\/strong> Disponibile in <a href=\"https:\/\/www.unistrapg.it\/centri-esame-celi.pdf?v=1596630188\" target=\"_blank\" rel=\"noopener\">numerosi centri in tutto il mondo<\/a> (inclusa <a href=\"https:\/\/ils.simonemontanari.com\/it\/chi-siamo\/\">la nostra scuola<\/a>)<\/li>\n<li><strong>Tempo di correzione: <\/strong>fino a 12 settimane. L\u2019invio del certificato richiede fino a ulteriori 4 mesi<\/li>\n<li><strong>Note particolari:<\/strong> In aggiunta alle tradizionali certificazioni CELI, ci sono anche la CELI Immigrati e la CELI Adolescenti. La CELI Immigrati \u00e8 indirizzata ai cittadini stranieri che sono immigrati in Italia, \u00e8 disponibile anche per gli studenti con scarsa scolarizzazione. La CELI Adolescenti si rivolge ai giovani tra i 13 e i 17 anni. Le differenze tra questi due tipi di certificazioni sono i diversi generi testuali e compiti senza modifiche durante l&#8217;esame<\/li>\n<li><strong>Maggiori dettagli:<\/strong> <a href=\"https:\/\/ils.simonemontanari.com\/it\/esami-lingua-italiana\/preparazione-celi\/\">Guida all&#8217;esame CELI<\/a><\/li>\n<\/ul>\n<p>Ministero dell&#8217;Educazione, dell&#8217;Universit\u00e0 e della Ricerca (MIUR) riconosce il CELI 3 come un certificato di conoscenza della lingua valido per poter accedere all&#8217;Universit\u00e0 in Italia, mentre il CELI 4 e il CELI 5 confermano una conoscenza dell&#8217;italiano pari a quella degli stessi studenti italiani.<\/p>\n<h2>PLIDA<\/h2>\n<ul>\n<li><strong>Nome certificazione:<\/strong> PLIDA (Progetto Lingua Italiana Dante Alighieri)<\/li>\n<li><strong>Promotore:<\/strong> <a href=\"https:\/\/www.dante.global\/\" target=\"_blank\" rel=\"noopener\">Societ\u00e0 Dante Alighieri<\/a><\/li>\n<li><strong>Costo:<\/strong> Da 65\u20ac a 135\u20ac, in base al livello<\/li>\n<li><strong>Sessioni:<\/strong> 6 sessioni all&#8217;anno<\/li>\n<li><strong>Livelli:<\/strong> Numerosi livelli, vedi sotto. PLIDA Juniores \u00e8 il certificato italiano per gli studenti adolescenti (dai 13 ai 18 anni). La differenza tra gli esami PLIDA e PLIDA Juniores ricade sulla scelta dei testi e sul loro contesto d&#8217;applicazione<\/li>\n<li><strong>Centri:<\/strong> Presente in molti paesi<\/li>\n<li><strong>Tempo di correzione:<\/strong> Circa 2 mesi<\/li>\n<\/ul>\n<p>Il certificato PLIDA attesta la competenza in italiano come lingua straniera e viene emesso dalla Societ\u00e0 Dante Alighieri. Il PLIDA \u00e8 ufficialmente riconosciuto come certificato di competenza in italiano dal Ministero degli Affari Esteri e pu\u00f2 essere usato per iscriversi all&#8217;universit\u00e0 o per ottenere un permesso di soggiorno a lungo termine.<\/p>\n<p>Pertanto vengono scartati i materiali testuali non correlati all&#8217;esperienza generale di questo gruppo d&#8217;et\u00e0. L&#8217;esame PLIDA si adegua alle disposizioni del Quadro Comune Europeo di Riferimento e si divide pertanto in 6 livelli:<\/p>\n<h4>Livello di italiano iniziale<\/h4>\n<p>Livello di Contatto<\/p>\n<ul>\n<li>PLIDA A1 (Livello A1 del QCER)<\/li>\n<li>PLIDA JUNIORES A1<\/li>\n<\/ul>\n<p>Livello di Sopravvivenza<\/p>\n<ul>\n<li>PLIDA A2 (Livello A2 del QCER)<\/li>\n<li>PLIDA JUNIORES A2<\/li>\n<\/ul>\n<h4>Livello di italiano fondamentale<\/h4>\n<p>Livello Soglia<\/p>\n<ul>\n<li>PLIDA B1 (Livello B1 del QCER)<\/li>\n<li>PLIDA JUNIORES B1<\/li>\n<\/ul>\n<p>Livello Progressivo<\/p>\n<ul>\n<li>PLIDA B2 (Livello B2 del QCER)<\/li>\n<li>PLIDA JUNIORES B2<\/li>\n<\/ul>\n<h4>Livello di italiano professionale<\/h4>\n<p>Livello Efficacia<\/p>\n<ul>\n<li>PLIDA C1 (Livello C1 del QCER)<\/li>\n<\/ul>\n<p>Livello Padronanza<\/p>\n<ul>\n<li>PLIDA C2 (Livello C2 del QCER)<\/li>\n<\/ul>\n<p>L&#8217;esame \u00e8 diviso in 4 fasi che corrispondono alle 4 capacit\u00e0 base (ascolto, lettura, scrittura, parlato) attraverso le quali si determina la competenza linguistica di uno studente. Le prove correlate ai primi 2 livelli si basano su esercizi con immagini e griglie che aiutano nella comprensione.<\/p>\n<p>La prova di ascolto si svolge con attori nel primo livello, mentre per gli altri livelli si usa un estratto di una conversazione spontanea. Gli esami PLIDA hanno luogo in centri autorizzati (autorizzati chiaramente dalla sede centrale), inclusa l&#8217;Universit\u00e0 per Stranieri Dante Alighieri in Calabria.<\/p>\n<h2>CERTIT<\/h2>\n<ul>\n<li><strong>Nome certificazione<\/strong>: CertIt &#8211; Certificazione Italiano<\/li>\n<li><strong>Promotore<\/strong>: <a href=\"https:\/\/www.uniroma3.it\/\" target=\"_blank\" rel=\"noopener\">Universit\u00e0 di Roma Tre<\/a><\/li>\n<li><strong>Costo<\/strong>: Da 50\u20ac a 110\u20ac, in base al livello<\/li>\n<li><strong>Sessioni<\/strong>: Varie date durante l&#8217;anno, a seconda del livello e della disponibilit\u00e0<\/li>\n<li><strong>Livelli<\/strong>: A1, A2, B1, B2, C1, C2, maggiori informazioni sotto<\/li>\n<li><strong>Centri<\/strong>: Disponibili in diversi paesi: <a href=\"https:\/\/certificazioneitaliano.uniroma3.it\/gli-esami\/centri-desame\/\" target=\"_blank\" rel=\"noopener\">elenco completo<\/a><\/li>\n<li><strong>Tempo di correzione<\/strong>: Dipende dal centro esaminatore, ma generalmente entro un mese<\/li>\n<\/ul>\n<p>CERTIT \u00e8 un certificato di competenza generale in lingua straniera italiana, offerto dall&#8217;Universit\u00e0 di Roma Tre. Questa certificazione \u00e8 riconosciuta dal Ministero degli Affari Esteri e riguarda l&#8217;implementazione, l&#8217;amministrazione e la valutazione dei test di certificazione dell&#8217;italiano come lingua straniera.<\/p>\n<p>L&#8217;esame CERTIT \u00e8 diviso in cinque livelli conformi ai livelli proposti dal Quadro comune europeo di riferimento:<\/p>\n<ul>\n<li>A1 (Livello A1 del QCER) &#8211; livello di contatto (3 parti: ascolto, lettura e scrittura, conversazione)<\/li>\n<li>A2 (Livello A2 del QCER) &#8211; livello della sopravvivenza (3 parti: ascolto, lettura e scrittura, conversazione)<\/li>\n<li>B1 (Livello B1 del QCER) &#8211; livello soglia (4 parti: ascolto, lettura e scrittura, usi della lingua italiana, comunicazione frontale)<\/li>\n<li>B2 (Livello B2 del QCER) &#8211; livello dell\u2019autonomia (ascolto, lettura, composizione, composizione frontale)<\/li>\n<li>C1 (Livello C1 del QCER) &#8211; livello dell\u2019efficacia (ascolto, lettura, composizione, composizione frontale)<\/li>\n<li>C2 (Livello C2 del QCER) &#8211; livello della padronanza (5 parti: ascolto, lettura, usi e forme della lingua italiana, composizione, produzione orale)<\/li>\n<\/ul>\n<p>Gli esami CERTIT sono rivolti agli stranieri che devono allegare il certificato alla richiesta di permesso di soggiorno (A2), agli studenti che vogliono studiare in una Universit\u00e0 italiana (B2), agli insegnanti stranieri di lingua italiana che lavorano in un ambiente italiano (C2). Gli esami si svolgono pi\u00f9 volte all&#8217;anno presso l&#8217;Universit\u00e0 di Roma Tre presso il Centro Linguistico Universitario e presso altri istituti affiliati, ma anche all&#8217;estero presso i centri italiani di cultura e in vari istituti affiliati.<\/p>\n<h2>AIL<\/h2>\n<ul>\n<li><strong>Nome certificazione<\/strong>: AIL &#8211; Accademia Italiana di Lingua<\/li>\n<li><strong>Promotore<\/strong>: <a href=\"https:\/\/www.acad.it\/\" target=\"_blank\" rel=\"noopener\">Accademia Italiana di Lingua<\/a> (un&#8217;associazione no profit di scuole private e pubbliche che insegnano l\u2019italiano come seconda lingua)<\/li>\n<li><strong>Costo<\/strong>: Da 100\u20ac a 200\u20ac, in base al livello<\/li>\n<li><strong>Sessioni<\/strong>: Due date l&#8217;anno<\/li>\n<li><strong>Livelli<\/strong>: DELI (A2), DILI (B1, B2), DALI (C1, C2)<\/li>\n<li><strong>Centri<\/strong>: Pochi centri, in diversi paesi<\/li>\n<li><strong>Tempo di correzione<\/strong>: Non specificato<\/li>\n<li><strong>Note particolari:<\/strong> questa certificazione \u00e8 l&#8217;unica di quelle menzionate che non fa parte della <a href=\"https:\/\/www.associazionecliq.it\/istituzioni-cliq\/\">CLIQ (Certificazione Lingua Italiana di Qualit\u00e0)<\/a> e potrebbe essere quindi meno riconosciuta rispetto alle altre<\/li>\n<\/ul>\n<p>La AIL \u00e8 un&#8217;associazione di scuole, istituti ed esperti nazionali ed esteri che operano nel settore della didattica della lingua italiana agli stranieri e nel campo delle certificazioni. Le certificazioni AIL sono riconosciute a livello internazionale e si rivolgono a tutte le persone per le quali l&#8217;italiano rappresenta la seconda lingua o una lingua straniera.<\/p>\n<p>L&#8217;Accademia Italiana di Lingua segue le differenze dei livelli linguistici e comunicativi stabiliti dal Consiglio Europeo, ma offre inoltre la possibilit\u00e0 di ottenere diplomi anche nei linguaggi imprenditoriali.<\/p>\n<p>L&#8217;esame DILC B1 \u00e8 riconosciuto dall&#8217;Ufficio Federale della Formazione Professionale e della Tecnologia svizzero in tutte le scuole commerciali e professionali della Confederazione Svizzera.<\/p>\n<p>In conseguenza ad un grande interesse nel rinnovo del permesso di soggiorno, \u00e8 stato creato l&#8217;esame di integrazione DELI A2. La AIL predilige gli aspetti della comunicazione pratica nella vita quotidiana e lavorativa.<\/p>\n<p>Pertanto, attualmente ci sono certificazioni per ciascuno dei seguenti livelli:<\/p>\n<ul>\n<li>DELI A1 (Livello A1 del QCER) &#8211; Livello principiante<\/li>\n<li>DELI A2 (Livello A2 del QCER) &#8211; Livello limitato<\/li>\n<li>DELI A2 integrazione (Livello A2 del QCER) &#8211; Livello limitato<\/li>\n<li>DILI B1 (Livello B1 del QCER) &#8211; Livello intermedio I<\/li>\n<li>DILC B1 (Livello B1 del QCER) \u2013 Livello intermedio professionale<\/li>\n<li>DILI B2 (Livello B2 del QCER) &#8211; Livello intermedio professionale I<\/li>\n<li>DALI C1 (Livello C1del QCER) &#8211; Livello avanzato I<\/li>\n<li>DALC C1 (Livello C1 del QCER) &#8211; Livello avanzato professionale<\/li>\n<li>DALI C2 (Livello C2 del QCER) &#8211; Livello avanzato II<\/li>\n<\/ul>\n<p>Gli esami si svolgono due volte l&#8217;anno, lo stesso giorno nelle varie sedi accreditate in tutto il mondo. I testi sono unici e la loro correzione e valutazione finale vengono eseguite nella sede fiorentina per garantire un voto equo. Tutte le sedi offrono corsi di preparazione per ogni livello di esame.<\/p>\n<h2>Certificati per i docenti di italiano<\/h2>\n<h3>DITALS<\/h3>\n<p><strong>(Certificazione in Didattica della Lingua Italiana agli stranieri)<\/strong><\/p>\n<p>Il centro di ricerca e servizi DITALS si occupa della progettazione, dello sviluppo e dell&#8217;amministrazione della certificazione DITALS, delle sue attivit\u00e0 di promozione e della formazione in italiano come seconda lingua (L2). Integra le sue funzioni con una serie di servizi, attivit\u00e0 di documentazione su saggi, miscellanee, riviste relative alle discipline coperte dalla certificazione DITALS e manuali per l&#8217;insegnamento dell&#8217;italiano L2.<\/p>\n<p>Esistono tre tipi di certificati DITAL attraverso i quali sono attestate le competenze necessarie per diventare insegnante di italiano per studenti stranieri.<\/p>\n<ul>\n<li>DITALS di Base: certifica una competenza iniziale nell&#8217;insegnamento dell&#8217;italiano agli stranieri ed \u00e8 destinato agli insegnanti che non sono madrelingua italiana<\/li>\n<li>DITALS di I livello: attesta una specifica competenza didattica nell&#8217;insegnamento dell&#8217;italiano a stranieri finalizzata a destinatari specifici (bambini, adolescenti, adulti e anziani, immigrati, studenti universitari, discenti di origine italiana, studenti di madrelingua omogenea: cinese, arabo, giapponese, russo , tedesco, operatori turistico-alberghieri, studenti cattolici e statunitensi &#8211; University Study Abroad)<\/li>\n<li>DITALS di II livello: certifica una competenza avanzata nell&#8217;insegnamento dell&#8217;italiano agli stranieri ed \u00e8 rivolto agli insegnanti che lavorano in qualsiasi contesto di insegnamento e con qualsiasi gruppo di discenti. I test degli esami DITALS si svolgono due volte l&#8217;anno nelle date previste dal Centro di certificazione DITALS, possono essere sostenuti a Siena o in uno dei centri affiliati al Centro, in Italia e all&#8217;estero<\/li>\n<\/ul>\n<h3>CEDILS<\/h3>\n<p><strong>(Certificazione in Didattica della Lingua Italiana agli Stranieri)<\/strong><\/p>\n<p>La certificazione CEDILS \u00e8 una certificazione di competenza nell&#8217;insegnamento dell&#8217;italiano come lingua straniera o seconda lingua, rilasciata dal Laboratorio Itals dell&#8217;Universit\u00e0 Ca &#8216;Foscari di Venezia. L&#8217;esame CEDILS \u00e8 diviso in cinque prove e dura cinque ore.<\/p>\n<p>Esistono quattro prove scritte (questionari su argomenti generali dell&#8217;insegnamento delle lingue, insegnamento di materiale autentico, commenti critici sul materiale didattico, schematizzazione di un aspetto grammaticale o sociolinguistico dell&#8217;italiano) e una prova orale (3\/4 minuti di registrazione audio su argomenti riguardanti la cultura e la civilt\u00e0 italiana). L&#8217;esame CEDILS si svolge due volte l&#8217;anno a Venezia e una volta all&#8217;anno nelle varie sedi legali in Italia (con date diverse per ciascuna sede). \u00c8 anche possibile sostenere l&#8217;esame all&#8217;estero, su richiesta di scuole, istituti di cultura italiana o gruppi di insegnanti.<\/p>\n<p>Gli esami sono valutati dal laboratorio ITAL dell&#8217;Universit\u00e0 di Venezia e trasmessi direttamente ai candidati. In caso di risultato positivo, i candidati riceveranno anche il certificato CEDILS. \u00c8 possibile accedere all&#8217;esame di certificazione con una laurea e anche senza precedenti esperienze di insegnamento dell&#8217;italiano a stranieri o altre lingue straniere. La certificazione CEDILS \u00e8 il modo pi\u00f9 breve e meno oneroso di ottenere un certificato di insegnamento. Il titolo CEDILS \u00e8 utile per i laureati senza esperienza di insegnamento dell&#8217;italiano L2 o di altre lingue straniere.<\/p>\n<h3>DILS-PG<\/h3>\n<p><strong>(La didattica della lingua straniera italiana)<\/strong><\/p>\n<p>La certificazione DILS-PG \u00e8 rivolta a docenti italiani o stranieri ed \u00e8 divisa in due livelli:<\/p>\n<ul>\n<li>Livello 1- DILS-PG Base<\/li>\n<li>Livello 2 &#8211; DILS-PG<\/li>\n<\/ul>\n<p><strong>Il DILS-PG di base (1 \u00b0 livello)<\/strong> \u00e8 rivolto sia agli italiani madrelingua che non madrelingua. \u00c8 per insegnanti di italiano che insegnano agli stranieri e che hanno iniziato da poco la loro professione o hanno un&#8217;esperienza limitata, principalmente livelli A1-B1 del Quadro comune europeo di riferimento (QCER).<br \/>\n<strong>Il livello DILS-PG II<\/strong> \u00e8 rivolto a insegnanti di italiano straniero, madrelingua e non madrelingua con una formazione specifica nel settore o una vasta e consolidata esperienza a tutti i livelli del Quadro comune europeo di riferimento (QCER).<br \/>\n<strong>La certificazione DILS-PG<\/strong> pu\u00f2 essere valutata in concorsi, selezioni e colloqui di lavoro sia in Italia che all&#8217;estero.<\/p>\n<p>Il DILS-PG \u00e8 riconosciuto come titolo qualificante per l&#8217;insegnamento dell&#8217;italiano come seconda lingua e rappresenta una qualifica che pu\u00f2 essere valutata in concorsi per scuole pubbliche. Gli esami si svolgono una volta all&#8217;anno presso i centri d&#8217;esame del mondo, tra cui l&#8217;Italia, nonch\u00e9 presso l&#8217;Universit\u00e0 per stranieri di Perugia.<\/p>\n","protected":false},"excerpt":{"rendered":"<p>Percentuale studenti di italiano per certificazione: 2019 2021 2022 2023 CILS\u00a0 65,3 79,8 81,5 84,6 CELI 14,4 14,6 9,1 7,9 AIL 10,6 3,3 5,5 3,1 PLIDA 9,5 2,2 3,9 4,4 Altri 0,2 0,1 0 0,1 Fonte: Asils CILS Nome certificazione: CILS &#8211; Certificazione di Italiano come Lingua Straniera Promotore: Universit\u00e0 per Stranieri di Siena Costo: [&hellip;]<\/p>\n","protected":false},"author":1788,"featured_media":10869,"parent":3505,"menu_order":0,"comment_status":"closed","ping_status":"closed","template":"course.php","meta":{"_acf_changed":false,"footnotes":""},"class_list":["post-2826","page","type-page","status-publish","has-post-thumbnail","hentry"],"acf":[],"_links":{"self":[{"href":"https:\/\/ils.simonemontanari.com\/it\/wp-json\/wp\/v2\/pages\/2826","targetHints":{"allow":["GET"]}}],"collection":[{"href":"https:\/\/ils.simonemontanari.com\/it\/wp-json\/wp\/v2\/pages"}],"about":[{"href":"https:\/\/ils.simonemontanari.com\/it\/wp-json\/wp\/v2\/types\/page"}],"author":[{"embeddable":true,"href":"https:\/\/ils.simonemontanari.com\/it\/wp-json\/wp\/v2\/users\/1788"}],"replies":[{"embeddable":true,"href":"https:\/\/ils.simonemontanari.com\/it\/wp-json\/wp\/v2\/comments?post=2826"}],"version-history":[{"count":0,"href":"https:\/\/ils.simonemontanari.com\/it\/wp-json\/wp\/v2\/pages\/2826\/revisions"}],"up":[{"embeddable":true,"href":"https:\/\/ils.simonemontanari.com\/it\/wp-json\/wp\/v2\/pages\/3505"}],"wp:featuredmedia":[{"embeddable":true,"href":"https:\/\/ils.simonemontanari.com\/it\/wp-json\/wp\/v2\/media\/10869"}],"wp:attachment":[{"href":"https:\/\/ils.simonemontanari.com\/it\/wp-json\/wp\/v2\/media?parent=2826"}],"curies":[{"name":"wp","href":"https:\/\/api.w.org\/{rel}","templated":true}]}}