{"id":3217,"date":"2020-08-11T14:07:17","date_gmt":"2020-08-11T13:07:17","guid":{"rendered":"https:\/\/ils.simonemontanari.com\/it\/?page_id=3217"},"modified":"2024-10-18T08:24:29","modified_gmt":"2024-10-18T07:24:29","slug":"celi","status":"publish","type":"page","link":"https:\/\/ils.simonemontanari.com\/it\/esami-lingua-italiana\/celi\/","title":{"rendered":"Esame CELI (Universit\u00e0 di Perugia)"},"content":{"rendered":"<h2>A cosa serve la certificazione CELI<\/h2>\n<p>CELI \u00e8 un titolo ufficiale che dichiara il grado di competenza comunicativa in italiano come lingua straniera.<\/p>\n<p>Per ottenere il <a href=\"https:\/\/ils.simonemontanari.com\/it\/esami-lingua-italiana\/b1-per-cittadinanza\/\">permesso di soggiorno<\/a> \u00e8 necessario sostenere l\u2019esame CELI 1.<\/p>\n<p>Il livello<strong> CELI 2<\/strong> \u00e8 necessario\u00a0per<b>\u00a0ottenere la cittadinanza italiana.<\/b><\/p>\n<p>ll Ministero dell\u2019Istruzione, dell\u2019Universit\u00e0 e della Ricerca (MIUR) riconosce il CELI 3 come attestazione di conoscenza della lingua italiana valida ai fini dell\u2019<a href=\"https:\/\/ils.simonemontanari.com\/it\/esami-lingua-italiana\/b2-per-ammissione-universitaria\/\">iscrizione all\u2019Universit\u00e0 in Italia<\/a>.<\/p>\n<p><strong>CELI 4 e il CELI 5<\/strong> sono invece titoli validi per attestare la conoscenza della lingua italiana a parit\u00e0 di condizioni con gli iscritti italofoni.<\/p>\n<h2>Quali sono i livelli CELI<\/h2>\n<p>I CELI sono articolati in 6 livelli sul modello del <a href=\"https:\/\/ils.simonemontanari.com\/it\/blog\/livelli-qcer\/\">Quadro Comune Europeo di Riferimento per le lingue (QCER)<\/a> e vengono rilasciati dall&#8217;Universit\u00e0 per Stranieri di Perugia e sono riconosciuti dal Ministero degli Affari Esteri. Ogni livello attesta una capacit\u00e0 comunicativa spendibile in situazioni e contesti diversi.<\/p>\n<p>La certificazione CELI serve a chi studia l&#8217;italiano e vuole semplicemente misurare la propria competenza, a chi vuole inserirsi nel mondo del lavoro, agli studenti extra europei che vogliono iscriversi ad un corso universitario in Italia e ai migranti che vogliono richiedere il permesso di soggiorno per lungo periodo.<\/p>\n<h4>CELI Impatto<\/h4>\n<p>Il <strong>CELI Impatto<\/strong> \u00e8 il livello pi\u00f9 basso tra i sei certificati CELI, ed \u00e8 paragonabile al Livello A1 del QCER.<br \/>\nL&#8217;esame \u00e8 suddiviso in tre parti:<\/p>\n<ul>\n<li>Comprensione della lettura 25%,<\/li>\n<li>Produzione e interazione scritta 25%<\/li>\n<li>Comprensione dell&#8217;ascolto<\/li>\n<li>Produzione e interazione orale 50%<\/li>\n<\/ul>\n<p>La durata dell&#8217;esame CELI IMPATTO \u00e8 di 1 ora e 15 minuti per la parte di lettura e scrittura, e 5-6 minuti per la parte orale.<\/p>\n<p><strong>\u00bb<\/strong>\u00a0Mettiti alla prova, completa il\u00a0<a href=\"https:\/\/ils.simonemontanari.com\/it\/test-di-italiano\/a1\/\">test di italiano A1<\/a><\/p>\n<h4>CELI 1<\/h4>\n<p>Il <strong>CELI 1 <\/strong>(Livello A2 del QCER) testimonia un livello elementare di comprensione delle lingua italiana e la possibilit\u00e0 di elaborare frasi semplici, ma non un discorso completo.<br \/>\nL&#8217;esame \u00e8 composto da quattro parti:<\/p>\n<ul>\n<li>Comprensione di testi scritti 25%,<\/li>\n<li>Produzione di testi scritti 15%<\/li>\n<li>Comprensione di testi orali 30%<\/li>\n<li>Produzione orale 15%.<\/li>\n<\/ul>\n<p>La durata dell&#8217;esame CELI 1 \u00e8 di: 2 ore per la parte scritta, 20 minuti per la comprensione di testi orali e 10 minuti per la produzione orale.<\/p>\n<p><strong>\u00bb<\/strong>\u00a0Mettiti alla prova, completa il\u00a0<a href=\"https:\/\/ils.simonemontanari.com\/it\/test-di-italiano\/a2\/\">test di italiano A2<\/a><\/p>\n<h4>CELI 2<\/h4>\n<p>Il <b>CELI 2 <\/b>(Livello B1 del QCER) \u00e8 un livello intermedio <b>valido per la cittadinanza<\/b>.<br \/>\nL\u2019esame \u00e8 cos\u00ec suddiviso:<\/p>\n<ul>\n<li>Comprensione di testi scritti 25%,<\/li>\n<li>Produzione di testi scritti 25%,<\/li>\n<li>Comprensione di testi orali 25%,<\/li>\n<li>Produzione orale 25%.<\/li>\n<\/ul>\n<p>L&#8217;esame CELI 2 Ha una durata di 2 ore per quel che riguarda la parte scritta, 20 minuti per la comprensione di testi orali e 15 minuti per la produzione orale.<\/p>\n<p><strong>\u00bb<\/strong>\u00a0Mettiti alla prova, completa il\u00a0<a href=\"https:\/\/ils.simonemontanari.com\/it\/test-di-italiano\/b1\/\">test di italiano B1<\/a><\/p>\n<h4>CELI 3<\/h4>\n<p>Il <b>CELI 3 <\/b>(Livello B2 del QCER) \u00e8 anche chiamato livello intermedio-superiore, ed \u00e8 <b>valido per l\u2019ammissione universitaria<\/b>.<\/p>\n<p>In questo caso l\u2019esame \u00e8 suddiviso in cinque parti:<\/p>\n<ul>\n<li>Comprensione di testi scritti 20%<\/li>\n<li>Produzione di testi scritti 20%<\/li>\n<li>Competenza linguistica 10%<\/li>\n<li>Comprensione di testi orali 20%<\/li>\n<li>Produzione orale 30%<\/li>\n<\/ul>\n<p>L\u2019esame CELI 3 dura pi\u00f9 di 3 ore, nel dettaglio: 2 ore e 15 min. la parte scritta, 1 ora e 10 minuti la parte di competenza linguistica e comprensione di testi orali e 15 minuti la produzione orale.<\/p>\n<p><strong>\u00bb<\/strong>\u00a0Mettiti alla prova, completa il\u00a0<a href=\"https:\/\/ils.simonemontanari.com\/it\/test-di-italiano\/b2\/\">test di italiano B2<\/a><\/p>\n<h4>CELI 4<\/h4>\n<p>Il <b>CELI 4 <\/b> (Livello C1 del QCER) \u00e8 il primo dei due livelli avanzati e indica la capacit\u00e0 di comprendere e produrre frasi lunghe e complesse.<br \/>\nAnche in questo caso l\u2019esame \u00e8 diviso in cinque parti:<\/p>\n<ul>\n<li>Comprensione di testi scritti 20%<\/li>\n<li>Produzione di testi scritti 30%<\/li>\n<li>Competenza linguistica 10%<\/li>\n<li>Comprensione di testi orali 15%<\/li>\n<li>Produzione orale 25%<\/li>\n<\/ul>\n<p>La durata dell&#8217;esame CELI 4 \u00e8 di 2 ore e 45 min. per la parte scritta, 1 ora e 40 minuti per la parte di competenza linguistica e comprensione di testi orali e 20 minuti per la produzione orale.<\/p>\n<p><strong>\u00bb<\/strong>\u00a0Mettiti alla prova, completa il\u00a0<a href=\"https:\/\/ils.simonemontanari.com\/it\/test-di-italiano\/c1\/\">test di italiano C1<\/a><\/p>\n<h4>CELI 5<\/h4>\n<p>Il <b>CELI 5 <\/b>(LIvello C2 del QCER) \u00e8 il livello pi\u00f9 alto raggiungibile e indica capacit\u00e0 linguistiche paragonabili o quasi a quelle di un madrelingua.<br \/>\nL\u2019esame \u00e8 suddiviso in\u00a0 queste parti:<\/p>\n<ul>\n<li>Comprensione di testi scritti 20%<\/li>\n<li>Produzione di testi scritti 30%<\/li>\n<li>Competenza linguistica 10%<\/li>\n<li>Comprensione di testi orali 15%<\/li>\n<li>Produzione orale 25%.<\/li>\n<\/ul>\n<p>La durata dell&#8217;esame CELI 5 \u00e8 di quasi cinque ore: 2 ore e 45 min. la parte scritta, 1 ora e 40 minuti la parte di competenza linguistica e comprensione di testi orali e 20 minuti la produzione orale.<\/p>\n<h3>I risultati<\/h3>\n<p>Gli esami CELI vengono considerati superati solo se in entrambe le parti (orale e scritto) \u00e8 stato raggiunto il punteggio minimo richiesto.<\/p>\n<p>Qulaora una delle due parti risulti insufficiente, il risultato parziale ottenuto \u00e8 capitalizzabile per un anno (alla seconda sessione d&#8217;esame bisogner\u00e0 pagare il 70% della tassa totale).<\/p>\n<p>Per i livelli<strong> CELI Impatto e del CELI 1<\/strong> sono previsti due possibili esiti (positivo\/negativo).<\/p>\n<p>Per <strong>ogni altro livello<\/strong> sono previsti cinque gradi di giudizio:<\/p>\n<p><strong>Positivi:<\/strong><br \/>\nA: ottimo;<br \/>\nB: buono;<br \/>\nC: sufficiente;<\/p>\n<p><strong>Negativi:<\/strong><br \/>\nD: insufficiente;<br \/>\nE: gravemente insufficiente.<\/p>\n<p><strong>Attenzione:\u00a0 <\/strong>Per sostenere l&#8217;esame CELI \u00e8 necessario rispettare delle scadenze rigorose e tempi lunghi.\u00a0 La correzione degli esami richiede fino a 3 mesi, l\u2019invio del certificato fino a 4 mesi.<\/p>\n<p>NOTA: Gli attestati CELI <strong>non hanno scadenza.<\/strong><\/p>\n<h2>Quando, dove e quanto costa<\/h2>\n<p>Le iscrizioni devono essere effettuate almeno un mese prima dell\u2019inizio dell\u2019esame.<\/p>\n<p>Le sessioni d\u2019esame CELI per l\u2019italiano generale, previste nel corso dell\u2019anno, sono le seguenti:<\/p>\n<ul>\n<li>sessione primaverile nel mese di marzo per i primi 4 livelli (A1-B2)<\/li>\n<li>sessione estiva nel mese di giugno per tutti i 6 livelli (A1-C2)<\/li>\n<li>sessione autunnale nel mese di novembre per tutti i 6 livelli (A1-C2)<\/li>\n<\/ul>\n<p>Le esatte date delle sessioni di esame vengono stabilite e pubblicate dal CVCL nel sito web di Ateneo <a href=\"https:\/\/www.unistrapg.it\/it\/certificati-di-conoscenza-della-lingua-italiana\/calendario-esami-celi-e-dils-pg\" target=\"_blank\" rel=\"noopener noreferrer\">unistrapg.it<\/a><\/p>\n<p>Puoi sostenere l&#8217;esame CELI nel <a href=\"https:\/\/www.unistrapg.it\/centri-esame-celi.pdf?v=1596630188\" target=\"_blank\" rel=\"noopener noreferrer\">centro d&#8217;esame pi\u00f9 vicino a te<\/a>, o nella <a href=\"https:\/\/ils.simonemontanari.com\/it\/corsi\/cils-celi-a-firenze\/\">nostra scuola accreditata<\/a>, a Firenze!<\/p>\n<p>Il corsto dell&#8217;esame qui, ad Europass, \u00e8 di 120 \u20ac.<\/p>\n<h2>Preparazione esame CELI<\/h2>\n<p>Per superare gli esami CELI non \u00e8 necessario aver seguito un corso specifico, con specifici contenuti o un metodo specifico ma \u00e8 importante possedere una buona preparazione rispetto al livello che si vuole conseguire sia nello scritto che nell&#8217;orale.<\/p>\n<p>Siccome bisogna superare entrambe le parti per poter superare l&#8217;esame pu\u00f2 essere necessaria una formazione (o semplicemente un ripasso) incentrato pi\u00f9 su alcuni aspetti che altri.<\/p>\n<p>Per questo motivo, offriamo una <a href=\"https:\/\/ils.simonemontanari.com\/it\/corsi\/incontro-gratuito\/\">consulenza online gratuita<\/a> della durata di 15 minuti in cui uno dei nostri istruttori pu\u00f2 aiutarti a scegliere il percorso di apprendimento che meglio si adatta alle tue esigenze nella preparazione dell&#8217;esame CELI.<\/p>\n<ul>\n<li class=\"page-card_title\"><a href=\"https:\/\/ils.simonemontanari.com\/it\/corsi\/gruppo-online\/\">Corsi di Italiano Online di Gruppo<\/a><br \/>\n2 lezioni, da 100 minuti ciascuna, a settimana con studenti del tuo livello.<\/li>\n<li class=\"page-card_title\"><a href=\"https:\/\/ils.simonemontanari.com\/it\/corsi\/privati-firenze\/\">Lezioni Private di Italiano a Firenze<\/a><br \/>\nLascia che i nostri insegnanti esperti ti guidino nella preparazione dell&#8217;esame CELI.<\/li>\n<li class=\"page-card_title\"><a href=\"https:\/\/ils.simonemontanari.com\/it\/corsi\/standard-firenze\/\">Corso Standard di Italiano<\/a><br \/>\n4 lezioni di italiano, ogni giorno, con un piccolo gruppo di compagni di classe.<\/li>\n<li class=\"page-card_title\"><a href=\"https:\/\/ils.simonemontanari.com\/it\/corsi\/privati-online\/\">Lezioni Private di Italiano Online<\/a><br \/>\nPrepara il tuo esame CELI con il supporto di insegnanti esperti.<\/li>\n<\/ul>\n<p>Durante la preparazione agli esami CELI, verr\u00e0 simulata anche una sessione di esame, utilizzando <a href=\"https:\/\/www.unistrapg.it\/node\/3278\" target=\"_blank\" rel=\"noopener noreferrer\">vecchie prove di esame CELI<\/a>.<\/p>\n<p>In questo modo ti abituerai al tipo di prove, alla loro sequenza e al tempo previsto per il loro svolgimento. Inoltre, potrai verificare con facilit\u00e0 il punteggio ottenuto.<\/p>\n[sp_testimonial id=&#8221;8456&#8243;]\n","protected":false},"excerpt":{"rendered":"<p>A cosa serve la certificazione CELI CELI \u00e8 un titolo ufficiale che dichiara il grado di competenza comunicativa in italiano come lingua straniera. Per ottenere il permesso di soggiorno \u00e8 necessario sostenere l\u2019esame CELI 1. Il livello CELI 2 \u00e8 necessario\u00a0per\u00a0ottenere la cittadinanza italiana. ll Ministero dell\u2019Istruzione, dell\u2019Universit\u00e0 e della Ricerca (MIUR) riconosce il CELI [&hellip;]<\/p>\n","protected":false},"author":1788,"featured_media":10870,"parent":3353,"menu_order":0,"comment_status":"closed","ping_status":"closed","template":"course.php","meta":{"_acf_changed":false,"footnotes":""},"class_list":["post-3217","page","type-page","status-publish","has-post-thumbnail","hentry"],"acf":[],"_links":{"self":[{"href":"https:\/\/ils.simonemontanari.com\/it\/wp-json\/wp\/v2\/pages\/3217","targetHints":{"allow":["GET"]}}],"collection":[{"href":"https:\/\/ils.simonemontanari.com\/it\/wp-json\/wp\/v2\/pages"}],"about":[{"href":"https:\/\/ils.simonemontanari.com\/it\/wp-json\/wp\/v2\/types\/page"}],"author":[{"embeddable":true,"href":"https:\/\/ils.simonemontanari.com\/it\/wp-json\/wp\/v2\/users\/1788"}],"replies":[{"embeddable":true,"href":"https:\/\/ils.simonemontanari.com\/it\/wp-json\/wp\/v2\/comments?post=3217"}],"version-history":[{"count":0,"href":"https:\/\/ils.simonemontanari.com\/it\/wp-json\/wp\/v2\/pages\/3217\/revisions"}],"up":[{"embeddable":true,"href":"https:\/\/ils.simonemontanari.com\/it\/wp-json\/wp\/v2\/pages\/3353"}],"wp:featuredmedia":[{"embeddable":true,"href":"https:\/\/ils.simonemontanari.com\/it\/wp-json\/wp\/v2\/media\/10870"}],"wp:attachment":[{"href":"https:\/\/ils.simonemontanari.com\/it\/wp-json\/wp\/v2\/media?parent=3217"}],"curies":[{"name":"wp","href":"https:\/\/api.w.org\/{rel}","templated":true}]}}