{"id":47,"date":"2017-12-05T16:19:23","date_gmt":"2017-12-05T15:19:23","guid":{"rendered":"https:\/\/ils.simonemontanari.com\/it\/learning-holidays\/language-cooking-holidays-in-italy\/"},"modified":"2024-08-23T11:30:14","modified_gmt":"2024-08-23T10:30:14","slug":"cucina","status":"publish","type":"page","link":"https:\/\/ils.simonemontanari.com\/it\/vacanze-studio\/cucina\/","title":{"rendered":"Vacanze \u201cLingua Italiana e Cucina\u201d in Italia"},"content":{"rendered":"<p>Questo il mondo ci invidia: <strong>attorno ad una tavola imbandita la vita diventa meno frenetica<\/strong>, le persone si uniscono e si lasciano andare.<\/p>\n<p>Abbiamo creato <strong>questo programma per chiunque voglia esplorare questo mondo<\/strong>: il <a href=\"https:\/\/ils.simonemontanari.com\/it\/corsi\/adulti\/\">corso di italiano<\/a> serve per vivere l\u2019esperienza pi\u00f9 autentica, mentre i corsi di cucina coprono ogni livello, dai principianti ai professionisti.<\/p>\n<p>In poche settimane si fanno progressi evidenti, e la soddisfazione di fronte al loro primo tentativo di gelato fatto in casa, o ai primi scorci di padronanza linguistica \u00e8 contagiosa ed entusiasmante.<\/p>\n<p>In aggiunta <strong>la scuola offre poi una serie di attivit\u00e0<\/strong>, <a href=\"https:\/\/ils.simonemontanari.com\/it\/soggiorno\/attivita\/\">learning tours<\/a> e viaggi per il weekend che \u00e8 possibile includere nel pacchetto vacanze in ogni momento, per rendere la vacanza ancora pi\u00f9 intensa e gratificante.<\/p>\n<p>I pacchetti disponibili sono:<\/p>\n<h2>Lingua italiana &amp; \u201cCucina con gli Amici\u201d<\/h2>\n    <div class=\"introbox clear\">\n        <div class=\"introbox-info\">\n            <p>La formula per chi vuole divertirsi in cucina preparando i piatti della tradizione culinaria italiana in compagnia.<br><a href=\"#page-cta\" class=\"button\">Contattaci <span class=\"icon\"><svg xmlns=\"http:\/\/www.w3.org\/2000\/svg\" aria-hidden=\"true\" focusable=\"false\" role=\"img\" viewBox=\"0 0 448 512\"><path fill=\"currentColor\" d=\"M443.7 266.8l-165.9 176C274.5 446.3 269.1 448 265.5 448c-3.986 0-7.988-1.375-11.16-4.156c-6.773-5.938-7.275-16.06-1.118-22.59L393.9 272H16.59c-9.171 0-16.59-7.155-16.59-15.1S7.421 240 16.59 240h377.3l-140.7-149.3c-6.157-6.531-5.655-16.66 1.118-22.59c6.789-5.906 17.27-5.469 23.45 1.094l165.9 176C449.4 251.3 449.4 260.7 443.7 266.8z\"\/><\/svg><\/span><\/a><\/p>\n        <\/div>\n        <div class=\"introbox-img\">\n            <figure class=\"crop\"><img loading=\"lazy\" decoding=\"async\" width=\"2049\" height=\"1366\" src=\"https:\/\/ils.simonemontanari.com\/it\/wp-content\/uploads\/sites\/4\/2018\/10\/cooking.jpg\" class=\"attachment-full size-full\" alt=\"mercato alimentare italiano a firenze\" srcset=\"https:\/\/ils.simonemontanari.com\/it\/wp-content\/uploads\/sites\/4\/2018\/10\/cooking.jpg 2049w, https:\/\/ils.simonemontanari.com\/it\/wp-content\/uploads\/sites\/4\/2018\/10\/cooking-376x250.jpg 376w, https:\/\/ils.simonemontanari.com\/it\/wp-content\/uploads\/sites\/4\/2018\/10\/cooking-752x501.jpg 752w, https:\/\/ils.simonemontanari.com\/it\/wp-content\/uploads\/sites\/4\/2018\/10\/cooking-768x512.jpg 768w, https:\/\/ils.simonemontanari.com\/it\/wp-content\/uploads\/sites\/4\/2018\/10\/cooking-1182x788.jpg 1182w\" sizes=\"auto, (max-width: 2049px) 100vw, 2049px\" \/><\/figure>\n        <\/div>\n    <\/div>\n    \n<h3>Programma e orari<\/h3>\n<h4>Corso standard di italiano in gruppo<\/h4>\n<div class=\"icon-box\"><i class=\"fal fa-pencil-alt fa-lg fa-fw\"><\/i><span class=\"icon-box-text\">Lezioni ogni mattina.<\/span><\/div>\n<div class=\"icon-box\"><i class=\"fal fa-calendar-alt fa-lg fa-fw\"><\/i><span class=\"icon-box-text\"><strong>Dal luned\u00ec al venerd\u00ec<\/strong>, dalle 9 alle 12:40.<\/span><\/div>\n<div class=\"icon-box\"><i class=\"fal fa-alarm-clock fa-lg fa-fw\"><\/i><span class=\"icon-box-text\">Ogni lezione dura 50 minuti. Frequenterai <strong>4 lezioni al giorno<\/strong>, quindi 20 lezioni a settimana.<\/span><\/div>\n<h4>Lezioni \u201cCucina con gli Amici\u201d<\/h4>\n<div class=\"icon-box\"><i class=\"fal fa-calendar-alt fa-lg fa-fw\"><\/i><span class=\"icon-box-text\"><strong>2 lezioni di cucina<\/strong> a settimana.<\/span><\/div>\n<div class=\"icon-box\"><i class=\"fal fa-hourglass-start fa-lg fa-fw\"><\/i><span class=\"icon-box-text\">Queste durano dalle 3 alle 5 ore (in base al tipo di lezione), per un massimo di 12 partecipanti<\/span><\/div>\n<div class=\"icon-box\"><i class=\"fal fa-utensils fa-lg fa-fw\"><\/i><span class=\"icon-box-text\">A rotazione, il men\u00f9 sar\u00e0 il seguente: Men\u00f9 Italiano Completo \/ Cena Italiana Facile \/ Pasta Fatta in Casa \/ Pizza e Gelato<\/span><\/div>\n<h4>Tour didattici e attivit\u00e0<\/h4>\n<div class=\"icon-box\"><i class=\"fal fa-camera-retro fa-lg fa-fw\"><\/i><span class=\"icon-box-text\"><strong>1 tour guidato<\/strong> o altra attivit\u00e0 ricreativa <strong>a settimana<\/strong> a tua scelta.<\/span><\/div>\n<h3>Prezzi<\/h3>\n<p>Tutti i pacchetti includono: corso standard di italiano, corso di \u201cCucina con gli amici\u201d e tour didattici e attivit\u00e0.<\/p>\n<table class=\"holiday-prices-table\">\n<tbody>\n<tr>\n<th>Settimane<\/th>\n<th style=\"text-align: left\">Italiano + Cucina con gli amici<\/th>\n<\/tr>\n<tr>\n<td style=\"text-align: center\">1<\/td>\n<td>450 \u20ac<\/td>\n<\/tr>\n<tr>\n<td style=\"text-align: center\">2<\/td>\n<td>860 \u20ac<\/td>\n<\/tr>\n<tr>\n<td style=\"text-align: center\">settimana agg.<\/td>\n<td>370 \u20ac<\/td>\n<\/tr>\n<\/tbody>\n<\/table>\n<h2>Lingua Italiana &amp; \u201cMasterClass\u201d di Cucina<\/h2>\n    <div class=\"introbox clear\">\n        <div class=\"introbox-info\">\n            <p>Il corso per chi vuole approfondire le tecniche di preparazione delle fondamentali pietanze italiane, in un contesto intimo e con la guida meticolosa di un cuoco professionista.<br><a href=\"#page-cta\" class=\"button\">Contattaci <span class=\"icon\"><svg xmlns=\"http:\/\/www.w3.org\/2000\/svg\" aria-hidden=\"true\" focusable=\"false\" role=\"img\" viewBox=\"0 0 448 512\"><path fill=\"currentColor\" d=\"M443.7 266.8l-165.9 176C274.5 446.3 269.1 448 265.5 448c-3.986 0-7.988-1.375-11.16-4.156c-6.773-5.938-7.275-16.06-1.118-22.59L393.9 272H16.59c-9.171 0-16.59-7.155-16.59-15.1S7.421 240 16.59 240h377.3l-140.7-149.3c-6.157-6.531-5.655-16.66 1.118-22.59c6.789-5.906 17.27-5.469 23.45 1.094l165.9 176C449.4 251.3 449.4 260.7 443.7 266.8z\"\/><\/svg><\/span><\/a><\/p>\n        <\/div>\n        <div class=\"introbox-img\">\n            <figure class=\"crop\"><img loading=\"lazy\" decoding=\"async\" width=\"2200\" height=\"1461\" src=\"https:\/\/ils.simonemontanari.com\/it\/wp-content\/uploads\/sites\/4\/2017\/12\/fresh-vegetables-italian-market-4.jpg\" class=\"attachment-full size-full\" alt=\"Zucchini flower fresh from the market\" srcset=\"https:\/\/ils.simonemontanari.com\/it\/wp-content\/uploads\/sites\/4\/2017\/12\/fresh-vegetables-italian-market-4.jpg 2200w, https:\/\/ils.simonemontanari.com\/it\/wp-content\/uploads\/sites\/4\/2017\/12\/fresh-vegetables-italian-market-4-376x250.jpg 376w, https:\/\/ils.simonemontanari.com\/it\/wp-content\/uploads\/sites\/4\/2017\/12\/fresh-vegetables-italian-market-4-752x499.jpg 752w, https:\/\/ils.simonemontanari.com\/it\/wp-content\/uploads\/sites\/4\/2017\/12\/fresh-vegetables-italian-market-4-768x510.jpg 768w, https:\/\/ils.simonemontanari.com\/it\/wp-content\/uploads\/sites\/4\/2017\/12\/fresh-vegetables-italian-market-4-1182x785.jpg 1182w, https:\/\/ils.simonemontanari.com\/it\/wp-content\/uploads\/sites\/4\/2017\/12\/fresh-vegetables-italian-market-4-300x199.jpg 300w, https:\/\/ils.simonemontanari.com\/it\/wp-content\/uploads\/sites\/4\/2017\/12\/fresh-vegetables-italian-market-4-1024x680.jpg 1024w\" sizes=\"auto, (max-width: 2200px) 100vw, 2200px\" \/><\/figure>\n        <\/div>\n    <\/div>\n    \n<h3>Programma e orari<\/h3>\n<h4>Corso Standard di italiano in Gruppo<\/h4>\n<div class=\"icon-box\"><i class=\"fal fa-pencil-alt fa-lg fa-fw\"><\/i><span class=\"icon-box-text\">Lezioni ogni mattina.<\/span><\/div>\n<div class=\"icon-box\"><i class=\"fal fa-calendar-alt fa-lg fa-fw\"><\/i><span class=\"icon-box-text\">Dal <strong>luned\u00ec al venerd\u00ec<\/strong>, dalle 9 alle 12:40.<\/span><\/div>\n<div class=\"icon-box\"><i class=\"fal fa-alarm-clock fa-lg fa-fw\"><\/i><span class=\"icon-box-text\">Ogni lezione dura 50 minuti. Frequenterai <strong>4 lezioni al giorno<\/strong>, quindi 20 lezioni a settimana.<\/span><\/div>\n<h4>\u201cMasterclass\u201d di Cucina<\/h4>\n<div class=\"icon-box\"><i class=\"fal fa-calendar-alt fa-lg fa-fw\"><\/i><span class=\"icon-box-text\"><strong>2 lezioni Masterclass<\/strong> a settimana.<\/span><\/div>\n<div class=\"icon-box\"><i class=\"fal fa-hourglass-start fa-lg fa-fw\"><\/i><span class=\"icon-box-text\">Queste <strong>lezioni durano 2,5 ore<\/strong>, per un massimo di <strong>5 partecipanti<\/strong>.<\/span><\/div>\n<div class=\"icon-box\"><i class=\"fal fa-utensils fa-lg fa-fw\"><\/i><span class=\"icon-box-text\">Le lezioni riguardano: Cucina Toscana \/ Pasta Fresca \/ Carne \/ Pesce \/ Pasticceria \/ Gelato \/ Pane, Pizza &amp; Focacce<\/span><\/div>\n<div class=\"icon-box\"><i class=\"fal fa-book fa-lg fa-fw\"><\/i><span class=\"icon-box-text\"><strong>Opuscolo ricette gratuito<\/strong><\/span><\/div>\n<h4>Tour Didattici e Attivit\u00e0<\/h4>\n<div class=\"icon-box\"><i class=\"fal fa-camera-retro fa-lg fa-fw\"><\/i><span class=\"icon-box-text\"><strong>1 tour guidato<\/strong> o altra attivit\u00e0 ricreativa a settimana a tua scelta<\/span><\/div>\n<h3 class=\"h2\">Prezzi<\/h3>\n<p>Tutti i pacchetti includono: corso standard di italiano, corso di cucina \u201cMasterclass\u201d e tour didattici e attivit\u00e0.<\/p>\n<table class=\"holiday-prices-table\">\n<tbody>\n<tr>\n<th>Settimane<\/th>\n<th style=\"text-align: left\">Italiano + Masterclass<\/th>\n<\/tr>\n<tr>\n<td style=\"text-align: center\">1<\/td>\n<td>570 \u20ac<\/td>\n<\/tr>\n<tr>\n<td style=\"text-align: center\">2<\/td>\n<td>1100 \u20ac<\/td>\n<\/tr>\n<tr>\n<td style=\"text-align: center\">settimana agg.<\/td>\n<td>490 \u20ac<\/td>\n<\/tr>\n<\/tbody>\n<\/table>\n    <section class=\"conditions-box\">\n        <div class=\"conditions-text\">\n        \n<h2>Dettagli e condizioni<\/h2>\n<div class=\"column\">\n<div class=\"icon-box\"><i class=\"fal fa-trophy-alt fa-fw fa-2x\"><\/i><span class=\"icon-box-text\">Da noi non c'\u00e8 costo di iscrizione<\/span><\/div>\n<div class=\"icon-box\"><i class=\"fal fa-users fa-fw fa-2x\"><\/i><span class=\"icon-box-text\">Dimensione delle Classi: min. 4, max. 12 studenti*<\/span><\/div>\n<div class=\"icon-box\"><i class=\"fal fa-hourglass-start fa-fw fa-2x\"><\/i><span class=\"icon-box-text\">Durata flessibile dei corsi<\/span><\/div>\n<div class=\"icon-box\"><i class=\"fal fa-futbol fa-fw fa-2x\"><\/i><span class=\"icon-box-text\">Cancellazione gratuita (con 4 settimane di preavviso)<\/span><\/div>\n<\/div>\n<div class=\"column\">\n<h4>Date d&#8217;inizio 2023<\/h4>\n<details class=\"accordion light\"><summary>Non-principianti<span class=\"icon\"><svg xmlns=\"http:\/\/www.w3.org\/2000\/svg\" aria-hidden=\"true\" role=\"img\" viewBox=\"0 0 448 512\"><path fill=\"currentColor\" d=\"M421.1 244.2L224 426.2l-197.1-181.1C23.78 241.4 19.89 239.1 16 239.1c-4.312 0-8.609 1.719-11.75 5.156c-6 6.5-5.594 16.59 .8906 22.59l208 192c6.156 5.688 15.56 5.688 21.72 0l208-192c6.484-6 6.891-16.09 .8906-22.59C437.8 238.6 427.6 238.2 421.1 244.2zM213.1 267.8c6.156 5.688 15.56 5.688 21.72 0l208-192c6.484-6 6.891-16.09 .8906-22.59c-5.969-6.531-16.11-6.906-22.61-.9062L224 234.2L26.86 52.26C23.78 49.41 19.89 48.01 16 48.01c-4.312 0-8.609 1.719-11.75 5.156c-6 6.5-5.594 16.59 .8906 22.59L213.1 267.8z\"\/><\/svg><\/span><\/summary>\n<p>Ogni luned\u00ec<\/p>\n<p>Per durate differenti da quelle proposte in catalogo, o per aggiungere eventuali extra, <a href=\"#page-cta\">contattaci<\/a>.<\/p>\n<\/details>\n<details class=\"accordion light\"><summary>Principianti<span class=\"icon\"><svg xmlns=\"http:\/\/www.w3.org\/2000\/svg\" aria-hidden=\"true\" role=\"img\" viewBox=\"0 0 448 512\"><path fill=\"currentColor\" d=\"M421.1 244.2L224 426.2l-197.1-181.1C23.78 241.4 19.89 239.1 16 239.1c-4.312 0-8.609 1.719-11.75 5.156c-6 6.5-5.594 16.59 .8906 22.59l208 192c6.156 5.688 15.56 5.688 21.72 0l208-192c6.484-6 6.891-16.09 .8906-22.59C437.8 238.6 427.6 238.2 421.1 244.2zM213.1 267.8c6.156 5.688 15.56 5.688 21.72 0l208-192c6.484-6 6.891-16.09 .8906-22.59c-5.969-6.531-16.11-6.906-22.61-.9062L224 234.2L26.86 52.26C23.78 49.41 19.89 48.01 16 48.01c-4.312 0-8.609 1.719-11.75 5.156c-6 6.5-5.594 16.59 .8906 22.59L213.1 267.8z\"\/><\/svg><\/span><\/summary>\n<p>9\/01, 23\/01, 6\/02, 20\/02, 6\/03, 20\/03, 3\/04, 17\/04, 2\/05, 15\/05, 5\/06, 19\/06, 3\/07, 17\/07, 31\/07, 14\/08, 4\/09, 18\/09, 2\/10, 16\/10, 6\/11, 20\/11, 4\/12.<\/p>\n<p>Per durate differenti da quelle proposte in catalogo, o per aggiungere eventuali extra, <a href=\"#page-cta\">contattaci<\/a>.<\/p>\n<\/details>\n<\/div>\n<details class=\"accordion standard\"><summary>Pi\u00f9 informazioni<span class=\"icon\"><svg xmlns=\"http:\/\/www.w3.org\/2000\/svg\" aria-hidden=\"true\" role=\"img\" viewBox=\"0 0 448 512\"><path fill=\"currentColor\" d=\"M421.1 244.2L224 426.2l-197.1-181.1C23.78 241.4 19.89 239.1 16 239.1c-4.312 0-8.609 1.719-11.75 5.156c-6 6.5-5.594 16.59 .8906 22.59l208 192c6.156 5.688 15.56 5.688 21.72 0l208-192c6.484-6 6.891-16.09 .8906-22.59C437.8 238.6 427.6 238.2 421.1 244.2zM213.1 267.8c6.156 5.688 15.56 5.688 21.72 0l208-192c6.484-6 6.891-16.09 .8906-22.59c-5.969-6.531-16.11-6.906-22.61-.9062L224 234.2L26.86 52.26C23.78 49.41 19.89 48.01 16 48.01c-4.312 0-8.609 1.719-11.75 5.156c-6 6.5-5.594 16.59 .8906 22.59L213.1 267.8z\"\/><\/svg><\/span><\/summary>\n<h4>Corsi di Lingua Italiana<\/h4>\n<p><strong>Ogni corso include<\/strong>: valutazione delle competenze linguistiche, materiali didattici, certificato di frequenza, servizi generici della segreteria durante la permanenza, connessione wifi.<\/p>\n<h4>Tour Didattici e Attivit\u00e0: dettagli<\/h4>\n<p>Passeggiate guidate nei dintorni di Firenze &#8211; tour guidati alla scoperta del patrimonio storico e artistico della citt\u00e0 &#8211; camminate per Fiesole e altri paesini nelle vicinanze.<\/p>\n<p>*se il numero minimo di partecipanti non viene raggiunto, ci riserviamo il diritto di trasformare il corso di gruppo in un numero ridotto di lezioni individuali \/ semi individuali (<a href=\"https:\/\/ils.simonemontanari.com\/it\/condizioni-di-iscrizione\/\">scopri di pi\u00f9<\/a>).<\/p>\n<\/details>\n        <\/div>\n        <div class=\"conditions-cta\">\n            <i class=\"fal fa-rocket\"><\/i>            <span class=\"cta-text\">Domande?<br>Siamo qui per aiutarti.<\/span><a class=\"button\" href=\"#page-cta\">Scrivici  <span class=\"icon\"><svg xmlns=\"http:\/\/www.w3.org\/2000\/svg\" aria-hidden=\"true\" focusable=\"false\" role=\"img\" viewBox=\"0 0 448 512\"><path fill=\"currentColor\" d=\"M443.7 266.8l-165.9 176C274.5 446.3 269.1 448 265.5 448c-3.986 0-7.988-1.375-11.16-4.156c-6.773-5.938-7.275-16.06-1.118-22.59L393.9 272H16.59c-9.171 0-16.59-7.155-16.59-15.1S7.421 240 16.59 240h377.3l-140.7-149.3c-6.157-6.531-5.655-16.66 1.118-22.59c6.789-5.906 17.27-5.469 23.45 1.094l165.9 176C449.4 251.3 449.4 260.7 443.7 266.8z\"\/><\/svg><\/span><\/a>\n        <\/div>\n    <\/section>\n    \n[sp_testimonial id=&#8221;8413&#8243;]\n","protected":false},"excerpt":{"rendered":"<p>Questo il mondo ci invidia: attorno ad una tavola imbandita la vita diventa meno frenetica, le persone si uniscono e si lasciano andare. Abbiamo creato questo programma per chiunque voglia esplorare questo mondo: il corso di italiano serve per vivere l\u2019esperienza pi\u00f9 autentica, mentre i corsi di cucina coprono ogni livello, dai principianti ai professionisti. [&hellip;]<\/p>\n","protected":false},"author":1788,"featured_media":8301,"parent":11,"menu_order":0,"comment_status":"closed","ping_status":"closed","template":"course.php","meta":{"_acf_changed":false,"footnotes":""},"class_list":["post-47","page","type-page","status-publish","has-post-thumbnail","hentry"],"acf":[],"_links":{"self":[{"href":"https:\/\/ils.simonemontanari.com\/it\/wp-json\/wp\/v2\/pages\/47","targetHints":{"allow":["GET"]}}],"collection":[{"href":"https:\/\/ils.simonemontanari.com\/it\/wp-json\/wp\/v2\/pages"}],"about":[{"href":"https:\/\/ils.simonemontanari.com\/it\/wp-json\/wp\/v2\/types\/page"}],"author":[{"embeddable":true,"href":"https:\/\/ils.simonemontanari.com\/it\/wp-json\/wp\/v2\/users\/1788"}],"replies":[{"embeddable":true,"href":"https:\/\/ils.simonemontanari.com\/it\/wp-json\/wp\/v2\/comments?post=47"}],"version-history":[{"count":0,"href":"https:\/\/ils.simonemontanari.com\/it\/wp-json\/wp\/v2\/pages\/47\/revisions"}],"up":[{"embeddable":true,"href":"https:\/\/ils.simonemontanari.com\/it\/wp-json\/wp\/v2\/pages\/11"}],"wp:featuredmedia":[{"embeddable":true,"href":"https:\/\/ils.simonemontanari.com\/it\/wp-json\/wp\/v2\/media\/8301"}],"wp:attachment":[{"href":"https:\/\/ils.simonemontanari.com\/it\/wp-json\/wp\/v2\/media?parent=47"}],"curies":[{"name":"wp","href":"https:\/\/api.w.org\/{rel}","templated":true}]}}