{"id":49,"date":"2017-12-05T16:19:13","date_gmt":"2017-12-05T15:19:13","guid":{"rendered":"https:\/\/ils.simonemontanari.com\/it\/learning-holidays\/italian-language-holidays\/"},"modified":"2024-08-23T11:30:14","modified_gmt":"2024-08-23T10:30:14","slug":"lingua","status":"publish","type":"page","link":"https:\/\/ils.simonemontanari.com\/it\/vacanze-studio\/lingua\/","title":{"rendered":"Vacanze Studio Lingua Italiana"},"content":{"rendered":"<p><strong>Ecco perch\u00e9 abbiamo disegnato queste Vacanze Studio<\/strong>: Firenze \u00e8 la citt\u00e0 perfetta per rilassarsi e prendere del tempo per s\u00e9. E <strong>la lingua italiana \u00e8 il veicolo perfetto per andare in esplorazione e socializzare<\/strong>, comprendendo veramente la cultura e lo stile di vita del Bel Paese.<\/p>\n<p>Attraverso i nostri <strong>Tour Didattici<\/strong>, ti guideremo alla scoperta dei gioielli nascosti di Firenze e degli splendidi paesini nelle vicinanze, i pi\u00f9 sorprendenti musei della citt\u00e0 e <a href=\"https:\/\/www.tuscanypeople.com\/san-frediano-quartiere-piu-cool-del-mondo\/\">i dintorni pi\u00f9 interessanti<\/a>!<\/p>\n<p>E poi ci sono <a href=\"https:\/\/ils.simonemontanari.com\/it\/soggiorno\/attivita\/\">attivit\u00e0 extra<\/a> per tutti i gusti: puoi avventurarti sul fiume Arno per un giro in barca o unirti alle nostre lezioni di cucina, participare ad un gita nel fine settimana o ad una visita guidata per i luoghi italiani pi\u00f9 ricchi di storia; puoi persino dirci quali sono le tue passioni e i tuoi interessi e, in base a quelle, noi organizzeremo le <a href=\"https:\/\/ils.simonemontanari.com\/it\/vacanze-studio\/personalizza\/\">attivit\u00e0 ideali per te qui a Firenze<\/a>.<\/p>\n<p><strong>Non pensarci due volte e goditi Firenze<\/strong>, noi ci occuperemo di tutto!<\/p>\n<h2>Vacanze Lingua Italiana &#8211; Standard<\/h2>\n    <div class=\"introbox clear\">\n        <div class=\"introbox-info\">\n            <p>Questa formula \u00e8 indicata per chi vuole bilanciare le lezioni di italiano della mattina con alcune attivit\u00e0 ricreative nel pomeriggio, insieme agli altri studenti, in 3 diversi Tour Didattici a settimana.<br><a href=\"#page-cta\" class=\"button\">Contattaci <span class=\"icon\"><svg xmlns=\"http:\/\/www.w3.org\/2000\/svg\" aria-hidden=\"true\" focusable=\"false\" role=\"img\" viewBox=\"0 0 448 512\"><path fill=\"currentColor\" d=\"M443.7 266.8l-165.9 176C274.5 446.3 269.1 448 265.5 448c-3.986 0-7.988-1.375-11.16-4.156c-6.773-5.938-7.275-16.06-1.118-22.59L393.9 272H16.59c-9.171 0-16.59-7.155-16.59-15.1S7.421 240 16.59 240h377.3l-140.7-149.3c-6.157-6.531-5.655-16.66 1.118-22.59c6.789-5.906 17.27-5.469 23.45 1.094l165.9 176C449.4 251.3 449.4 260.7 443.7 266.8z\"\/><\/svg><\/span><\/a><\/p>\n        <\/div>\n        <div class=\"introbox-img\">\n            <figure class=\"crop\"><img loading=\"lazy\" decoding=\"async\" width=\"2200\" height=\"1650\" src=\"https:\/\/ils.simonemontanari.com\/it\/wp-content\/uploads\/sites\/4\/2017\/12\/young-language-students-florence-4.jpg\" class=\"attachment-full size-full\" alt=\"Young people in Florence for a learning holiday\" srcset=\"https:\/\/ils.simonemontanari.com\/it\/wp-content\/uploads\/sites\/4\/2017\/12\/young-language-students-florence-4.jpg 2200w, https:\/\/ils.simonemontanari.com\/it\/wp-content\/uploads\/sites\/4\/2017\/12\/young-language-students-florence-4-752x564.jpg 752w, https:\/\/ils.simonemontanari.com\/it\/wp-content\/uploads\/sites\/4\/2017\/12\/young-language-students-florence-4-768x576.jpg 768w, https:\/\/ils.simonemontanari.com\/it\/wp-content\/uploads\/sites\/4\/2017\/12\/young-language-students-florence-4-1182x887.jpg 1182w, https:\/\/ils.simonemontanari.com\/it\/wp-content\/uploads\/sites\/4\/2017\/12\/young-language-students-florence-4-300x225.jpg 300w, https:\/\/ils.simonemontanari.com\/it\/wp-content\/uploads\/sites\/4\/2017\/12\/young-language-students-florence-4-1024x768.jpg 1024w\" sizes=\"auto, (max-width: 2200px) 100vw, 2200px\" \/><\/figure>\n        <\/div>\n    <\/div>\n    \n<h3>Programma e orari<\/h3>\n<h4>Corso di Gruppo Standard<\/h4>\n<div class=\"icon-box\"><i class=\"fal fa-pencil-alt fa-lg fa-fw\"><\/i><span class=\"icon-box-text\"><strong>Lezioni di Italiano ogni mattina<\/strong>.<\/span><\/div>\n<div class=\"icon-box\"><i class=\"fal fa-calendar-alt fa-lg fa-fw\"><\/i><span class=\"icon-box-text\">Dal <strong>luned\u00ec al venerd\u00ec<\/strong>, dalle 9 alle 12:40.<\/span><\/div>\n<div class=\"icon-box\"><i class=\"fal fa-alarm-clock fa-lg fa-fw\"><\/i><span class=\"icon-box-text\">Ciascuna lezione <strong>dura 50 minuti<\/strong>. Frequenterai <strong>4 lezioni al giorno<\/strong>, quindi 20 lezioni a settimana.<\/span><\/div>\n<h4>Tour Didattici e Attivit\u00e0<\/h4>\n<div class=\"icon-box\"><i class=\"fal fa-camera-retro fa-lg fa-fw\"><\/i><span class=\"icon-box-text\"><strong>3 tour guidati<\/strong>, visite a musei o altre attivit\u00e0 ricreative <strong>a tua scelta a settimana<\/strong>.<\/span><\/div>\n<h3>Prezzi<\/h3>\n<p>Tutti i pacchetti includono: corso standard di italiano e tour didattici e attivit\u00e0.<\/p>\n<table class=\"holiday-prices-table\">\n<tbody>\n<tr>\n<th style=\"text-align: left\">Settimane<\/th>\n<th style=\"text-align: left\">Programma<\/th>\n<\/tr>\n<tr>\n<td style=\"text-align: left\">1<\/td>\n<td style=\"text-align: left\">320 \u20ac<\/td>\n<\/tr>\n<tr>\n<td style=\"text-align: left\">2<\/td>\n<td>600 \u20ac<\/td>\n<\/tr>\n<tr>\n<td style=\"text-align: left\">settimana agg.<\/td>\n<td style=\"text-align: left\">240 \u20ac<\/td>\n<\/tr>\n<\/tbody>\n<\/table>\n<h2>Vacanze lingua italiana \u2013 Corso intensivo<\/h2>\n    <div class=\"introbox clear\">\n        <div class=\"introbox-info\">\n            <p>Questo pacchetto \u00e8 l&#039;ideale per chi desidera un&#039;immersione totale nella lingua italiana, con lezioni la mattina e il primo pomeriggio e due Tour Didattici pomeridiani a settimana a scelta.<br><a href=\"#page-cta\" class=\"button\">Contattaci <span class=\"icon\"><svg xmlns=\"http:\/\/www.w3.org\/2000\/svg\" aria-hidden=\"true\" focusable=\"false\" role=\"img\" viewBox=\"0 0 448 512\"><path fill=\"currentColor\" d=\"M443.7 266.8l-165.9 176C274.5 446.3 269.1 448 265.5 448c-3.986 0-7.988-1.375-11.16-4.156c-6.773-5.938-7.275-16.06-1.118-22.59L393.9 272H16.59c-9.171 0-16.59-7.155-16.59-15.1S7.421 240 16.59 240h377.3l-140.7-149.3c-6.157-6.531-5.655-16.66 1.118-22.59c6.789-5.906 17.27-5.469 23.45 1.094l165.9 176C449.4 251.3 449.4 260.7 443.7 266.8z\"\/><\/svg><\/span><\/a><\/p>\n        <\/div>\n        <div class=\"introbox-img\">\n            <figure class=\"crop\"><img loading=\"lazy\" decoding=\"async\" width=\"2200\" height=\"1467\" src=\"https:\/\/ils.simonemontanari.com\/it\/wp-content\/uploads\/sites\/4\/2017\/12\/tour-florence.jpg\" class=\"attachment-full size-full\" alt=\"A Europass student discover the beauty of Florence museums\" srcset=\"https:\/\/ils.simonemontanari.com\/it\/wp-content\/uploads\/sites\/4\/2017\/12\/tour-florence.jpg 2200w, https:\/\/ils.simonemontanari.com\/it\/wp-content\/uploads\/sites\/4\/2017\/12\/tour-florence-376x250.jpg 376w, https:\/\/ils.simonemontanari.com\/it\/wp-content\/uploads\/sites\/4\/2017\/12\/tour-florence-752x501.jpg 752w, https:\/\/ils.simonemontanari.com\/it\/wp-content\/uploads\/sites\/4\/2017\/12\/tour-florence-768x512.jpg 768w, https:\/\/ils.simonemontanari.com\/it\/wp-content\/uploads\/sites\/4\/2017\/12\/tour-florence-1182x788.jpg 1182w, https:\/\/ils.simonemontanari.com\/it\/wp-content\/uploads\/sites\/4\/2017\/12\/tour-florence-300x200.jpg 300w, https:\/\/ils.simonemontanari.com\/it\/wp-content\/uploads\/sites\/4\/2017\/12\/tour-florence-1024x683.jpg 1024w\" sizes=\"auto, (max-width: 2200px) 100vw, 2200px\" \/><\/figure>\n        <\/div>\n    <\/div>\n    \n<h3>Programma e orari<\/h3>\n<h4>Corsi intensivo di gruppo<\/h4>\n<div class=\"icon-box\"><i class=\"fal fa-pencil-alt fa-lg fa-fw\"><\/i><span class=\"icon-box-text\">Lezioni di Italiano tutte le mattine e nel primo pomeriggio<\/span><\/div>\n<div class=\"icon-box\"><i class=\"fal fa-calendar-alt fa-lg fa-fw\"><\/i><span class=\"icon-box-text\">Dal <strong>luned\u00ec al venerd\u00ec<\/strong>, dalle 9 alle 12:40 e dalle 13:10 alle 14:50.<\/span><\/div>\n<div class=\"icon-box\"><i class=\"fal fa-alarm-clock fa-lg fa-fw\"><\/i><span class=\"icon-box-text\">Ciascuna lezione dura 50 minuti. Frequenterai <strong>6 lezioni al giorno<\/strong>, quindi 30 lezioni a settimana.<\/span><\/div>\n<h4>Tour Didattici e Attivit\u00e0<\/h4>\n<div class=\"icon-box\"><i class=\"fal fa-camera-retro fa-lg fa-fw\"><\/i><span class=\"icon-box-text\"><strong>2 tour guidati<\/strong>, visite a musei o altre attivit\u00e0 ricreative a tua scelta <strong>a settimana<\/strong>.<\/span><\/div>\n<h3 class=\"h2\">Prezzi<\/h3>\n<p>Tutti i pacchetti includono: corso intensivo di italiano e tour didattici e attivit\u00e0.<\/p>\n<table class=\"holiday-prices-table\">\n<tbody>\n<tr>\n<th style=\"text-align: left\">Settimane<\/th>\n<th style=\"text-align: left\">Programma<\/th>\n<\/tr>\n<tr>\n<td style=\"text-align: left\">1<\/td>\n<td style=\"text-align: left\">430 \u20ac<\/td>\n<\/tr>\n<tr>\n<td style=\"text-align: left\">2<\/td>\n<td style=\"text-align: left\">820 \u20ac<\/td>\n<\/tr>\n<tr>\n<td style=\"text-align: left\">sett. extra<\/td>\n<td style=\"text-align: left\">330 \u20ac<\/td>\n<\/tr>\n<\/tbody>\n<\/table>\n    <section class=\"conditions-box\">\n        <div class=\"conditions-text\">\n        \n<h2>Dettagli e condizioni<\/h2>\n<div class=\"column\">\n<div class=\"icon-box\"><i class=\"fal fa-trophy-alt fa-fw fa-2x\"><\/i><span class=\"icon-box-text\">Da noi non c'\u00e8 costo di iscrizione<\/span><\/div>\n<div class=\"icon-box\"><i class=\"fal fa-calendar-check fa-fw fa-2x\"><\/i><span class=\"icon-box-text\">I corsi si tengono durante tutto l\u2019anno<\/span><\/div>\n<div class=\"icon-box\"><i class=\"fal fa-sliders-h fa-fw fa-2x\"><\/i><span class=\"icon-box-text\">I corsi sono disponibili per tutti i livelli<\/span><\/div>\n<div class=\"icon-box\"><i class=\"fal fa-users fa-fw fa-2x\"><\/i><span class=\"icon-box-text\">Dimensione delle Classi: min. 4, max. 12 studenti*<\/span><\/div>\n<div class=\"icon-box\"><i class=\"fal fa-hourglass-start fa-fw fa-2x\"><\/i><span class=\"icon-box-text\">Durata flessibile dei corsi<\/span><\/div>\n<div class=\"icon-box\"><i class=\"fal fa-futbol fa-fw fa-2x\"><\/i><span class=\"icon-box-text\">Cancellazione gratuita (con 4 settimane di preavviso)<\/span><\/div>\n<\/div>\n<div class=\"column\">\n<h4>Date d&#8217;inizio 2023<\/h4>\n<details class=\"accordion light\"><summary>Non-principianti<span class=\"icon\"><svg xmlns=\"http:\/\/www.w3.org\/2000\/svg\" aria-hidden=\"true\" role=\"img\" viewBox=\"0 0 448 512\"><path fill=\"currentColor\" d=\"M421.1 244.2L224 426.2l-197.1-181.1C23.78 241.4 19.89 239.1 16 239.1c-4.312 0-8.609 1.719-11.75 5.156c-6 6.5-5.594 16.59 .8906 22.59l208 192c6.156 5.688 15.56 5.688 21.72 0l208-192c6.484-6 6.891-16.09 .8906-22.59C437.8 238.6 427.6 238.2 421.1 244.2zM213.1 267.8c6.156 5.688 15.56 5.688 21.72 0l208-192c6.484-6 6.891-16.09 .8906-22.59c-5.969-6.531-16.11-6.906-22.61-.9062L224 234.2L26.86 52.26C23.78 49.41 19.89 48.01 16 48.01c-4.312 0-8.609 1.719-11.75 5.156c-6 6.5-5.594 16.59 .8906 22.59L213.1 267.8z\"\/><\/svg><\/span><\/summary>\n<p>Ogni luned\u00ec<\/p>\n<p>Per durate differenti da quelle proposte in catalogo, o per aggiungere eventuali extra, <a href=\"#page-cta\">contattaci<\/a>.<\/p>\n<\/details>\n<details class=\"accordion light\"><summary>Principianti<span class=\"icon\"><svg xmlns=\"http:\/\/www.w3.org\/2000\/svg\" aria-hidden=\"true\" role=\"img\" viewBox=\"0 0 448 512\"><path fill=\"currentColor\" d=\"M421.1 244.2L224 426.2l-197.1-181.1C23.78 241.4 19.89 239.1 16 239.1c-4.312 0-8.609 1.719-11.75 5.156c-6 6.5-5.594 16.59 .8906 22.59l208 192c6.156 5.688 15.56 5.688 21.72 0l208-192c6.484-6 6.891-16.09 .8906-22.59C437.8 238.6 427.6 238.2 421.1 244.2zM213.1 267.8c6.156 5.688 15.56 5.688 21.72 0l208-192c6.484-6 6.891-16.09 .8906-22.59c-5.969-6.531-16.11-6.906-22.61-.9062L224 234.2L26.86 52.26C23.78 49.41 19.89 48.01 16 48.01c-4.312 0-8.609 1.719-11.75 5.156c-6 6.5-5.594 16.59 .8906 22.59L213.1 267.8z\"\/><\/svg><\/span><\/summary>\n<p>9\/01, 23\/01, 6\/02, 20\/02, 6\/03, 20\/03, 3\/04, 17\/04, 2\/05, 15\/05, 5\/06, 19\/06, 3\/07, 17\/07, 31\/07, 14\/08, 4\/09, 18\/09, 2\/10, 16\/10, 6\/11, 20\/11, 4\/12.<\/p>\n<p>Per durate differenti da quelle proposte in catalogo, o per aggiungere eventuali extra, <a href=\"#page-cta\">contattaci<\/a>.<\/p>\n<\/details>\n<\/div>\n<details class=\"accordion standard\"><summary>Pi\u00f9 informazioni<span class=\"icon\"><svg xmlns=\"http:\/\/www.w3.org\/2000\/svg\" aria-hidden=\"true\" role=\"img\" viewBox=\"0 0 448 512\"><path fill=\"currentColor\" d=\"M421.1 244.2L224 426.2l-197.1-181.1C23.78 241.4 19.89 239.1 16 239.1c-4.312 0-8.609 1.719-11.75 5.156c-6 6.5-5.594 16.59 .8906 22.59l208 192c6.156 5.688 15.56 5.688 21.72 0l208-192c6.484-6 6.891-16.09 .8906-22.59C437.8 238.6 427.6 238.2 421.1 244.2zM213.1 267.8c6.156 5.688 15.56 5.688 21.72 0l208-192c6.484-6 6.891-16.09 .8906-22.59c-5.969-6.531-16.11-6.906-22.61-.9062L224 234.2L26.86 52.26C23.78 49.41 19.89 48.01 16 48.01c-4.312 0-8.609 1.719-11.75 5.156c-6 6.5-5.594 16.59 .8906 22.59L213.1 267.8z\"\/><\/svg><\/span><\/summary>\n<h4 class=\"h4\">Dettagli del corso di lingua<\/h4>\n<p><strong>Ogni corso include<\/strong>: valutazione delle competenze linguistiche, materiali didattici, certificato di frequenza, servizi generici della segreteria durante la permanenza, connessione wifi.<\/p>\n<p>*se il numero minimo di partecipanti non viene raggiunto, ci riserviamo il diritto di trasformare il corso di gruppo in un numero ridotto di lezioni individuali \/ semi individuali (<a href=\"https:\/\/ils.simonemontanari.com\/it\/condizioni-di-iscrizione\/\">scopri di pi\u00f9<\/a>).<\/p>\n<h4 class=\"h4\">Tour didattici: dettagli<\/h4>\n<p>Passeggiate guidate nei dintorni di Firenze &#8211; tour guidati alla scoperta del patrimonio storico e artistico della citt\u00e0 &#8211; camminate per Fiesole e altri paesini nelle vicinanze &#8211; almeno una visita a settimana alle principali chiese e musei (a rotazione: Uffizi, Galleria dell\u2019Accademia, Grande Opera del Duomo, etc&#8230;) &#8211; giri in barca sul fiume Arno e molto altro.<\/p>\n<\/details>\n        <\/div>\n        <div class=\"conditions-cta\">\n            <i class=\"fal fa-rocket\"><\/i>            <span class=\"cta-text\">Domande?<br>Siamo qui per aiutarti.<\/span><a class=\"button\" href=\"#page-cta\">Scrivici  <span class=\"icon\"><svg xmlns=\"http:\/\/www.w3.org\/2000\/svg\" aria-hidden=\"true\" focusable=\"false\" role=\"img\" viewBox=\"0 0 448 512\"><path fill=\"currentColor\" d=\"M443.7 266.8l-165.9 176C274.5 446.3 269.1 448 265.5 448c-3.986 0-7.988-1.375-11.16-4.156c-6.773-5.938-7.275-16.06-1.118-22.59L393.9 272H16.59c-9.171 0-16.59-7.155-16.59-15.1S7.421 240 16.59 240h377.3l-140.7-149.3c-6.157-6.531-5.655-16.66 1.118-22.59c6.789-5.906 17.27-5.469 23.45 1.094l165.9 176C449.4 251.3 449.4 260.7 443.7 266.8z\"\/><\/svg><\/span><\/a>\n        <\/div>\n    <\/section>\n    \n[sp_testimonial id=&#8221;8446&#8243;]\n","protected":false},"excerpt":{"rendered":"<p>Ecco perch\u00e9 abbiamo disegnato queste Vacanze Studio: Firenze \u00e8 la citt\u00e0 perfetta per rilassarsi e prendere del tempo per s\u00e9. E la lingua italiana \u00e8 il veicolo perfetto per andare in esplorazione e socializzare, comprendendo veramente la cultura e lo stile di vita del Bel Paese. Attraverso i nostri Tour Didattici, ti guideremo alla scoperta [&hellip;]<\/p>\n","protected":false},"author":1788,"featured_media":8303,"parent":11,"menu_order":0,"comment_status":"closed","ping_status":"closed","template":"course.php","meta":{"_acf_changed":false,"footnotes":""},"class_list":["post-49","page","type-page","status-publish","has-post-thumbnail","hentry"],"acf":[],"_links":{"self":[{"href":"https:\/\/ils.simonemontanari.com\/it\/wp-json\/wp\/v2\/pages\/49","targetHints":{"allow":["GET"]}}],"collection":[{"href":"https:\/\/ils.simonemontanari.com\/it\/wp-json\/wp\/v2\/pages"}],"about":[{"href":"https:\/\/ils.simonemontanari.com\/it\/wp-json\/wp\/v2\/types\/page"}],"author":[{"embeddable":true,"href":"https:\/\/ils.simonemontanari.com\/it\/wp-json\/wp\/v2\/users\/1788"}],"replies":[{"embeddable":true,"href":"https:\/\/ils.simonemontanari.com\/it\/wp-json\/wp\/v2\/comments?post=49"}],"version-history":[{"count":0,"href":"https:\/\/ils.simonemontanari.com\/it\/wp-json\/wp\/v2\/pages\/49\/revisions"}],"up":[{"embeddable":true,"href":"https:\/\/ils.simonemontanari.com\/it\/wp-json\/wp\/v2\/pages\/11"}],"wp:featuredmedia":[{"embeddable":true,"href":"https:\/\/ils.simonemontanari.com\/it\/wp-json\/wp\/v2\/media\/8303"}],"wp:attachment":[{"href":"https:\/\/ils.simonemontanari.com\/it\/wp-json\/wp\/v2\/media?parent=49"}],"curies":[{"name":"wp","href":"https:\/\/api.w.org\/{rel}","templated":true}]}}