{"id":5137,"date":"2021-05-25T10:06:33","date_gmt":"2021-05-25T09:06:33","guid":{"rendered":"https:\/\/ils.simonemontanari.com\/it\/?page_id=5137"},"modified":"2024-08-23T11:30:10","modified_gmt":"2024-08-23T10:30:10","slug":"muoversi-a-firenze-senza-macchina","status":"publish","type":"page","link":"https:\/\/ils.simonemontanari.com\/it\/soggiorno\/muoversi-a-firenze-senza-macchina\/","title":{"rendered":"Come muoversi a Firenze senza macchina"},"content":{"rendered":"<h2>Zona a traffico limitato (ZTL)<\/h2>\n<p>Molte zone del centro citt\u00e0 sono pedonali, altre sono conosciute come <a href=\"https:\/\/mobilita.comune.fi.it\/muoversi\/muoversi\/ztl.html\" target=\"_blank\" rel=\"noopener\">zone a traffico limitato<\/a>, <strong>riservate ai residenti<\/strong> che possiedono un permesso speciale. Quando la luce del semaforo \u00e8 rossa, non \u00e8 possibile accedere all&#8217;area, al contrario, quando \u00e8 verde significa che la zona \u00e8 ad accesso libero per tutti i veicoli, indipendentemente dai permessi speciali.<\/p>\n<p><img loading=\"lazy\" decoding=\"async\" class=\"alignnone wp-image-1655 size-thumbnail\" src=\"https:\/\/ils.simonemontanari.com\/wp-content\/uploads\/2018\/05\/ztl-5-376x250.jpg\" alt=\"ZTL-limited-traffic-zone-Florence-article-by-Europass\" width=\"376\" height=\"250\" \/><\/p>\n<p>In queste zone sono presenti telecamere di sicurezza che scattano foto ai veicoli e alle loro targhe.<\/p>\n<p>Circolare senza permesso in una di queste aree comporta una <strong>multa<\/strong> abbastanza elevata (100 euro).<\/p>\n<p>In fine, per tutta Firenze si possono trovare <strong>corsie preferenziali<\/strong>, riservate a taxi, autobus, ambulanze e auto della polizia.<\/p>\n<p>Andare in giro per Firenze con la macchina <strong>non \u00e8 certamente il modo pi\u00f9 pratico e consigliato.\u00a0<\/strong><\/p>\n<h2>A piedi<\/h2>\n<p>Il modo migliore per visitare Firenze \u00e8 senza dubbio a piedi: <strong>il centro storico della citt\u00e0 \u00e8 piccolo, facilmente accessibile e per lo pi\u00f9 pedonale.<\/strong><\/p>\n<p><strong>Arrivare al Duomo dalla stazione dei treni di Santa Maria Novella<\/strong> richiede circa <strong>10 minuti<\/strong>, da qui in altri 5 minuti si possono raggiungere facilmente Piazza della Signoria e la Galleria degli Uffizi (vicini anche a Ponte Vecchio).<\/p>\n<p>Ogni singola strada \u00e8 <strong>ricca di storia, statue incantevoli, chiese, passaggi nascosti<\/strong>, che senza dubbio si apprezzano di pi\u00f9 percorrendole <strong>tranquillamente a piedi.<\/strong><\/p>\n<p><img decoding=\"async\" src=\"https:\/\/ils.simonemontanari.com\/es\/wp-content\/uploads\/sites\/3\/2018\/05\/discovering-florence-by-feet-376x250.jpg\" alt=\"descubrir-florencia-andando-art\u00ecculo-c\u00f2mo-moverse-por-florencia-sin-coche-europass-italian-language-school\" \/><\/p>\n<p>I monumenti pi\u00f9 importanti sono collocati a poca distanza gli uni dagli altri e la <a href=\"https:\/\/www.seidifirenzese.it\/2018\/12\/29\/vie-firenze-shopping\/\" target=\"_blank\" rel=\"noopener\">zona pi\u00f9 famosa per fare compere<\/a> \u00e8 facilmente accessibile a piedi (Borgo Ognissanti, Via della Vigna Nuova, Via Tornabuoni, Via Calzaiuoli, Ponte Vecchio e Via Panzani).<\/p>\n<p>Tuttavia, esistono altre varie alternative per spostarsi nella citt\u00e0.<\/p>\n<h2>In bici<\/h2>\n<h3>Noleggiare una bicicletta<\/h3>\n<p>Noleggiare una bici a Firenze \u00e8 <strong>abbastanza economico<\/strong>: 2 euro all&#8217;ora o 10 euro al giorno. E&#8217; possibile trovare bici disponibili sparse per tutta la citt\u00e0, alla stazione ferroviaria centrale, Piazza Ghiberti ecc.<\/p>\n<p>Il servizio di noleggio biciclette pi\u00f9 conosciuto \u00e8 <a href=\"https:\/\/www.florencebybike.it\/\" target=\"_blank\" rel=\"noopener\">Florence By Bike<\/a>, situato in Via Zanobi, e offre una vasta selezione di bici e accessori per ogni necessit\u00e0 (seggiolino per bambini, casco ecc.)<\/p>\n<p>Sparsi in tutta la citt\u00e0, ci sono altri posti in cui poter noleggiare una bici, per esempio <a href=\"https:\/\/www.tuscanycycle.com\/\" target=\"_blank\" rel=\"noopener\">Tuscany Cycle<\/a> e <a href=\"http:\/\/ww6.rentbikeflorence.com\/\" target=\"_blank\" rel=\"noopener\">Giramondo By Bike<\/a>, collocato in Via Ghibellina, <a href=\"https:\/\/www.noleggiobiciclettefirenze.it\/en\/\" target=\"_blank\" rel=\"noopener\">Flo Rent<\/a> in Via della Mosca, e in alternativa a <a href=\"https:\/\/it.e-bikesflorence.com\/\" target=\"_blank\" rel=\"noopener\">E-Bikes Florence<\/a> si possono trovare anche le bici elettriche, in via Santa Reparata.<\/p>\n<h3>La bici condivisa (Bike-sharing)<\/h3>\n<p>Invece di noleggiare una bicicletta ora puoi scegliere anche un&#8217;altra opzione, ovvero utilizzare il <strong>servizio di condivisione della bici.<\/strong><\/p>\n<p>Scarica l&#8217;app <strong>Mobike<\/strong> (disponibile sia per <a href=\"https:\/\/apps.apple.com\/it\/app\/mobike-smart-bike-sharing\/id1044535426\" target=\"_blank\" rel=\"noopener\">iOS<\/a> che per sistema <a href=\"https:\/\/play.google.com\/store\/apps\/details?id=com.ridemovi.app\" target=\"_blank\" rel=\"noopener\">Android<\/a>), un sistema che ti permette di prendere una bicicletta senza problemi, <strong>sono<\/strong>\u00a0<strong>sparse per tutta la citt\u00e0<\/strong> e non \u00e8 necessario quindi recarsi in un posto apposito.<\/p>\n<h6><img decoding=\"async\" src=\"https:\/\/ils.simonemontanari.com\/es\/wp-content\/uploads\/sites\/3\/2018\/05\/mobike-compartir-bicicletas-florencia-376x250.jpg\" alt=\"mobike-compartir-bicicletas-florencia-art\u00ecculo-c\u00f2mo-moverse-por-florencia-sin-coche-eurpass-italian-language-school\" \/><\/h6>\n<p>Una volta terminato di usarla, <strong>assicurati di aver chiuso bene la serratura<\/strong>: in caso contrario, ti faranno pagare anche il tempo extra!<\/p>\n<p>Spostandosi in bici a Firenze, bisogna fare molta attenzione in quanto sono presenti numerosi dislivelli lungo le strade fiorentine, oltre alle moto che cercano quasi sempre di sorpassare.<\/p>\n<p>Nel centro citt\u00e0, comunque, non \u00e8 un grosso problema, la maggior parte delle strade sono pedonali: l&#8217;unica preoccupazione potrebbe essere la folla di turisti!<\/p>\n<h2>In bus o in Tramvia<\/h2>\n<p>L&#8217;<strong>ATAF<\/strong>\u00a0 \u00e8 la principale compagnia di autobus di Firenze (gli autobus sono arancioni, mentre i nuovi sono rossi, bianchi o azzurri).<\/p>\n<p>E&#8217; sempre possibile controllare gli itinerari e gli orari sul <a href=\"http:\/\/www.ataf.net\/en\/ataf.aspx?idC=2&amp;LN=en-US\">sito ufficiale<\/a> o su <a href=\"https:\/\/www.google.it\/maps\/place\/Firenze+FI\/@43.7799368,11.1709281,12z\/data=!3m1!4b1!4m5!3m4!1s0x132a56a680d2d6ad:0x93d57917efc72a03!8m2!3d43.7695604!4d11.2558136\" target=\"_blank\" rel=\"noopener\">Google Maps<\/a>.<\/p>\n<h3>Biglietti<\/h3>\n<p>I biglietti dell&#8217;autobus sono acquistabili (<strong>1,50 euro<\/strong>) in bar, tabacchini o edicole. Inoltre, \u00e8 possibile acquistarlo anche sull&#8217;autobus ma ha un costo un p\u00f2 pi\u00f9 elevato e si esauriscono in fretta.<\/p>\n<p>Il biglietto \u00e8 <strong>valido 90 minuti<\/strong>, quindi si pu\u00f2 riutilizzare o usare cambiando autobus.<\/p>\n<p><strong>Comprare il biglietto a bordo \u00e8 pi\u00f9 caro (2 euro).<\/strong><\/p>\n<p>Si possono trovare, inoltre, anche biglietti da due viaggi (2,40 euro) o un biglietto da quattro 4 viaggi (4,70 euro).<\/p>\n<p>Un&#8217;altra opzione utile \u00e8 la <strong>Carta Agile<\/strong>, una carta elettronica valida per 10, 20 o 30 viaggi (con il costo rispettivamente di 10,20 e 30 euro).<\/p>\n<p>Per convalidare la carta sull&#8217;autobus \u00e8 necessario semplicemente appoggiarla sul lettore digitale. Il segnale acustico segnala la convalida del viaggio.<\/p>\n<p>E&#8217; importante ricordare che non \u00e8 possibile utilizzare la Carta Agile per pi\u00f9 persone: a ciascuno la propria!<\/p>\n<p>L&#8217;ultima soluzione possibile \u00e8 quella di <strong>inviare un messaggio di testo dal tuo telefono con scritto ATAF<\/strong> al numero 4880205 dal proprio telefono, al costo di 1,50 euro.<\/p>\n<p>Sono disponibili in pi\u00f9 anche <strong>biglietti per pi\u00f9 giorni<\/strong> (24 ore, 3 giorni, 7 giorni). Tutte queste informazioni puoi trovare a questo <a href=\"http:\/\/www.ataf.net\/en\/fares\/tickets.aspx?idC=82&amp;LN=en-US\" target=\"_blank\" rel=\"noopener\">link<\/a>.<\/p>\n<p>Acquistando la <a href=\"http:\/\/firenzecard.it\/\" target=\"_blank\" rel=\"noopener\">Firenze Card<\/a> \u00e8 possibile entrare nei musei e avere accesso illimitato al servizio di trasporto.<\/p>\n<p><strong>Assicurati di convalidare il biglietto<\/strong>, i controllori spesso verificano la valenza del biglietto (la multa minima \u00e8 di circa 40 euro).<\/p>\n<h3>Tramvia<\/h3>\n<p>Il biglietto dell&#8217;autobus si pu\u00f2 utilizzare anche sulla Tramvia, l&#8217;ultima arrivata a Firenze: ha veramente rivoluzionato e migliorato le condizioni di mobilit\u00e0. E&#8217; comoda, puntuale ed ecologica. Attualmente sono attive 3 linee e due in corso di lavorazione.<\/p>\n<p>Itinerari ed orari delle linee della Tramvia sono disponibili <a href=\"https:\/\/en.comune.fi.it\/administration\/tramway\/system.html\" target=\"_blank\" rel=\"noopener\">qui<\/a>.<\/p>\n<h3>Bus sali e scendi<\/h3>\n<p>Un&#8217;altra opzione \u00e8 <a href=\"https:\/\/www.hop-on-hop-off-bus.com\/\" target=\"_blank\" rel=\"noopener\">Florence Bus Tour<\/a>, il bus sali e scendi che permette di visitare luoghi e monumenti principali. Pu\u00f2 capitare per\u00f2 che ci sia molto traffico, di conseguenza camminare a piedi risulta anche pi\u00f9 veloce che spostarsi in bus.<\/p>\n<p>Un&#8217;ottima soluzione per fare un giro generale della citt\u00e0 (se non si ha intenzione di starci a lungo) \u00e8 l&#8217;autobus aperto a due piani, che permette di ammirare anche lo scenario.<\/p>\n<h2>In Taxi<\/h2>\n<p>Prendere un taxi pu\u00f2 essere un&#8217;<strong>ottima soluzione di notte<\/strong>, per esempio se si vuole provare un ristorante dall&#8217;altra parte della citt\u00e0.<\/p>\n<p>A differenza di molti altri posti, in Italia i taxi non possono essere fermati mentre passano per la strada. Generalmente sostano nell&#8217;<strong>apposita<\/strong>\u00a0<strong>fermata<\/strong>, nelle piazze principali, nelle stazioni ferroviarie e negli aeroporti. Andare dall&#8217;aeroporto al centro citt\u00e0 costa approssimativamente 20 euro.<\/p>\n<p><img decoding=\"async\" src=\"https:\/\/ils.simonemontanari.com\/es\/wp-content\/uploads\/sites\/3\/2018\/05\/taxi-in-florence-376x250.jpg\" alt=\"taxi-in-florencia-art\u00ecculo-c\u00f2mo-moverse-por-florencia-sin-coche-europass-italian-language-school\" \/><\/p>\n<p>I <strong>numeri<\/strong> per chiamare un taxi a Firenze sono i seguenti: 055.4242 \/ 055.4390 \/ 055.4798 \/ 055.4499<\/p>\n<h2>Auto condivisa (Car Sharing)<\/h2>\n<p>Se non puoi rinunciare ad utilizzare la macchina, una buona opzione \u00e8 il <strong>servizio condivisione dell&#8217;auto<\/strong>.<\/p>\n<p>Il servizio, accessibile semplicemente <strong>scaricando un&#8217;app<\/strong>, permette di utilizzare una macchina per tutto il tempo che ti occorre, <strong>accedere all&#8217;area ZTL<\/strong> e <strong>parcheggiare in spazi riservati ai residenti.<\/strong><\/p>\n<p>Puoi prendere l&#8217;auto situata pi\u00f9 vicino a te, queste auto sono parcheggiate lungo tutta la citt\u00e0.<\/p>\n<p>I servizi di car sharing attivi a Firenze sono 3:<\/p>\n<ul>\n<li><a href=\"https:\/\/www.car2go.com\/IT\/en\/florence\/\" target=\"_blank\" rel=\"noopener noreferrer\">Car2go<\/a><\/li>\n<li><a href=\"https:\/\/enjoy.eni.com\/en\/firenze\/home\" target=\"_blank\" rel=\"noopener noreferrer\">Enjoy<\/a><\/li>\n<li><a href=\"https:\/\/www.addumacar.it\/EN\/index.html\" target=\"_blank\" rel=\"noopener noreferrer\">Adduma Car<\/a><\/li>\n<\/ul>\n<p>Visita i rispettivi siti web per conoscere dettagli e tariffe.<\/p>\n<p><img loading=\"lazy\" decoding=\"async\" class=\"wp-image-1790 size-thumbnail\" src=\"https:\/\/ils.simonemontanari.com\/wp-content\/uploads\/2018\/05\/Enjoy-car-sharing-Firenze-376x250.jpg\" alt=\"\" width=\"376\" height=\"250\" \/><\/p>\n<p>Image taken from: http:\/\/www.controradio.it\/enjoy-firenze\/<\/p>\n<h2>Parcheggiare a Firenze<\/h2>\n<p>Trovare pacheggio \u00e8 una delle cose pi\u00f9 difficili da fare a Firenze&#8230; ma mai perdere la speranza!<\/p>\n<p>Se sei in visita a Firenze solo per un giorno, il nostro consiglio \u00e8 di lasciare la macchina in uno dei tanti parcheggi che circondano il centro storico.<\/p>\n<p>Il pi\u00f9 grande si trova sotto la stazione di <strong>Santa Maria Novella<\/strong>.<\/p>\n<p>Vicino la stazione dei treni (nella parte ovest della citt\u00e0)\u00a0 puoi parcheggiare anche sotto la <strong>Fortezza da Basso<\/strong> e a Porta al Prato.<\/p>\n<p>Nella parte est del centro, invece, puoi trovare un parcheggio sotto Piazza Ghiberti (chiamato <strong>Sant&#8217;Ambrogio<\/strong>) e Piazza Beccaria.<\/p>\n<p>A nord, se ne trova uno in Piazza della Libert\u00e0 (<strong>Parterre<\/strong>) e al sud a Porta Romana, giusto per citare i pi\u00f9 centrali.<\/p>\n<p>E&#8217; possibile verificare in<strong> tempo reale<\/strong> quanti parcheggi liberi sono disponibili nei vari parcheggi su questo <a href=\"http:\/\/www.fipark.com\/\" target=\"_blank\" rel=\"noopener\">sito<\/a> (disponibile solo in lingua italiana).<\/p>\n<p>E&#8217; disponibile inoltre l&#8217;app ParkMe sia por <a href=\"https:\/\/apps.apple.com\/us\/app\/parkme-parking\/id417605484\" target=\"_blank\" rel=\"noopener\">iPhones<\/a> che per <a href=\"https:\/\/play.google.com\/store\/apps\/details?id=com.parkme.consumer&amp;hl=it\" target=\"_blank\" rel=\"noopener\">Android<\/a>.<\/p>\n<p><img loading=\"lazy\" decoding=\"async\" class=\"alignnone wp-image-1679 size-thumbnail\" src=\"https:\/\/ils.simonemontanari.com\/wp-content\/uploads\/2018\/05\/car-park-376x250.jpg\" alt=\"car-park-Florence-article-by-Europass\" width=\"376\" height=\"250\" \/><\/p>\n<p>Se invece la tua permanenza \u00e8 pi\u00f9 lunga, consigliamo di chiedere direttamente all&#8217;hotel che ti ospita, spesso dispongono del parcheggio privato o <strong>convenzioni<\/strong>.<\/p>\n<p>Il costo si aggira intorno ad un 1 &#8211; 3 euro all&#8217;ora ma pu\u00f2 arrivare anche a 8 euro! Si possono trovare anche <strong>garage privati nel centro storico<\/strong> che costano circa 30 euro tutta la giornata, sono utili se desideri stare vicino alle principali destinazioni.<\/p>\n<p>Puoi trovare anche <strong>parcheggi lungo le strade<\/strong>, in maniera particolare nelle aree residenziali. E&#8217; difficile trovarne uno libero, ma \u00e8 sicuramente la soluzione pi\u00f9 economica.<\/p>\n<p>E&#8217; importante ricordare di parcheggiare solo nelle <strong>linee blu<\/strong>, quelle bianche sono riservate ai residenti.<\/p>\n<p>In fine, se la permanenza \u00e8 molto lunga, consigliamo di parcheggiare fuori citt\u00e0 e <strong>usare il trasporto pubblico<\/strong> per arrivare al centro.<\/p>\n<p>Questa \u00e8 la soluzione pi\u00f9 economica: \u00e8 sicuro e altamente consigliato!<\/p>\n","protected":false},"excerpt":{"rendered":"<p>Zona a traffico limitato (ZTL) Molte zone del centro citt\u00e0 sono pedonali, altre sono conosciute come zone a traffico limitato, riservate ai residenti che possiedono un permesso speciale. Quando la luce del semaforo \u00e8 rossa, non \u00e8 possibile accedere all&#8217;area, al contrario, quando \u00e8 verde significa che la zona \u00e8 ad accesso libero per tutti [&hellip;]<\/p>\n","protected":false},"author":1788,"featured_media":5138,"parent":17,"menu_order":0,"comment_status":"closed","ping_status":"closed","template":"","meta":{"_acf_changed":false,"footnotes":""},"class_list":["post-5137","page","type-page","status-publish","has-post-thumbnail","hentry"],"acf":[],"_links":{"self":[{"href":"https:\/\/ils.simonemontanari.com\/it\/wp-json\/wp\/v2\/pages\/5137","targetHints":{"allow":["GET"]}}],"collection":[{"href":"https:\/\/ils.simonemontanari.com\/it\/wp-json\/wp\/v2\/pages"}],"about":[{"href":"https:\/\/ils.simonemontanari.com\/it\/wp-json\/wp\/v2\/types\/page"}],"author":[{"embeddable":true,"href":"https:\/\/ils.simonemontanari.com\/it\/wp-json\/wp\/v2\/users\/1788"}],"replies":[{"embeddable":true,"href":"https:\/\/ils.simonemontanari.com\/it\/wp-json\/wp\/v2\/comments?post=5137"}],"version-history":[{"count":0,"href":"https:\/\/ils.simonemontanari.com\/it\/wp-json\/wp\/v2\/pages\/5137\/revisions"}],"up":[{"embeddable":true,"href":"https:\/\/ils.simonemontanari.com\/it\/wp-json\/wp\/v2\/pages\/17"}],"wp:featuredmedia":[{"embeddable":true,"href":"https:\/\/ils.simonemontanari.com\/it\/wp-json\/wp\/v2\/media\/5138"}],"wp:attachment":[{"href":"https:\/\/ils.simonemontanari.com\/it\/wp-json\/wp\/v2\/media?parent=5137"}],"curies":[{"name":"wp","href":"https:\/\/api.w.org\/{rel}","templated":true}]}}