{"id":5287,"date":"2021-06-14T08:45:29","date_gmt":"2021-06-14T07:45:29","guid":{"rendered":"https:\/\/ils.simonemontanari.com\/it\/?page_id=5287"},"modified":"2024-08-23T11:29:45","modified_gmt":"2024-08-23T10:29:45","slug":"preposizioni-e-articoli-partitivi","status":"publish","type":"page","link":"https:\/\/ils.simonemontanari.com\/it\/risorse-gratuite\/grammatica\/preposizioni-e-articoli-partitivi\/","title":{"rendered":"Preposizioni e Articoli Partitivi in Italiano"},"content":{"rendered":"<h2>Le preposizioni semplici: di, a, da, in, con, su, per, tra, fra<\/h2>\n<p>Le preposizioni sono <strong>parole che mostrano la posizione in relazione a spazio o tempo, o che introducono un complemento.<\/strong><\/p>\n<p>Le preposizioni italiane principali sono le seguenti:<\/p>\n<h3>Di<\/h3>\n<ul>\n<li><strong>Possesso:<\/strong>\u00a0Il Libro di Luca \/ La camicia di Maria<\/li>\n<li><strong>Contenuto: <\/strong>Una bottiglia di vino \/ Una lattina di coca-cola<\/li>\n<li><strong>Materia: <\/strong>Un maglione di lana \/\u00a0Il tavolo di legno<\/li>\n<li><strong>Origine da una citt\u00e0, <\/strong>con verbi di stato in luogo: Io sono di Milano \/ Davide \u00e8 di Roma<\/li>\n<li><strong>Tempo:<\/strong>\u00a0Preferisco allenarmi di mattina, piuttosto che di sera \/ Esco molto di sera, soprattutto d\u2019estate<\/li>\n<li><strong>Et\u00e0:<\/strong>\u00a0Il mio capo \u00e8 un uomo di circa 50 anni \/ In italia si va in pensione all\u2019et\u00e0 di 65 anni<\/li>\n<li><strong>Ragione:<\/strong>\u00a0Ci sono 38 gradi oggi, moriremo di caldo! \/\u00a0Quando ho passato l\u2019esame di geografia, ho gridato di gioia<\/li>\n<li><strong>Argomento:<\/strong>\u00a0I miei amici parlano sempre di calcio \/\u00a0Possiamo parlare di qualcos\u2019altro per favore?<\/li>\n<li><strong>Modo:<\/strong>\u00a0Ero in ritardo stamattina, sono uscito di corsa \/ Oggi Michele \u00e8 di cattivo umore<\/li>\n<li><strong>Qualit\u00e0:<\/strong>\u00a0Quel negozio vende prodotti di ottima qualit\u00e0 \/ Laura \u00e8 una donna di grande intelligenza e bellezza<\/li>\n<li><strong>Causa:<\/strong>\u00a0Il vaso preferito della mamma \u00e8 rotto; \u00e8 tutta colpa di Elena \/\u00a0Paolo Rossi \u00e8 stato accusato di furto<\/li>\n<li><strong>Quantit\u00e0:<\/strong>\u00a0Sono uscita dall\u2019ascensore perch\u00e8 era pieno di gente \/ Il museo degli Uffizi \u00e8 ricco di opere d\u2019arte<\/li>\n<li><strong>Limitazione:<\/strong>\u00a0Matteo \u00e8 campione regionale di pallanuoto \/\u00a0Stefano \u00e8 un ragazzo forte di carattere<\/li>\n<li><strong>Carenza:<\/strong>\u00a0Federico \u00e8 cos\u00ec noioso, \u00e8 privo di interessi \/\u00a0Marco ha lasciato paola, ma lei non pu\u00f2 essere felice senza di lui<\/li>\n<\/ul>\n<h3>A<\/h3>\n<ul>\n<li><strong>Destinazione con il nome della citt\u00e0<\/strong>, complemento sia di movimento che di stato; risponde alla domanda &#8220;dove?&#8221;: Tu vai a Roma \/\u00a0 Oggi sono a Milano \/ Sono a casa \/ Sabato non vado a scuola<\/li>\n<li><strong>Nomi di piccole isole: <\/strong>Vado in vacanza a Ischia \/ Faccio un viaggio a Creta<\/li>\n<li><strong>Espressioni fisse:<\/strong>\n<ul>\n<li>Ho molti CD a casa mia, a casa tua, a casa sua<\/li>\n<li>Vado a casa <strong>a piedi<\/strong> \/ Andiamo al bar <strong>a piedi<\/strong><\/li>\n<li>La stazione \u00e8 <strong>vicino a<\/strong> una chiesa\/ La scuola \u00e8 <strong>vicino a<\/strong> un ristorante<\/li>\n<\/ul>\n<\/li>\n<li><strong>Destinatario: <\/strong>Carlo regala un fiore a Maria \/\u00a0Luca d\u00e0 un libro a Matteo<\/li>\n<\/ul>\n<p>La preposizione \u201cA\u201d cambia in <strong>-AD <\/strong>davanti ad -A. Davanti a vocali, pu\u00f2 cambiare oppure no, entrambi gli utilizzi sono corretti:<\/p>\n<ul>\n<li>Vado ad Amburgo<\/li>\n<li>Andiamo a Udine \/ ad Udine<\/li>\n<\/ul>\n<p>Alcuni verbi sono accompagnati dalla preposizione \u201cA\u201d quando precedono un infinito:<\/p>\n        <p class=\"example\">\n            <span class=\"example_text\"lang=\"it\">Voglio imparare a nuotare quest\u2019anno <strong>(imparare a)<\/strong><\/span>\n            <\/span>\n        <\/p>\n        \n        <p class=\"example\">\n            <span class=\"example_text\"lang=\"it\">Mi aiuti a fare questo esercizio? <strong>(aiutare a)<\/strong><\/span>\n            <\/span>\n        <\/p>\n        \n        <p class=\"example\">\n            <span class=\"example_text\"lang=\"it\">Non riesco a studiare con tutto questo rumore <strong>(riuscire a)<\/strong><\/span>\n            <\/span>\n        <\/p>\n        \n        <p class=\"example\">\n            <span class=\"example_text\"lang=\"it\">Mi sono abituato a mangiare frutta e verdura ogni giorno <strong>(abituarsi a)<\/strong><\/span>\n            <\/span>\n        <\/p>\n        \n        <p class=\"example\">\n            <span class=\"example_text\"lang=\"it\">Sbrigati a preparare la cena, gli ospiti stanno arrivando! <strong>(sbrigarsi a)<\/strong><\/span>\n            <\/span>\n        <\/p>\n        \n<p>La preposizione \u201cA\u201d accompagna verbi che indicano l&#8217;inizio e il proseguimento di un&#8217;azione:<\/p>\n        <p class=\"example\">\n            <span class=\"example_text\"lang=\"it\">Ho cominciato a leggere un libro <strong>(cominciare a)<\/strong><\/span>\n            <\/span>\n        <\/p>\n        \n        <p class=\"example\">\n            <span class=\"example_text\"lang=\"it\">Continua a piovere <strong>(continuare a)<\/strong><\/span>\n            <\/span>\n        <\/p>\n        \n        <p class=\"example\">\n            <span class=\"example_text\"lang=\"it\">Luca ha iniziato a cucinare un\u2019ora fa <strong>(iniziare a)<\/strong><\/span>\n            <\/span>\n        <\/p>\n        \n        <p class=\"example\">\n            <span class=\"example_text\"lang=\"it\">Mi metto a pulire casa tra poco <strong>(mettersi a)<\/strong><\/span>\n            <\/span>\n        <\/p>\n        \n<h3>Da<\/h3>\n<ul>\n<li><strong>Origine,<\/strong> <strong>con verbi di movimento<\/strong>:\n<ul>\n<li>Luca viene da Napoli<\/li>\n<li>Parto da Milano<\/li>\n<\/ul>\n<\/li>\n<li><strong>Movimento verso qualcuno <\/strong>o stare in un luogo con qualcuno (&#8220;a casa tua&#8221;):\n<ul>\n<li>Vado a studiare da Marco (= a casa di Marco)<\/li>\n<li>Sono da Laura (= a casa di Laura)<\/li>\n<li>Dopo il lavoro passo da te (=a casa tua)<\/li>\n<\/ul>\n<\/li>\n<li><b>Spostarsi da un luogo o separarsi da qualcuno<\/b>:\n<ul>\n<li>Lei vive lontano da sua mamma<\/li>\n<li>Maria si \u00e8 separata da suo marito<\/li>\n<\/ul>\n<\/li>\n<li><strong>Origine,<\/strong>\u00a0<b>con significato temporale <\/b>(che continua nel presente):\n<ul>\n<li>Vivo a Firenze da 3 mesi<\/li>\n<li>Studio Italiano da 2 settimane<\/li>\n<\/ul>\n<\/li>\n<li>Con <strong>costruzioni indeterminate<\/strong> (qualcuno \/ qualcosa \/ nessuno \/ niente&#8230;+ DA + forma infinita del verbo):\n<ul>\n<li>L\u2019insegnante cerca qualcuno da interrogare<\/li>\n<li>Vuoi qualcosa da bere?<\/li>\n<li>Non c\u2019\u00e8 niente da mangiare<\/li>\n<\/ul>\n<\/li>\n<li><strong>Specificazione dell&#8217;utilit\u00e0 dell&#8217;oggetto:<\/strong>\n<ul>\n<li>Occhiali da sole<\/li>\n<li>Scarpe da ginnastica<\/li>\n<\/ul>\n<\/li>\n<\/ul>\n<h3>In<\/h3>\n<p>La preposition \u201cIN\u201d indica anche il complemento di luogo e risponde alla domanda \u201cdove?\u201d, sia moto a luogo sia di stato in luogo, sopratutto:<\/p>\n<ul>\n<li><strong> Continenti, Stati, Regioni, Isole maggiori:<\/strong>\n<ul>\n<li>La Francia \u00e8 in Europa<\/li>\n<li>Elisa va in Germania<\/li>\n<li>Firenze \u00e8 in Toscana<\/li>\n<li>Vado in vacanza in Sardegna<\/li>\n<\/ul>\n<\/li>\n<li>Con i <strong>nomi delle strade:<\/strong>\n<ul>\n<li>Abito in via Garibaldi 15<\/li>\n<li>La stazione si trova in via Santa Maria<\/li>\n<\/ul>\n<\/li>\n<li>Con<strong> nomi di negozi o luoghi che terminano in &#8220;-IA&#8221;<\/strong>:\n<ul>\n<li>Domani andiamo in macelleria, in profumeria, in farmacia<\/li>\n<li>Stasera vado in pizzeria, in gelateria<\/li>\n<\/ul>\n<\/li>\n<\/ul>\n<i class=\"fal fa-exclamation-triangle \"><\/i> Ci sono alcune <strong>eccezioni<\/strong>: v<em>ado in vacanza, in montagna, in campagna, in centro, in ufficio, in palestra, in discoteca, in ospedale,<\/em> etc.<\/p>\n<ul>\n<li>Con i <strong>mezzi di trasporto<\/strong>:\n<ul>\n<li>Vado a scuola in macchina \/ in autobus \/ in treno \/ in auto \/ in bicicletta<\/li>\n<\/ul>\n<\/li>\n<\/ul>\n<h3>Con<\/h3>\n<ul>\n<li>Indica la <strong>relazione o la compagnia<\/strong>:\n<ul>\n<li>Paola esce con Laura<\/li>\n<li>Prendo il caff\u00e8 con due cucchiaini di zucchero<\/li>\n<\/ul>\n<\/li>\n<li>Indica il <strong>modo, come si svolge un azione<\/strong><b>:<\/b>\n<ul>\n<li>Devo studiare con attenzione<\/li>\n<li>Devi guidare con prudenza<\/li>\n<\/ul>\n<\/li>\n<li>Informazioni specifiche<strong>, come il tempo o il modo<\/strong>:\n<ul>\n<li>Domani veniamo con il treno delle 17.00<\/li>\n<li>Devi aprire questa porta con la chiave<\/li>\n<\/ul>\n<\/li>\n<li>Specifica<strong> la qualit\u00e0<\/strong>, <b>le caratteristiche <\/b>di una persona, animale o cosa:\n<ul>\n<li>Luca \u00e8 il ragazzo con gli occhi azzurri<\/li>\n<li>La mia macchina \u00e8 quella con le portiere bianche e rosse<\/li>\n<\/ul>\n<\/li>\n<li>Specifica la <strong>causa, la ragione per<\/strong> cui l&#8217;azione \u00e8 espressa dal verbo:\n<ul>\n<li>Con questo brutto tempo non voglio uscire<\/li>\n<li>Non riesco a studiare con il mal di testa<\/li>\n<\/ul>\n<\/li>\n<li>Indica il <strong>tempo, il periodo:<\/strong>\n<ul>\n<li>Con l\u2019inverno arriva il freddo<\/li>\n<li>Non riesco a dormire con la luce che entra dalla finestra<\/li>\n<\/ul>\n<\/li>\n<li>Indica le limitazioni, <strong>il campo<\/strong>, <strong>l&#8217;area di interesse<\/strong>:\n<ul>\n<li>Come va con il corso di italiano?<\/li>\n<li>Sono in ritardo con il pagamento dell\u2019affitto<\/li>\n<\/ul>\n<\/li>\n<\/ul>\n<h3>Su<\/h3>\n<ul>\n<li>Indica <strong>la posizione (sopra)<\/strong>:\n<ul>\n<li>Stato in luogo:<\/li>\n<\/ul>\n<ul>\n<li style=\"list-style-type: none;\">\n<ul>\n<li>Su quel tavolo c\u2019\u00e8 una bottiglia di vino<\/li>\n<li>Su quella sedia ci sono i tuoi libri<\/li>\n<\/ul>\n<\/li>\n<li>Moto a luogo in una posizione pi\u00f9 alta:\n<ul>\n<li>Saliamo su una scala<\/li>\n<li>Ci arrampichiamo su un albero\n<ul>\n<li style=\"list-style-type: none;\">\n<ul>\n<li style=\"list-style-type: none;\"><\/li>\n<\/ul>\n<\/li>\n<\/ul>\n<\/li>\n<\/ul>\n<\/li>\n<\/ul>\n<\/li>\n<li>Indica <strong>l&#8217;argomento, il tema<\/strong>:\n<ul>\n<li>Sto leggendo un libro su Giulio Cesare<\/li>\n<li>Ho visto un documentario su Dante Alighieri<\/li>\n<\/ul>\n<\/li>\n<\/ul>\n<ul>\n<li>\u00a0indica <strong>la distribuzione<\/strong>:\n<ul>\n<li>Un ragazzo su cinque non frequenta l\u2019Universit\u00e0<\/li>\n<li>Ci sono tre studenti su dieci oggi in classe<\/li>\n<\/ul>\n<\/li>\n<\/ul>\n<h3>Per<\/h3>\n<p>Indica\u00a0 <strong>il mezzo attraverso il quale si compie l&#8217;azione<\/strong>.<\/p>\n<p>Pu\u00f2 introdurre vari complementi:<\/p>\n<ul>\n<li style=\"list-style-type: none;\">\n<ul>\n<li style=\"list-style-type: none;\">\n<ol>\n<li><strong>Moto per luogo<\/strong>:\n<ul>\n<li>Sono passata per Milano ma non mi sono fermata<\/li>\n<li>Abbiamo girato per tutta la citt\u00e0<\/li>\n<\/ul>\n<\/li>\n<li><b>\u00a0Moto a luogo<\/b>:\n<ul>\n<li>Domani partiamo per Parigi<\/li>\n<li>L\u2019autobus per Firenze parte alle 17:00<\/li>\n<\/ul>\n<\/li>\n<li><strong>Mezzo attraverso il quale di compie l&#8217;azione<\/strong>:\n<ul>\n<li>Puoi spedire il documento per posta<\/li>\n<li>Mi mandi la ricetta della torta per email?<\/li>\n<\/ul>\n<\/li>\n<li><strong>Causa, ragione<\/strong>:\n<ul>\n<li>Maria va a Roma per lavoro<\/li>\n<li>Luca sta tremando per il freddo!<\/li>\n<\/ul>\n<\/li>\n<li><strong>\u00a0Fine<\/strong>:\n<ul>\n<li>Vado in discoteca con i miei amici per divertimento<\/li>\n<li>Stasera andiamo al ristorante per mangiare bene<\/li>\n<\/ul>\n<\/li>\n<li><strong>\u00a0Pu\u00f2 introdurre una frase seguita da un verbo all&#8217;infinito<\/strong>:\n<ul>\n<li>Vado a correre per dimagrire<\/li>\n<li>Andiamo in piscina per nuotare domani?<\/li>\n<\/ul>\n<\/li>\n<li><strong>Durata di un&#8217;azione<\/strong>:\n<ul>\n<li>Oggi lavoro per tutto il giorno<\/li>\n<li>Vado con la mia famiglia in montagna per le vacanze<\/li>\n<\/ul>\n<\/li>\n<li><strong>Indica la persona o la cosa alla quale si riferisce l&#8217;azione<\/strong>:\n<ul>\n<li>Questa torta \u00e8 per te.<\/li>\n<li>Domenica cucino per tutta la famiglia<\/li>\n<\/ul>\n<\/li>\n<li><strong>Si usa con\u201cSTARE\u201d per indicare un&#8217;azione che sta per verificarsi<\/strong>:\n<ul>\n<li>L\u2019autobus sta per partire<\/li>\n<li>Guarda che nuvole nere.. sta per piovere!<\/li>\n<\/ul>\n<\/li>\n<li><strong>Espressioni fisse<\/strong>:\n<ul>\n<li>Per me questo libro \u00e8 molto interessante, per te?<\/li>\n<li>Posso avere un caff\u00e8, per favore?<\/li>\n<\/ul>\n<\/li>\n<li><strong>Modo<\/strong>:\n<ul>\n<li>Luca ha detto quella frase per scherzo<\/li>\n<li>Ieri ho incontrato Sara per caso al supermercato<\/li>\n<\/ul>\n<\/li>\n<li><strong>Colpa e pena<\/strong>:\n<ul>\n<li>L&#8217;uomo \u00e8 stato condannato per omicidio<\/li>\n<li>Il ladro \u00e8 stato arrestato per furto<\/li>\n<\/ul>\n<\/li>\n<li><strong>\u00a0Sostituzione<\/strong>:\n<ul>\n<li>Scambio sempre Luca per suo fratello<\/li>\n<li>Alla lezione ho capito una cosa per l\u2019altra<\/li>\n<\/ul>\n<\/li>\n<\/ol>\n<\/li>\n<\/ul>\n<\/li>\n<\/ul>\n<h3>Tra\/Fra (sinonimi)<\/h3>\n<p>Possono introdurre vari complementi o espressioni:<\/p>\n<ul>\n<li style=\"list-style-type: none;\">\n<ul>\n<li style=\"list-style-type: none;\">\n<ol>\n<li><strong>In mezzo a due luoghi<\/strong> :\n<ul>\n<li>Tra la chiesa e la scuola c\u2019\u00e8 il teatro<\/li>\n<li>La camera da letto \u00e8 tra la cucina e il bagno<\/li>\n<\/ul>\n<\/li>\n<li><strong>Moto attraverso<\/strong>:\n<ul>\n<li>Laura lavora tra Bologna e Firenze<\/li>\n<li>La stanza era cos\u00ec piena che non potevo passare tra la gente<\/li>\n<\/ul>\n<\/li>\n<li><strong>Distanza<\/strong>:\n<ul>\n<li>Tra 10 chilometri arriviamo a Roma<\/li>\n<li>Tra pochi metri arriveremo a casa di Giulia<\/li>\n<\/ul>\n<\/li>\n<li><strong>Tempo fissato in azioni future<\/strong>:\n<ul>\n<li>Tra due settimane parto per le vacanze<\/li>\n<li>Il film inizier\u00e0 tra pochi minuti<\/li>\n<\/ul>\n<\/li>\n<li><strong>Espressioni abituali<\/strong>: &#8220;tra poco&#8221;, &#8220;tra non molto&#8221;:\n<ol>\n<li>Il pollo \u00e8 in forno gi\u00e0 da 30 minuti, tra poco \u00e8 pronto<\/li>\n<li>Ceno con Paola alle 20, tra non molto esco, sono gi\u00e0 le 19:15<\/li>\n<\/ol>\n<\/li>\n<li><strong>Relazione<\/strong>:\n<ol>\n<li>Luca e Marco hanno un bel rapporto tra di loro<\/li>\n<li>C\u2019\u00e8 una bella amicizia tra Laura e Paola<\/li>\n<\/ol>\n<\/li>\n<li><strong>Partitivo<\/strong>, indica in che gruppo si trova un elemento:\n<ol>\n<li>Daniela \u00e8 la pi\u00f9 bassa tra le mie amiche<\/li>\n<li>Alessia \u00e8 la pi\u00f9 brava tra gli studenti<\/li>\n<\/ol>\n<\/li>\n<li><strong>Approssimazione<\/strong>, stima:\n<ol>\n<li>Laura avr\u00e0 tra i 45 e i 50 anni<\/li>\n<li>Arriveremo tra due o tre ore a Roma<\/li>\n<\/ol>\n<\/li>\n<li><strong>Espressioni comuni fisse, della lingua parlata<\/strong>, come \u201ctra l\u2019altro\u201d (per intendere &#8220;per di pi\u00f9, inoltre\u201d):\n<ol>\n<li>Gloria dovrebbe studiare di pi\u00f9, tra l\u2019altro luned\u00ec ci sar\u00e0 l\u2019esame di Inglese<\/li>\n<li>Vado a fare la spesa, tra l\u2019altro devo comprare anche il detersivo<\/li>\n<\/ol>\n<\/li>\n<\/ol>\n<\/li>\n<\/ul>\n<\/li>\n<\/ul>\n<h2>Le preposizioni articolate<\/h2>\n<p><strong>Qualche volta le preposizioni DI, A, IN, SU precedono gli articoli determinativi: si uniscono a loro, formando una sola parola<\/strong>:<\/p>\n<table>\n<tbody>\n<tr>\n<td style=\"text-align: left;\"><\/td>\n<td style=\"text-align: left;\"><strong>IL<\/strong><\/td>\n<td style=\"text-align: left;\"><strong>LO<\/strong><\/td>\n<td style=\"text-align: left;\"><strong>LA<\/strong><\/td>\n<td style=\"text-align: left;\"><strong>L&#8217;<\/strong><\/td>\n<td style=\"text-align: left;\"><strong>I<\/strong><\/td>\n<td style=\"text-align: left;\"><strong>GLI<\/strong><\/td>\n<td style=\"text-align: left;\"><strong>LE<\/strong><\/td>\n<\/tr>\n<tr>\n<td><strong>DI<\/strong><\/td>\n<td>del<\/td>\n<td>dello<\/td>\n<td>della<\/td>\n<td>dell&#8217;<\/td>\n<td>dei<\/td>\n<td>degli<\/td>\n<td>delle<\/td>\n<\/tr>\n<tr>\n<td><strong>A<\/strong><\/td>\n<td>al<\/td>\n<td>allo<\/td>\n<td>alla<\/td>\n<td>all&#8217;<\/td>\n<td>ai<\/td>\n<td>agli<\/td>\n<td>alle<\/td>\n<\/tr>\n<tr>\n<td><strong>DA<\/strong><\/td>\n<td>dal<\/td>\n<td>dallo<\/td>\n<td>dalla<\/td>\n<td>dall&#8217;<\/td>\n<td>dai<\/td>\n<td>dagli<\/td>\n<td>dalle<\/td>\n<\/tr>\n<tr>\n<td><strong>IN<\/strong><\/td>\n<td>nel<\/td>\n<td>nello<\/td>\n<td>nella<\/td>\n<td>nell&#8217;<\/td>\n<td>nei<\/td>\n<td>negli<\/td>\n<td>nelle<\/td>\n<\/tr>\n<tr>\n<td><strong>SU<\/strong><\/td>\n<td>sul<\/td>\n<td>sullo<\/td>\n<td>sulla<\/td>\n<td>sull&#8217;<\/td>\n<td>sui<\/td>\n<td>sugli<\/td>\n<td>sulle<\/td>\n<\/tr>\n<\/tbody>\n<\/table>\n<h3>Esempi<\/h3>\n        <p class=\"example\">\n            <span class=\"example_text\"lang=\"it\">Stasera esco <strong>con i<\/strong> miei amici<\/span>\n            <\/span>\n        <\/p>\n        \n        <p class=\"example\">\n            <span class=\"example_text\"lang=\"it\">Questo \u00e8 il libro <strong>per i<\/strong> tuoi genitori<\/span>\n            <\/span>\n        <\/p>\n        \n        <p class=\"example\">\n            <span class=\"example_text\"lang=\"it\"><strong>Tra<\/strong> tutte <strong>le<\/strong> citt\u00e0 italiane, Firenze \u00e8 la mia preferita<\/span>\n            <\/span>\n        <\/p>\n        \n<p><strong><span style=\"font-weight: 400;\"><i class=\"fal fa-exclamation-triangle \"><\/i> Con le preposizioni<\/span> CON, PER, TRA\/FRA gli articoli determinativi sono separati:<\/strong><\/p>\n<p>Generalmente le preposizioni composte si usano con gli articoli determinativi:<\/p>\n<p><strong>Con la forma plurale<\/strong><\/p>\n        <p class=\"example\">\n            <span class=\"example_text\"lang=\"it\">New York si trova (<strong>in + gli<\/strong>) <strong>negli<\/strong> Stati Uniti<\/span>\n            <span class=\"example_note\"><strong>Nota la differenza:<\/strong> New York si trova in America<\/span><\/span>\n        <\/p>\n        \n        <p class=\"example\">\n            <span class=\"example_text\"lang=\"it\">Francine vive (<strong>in + i<\/strong>) <strong>nei<\/strong> Paesi Bassi<\/span>\n            <span class=\"example_note\"><strong>Nota la differenza:<\/strong> Francine vive in Olanda<\/span><\/span>\n        <\/p>\n        \n        <p class=\"example\">\n            <span class=\"example_text\"lang=\"it\">Marco studia spesso (i<strong>n+ le<\/strong>) <strong>nelle<\/strong> biblioteche<\/span>\n            <span class=\"example_note\"><strong>Nota la differenza:<\/strong> Marco studia spesso in biblioteca<\/span><\/span>\n        <\/p>\n        \n<p><strong>Dopo un sostantivo determinativo o specifico<\/strong><\/p>\n        <p class=\"example\">\n            <span class=\"example_text\"lang=\"it\">Studio (<strong>a + la<\/strong>) <strong>alla<\/strong> scuola Europass<\/span>\n            <span class=\"example_note\"><strong>Nota la differenza<\/strong>: Vado a scuola<\/span><\/span>\n        <\/p>\n        \n        <p class=\"example\">\n            <span class=\"example_text\"lang=\"it\">Leonardo lavora (<strong>in<\/strong> +<strong> l\u2019<\/strong>) <strong>nell\u2019<\/strong>ufficio al secondo piano<\/span>\n            <span class=\"example_note\"><strong>Nota la differenza:<\/strong> Leonardo lavora in ufficio<\/span><\/span>\n        <\/p>\n        \n<h2>L\u2019articolo partitivo<\/h2>\n<p>La preposizione <strong>&#8220;DI&#8221; insieme all&#8217;articolo determinativo <\/strong> si utilizza come un articolo partitivo <strong>per indicare parte dell&#8217;insieme o una quantit\u00e0 inderminata di qualcosa:<\/strong><\/p>\n<table>\n<tbody>\n<tr>\n<td style=\"text-align: left;\"><\/td>\n<td style=\"text-align: left;\"><strong>il<\/strong><\/td>\n<td style=\"text-align: left;\"><strong>lo<\/strong><\/td>\n<td style=\"text-align: left;\"><strong>la<\/strong><\/td>\n<td style=\"text-align: left;\"><strong>i<\/strong><\/td>\n<td style=\"text-align: left;\"><strong>gli<\/strong><\/td>\n<td style=\"text-align: left;\"><strong>le<\/strong><\/td>\n<td style=\"text-align: left;\"><strong>l&#8217;<\/strong><\/td>\n<\/tr>\n<tr>\n<td><strong>di<\/strong><\/td>\n<td>del<\/td>\n<td>dello<\/td>\n<td>della<\/td>\n<td>dei<\/td>\n<td>degli<\/td>\n<td>delle<\/td>\n<td>dell&#8217;<\/td>\n<\/tr>\n<\/tbody>\n<\/table>\n<h3>Singolare<\/h3>\n<p>Alla forma singolare, l&#8217;articolo partitivo significa <em>un piccolo\/qualche\/un poco<\/em> e si usa con:<\/p>\n<ul>\n<li><b>Sostantivi che indicano la quantit\u00e0 non specificata di un qualcosa<\/b>:<\/li>\n<\/ul>\n        <p class=\"example\">\n            <span class=\"example_text\"lang=\"it\">Vuoi dello zucchero nel caff\u00e8?<\/span>\n            <\/span>\n        <\/p>\n        \n        <p class=\"example\">\n            <span class=\"example_text\"lang=\"it\">C\u2019\u00e8 del latte in frigo?<\/span>\n            <\/span>\n        <\/p>\n        \n<ul>\n<li><b>Con sostantivi astratti, senso figurato e altre espressioni specifiche<\/b>:<\/li>\n<\/ul>\n        <p class=\"example\">\n            <span class=\"example_text\"lang=\"it\">Marco si \u00e8 trasferito da solo negli Stati uniti, ha del fegato!<\/span>\n            <span class=\"example_note\">avere del fegato = avere coraggio<\/span><\/span>\n        <\/p>\n        \n        <p class=\"example\">\n            <span class=\"example_text\"lang=\"it\">Quando esco con Silvia mi diverto molto! Ha davvero dello spirito!<\/span>\n            <span class=\"example_note\">avere spirito = avere senso dell'umorismo<\/span><\/span>\n        <\/p>\n        \n<h3>Plurale<\/h3>\n<p>Nella forma plurale, si usa:<\/p>\n<ul>\n<li><strong>Con il significato di &#8220;<em>alcuno&#8221;<\/em><\/strong><\/li>\n<\/ul>\n        <p class=\"example\">\n            <span class=\"example_text\"lang=\"it\">Luca ha letto dei libri<\/span>\n            <\/span>\n        <\/p>\n        \n        <p class=\"example\">\n            <span class=\"example_text\"lang=\"it\">Maria ha mangiato una fragola<\/span>\n            <\/span>\n        <\/p>\n        \n        <p class=\"example\">\n            <span class=\"example_text\"lang=\"it\">Maria ha mangiato delle fragole<\/span>\n            <\/span>\n        <\/p>\n        \n<ul>\n<li><b>Quando si riferisce al soggetto o ad un complemento diretto<\/b>:<\/li>\n<\/ul>\n        <p class=\"example\">\n            <span class=\"example_text\"lang=\"it\">Ci sono delle persone che ti aspettano<\/span>\n            <\/span>\n        <\/p>\n        \n        <p class=\"example\">\n            <span class=\"example_text\"lang=\"it\">Ho visto dei cani nel giardino<\/span>\n            <\/span>\n        <\/p>\n        \n<ul>\n<li><strong>Quando forma parte del complemento indiretto si pu\u00f2 scegliere se utilizzarlo o meno. Si pu\u00f2 sostituire con un&#8217;espressione simile:<\/strong><\/li>\n<\/ul>\n        <p class=\"example\">\n            <span class=\"example_text\"lang=\"it\">Ho pranzato con dei colleghi<\/span>\n            <\/span>\n        <\/p>\n        \n        <p class=\"example\">\n            <span class=\"example_text\"lang=\"it\">Ho pranzato con colleghi<\/span>\n            <\/span>\n        <\/p>\n        \n        <p class=\"example\">\n            <span class=\"example_text\"lang=\"it\">Ho pranzato con alcuni colleghi<\/span>\n            <\/span>\n        <\/p>\n        \n","protected":false},"excerpt":{"rendered":"<p>Le preposizioni semplici: di, a, da, in, con, su, per, tra, fra Le preposizioni sono parole che mostrano la posizione in relazione a spazio o tempo, o che introducono un complemento. Le preposizioni italiane principali sono le seguenti: Di Possesso:\u00a0Il Libro di Luca \/ La camicia di Maria Contenuto: Una bottiglia di vino \/ Una [&hellip;]<\/p>\n","protected":false},"author":1788,"featured_media":5222,"parent":5215,"menu_order":0,"comment_status":"closed","ping_status":"closed","template":"","meta":{"_acf_changed":false,"footnotes":""},"class_list":["post-5287","page","type-page","status-publish","has-post-thumbnail","hentry"],"acf":[],"_links":{"self":[{"href":"https:\/\/ils.simonemontanari.com\/it\/wp-json\/wp\/v2\/pages\/5287","targetHints":{"allow":["GET"]}}],"collection":[{"href":"https:\/\/ils.simonemontanari.com\/it\/wp-json\/wp\/v2\/pages"}],"about":[{"href":"https:\/\/ils.simonemontanari.com\/it\/wp-json\/wp\/v2\/types\/page"}],"author":[{"embeddable":true,"href":"https:\/\/ils.simonemontanari.com\/it\/wp-json\/wp\/v2\/users\/1788"}],"replies":[{"embeddable":true,"href":"https:\/\/ils.simonemontanari.com\/it\/wp-json\/wp\/v2\/comments?post=5287"}],"version-history":[{"count":0,"href":"https:\/\/ils.simonemontanari.com\/it\/wp-json\/wp\/v2\/pages\/5287\/revisions"}],"up":[{"embeddable":true,"href":"https:\/\/ils.simonemontanari.com\/it\/wp-json\/wp\/v2\/pages\/5215"}],"wp:featuredmedia":[{"embeddable":true,"href":"https:\/\/ils.simonemontanari.com\/it\/wp-json\/wp\/v2\/media\/5222"}],"wp:attachment":[{"href":"https:\/\/ils.simonemontanari.com\/it\/wp-json\/wp\/v2\/media?parent=5287"}],"curies":[{"name":"wp","href":"https:\/\/api.w.org\/{rel}","templated":true}]}}