{"id":4745,"date":"2021-04-08T12:45:43","date_gmt":"2021-04-08T11:45:43","guid":{"rendered":"https:\/\/ils.simonemontanari.com\/it\/?post_type=product&#038;p=4745"},"modified":"2024-12-17T13:36:07","modified_gmt":"2024-12-17T12:36:07","slug":"privati-online","status":"publish","type":"product","link":"https:\/\/ils.simonemontanari.com\/it\/corsi\/privati-online\/","title":{"rendered":"Lezioni Private di Italiano Online"},"content":{"rendered":"<h2>Descrizione<\/h2>\n<p>Le lezioni private online sono l&#8217;opzione perfetta per avere <strong>un&#8217;esperienza di apprendimento personalizzata<\/strong>.<\/p>\n<p>Grazie ad uno dei nostri insegnanti, tutti <strong>altamente qualificati e madrelingua<\/strong>, migliorerai le tue competenze linguistiche attraverso conversazioni su argomenti di tuo interesse.<\/p>\n<p>Sulla nostra piattaforma di e-learning, appositamente progettata per i nostri corsi di lingua italiana, troverai <strong>oltre 400 esercizi<\/strong> che potrai completare con l&#8217;assistenza del tuo tutor o da solo, tra una lezione e l&#8217;altra.<\/p>\n<p>Per rendere il tuo processo di registrazione il pi\u00f9 semplice e veloce possibile, ti chiediamo gentilmente di specificare nelle note:<\/p>\n<ul>\n<li>Il tuo livello di italiano stimato (se non hai un&#8217;idea chiara, puoi fare uno dei nostri <a href=\"https:\/\/ils.simonemontanari.com\/it\/test-di-italiano\/\">test di lingua italiana gratuiti<\/a>);<\/li>\n<li>Se desideri avere una conversazione su argomenti specifici (ad esempio, potresti essere interessato a studiare l&#8217;italiano per un lavoro particolare);<\/li>\n<li>Eventuali richieste particolari riguardo al tuo orario.<\/li>\n<\/ul>\n<p>Una volta ricevuta la tua prenotazione, ti contatteremo per pianificare le tue lezioni di italiano. I nostri insegnanti sono disponibili dal luned\u00ec al venerd\u00ec, dalle 8:30 alle 18:00 CET.<\/p>\n<p>Iscriviti alle nostre lezioni online oggi stesso e inizia il tuo percorso per parlare Italiano!<\/p>\n<h2>Cosa \u00e8 incluso<\/h2>\n<div class=\"icon-box\"><i class=\"fal fa-chalkboard-teacher fa-fw fa-2x\"><\/i><span class=\"icon-box-text\">Insegnanti altamente qualificati<\/span><\/div>\n<div class=\"icon-box\"><i class=\"fal fa-book fa-fw fa-2x\"><\/i><span class=\"icon-box-text\">Materiale didattico<\/span><\/div>\n<div class=\"icon-box\"><i class=\"fal fa-cassette-tape fa-fw fa-2x\"><\/i><span class=\"icon-box-text\">Registrazione delle lezioni (su richiesta)<\/span><\/div>\n<div class=\"icon-box\"><i class=\"fal fa-file-certificate fa-fw fa-2x\"><\/i><span class=\"icon-box-text\">Certificato di frequenza<\/span><\/div>\n<h2>I nostri insegnanti di italiano<\/h2>\n<div class=\"images-carousel\"><div class=\"images-carousel_wrapper\"><figure class=\"image-carousel\"><img loading=\"lazy\" decoding=\"async\" width=\"752\" height=\"849\" src=\"https:\/\/ils.simonemontanari.com\/it\/wp-content\/uploads\/sites\/4\/2024\/11\/Sofia-G-752x849.jpg\" class=\"attachment-medium size-medium\" alt=\"\" srcset=\"https:\/\/ils.simonemontanari.com\/it\/wp-content\/uploads\/sites\/4\/2024\/11\/Sofia-G-752x849.jpg 752w, https:\/\/ils.simonemontanari.com\/it\/wp-content\/uploads\/sites\/4\/2024\/11\/Sofia-G-1182x1335.jpg 1182w, https:\/\/ils.simonemontanari.com\/it\/wp-content\/uploads\/sites\/4\/2024\/11\/Sofia-G-768x868.jpg 768w, https:\/\/ils.simonemontanari.com\/it\/wp-content\/uploads\/sites\/4\/2024\/11\/Sofia-G-1360x1536.jpg 1360w, https:\/\/ils.simonemontanari.com\/it\/wp-content\/uploads\/sites\/4\/2024\/11\/Sofia-G-1040x1175.jpg 1040w, https:\/\/ils.simonemontanari.com\/it\/wp-content\/uploads\/sites\/4\/2024\/11\/Sofia-G.jpg 1728w\" sizes=\"auto, (max-width: 752px) 100vw, 752px\" \/><figcaption>Sofia<\/figcaption><\/figure><figure class=\"image-carousel\"><img loading=\"lazy\" decoding=\"async\" width=\"752\" height=\"849\" src=\"https:\/\/ils.simonemontanari.com\/it\/wp-content\/uploads\/sites\/4\/2024\/10\/Maurizio-Faggi-752x849.jpg\" class=\"attachment-medium size-medium\" alt=\"\" srcset=\"https:\/\/ils.simonemontanari.com\/it\/wp-content\/uploads\/sites\/4\/2024\/10\/Maurizio-Faggi-752x849.jpg 752w, https:\/\/ils.simonemontanari.com\/it\/wp-content\/uploads\/sites\/4\/2024\/10\/Maurizio-Faggi-1182x1335.jpg 1182w, https:\/\/ils.simonemontanari.com\/it\/wp-content\/uploads\/sites\/4\/2024\/10\/Maurizio-Faggi-768x868.jpg 768w, https:\/\/ils.simonemontanari.com\/it\/wp-content\/uploads\/sites\/4\/2024\/10\/Maurizio-Faggi-1360x1536.jpg 1360w, https:\/\/ils.simonemontanari.com\/it\/wp-content\/uploads\/sites\/4\/2024\/10\/Maurizio-Faggi-1813x2048.jpg 1813w, https:\/\/ils.simonemontanari.com\/it\/wp-content\/uploads\/sites\/4\/2024\/10\/Maurizio-Faggi-1040x1175.jpg 1040w\" sizes=\"auto, (max-width: 752px) 100vw, 752px\" \/><figcaption>Maurizio<\/figcaption><\/figure><figure class=\"image-carousel\"><img loading=\"lazy\" decoding=\"async\" width=\"752\" height=\"849\" src=\"https:\/\/ils.simonemontanari.com\/it\/wp-content\/uploads\/sites\/4\/2021\/11\/elena-insegnante-italiano-752x849.jpg\" class=\"attachment-medium size-medium\" alt=\"\" srcset=\"https:\/\/ils.simonemontanari.com\/it\/wp-content\/uploads\/sites\/4\/2021\/11\/elena-insegnante-italiano-752x849.jpg 752w, https:\/\/ils.simonemontanari.com\/it\/wp-content\/uploads\/sites\/4\/2021\/11\/elena-insegnante-italiano-768x868.jpg 768w, https:\/\/ils.simonemontanari.com\/it\/wp-content\/uploads\/sites\/4\/2021\/11\/elena-insegnante-italiano-1040x1175.jpg 1040w, https:\/\/ils.simonemontanari.com\/it\/wp-content\/uploads\/sites\/4\/2021\/11\/elena-insegnante-italiano.jpg 1080w\" sizes=\"auto, (max-width: 752px) 100vw, 752px\" \/><figcaption>Elena<\/figcaption><\/figure><figure class=\"image-carousel\"><img loading=\"lazy\" decoding=\"async\" width=\"752\" height=\"849\" src=\"https:\/\/ils.simonemontanari.com\/it\/wp-content\/uploads\/sites\/4\/2024\/11\/Francesca-R-752x849.jpg\" class=\"attachment-medium size-medium\" alt=\"\" srcset=\"https:\/\/ils.simonemontanari.com\/it\/wp-content\/uploads\/sites\/4\/2024\/11\/Francesca-R-752x849.jpg 752w, https:\/\/ils.simonemontanari.com\/it\/wp-content\/uploads\/sites\/4\/2024\/11\/Francesca-R-1182x1335.jpg 1182w, https:\/\/ils.simonemontanari.com\/it\/wp-content\/uploads\/sites\/4\/2024\/11\/Francesca-R-768x868.jpg 768w, https:\/\/ils.simonemontanari.com\/it\/wp-content\/uploads\/sites\/4\/2024\/11\/Francesca-R-1360x1536.jpg 1360w, https:\/\/ils.simonemontanari.com\/it\/wp-content\/uploads\/sites\/4\/2024\/11\/Francesca-R-1040x1175.jpg 1040w, https:\/\/ils.simonemontanari.com\/it\/wp-content\/uploads\/sites\/4\/2024\/11\/Francesca-R.jpg 1728w\" sizes=\"auto, (max-width: 752px) 100vw, 752px\" \/><figcaption>Francesca<\/figcaption><\/figure><figure class=\"image-carousel\"><img loading=\"lazy\" decoding=\"async\" width=\"752\" height=\"849\" src=\"https:\/\/ils.simonemontanari.com\/it\/wp-content\/uploads\/sites\/4\/2024\/11\/Giulia-L-752x849.jpg\" class=\"attachment-medium size-medium\" alt=\"\" srcset=\"https:\/\/ils.simonemontanari.com\/it\/wp-content\/uploads\/sites\/4\/2024\/11\/Giulia-L-752x849.jpg 752w, https:\/\/ils.simonemontanari.com\/it\/wp-content\/uploads\/sites\/4\/2024\/11\/Giulia-L-1182x1335.jpg 1182w, https:\/\/ils.simonemontanari.com\/it\/wp-content\/uploads\/sites\/4\/2024\/11\/Giulia-L-768x868.jpg 768w, https:\/\/ils.simonemontanari.com\/it\/wp-content\/uploads\/sites\/4\/2024\/11\/Giulia-L-1360x1536.jpg 1360w, https:\/\/ils.simonemontanari.com\/it\/wp-content\/uploads\/sites\/4\/2024\/11\/Giulia-L-1040x1175.jpg 1040w, https:\/\/ils.simonemontanari.com\/it\/wp-content\/uploads\/sites\/4\/2024\/11\/Giulia-L.jpg 1728w\" sizes=\"auto, (max-width: 752px) 100vw, 752px\" \/><figcaption>Giulia<\/figcaption><\/figure><figure class=\"image-carousel\"><img loading=\"lazy\" decoding=\"async\" width=\"752\" height=\"849\" src=\"https:\/\/ils.simonemontanari.com\/it\/wp-content\/uploads\/sites\/4\/2022\/07\/Michela-Silla-752x849.jpg\" class=\"attachment-medium size-medium\" alt=\"\" srcset=\"https:\/\/ils.simonemontanari.com\/it\/wp-content\/uploads\/sites\/4\/2022\/07\/Michela-Silla-752x849.jpg 752w, https:\/\/ils.simonemontanari.com\/it\/wp-content\/uploads\/sites\/4\/2022\/07\/Michela-Silla-1182x1335.jpg 1182w, https:\/\/ils.simonemontanari.com\/it\/wp-content\/uploads\/sites\/4\/2022\/07\/Michela-Silla-768x868.jpg 768w, https:\/\/ils.simonemontanari.com\/it\/wp-content\/uploads\/sites\/4\/2022\/07\/Michela-Silla-1360x1536.jpg 1360w, https:\/\/ils.simonemontanari.com\/it\/wp-content\/uploads\/sites\/4\/2022\/07\/Michela-Silla-1813x2048.jpg 1813w, https:\/\/ils.simonemontanari.com\/it\/wp-content\/uploads\/sites\/4\/2022\/07\/Michela-Silla-1040x1175.jpg 1040w\" sizes=\"auto, (max-width: 752px) 100vw, 752px\" \/><figcaption>Michela<\/figcaption><\/figure><figure class=\"image-carousel\"><img loading=\"lazy\" decoding=\"async\" width=\"752\" height=\"849\" src=\"https:\/\/ils.simonemontanari.com\/it\/wp-content\/uploads\/sites\/4\/2022\/11\/francesca_puglisi-752x849.jpg\" class=\"attachment-medium size-medium\" alt=\"\" srcset=\"https:\/\/ils.simonemontanari.com\/it\/wp-content\/uploads\/sites\/4\/2022\/11\/francesca_puglisi-752x849.jpg 752w, https:\/\/ils.simonemontanari.com\/it\/wp-content\/uploads\/sites\/4\/2022\/11\/francesca_puglisi-768x868.jpg 768w, https:\/\/ils.simonemontanari.com\/it\/wp-content\/uploads\/sites\/4\/2022\/11\/francesca_puglisi-1040x1175.jpg 1040w, https:\/\/ils.simonemontanari.com\/it\/wp-content\/uploads\/sites\/4\/2022\/11\/francesca_puglisi.jpg 1080w\" sizes=\"auto, (max-width: 752px) 100vw, 752px\" \/><figcaption>Francesca<\/figcaption><\/figure><figure class=\"image-carousel\"><img loading=\"lazy\" decoding=\"async\" width=\"752\" height=\"849\" src=\"https:\/\/ils.simonemontanari.com\/it\/wp-content\/uploads\/sites\/4\/2024\/11\/Filippo-Mulinacci-752x849.jpg\" class=\"attachment-medium size-medium\" alt=\"\" srcset=\"https:\/\/ils.simonemontanari.com\/it\/wp-content\/uploads\/sites\/4\/2024\/11\/Filippo-Mulinacci-752x849.jpg 752w, https:\/\/ils.simonemontanari.com\/it\/wp-content\/uploads\/sites\/4\/2024\/11\/Filippo-Mulinacci.jpg 756w\" sizes=\"auto, (max-width: 752px) 100vw, 752px\" \/><figcaption>Filippo<\/figcaption><\/figure><figure class=\"image-carousel\"><img loading=\"lazy\" decoding=\"async\" width=\"752\" height=\"849\" src=\"https:\/\/ils.simonemontanari.com\/it\/wp-content\/uploads\/sites\/4\/2024\/04\/Leonardo-Benozzi-752x849.png\" class=\"attachment-medium size-medium\" alt=\"\" srcset=\"https:\/\/ils.simonemontanari.com\/it\/wp-content\/uploads\/sites\/4\/2024\/04\/Leonardo-Benozzi-752x849.png 752w, https:\/\/ils.simonemontanari.com\/it\/wp-content\/uploads\/sites\/4\/2024\/04\/Leonardo-Benozzi-768x868.png 768w, https:\/\/ils.simonemontanari.com\/it\/wp-content\/uploads\/sites\/4\/2024\/04\/Leonardo-Benozzi-1040x1175.png 1040w, https:\/\/ils.simonemontanari.com\/it\/wp-content\/uploads\/sites\/4\/2024\/04\/Leonardo-Benozzi.png 1080w\" sizes=\"auto, (max-width: 752px) 100vw, 752px\" \/><figcaption>Leonardo<\/figcaption><\/figure><figure class=\"image-carousel\"><img loading=\"lazy\" decoding=\"async\" width=\"752\" height=\"849\" src=\"https:\/\/ils.simonemontanari.com\/it\/wp-content\/uploads\/sites\/4\/2024\/01\/Esposito-Lilli-752x849.png\" class=\"attachment-medium size-medium\" alt=\"\" srcset=\"https:\/\/ils.simonemontanari.com\/it\/wp-content\/uploads\/sites\/4\/2024\/01\/Esposito-Lilli-752x849.png 752w, https:\/\/ils.simonemontanari.com\/it\/wp-content\/uploads\/sites\/4\/2024\/01\/Esposito-Lilli-768x868.png 768w, https:\/\/ils.simonemontanari.com\/it\/wp-content\/uploads\/sites\/4\/2024\/01\/Esposito-Lilli.png 810w\" sizes=\"auto, (max-width: 752px) 100vw, 752px\" \/><figcaption>Lilli<\/figcaption><\/figure><figure class=\"image-carousel\"><img loading=\"lazy\" decoding=\"async\" width=\"752\" height=\"849\" src=\"https:\/\/ils.simonemontanari.com\/it\/wp-content\/uploads\/sites\/4\/2022\/07\/Bianca-Lami-752x849.jpg\" class=\"attachment-medium size-medium\" alt=\"\" srcset=\"https:\/\/ils.simonemontanari.com\/it\/wp-content\/uploads\/sites\/4\/2022\/07\/Bianca-Lami-752x849.jpg 752w, https:\/\/ils.simonemontanari.com\/it\/wp-content\/uploads\/sites\/4\/2022\/07\/Bianca-Lami-768x868.jpg 768w, https:\/\/ils.simonemontanari.com\/it\/wp-content\/uploads\/sites\/4\/2022\/07\/Bianca-Lami-1040x1175.jpg 1040w, https:\/\/ils.simonemontanari.com\/it\/wp-content\/uploads\/sites\/4\/2022\/07\/Bianca-Lami.jpg 1080w\" sizes=\"auto, (max-width: 752px) 100vw, 752px\" \/><figcaption>Bianca<\/figcaption><\/figure><figure class=\"image-carousel\"><img loading=\"lazy\" decoding=\"async\" width=\"752\" height=\"849\" src=\"https:\/\/ils.simonemontanari.com\/it\/wp-content\/uploads\/sites\/4\/2023\/12\/Federico-di-Leo-752x849.png\" class=\"attachment-medium size-medium\" alt=\"\" srcset=\"https:\/\/ils.simonemontanari.com\/it\/wp-content\/uploads\/sites\/4\/2023\/12\/Federico-di-Leo-752x849.png 752w, https:\/\/ils.simonemontanari.com\/it\/wp-content\/uploads\/sites\/4\/2023\/12\/Federico-di-Leo-768x868.png 768w, https:\/\/ils.simonemontanari.com\/it\/wp-content\/uploads\/sites\/4\/2023\/12\/Federico-di-Leo-1040x1175.png 1040w, https:\/\/ils.simonemontanari.com\/it\/wp-content\/uploads\/sites\/4\/2023\/12\/Federico-di-Leo.png 1080w\" sizes=\"auto, (max-width: 752px) 100vw, 752px\" \/><figcaption>Federico<\/figcaption><\/figure><figure class=\"image-carousel\"><img loading=\"lazy\" decoding=\"async\" width=\"752\" height=\"849\" src=\"https:\/\/ils.simonemontanari.com\/it\/wp-content\/uploads\/sites\/4\/2023\/03\/Donatella-Paolini-752x849.jpg\" class=\"attachment-medium size-medium\" alt=\"\" srcset=\"https:\/\/ils.simonemontanari.com\/it\/wp-content\/uploads\/sites\/4\/2023\/03\/Donatella-Paolini-752x849.jpg 752w, https:\/\/ils.simonemontanari.com\/it\/wp-content\/uploads\/sites\/4\/2023\/03\/Donatella-Paolini-768x868.jpg 768w, https:\/\/ils.simonemontanari.com\/it\/wp-content\/uploads\/sites\/4\/2023\/03\/Donatella-Paolini-1040x1175.jpg 1040w, https:\/\/ils.simonemontanari.com\/it\/wp-content\/uploads\/sites\/4\/2023\/03\/Donatella-Paolini.jpg 1080w\" sizes=\"auto, (max-width: 752px) 100vw, 752px\" \/><figcaption>Donatella<\/figcaption><\/figure><figure class=\"image-carousel\"><img loading=\"lazy\" decoding=\"async\" width=\"752\" height=\"849\" src=\"https:\/\/ils.simonemontanari.com\/it\/wp-content\/uploads\/sites\/4\/2022\/11\/domenica_di_biase-752x849.jpg\" class=\"attachment-medium size-medium\" alt=\"\" srcset=\"https:\/\/ils.simonemontanari.com\/it\/wp-content\/uploads\/sites\/4\/2022\/11\/domenica_di_biase-752x849.jpg 752w, https:\/\/ils.simonemontanari.com\/it\/wp-content\/uploads\/sites\/4\/2022\/11\/domenica_di_biase-768x868.jpg 768w, https:\/\/ils.simonemontanari.com\/it\/wp-content\/uploads\/sites\/4\/2022\/11\/domenica_di_biase-1040x1175.jpg 1040w, https:\/\/ils.simonemontanari.com\/it\/wp-content\/uploads\/sites\/4\/2022\/11\/domenica_di_biase.jpg 1080w\" sizes=\"auto, (max-width: 752px) 100vw, 752px\" \/><figcaption>Domenica<\/figcaption><\/figure><figure class=\"image-carousel\"><img loading=\"lazy\" decoding=\"async\" width=\"752\" height=\"849\" src=\"https:\/\/ils.simonemontanari.com\/it\/wp-content\/uploads\/sites\/4\/2021\/11\/enzo-insegnante-italiano-752x849.jpg\" class=\"attachment-medium size-medium\" alt=\"\" srcset=\"https:\/\/ils.simonemontanari.com\/it\/wp-content\/uploads\/sites\/4\/2021\/11\/enzo-insegnante-italiano-752x849.jpg 752w, https:\/\/ils.simonemontanari.com\/it\/wp-content\/uploads\/sites\/4\/2021\/11\/enzo-insegnante-italiano-768x868.jpg 768w, https:\/\/ils.simonemontanari.com\/it\/wp-content\/uploads\/sites\/4\/2021\/11\/enzo-insegnante-italiano-1040x1175.jpg 1040w, https:\/\/ils.simonemontanari.com\/it\/wp-content\/uploads\/sites\/4\/2021\/11\/enzo-insegnante-italiano.jpg 1080w\" sizes=\"auto, (max-width: 752px) 100vw, 752px\" \/><figcaption>Enzo<\/figcaption><\/figure><figure class=\"image-carousel\"><img loading=\"lazy\" decoding=\"async\" width=\"752\" height=\"849\" src=\"https:\/\/ils.simonemontanari.com\/it\/wp-content\/uploads\/sites\/4\/2021\/11\/layla-insegnante-italiano-752x849.jpg\" class=\"attachment-medium size-medium\" alt=\"\" srcset=\"https:\/\/ils.simonemontanari.com\/it\/wp-content\/uploads\/sites\/4\/2021\/11\/layla-insegnante-italiano-752x849.jpg 752w, https:\/\/ils.simonemontanari.com\/it\/wp-content\/uploads\/sites\/4\/2021\/11\/layla-insegnante-italiano-768x868.jpg 768w, https:\/\/ils.simonemontanari.com\/it\/wp-content\/uploads\/sites\/4\/2021\/11\/layla-insegnante-italiano-1040x1175.jpg 1040w, https:\/\/ils.simonemontanari.com\/it\/wp-content\/uploads\/sites\/4\/2021\/11\/layla-insegnante-italiano.jpg 1080w\" sizes=\"auto, (max-width: 752px) 100vw, 752px\" \/><figcaption>Layla<\/figcaption><\/figure><figure class=\"image-carousel\"><img loading=\"lazy\" decoding=\"async\" width=\"752\" height=\"849\" src=\"https:\/\/ils.simonemontanari.com\/it\/wp-content\/uploads\/sites\/4\/2021\/11\/riccardo-insegnante-italiano-752x849.jpg\" class=\"attachment-medium size-medium\" alt=\"\" srcset=\"https:\/\/ils.simonemontanari.com\/it\/wp-content\/uploads\/sites\/4\/2021\/11\/riccardo-insegnante-italiano-752x849.jpg 752w, https:\/\/ils.simonemontanari.com\/it\/wp-content\/uploads\/sites\/4\/2021\/11\/riccardo-insegnante-italiano-768x868.jpg 768w, https:\/\/ils.simonemontanari.com\/it\/wp-content\/uploads\/sites\/4\/2021\/11\/riccardo-insegnante-italiano-1040x1175.jpg 1040w, https:\/\/ils.simonemontanari.com\/it\/wp-content\/uploads\/sites\/4\/2021\/11\/riccardo-insegnante-italiano.jpg 1080w\" sizes=\"auto, (max-width: 752px) 100vw, 752px\" \/><figcaption>Riccardo<\/figcaption><\/figure><figure class=\"image-carousel\"><img loading=\"lazy\" decoding=\"async\" width=\"752\" height=\"849\" src=\"https:\/\/ils.simonemontanari.com\/it\/wp-content\/uploads\/sites\/4\/2021\/11\/xenia-insegnante-italiano-752x849.jpg\" class=\"attachment-medium size-medium\" alt=\"\" srcset=\"https:\/\/ils.simonemontanari.com\/it\/wp-content\/uploads\/sites\/4\/2021\/11\/xenia-insegnante-italiano-752x849.jpg 752w, https:\/\/ils.simonemontanari.com\/it\/wp-content\/uploads\/sites\/4\/2021\/11\/xenia-insegnante-italiano-768x868.jpg 768w, https:\/\/ils.simonemontanari.com\/it\/wp-content\/uploads\/sites\/4\/2021\/11\/xenia-insegnante-italiano-1040x1175.jpg 1040w, https:\/\/ils.simonemontanari.com\/it\/wp-content\/uploads\/sites\/4\/2021\/11\/xenia-insegnante-italiano.jpg 1080w\" sizes=\"auto, (max-width: 752px) 100vw, 752px\" \/><figcaption>Xenia<\/figcaption><\/figure><\/div><div class=\"carousel-navigation\"><button id=\"prev\" disabled=\"true\">Previous<\/button><button id=\"next\">Next<\/button><\/div><\/div>\n<h2>Orari<\/h2>\n<p><span style=\"font-size: 16px\"><div class=\"icon-box\"><i class=\"fal fa-alarm-clock fa-fw fa-2x\"><\/i><span class=\"icon-box-text\">Lezioni di 50 minuti<\/span><\/div><\/span><\/p>\n<div class=\"icon-box\"><i class=\"fal fa-calendar-check fa-fw fa-2x\"><\/i><span class=\"icon-box-text\">Lezioni disponibili Lun-Ven, 8.30 am - 6.00 pm CET<\/span><\/div>\n<h2>Prezzi<\/h2>\n<div class=\"icon-box\"><i class=\"fal fa-coins fa-fw fa-2x\"><\/i><span class=\"icon-box-text\">Nessuna tassa di iscrizione<\/span><\/div>\n<div class=\"icon-box\"><i class=\"fal fa-percentage fa-fw fa-2x\"><\/i><span class=\"icon-box-text\">Sconti di lunga durata fino al 20%<\/span><\/div>\n","protected":false},"excerpt":{"rendered":"<p>Stai cercando un insegnante privato con cui discutere argomenti di tuo interesse e chiarire eventuali dubbi?<\/p>\n<p>Vuoi parlare italiano con un madrelingua e migliorare le tue abilit\u00e0 di conversazione?<\/p>\n<p>Non cercare oltre, le nostre lezioni di italiano online individuali sono perfette per te!<\/p>\n","protected":false},"featured_media":8259,"comment_status":"open","ping_status":"closed","template":"","meta":{"_acf_changed":false},"product_brand":[],"product_cat":[23,87],"product_tag":[],"class_list":{"0":"post-4745","1":"product","2":"type-product","3":"status-publish","4":"has-post-thumbnail","6":"product_cat-corsi","7":"product_cat-private","9":"first","10":"instock","11":"downloadable","12":"virtual","13":"purchasable","14":"product-type-simple"},"group_of_quantity":0,"min_quantity":5,"max_quantity":"","exclude_order_quantity_value_rules":"no","exclude_category_quantity_rules":"no","combine_variations":"no","exclude_global_add_ons":false,"addons":[{"name":"Orario preferito","type":"heading","position":0,"required":false,"title_format":"label","default":"","description_enable":false,"description":"","placeholder_enable":false,"placeholder":"","display":"select","restrictions_type":"any_text","adjust_price":false,"price":"","price_type":"flat_fee","restrictions":false,"min":"0","max":"0","options":[],"id":1691600289},{"name":"Frequenza settimanale","type":"input_multiplier","position":1,"required":true,"title_format":"label","default":"","description_enable":false,"description":"","placeholder_enable":false,"placeholder":"","display":"select","restrictions_type":"any_text","adjust_price":false,"price":"","price_type":"flat_fee","restrictions":false,"min":"0","max":"0","options":[],"id":1691600290},{"name":"GIorni disponibili","type":"checkbox","position":2,"required":true,"title_format":"label","default":"","description_enable":false,"description":"","placeholder_enable":false,"placeholder":"","display":"select","restrictions_type":"any_text","adjust_price":false,"price":"","price_type":"flat_fee","restrictions":false,"min":"0","max":"0","options":[{"label":"Luned\u00ec","price":"","price_type":"flat_fee","image":0,"visibility":true},{"label":"Marted\u00ec","price":"","price_type":"flat_fee","image":0,"visibility":true},{"label":"Mercoled\u00ec","price":"","price_type":"flat_fee","image":0,"visibility":true},{"label":"Gioved\u00ec","price":"","price_type":"flat_fee","image":0,"visibility":true},{"label":"Venerd\u00ec","price":"","price_type":"flat_fee","image":0,"visibility":true}],"id":1691600291},{"name":"Orari disponibili (CET)","type":"checkbox","position":3,"required":true,"title_format":"label","default":"","description_enable":false,"description":"","placeholder_enable":false,"placeholder":"","display":"select","restrictions_type":"any_text","adjust_price":false,"price":"","price_type":"flat_fee","restrictions":false,"min":"0","max":"0","options":[{"label":"Mattina presto","price":"","price_type":"flat_fee","image":0,"visibility":true},{"label":"Tarda mattinata","price":"","price_type":"flat_fee","image":0,"visibility":true},{"label":"Primo pomeriggio","price":"","price_type":"flat_fee","image":0,"visibility":true},{"label":"Tardo pomeriggio","price":"","price_type":"flat_fee","image":0,"visibility":true}],"id":1691600292},{"name":"Notes","type":"custom_textarea","position":4,"required":false,"title_format":"label","default":"","description_enable":false,"description":"","placeholder_enable":false,"placeholder":"","display":"select","restrictions_type":"any_text","adjust_price":false,"price":"","price_type":"flat_fee","restrictions":false,"min":"0","max":"0","options":[],"id":1691600293}],"acf":[],"_links":{"self":[{"href":"https:\/\/ils.simonemontanari.com\/it\/wp-json\/wp\/v2\/product\/4745","targetHints":{"allow":["GET"]}}],"collection":[{"href":"https:\/\/ils.simonemontanari.com\/it\/wp-json\/wp\/v2\/product"}],"about":[{"href":"https:\/\/ils.simonemontanari.com\/it\/wp-json\/wp\/v2\/types\/product"}],"replies":[{"embeddable":true,"href":"https:\/\/ils.simonemontanari.com\/it\/wp-json\/wp\/v2\/comments?post=4745"}],"wp:featuredmedia":[{"embeddable":true,"href":"https:\/\/ils.simonemontanari.com\/it\/wp-json\/wp\/v2\/media\/8259"}],"wp:attachment":[{"href":"https:\/\/ils.simonemontanari.com\/it\/wp-json\/wp\/v2\/media?parent=4745"}],"wp:term":[{"taxonomy":"product_brand","embeddable":true,"href":"https:\/\/ils.simonemontanari.com\/it\/wp-json\/wp\/v2\/product_brand?post=4745"},{"taxonomy":"product_cat","embeddable":true,"href":"https:\/\/ils.simonemontanari.com\/it\/wp-json\/wp\/v2\/product_cat?post=4745"},{"taxonomy":"product_tag","embeddable":true,"href":"https:\/\/ils.simonemontanari.com\/it\/wp-json\/wp\/v2\/product_tag?post=4745"}],"curies":[{"name":"wp","href":"https:\/\/api.w.org\/{rel}","templated":true}]}}