{"id":8260,"date":"2023-07-10T12:27:13","date_gmt":"2023-07-10T11:27:13","guid":{"rendered":"https:\/\/ils.simonemontanari.com\/it\/?post_type=product&#038;p=8260"},"modified":"2024-04-19T15:41:19","modified_gmt":"2024-04-19T14:41:19","slug":"citta-storia-arte","status":"publish","type":"product","link":"https:\/\/ils.simonemontanari.com\/it\/corsi\/citta-storia-arte\/","title":{"rendered":"Le piccole, grandi citt\u00e0 d\u2019arte in Italia"},"content":{"rendered":"<p>In questa serie di videolezioni ripercorreremo la storia e l\u2019arte di altre piccole, grandi citt\u00e0 del nord, centro e sud Italia.<\/p>\n<h2>Trailer<\/h2>\n<blockquote class=\"instagram-media\" style=\"background: #FFF; border: 0; border-radius: 3px; box-shadow: 0 0 1px 0 rgba(0,0,0,0.5),0 1px 10px 0 rgba(0,0,0,0.15); margin: 1px; max-width: 540px; min-width: 326px; padding: 0; width: calc(100% - 2px);\" data-instgrm-captioned=\"\" data-instgrm-permalink=\"https:\/\/www.instagram.com\/reel\/CzbGHZzLHNx\/?utm_source=ig_embed&amp;utm_campaign=loading\" data-instgrm-version=\"14\">\n<div style=\"padding: 16px;\">\n<p>&nbsp;<\/p>\n<div style=\"display: flex; flex-direction: row; align-items: center;\">\n<div style=\"background-color: #f4f4f4; border-radius: 50%; flex-grow: 0; height: 40px; margin-right: 14px; width: 40px;\"><\/div>\n<div style=\"display: flex; flex-direction: column; flex-grow: 1; justify-content: center;\">\n<div style=\"background-color: #f4f4f4; border-radius: 4px; flex-grow: 0; height: 14px; margin-bottom: 6px; width: 100px;\"><\/div>\n<div style=\"background-color: #f4f4f4; border-radius: 4px; flex-grow: 0; height: 14px; width: 60px;\"><\/div>\n<\/div>\n<\/div>\n<div style=\"padding: 19% 0;\"><\/div>\n<div style=\"display: block; height: 50px; margin: 0 auto 12px; width: 50px;\"><\/div>\n<div style=\"padding-top: 8px;\">\n<div style=\"color: #3897f0; font-family: Arial,sans-serif; font-size: 14px; font-style: normal; font-weight: 550; line-height: 18px;\">Visualizza questo post su Instagram<\/div>\n<\/div>\n<div style=\"padding: 12.5% 0;\"><\/div>\n<div style=\"display: flex; flex-direction: row; margin-bottom: 14px; align-items: center;\">\n<div>\n<div style=\"background-color: #f4f4f4; border-radius: 50%; height: 12.5px; width: 12.5px; transform: translateX(0px) translateY(7px);\"><\/div>\n<div style=\"background-color: #f4f4f4; height: 12.5px; transform: rotate(-45deg) translateX(3px) translateY(1px); width: 12.5px; flex-grow: 0; margin-right: 14px; margin-left: 2px;\"><\/div>\n<div style=\"background-color: #f4f4f4; border-radius: 50%; height: 12.5px; width: 12.5px; transform: translateX(9px) translateY(-18px);\"><\/div>\n<\/div>\n<div style=\"margin-left: 8px;\">\n<div style=\"background-color: #f4f4f4; border-radius: 50%; flex-grow: 0; height: 20px; width: 20px;\"><\/div>\n<div style=\"width: 0; height: 0; border-top: 2px solid transparent; border-left: 6px solid #f4f4f4; border-bottom: 2px solid transparent; transform: translateX(16px) translateY(-4px) rotate(30deg);\"><\/div>\n<\/div>\n<div style=\"margin-left: auto;\">\n<div style=\"width: 0px; border-top: 8px solid #F4F4F4; border-right: 8px solid transparent; transform: translateY(16px);\"><\/div>\n<div style=\"background-color: #f4f4f4; flex-grow: 0; height: 12px; width: 16px; transform: translateY(-4px);\"><\/div>\n<div style=\"width: 0; height: 0; border-top: 8px solid #F4F4F4; border-left: 8px solid transparent; transform: translateY(-4px) translateX(8px);\"><\/div>\n<\/div>\n<\/div>\n<div style=\"display: flex; flex-direction: column; flex-grow: 1; justify-content: center; margin-bottom: 24px;\">\n<div style=\"background-color: #f4f4f4; border-radius: 4px; flex-grow: 0; height: 14px; margin-bottom: 6px; width: 224px;\"><\/div>\n<div style=\"background-color: #f4f4f4; border-radius: 4px; flex-grow: 0; height: 14px; width: 144px;\"><\/div>\n<\/div>\n<p>&nbsp;<\/p>\n<p style=\"color: #c9c8cd; font-family: Arial,sans-serif; font-size: 14px; line-height: 17px; margin-bottom: 0; margin-top: 8px; overflow: hidden; padding: 8px 0 7px; text-align: center; text-overflow: ellipsis; white-space: nowrap;\"><a style=\"color: #c9c8cd; font-family: Arial,sans-serif; font-size: 14px; font-style: normal; font-weight: normal; line-height: 17px; text-decoration: none;\" href=\"https:\/\/www.instagram.com\/reel\/CzbGHZzLHNx\/?utm_source=ig_embed&amp;utm_campaign=loading\" target=\"_blank\" rel=\"noopener\">Un post condiviso da Italian Language School (@europassitalian)<\/a><\/p>\n<\/div>\n<\/blockquote>\n<p><script async src=\"\/\/www.instagram.com\/embed.js\"><\/script><\/p>\n<h2>Programma<\/h2>\n<h3>Le citt\u00e0 d&#8217;arte del nord Italia<\/h3>\n<p><img loading=\"lazy\" decoding=\"async\" class=\"alignnone size-medium wp-image-8522\" src=\"https:\/\/ils.simonemontanari.com\/it\/wp-content\/uploads\/sites\/4\/2023\/07\/Nord-Italia-752x482.png\" alt=\"\" width=\"752\" height=\"482\" srcset=\"https:\/\/ils.simonemontanari.com\/it\/wp-content\/uploads\/sites\/4\/2023\/07\/Nord-Italia-752x482.png 752w, https:\/\/ils.simonemontanari.com\/it\/wp-content\/uploads\/sites\/4\/2023\/07\/Nord-Italia-1182x758.png 1182w, https:\/\/ils.simonemontanari.com\/it\/wp-content\/uploads\/sites\/4\/2023\/07\/Nord-Italia-768x492.png 768w, https:\/\/ils.simonemontanari.com\/it\/wp-content\/uploads\/sites\/4\/2023\/07\/Nord-Italia-1536x984.png 1536w, https:\/\/ils.simonemontanari.com\/it\/wp-content\/uploads\/sites\/4\/2023\/07\/Nord-Italia-1040x667.png 1040w, https:\/\/ils.simonemontanari.com\/it\/wp-content\/uploads\/sites\/4\/2023\/07\/Nord-Italia.png 1540w\" sizes=\"auto, (max-width: 752px) 100vw, 752px\" \/><\/p>\n<p><strong>Ravenna &#8211; Emilia-Romagna:<\/strong><br \/>\ndove Dante trascorse i suoi ultimi anni di vita. \u00c8 nota per i suoi meravigliosi mosaici bizantini e monumenti del peridio imperiale e gotico-bizantino.<\/p>\n<p><strong>Padova &#8211; Veneto:<\/strong><br \/>\n\u00e8 famosa per la Cappella degli Scrovegni che contiene affreschi di Giotto, considerati uno dei capolavori dell\u2019arte occidentale!<\/p>\n<p><strong>Mantova &#8211; Lombardia:<br \/>\n<\/strong>dove Romeo si rifugia dopo essere scappato da Verona, \u00e8 una citt\u00e0 ricca di castelli e palazzi maestosi, come il Palazzo Ducale, in cui si trova la famosissima Camera degli Sposi.<\/p>\n<p><strong>Parma &#8211; Emilia-Romagna:<br \/>\n<\/strong>molto conosciuta in Italia per la sua cucina e suoi prodotti tipici. Ma, oltre a questo ospita uno dei teatri all\u2019italiana pi\u00f9 antichi del mondo, il Teatro Farnese.<\/p>\n<p><strong>Bergamo &#8211; Lombardia:<br \/>\n<\/strong>una citt\u00e0 divisa in due parti: la Citt\u00e0 Alta, la parte antica della citt\u00e0, conserva le mura medievali; e la Citt\u00e0 Bassa, la parte moderna, situata nella pianura sottostante.<\/p>\n<p><strong>Ferrara &#8211; Emilia-Romagna:<\/strong><br \/>\ndove si trova l&#8217;imponente Castello Estense: una fortezza caratterizzata da un ampio fossato e quattro torri angolari.<\/p>\n<h3>Le citt\u00e0 d&#8217;arte del centro Italia<\/h3>\n<p><img loading=\"lazy\" decoding=\"async\" class=\"alignnone size-medium wp-image-8521\" src=\"https:\/\/ils.simonemontanari.com\/it\/wp-content\/uploads\/sites\/4\/2023\/07\/Centro-Italia-752x482.png\" alt=\"\" width=\"752\" height=\"482\" srcset=\"https:\/\/ils.simonemontanari.com\/it\/wp-content\/uploads\/sites\/4\/2023\/07\/Centro-Italia-752x482.png 752w, https:\/\/ils.simonemontanari.com\/it\/wp-content\/uploads\/sites\/4\/2023\/07\/Centro-Italia-1182x758.png 1182w, https:\/\/ils.simonemontanari.com\/it\/wp-content\/uploads\/sites\/4\/2023\/07\/Centro-Italia-768x493.png 768w, https:\/\/ils.simonemontanari.com\/it\/wp-content\/uploads\/sites\/4\/2023\/07\/Centro-Italia-1536x985.png 1536w, https:\/\/ils.simonemontanari.com\/it\/wp-content\/uploads\/sites\/4\/2023\/07\/Centro-Italia-1040x667.png 1040w, https:\/\/ils.simonemontanari.com\/it\/wp-content\/uploads\/sites\/4\/2023\/07\/Centro-Italia.png 1539w\" sizes=\"auto, (max-width: 752px) 100vw, 752px\" \/><\/p>\n<p><strong>Lucca &#8211; Toscana:<br \/>\n<\/strong>la citt\u00e0 delle cento chiese, famosa per le mura medievali che racchiudono tutto il centro storico. Uno dei simboli di Lucca \u00e8 la Torre Guinigi, costruita nel Medioevo.<\/p>\n<p><strong>Urbino &#8211; Marche:<br \/>\n<\/strong>\u00e8 la citt\u00e0 natale di Raffello Sanzio e possiede un patrimonio artistico e culturale prestigioso, simbolo del passaggio tra Medioevo e Rinascimento.<\/p>\n<p><strong>Orvieto &#8211; Umbria:<br \/>\n<\/strong>ed \u00e8 costruita su una grande roccia vulcanica. Qui si trova un complesso sistema di grotte e cunicoli sotterranei. Il Duomo di Orvieto \u00e8 un capolavoro di architettura gotica.<\/p>\n<p><strong>Viterbo &#8211; Lazio:<\/strong><br \/>\n\u00e8 il cuore della regione storica della Tuscia, ed \u00e8 nota per le sue terme naturali, le Terme dei Papi. Il centro storico della citt\u00e0 \u00e8 un labirinto di strade strette e tortuose.<\/p>\n<p><strong>L&#8217;Aquila &#8211; Abruzzo:<br \/>\n<\/strong>l\u2019architettura medievale e rinascimentale adorna la citt\u00e0, i suoi principali monumenti sono il Castello Spagnolo e la Basilica di Santa Maria di Collemaggio.<\/p>\n<p><strong>Assisi &#8211; Umbria<\/strong>:<br \/>\n\u00e8 un importante centro di pellegrinaggio e offre una meravigliosa vista sulle colline della regione. La Basilica di San Francesco \u00e8 una delle principali attrazioni della citt\u00e0.<\/p>\n<h3>Le citt\u00e0 d&#8217;arte del sud Italia<\/h3>\n<p><img loading=\"lazy\" decoding=\"async\" class=\"alignnone size-medium wp-image-8523\" src=\"https:\/\/ils.simonemontanari.com\/it\/wp-content\/uploads\/sites\/4\/2023\/07\/Sud-Italia-752x482.png\" alt=\"\" width=\"752\" height=\"482\" srcset=\"https:\/\/ils.simonemontanari.com\/it\/wp-content\/uploads\/sites\/4\/2023\/07\/Sud-Italia-752x482.png 752w, https:\/\/ils.simonemontanari.com\/it\/wp-content\/uploads\/sites\/4\/2023\/07\/Sud-Italia-1182x758.png 1182w, https:\/\/ils.simonemontanari.com\/it\/wp-content\/uploads\/sites\/4\/2023\/07\/Sud-Italia-768x492.png 768w, https:\/\/ils.simonemontanari.com\/it\/wp-content\/uploads\/sites\/4\/2023\/07\/Sud-Italia-1536x984.png 1536w, https:\/\/ils.simonemontanari.com\/it\/wp-content\/uploads\/sites\/4\/2023\/07\/Sud-Italia-1040x667.png 1040w, https:\/\/ils.simonemontanari.com\/it\/wp-content\/uploads\/sites\/4\/2023\/07\/Sud-Italia.png 1540w\" sizes=\"auto, (max-width: 752px) 100vw, 752px\" \/><\/p>\n<p><strong>Siracusa &#8211; Sicilia:<br \/>\n<\/strong>una delle citt\u00e0 siciliane pi\u00f9 antiche, il cui nucleo storico, l&#8217;isola di Ortigia, \u00e8 un affascinante quartiere composto da strette strade, piazze pittoresche e importanti monumenti come la Cattedrale.<\/p>\n<p><strong>Lecce &#8211; Puglia:<br \/>\n<\/strong>conosciuta come la \u201cFirenze del Sud\u201d, \u00e8 nota per i suoi eleganti edifici barocchi, realizzati in pietra leccese, una pietra calcarea che assume una colorazione dorata al tramonto.<\/p>\n<p><strong>Matera &#8211; Basilicata:<\/strong><br \/>\n\u00e8 famosa per i suoi &#8220;Sassi di Matera&#8221;, antiche abitazioni scavate nella roccia che costituiscono uno dei pi\u00f9 antichi insediamenti umani continuamente abitati al mondo.<\/p>\n<p><strong>Catania &#8211; Sicilia:<br \/>\n<\/strong>situata sulla costa orientale della Sicilia, Catania \u00e8 dominata dalla presenza dell\u2019Etna, il vulcano attivo pi\u00f9 alto d\u2019Europa. Il Duomo di Catania \u00e8 un&#8217;imponente cattedrale barocca.<\/p>\n<p><strong>Caserta &#8211; Campania:<br \/>\n<\/strong>qui si trova la famosa Reggia di Caserta: uno dei pi\u00f9 grandi palazzi reali al mondo e che dispone di un vasto parco con splendidi giardini all&#8217;italiana.<\/p>\n<p><strong>Val di Noto &#8211; Sicilia:<br \/>\n<\/strong>comprende Noto, Ragusa, Modica e altre. Queste citt\u00e0 sono splendidi esempi di architettura barocca, con chiese, palazzi e piazze dall&#8217;eleganza straordinaria.<\/p>\n<h2>Dettagli<\/h2>\n<div class=\"icon-box\"><i class=\"fal fa-alarm-clock fa-fw fa-2x\"><\/i><span class=\"icon-box-text\">60 min. di diretta per ogni citt\u00e0<\/span><\/div>\n<div class=\"icon-box\"><i class=\"fal fa-calendar fa-fw fa-2x\"><\/i><span class=\"icon-box-text\">Ogni luned\u00ec alle 18:00 CET<\/span><\/div>\n<div class=\"icon-box\"><i class=\"fal fa-hourglass-start fa-fw fa-2x\"><\/i><span class=\"icon-box-text\">Dal 27 Novembre 2023<\/span><\/div>\n<div class=\"icon-box\"><i class=\"fal fa-cassette-tape fa-fw fa-2x\"><\/i><span class=\"icon-box-text\">Lezioni registrate<\/span><\/div>\n<div class=\"icon-box\"><i class=\"fal fa-chalkboard-teacher fa-fw fa-2x\"><\/i><span class=\"icon-box-text\">Con <a href=\"https:\/\/ils.simonemontanari.com\/maurizio-faggi\/\">Maurizio Faggi<\/a><\/span><\/div>\n","protected":false},"excerpt":{"rendered":"<p>Tra 1600 e 1700, in Europa, tutti gli aristocratici, amanti dell\u2019arte e della cultura, intraprendevano un viaggio in Italia affascinati dalle meraviglie artistiche e culturali del bel Paese: il Grand Tour.<\/p>\n<p>Anche noi faremo questo viaggio alla scoperta delle pi\u00f9 belle citt\u00e0 d\u2019arte italiane, che non sono solo Venezia, Firenze e Roma.<\/p>\n","protected":false},"featured_media":8353,"comment_status":"open","ping_status":"closed","template":"","meta":{"_acf_changed":false},"product_brand":[],"product_cat":[23],"product_tag":[],"class_list":{"0":"post-8260","1":"product","2":"type-product","3":"status-publish","4":"has-post-thumbnail","6":"product_cat-corsi","8":"first","9":"instock","10":"sale","11":"sold-individually","12":"shipping-taxable","13":"purchasable","14":"product-type-variable"},"group_of_quantity":0,"min_quantity":0,"max_quantity":"","exclude_order_quantity_value_rules":"no","exclude_category_quantity_rules":"no","combine_variations":"no","exclude_global_add_ons":[],"addons":[],"acf":[],"_links":{"self":[{"href":"https:\/\/ils.simonemontanari.com\/it\/wp-json\/wp\/v2\/product\/8260","targetHints":{"allow":["GET"]}}],"collection":[{"href":"https:\/\/ils.simonemontanari.com\/it\/wp-json\/wp\/v2\/product"}],"about":[{"href":"https:\/\/ils.simonemontanari.com\/it\/wp-json\/wp\/v2\/types\/product"}],"replies":[{"embeddable":true,"href":"https:\/\/ils.simonemontanari.com\/it\/wp-json\/wp\/v2\/comments?post=8260"}],"wp:featuredmedia":[{"embeddable":true,"href":"https:\/\/ils.simonemontanari.com\/it\/wp-json\/wp\/v2\/media\/8353"}],"wp:attachment":[{"href":"https:\/\/ils.simonemontanari.com\/it\/wp-json\/wp\/v2\/media?parent=8260"}],"wp:term":[{"taxonomy":"product_brand","embeddable":true,"href":"https:\/\/ils.simonemontanari.com\/it\/wp-json\/wp\/v2\/product_brand?post=8260"},{"taxonomy":"product_cat","embeddable":true,"href":"https:\/\/ils.simonemontanari.com\/it\/wp-json\/wp\/v2\/product_cat?post=8260"},{"taxonomy":"product_tag","embeddable":true,"href":"https:\/\/ils.simonemontanari.com\/it\/wp-json\/wp\/v2\/product_tag?post=8260"}],"curies":[{"name":"wp","href":"https:\/\/api.w.org\/{rel}","templated":true}]}}