{"id":8551,"date":"2023-08-09T16:23:54","date_gmt":"2023-08-09T15:23:54","guid":{"rendered":"https:\/\/ils.simonemontanari.com\/it\/italiano-online\/privati-firenze\/"},"modified":"2024-11-30T13:34:40","modified_gmt":"2024-11-30T12:34:40","slug":"privati-firenze","status":"publish","type":"product","link":"https:\/\/ils.simonemontanari.com\/it\/corsi\/privati-firenze\/","title":{"rendered":"Lezioni Private di Italiano a Firenze"},"content":{"rendered":"<h2>Descrizione del corso<\/h2>\n<p>Sia che tu voglia impegnarti a fondo nella lingua, oppure preferisca procedere con calma e goderti il percorso, <strong>le nostre lezioni individuali sono un&#8217;ottima scelta<\/strong>.<\/p>\n<p>Durante il tuo tempo con un <strong>insegnante madrelingua altamente qualificato<\/strong>, puoi concentrarti sulle tue esigenze personali, oppure puoi lasciare che i nostri insegnanti esperti ti guidino verso una comprensione completa di ogni aspetto della lingua (vocabolario, conversazione, grammatica, lettura e scrittura).<\/p>\n<p>Il calendario pu\u00f2 essere <strong>completamente personalizzato<\/strong>: puoi prenotare quante lezioni vuoi, in qualsiasi momento del giorno, tutto l&#8217;anno.<\/p>\n<p>Puoi prenotare una serie di sessioni private per un corso completamente personalizzato, oppure prendere <strong>lezioni individuali in combinazione con qualsiasi corso di gruppo<\/strong>.<\/p>\n<p>Man mano che prenoti pi\u00f9 lezioni private, il prezzo per sessione diminuisce, rendendolo <strong>un&#8217;opzione accessibile<\/strong> per chiunque.<\/p>\n<p>Fai il primo passo verso la conoscenza dell&#8217;italiano e prenota le tue lezioni private oggi stesso!<\/p>\n<h2>Cosa \u00e8 incluso<\/h2>\n<div class=\"icon-box\"><i class=\"fal fa-chalkboard-teacher fa-fw fa-2x\"><\/i><span class=\"icon-box-text\">Insegnanti altamente qualificati<\/span><\/div>\n<div class=\"icon-box\"><i class=\"fal fa-book fa-fw fa-2x\"><\/i><span class=\"icon-box-text\">Materiale didattico<\/span><\/div>\n<div class=\"icon-box\"><i class=\"fal fa-file-certificate fa-fw fa-2x\"><\/i><span class=\"icon-box-text\">Certificato di frequenza<\/span><\/div>\n<h2>I nostri insegnanti di italiano<\/h2>\n<div class=\"images-carousel\"><div class=\"images-carousel_wrapper\"><figure class=\"image-carousel\"><img loading=\"lazy\" decoding=\"async\" width=\"752\" height=\"849\" src=\"https:\/\/ils.simonemontanari.com\/it\/wp-content\/uploads\/sites\/4\/2024\/10\/Maurizio-Faggi-752x849.jpg\" class=\"attachment-medium size-medium\" alt=\"\" srcset=\"https:\/\/ils.simonemontanari.com\/it\/wp-content\/uploads\/sites\/4\/2024\/10\/Maurizio-Faggi-752x849.jpg 752w, https:\/\/ils.simonemontanari.com\/it\/wp-content\/uploads\/sites\/4\/2024\/10\/Maurizio-Faggi-1182x1335.jpg 1182w, https:\/\/ils.simonemontanari.com\/it\/wp-content\/uploads\/sites\/4\/2024\/10\/Maurizio-Faggi-768x868.jpg 768w, https:\/\/ils.simonemontanari.com\/it\/wp-content\/uploads\/sites\/4\/2024\/10\/Maurizio-Faggi-1360x1536.jpg 1360w, https:\/\/ils.simonemontanari.com\/it\/wp-content\/uploads\/sites\/4\/2024\/10\/Maurizio-Faggi-1813x2048.jpg 1813w, https:\/\/ils.simonemontanari.com\/it\/wp-content\/uploads\/sites\/4\/2024\/10\/Maurizio-Faggi-1040x1175.jpg 1040w\" sizes=\"auto, (max-width: 752px) 100vw, 752px\" \/><figcaption>Maurizio<\/figcaption><\/figure><figure class=\"image-carousel\"><img loading=\"lazy\" decoding=\"async\" width=\"752\" height=\"849\" src=\"https:\/\/ils.simonemontanari.com\/it\/wp-content\/uploads\/sites\/4\/2024\/11\/Francesca-R-752x849.jpg\" class=\"attachment-medium size-medium\" alt=\"\" srcset=\"https:\/\/ils.simonemontanari.com\/it\/wp-content\/uploads\/sites\/4\/2024\/11\/Francesca-R-752x849.jpg 752w, https:\/\/ils.simonemontanari.com\/it\/wp-content\/uploads\/sites\/4\/2024\/11\/Francesca-R-1182x1335.jpg 1182w, https:\/\/ils.simonemontanari.com\/it\/wp-content\/uploads\/sites\/4\/2024\/11\/Francesca-R-768x868.jpg 768w, https:\/\/ils.simonemontanari.com\/it\/wp-content\/uploads\/sites\/4\/2024\/11\/Francesca-R-1360x1536.jpg 1360w, https:\/\/ils.simonemontanari.com\/it\/wp-content\/uploads\/sites\/4\/2024\/11\/Francesca-R-1040x1175.jpg 1040w, https:\/\/ils.simonemontanari.com\/it\/wp-content\/uploads\/sites\/4\/2024\/11\/Francesca-R.jpg 1728w\" sizes=\"auto, (max-width: 752px) 100vw, 752px\" \/><figcaption>Francesca<\/figcaption><\/figure><figure class=\"image-carousel\"><img loading=\"lazy\" decoding=\"async\" width=\"752\" height=\"849\" src=\"https:\/\/ils.simonemontanari.com\/it\/wp-content\/uploads\/sites\/4\/2024\/11\/Giulia-L-752x849.jpg\" class=\"attachment-medium size-medium\" alt=\"\" srcset=\"https:\/\/ils.simonemontanari.com\/it\/wp-content\/uploads\/sites\/4\/2024\/11\/Giulia-L-752x849.jpg 752w, https:\/\/ils.simonemontanari.com\/it\/wp-content\/uploads\/sites\/4\/2024\/11\/Giulia-L-1182x1335.jpg 1182w, https:\/\/ils.simonemontanari.com\/it\/wp-content\/uploads\/sites\/4\/2024\/11\/Giulia-L-768x868.jpg 768w, https:\/\/ils.simonemontanari.com\/it\/wp-content\/uploads\/sites\/4\/2024\/11\/Giulia-L-1360x1536.jpg 1360w, https:\/\/ils.simonemontanari.com\/it\/wp-content\/uploads\/sites\/4\/2024\/11\/Giulia-L-1040x1175.jpg 1040w, https:\/\/ils.simonemontanari.com\/it\/wp-content\/uploads\/sites\/4\/2024\/11\/Giulia-L.jpg 1728w\" sizes=\"auto, (max-width: 752px) 100vw, 752px\" \/><figcaption>Giulia<\/figcaption><\/figure><figure class=\"image-carousel\"><img loading=\"lazy\" decoding=\"async\" width=\"752\" height=\"849\" src=\"https:\/\/ils.simonemontanari.com\/it\/wp-content\/uploads\/sites\/4\/2022\/11\/francesca_puglisi-752x849.jpg\" class=\"attachment-medium size-medium\" alt=\"\" srcset=\"https:\/\/ils.simonemontanari.com\/it\/wp-content\/uploads\/sites\/4\/2022\/11\/francesca_puglisi-752x849.jpg 752w, https:\/\/ils.simonemontanari.com\/it\/wp-content\/uploads\/sites\/4\/2022\/11\/francesca_puglisi-768x868.jpg 768w, https:\/\/ils.simonemontanari.com\/it\/wp-content\/uploads\/sites\/4\/2022\/11\/francesca_puglisi-1040x1175.jpg 1040w, https:\/\/ils.simonemontanari.com\/it\/wp-content\/uploads\/sites\/4\/2022\/11\/francesca_puglisi.jpg 1080w\" sizes=\"auto, (max-width: 752px) 100vw, 752px\" \/><figcaption>Francesca<\/figcaption><\/figure><figure class=\"image-carousel\"><img loading=\"lazy\" decoding=\"async\" width=\"752\" height=\"849\" src=\"https:\/\/ils.simonemontanari.com\/it\/wp-content\/uploads\/sites\/4\/2024\/11\/Filippo-Mulinacci-752x849.jpg\" class=\"attachment-medium size-medium\" alt=\"\" srcset=\"https:\/\/ils.simonemontanari.com\/it\/wp-content\/uploads\/sites\/4\/2024\/11\/Filippo-Mulinacci-752x849.jpg 752w, https:\/\/ils.simonemontanari.com\/it\/wp-content\/uploads\/sites\/4\/2024\/11\/Filippo-Mulinacci.jpg 756w\" sizes=\"auto, (max-width: 752px) 100vw, 752px\" \/><figcaption>Filippo<\/figcaption><\/figure><figure class=\"image-carousel\"><img loading=\"lazy\" decoding=\"async\" width=\"752\" height=\"849\" src=\"https:\/\/ils.simonemontanari.com\/it\/wp-content\/uploads\/sites\/4\/2024\/04\/Leonardo-Benozzi-752x849.png\" class=\"attachment-medium size-medium\" alt=\"\" srcset=\"https:\/\/ils.simonemontanari.com\/it\/wp-content\/uploads\/sites\/4\/2024\/04\/Leonardo-Benozzi-752x849.png 752w, https:\/\/ils.simonemontanari.com\/it\/wp-content\/uploads\/sites\/4\/2024\/04\/Leonardo-Benozzi-768x868.png 768w, https:\/\/ils.simonemontanari.com\/it\/wp-content\/uploads\/sites\/4\/2024\/04\/Leonardo-Benozzi-1040x1175.png 1040w, https:\/\/ils.simonemontanari.com\/it\/wp-content\/uploads\/sites\/4\/2024\/04\/Leonardo-Benozzi.png 1080w\" sizes=\"auto, (max-width: 752px) 100vw, 752px\" \/><figcaption>Leonardo<\/figcaption><\/figure><figure class=\"image-carousel\"><img loading=\"lazy\" decoding=\"async\" width=\"752\" height=\"849\" src=\"https:\/\/ils.simonemontanari.com\/it\/wp-content\/uploads\/sites\/4\/2024\/01\/Esposito-Lilli-752x849.png\" class=\"attachment-medium size-medium\" alt=\"\" srcset=\"https:\/\/ils.simonemontanari.com\/it\/wp-content\/uploads\/sites\/4\/2024\/01\/Esposito-Lilli-752x849.png 752w, https:\/\/ils.simonemontanari.com\/it\/wp-content\/uploads\/sites\/4\/2024\/01\/Esposito-Lilli-768x868.png 768w, https:\/\/ils.simonemontanari.com\/it\/wp-content\/uploads\/sites\/4\/2024\/01\/Esposito-Lilli.png 810w\" sizes=\"auto, (max-width: 752px) 100vw, 752px\" \/><figcaption>Lilli<\/figcaption><\/figure><figure class=\"image-carousel\"><img loading=\"lazy\" decoding=\"async\" width=\"752\" height=\"849\" src=\"https:\/\/ils.simonemontanari.com\/it\/wp-content\/uploads\/sites\/4\/2022\/07\/Bianca-Lami-752x849.jpg\" class=\"attachment-medium size-medium\" alt=\"\" srcset=\"https:\/\/ils.simonemontanari.com\/it\/wp-content\/uploads\/sites\/4\/2022\/07\/Bianca-Lami-752x849.jpg 752w, https:\/\/ils.simonemontanari.com\/it\/wp-content\/uploads\/sites\/4\/2022\/07\/Bianca-Lami-768x868.jpg 768w, https:\/\/ils.simonemontanari.com\/it\/wp-content\/uploads\/sites\/4\/2022\/07\/Bianca-Lami-1040x1175.jpg 1040w, https:\/\/ils.simonemontanari.com\/it\/wp-content\/uploads\/sites\/4\/2022\/07\/Bianca-Lami.jpg 1080w\" sizes=\"auto, (max-width: 752px) 100vw, 752px\" \/><figcaption>Bianca<\/figcaption><\/figure><figure class=\"image-carousel\"><img loading=\"lazy\" decoding=\"async\" width=\"752\" height=\"849\" src=\"https:\/\/ils.simonemontanari.com\/it\/wp-content\/uploads\/sites\/4\/2023\/12\/Federico-di-Leo-752x849.png\" class=\"attachment-medium size-medium\" alt=\"\" srcset=\"https:\/\/ils.simonemontanari.com\/it\/wp-content\/uploads\/sites\/4\/2023\/12\/Federico-di-Leo-752x849.png 752w, https:\/\/ils.simonemontanari.com\/it\/wp-content\/uploads\/sites\/4\/2023\/12\/Federico-di-Leo-768x868.png 768w, https:\/\/ils.simonemontanari.com\/it\/wp-content\/uploads\/sites\/4\/2023\/12\/Federico-di-Leo-1040x1175.png 1040w, https:\/\/ils.simonemontanari.com\/it\/wp-content\/uploads\/sites\/4\/2023\/12\/Federico-di-Leo.png 1080w\" sizes=\"auto, (max-width: 752px) 100vw, 752px\" \/><figcaption>Federico<\/figcaption><\/figure><figure class=\"image-carousel\"><img loading=\"lazy\" decoding=\"async\" width=\"752\" height=\"849\" src=\"https:\/\/ils.simonemontanari.com\/it\/wp-content\/uploads\/sites\/4\/2023\/03\/Donatella-Paolini-752x849.jpg\" class=\"attachment-medium size-medium\" alt=\"\" srcset=\"https:\/\/ils.simonemontanari.com\/it\/wp-content\/uploads\/sites\/4\/2023\/03\/Donatella-Paolini-752x849.jpg 752w, https:\/\/ils.simonemontanari.com\/it\/wp-content\/uploads\/sites\/4\/2023\/03\/Donatella-Paolini-768x868.jpg 768w, https:\/\/ils.simonemontanari.com\/it\/wp-content\/uploads\/sites\/4\/2023\/03\/Donatella-Paolini-1040x1175.jpg 1040w, https:\/\/ils.simonemontanari.com\/it\/wp-content\/uploads\/sites\/4\/2023\/03\/Donatella-Paolini.jpg 1080w\" sizes=\"auto, (max-width: 752px) 100vw, 752px\" \/><figcaption>Donatella<\/figcaption><\/figure><figure class=\"image-carousel\"><img loading=\"lazy\" decoding=\"async\" width=\"752\" height=\"849\" src=\"https:\/\/ils.simonemontanari.com\/it\/wp-content\/uploads\/sites\/4\/2022\/11\/domenica_di_biase-752x849.jpg\" class=\"attachment-medium size-medium\" alt=\"\" srcset=\"https:\/\/ils.simonemontanari.com\/it\/wp-content\/uploads\/sites\/4\/2022\/11\/domenica_di_biase-752x849.jpg 752w, https:\/\/ils.simonemontanari.com\/it\/wp-content\/uploads\/sites\/4\/2022\/11\/domenica_di_biase-768x868.jpg 768w, https:\/\/ils.simonemontanari.com\/it\/wp-content\/uploads\/sites\/4\/2022\/11\/domenica_di_biase-1040x1175.jpg 1040w, https:\/\/ils.simonemontanari.com\/it\/wp-content\/uploads\/sites\/4\/2022\/11\/domenica_di_biase.jpg 1080w\" sizes=\"auto, (max-width: 752px) 100vw, 752px\" \/><figcaption>Domenica<\/figcaption><\/figure><figure class=\"image-carousel\"><img loading=\"lazy\" decoding=\"async\" width=\"752\" height=\"849\" src=\"https:\/\/ils.simonemontanari.com\/it\/wp-content\/uploads\/sites\/4\/2021\/11\/enzo-insegnante-italiano-752x849.jpg\" class=\"attachment-medium size-medium\" alt=\"\" srcset=\"https:\/\/ils.simonemontanari.com\/it\/wp-content\/uploads\/sites\/4\/2021\/11\/enzo-insegnante-italiano-752x849.jpg 752w, https:\/\/ils.simonemontanari.com\/it\/wp-content\/uploads\/sites\/4\/2021\/11\/enzo-insegnante-italiano-768x868.jpg 768w, https:\/\/ils.simonemontanari.com\/it\/wp-content\/uploads\/sites\/4\/2021\/11\/enzo-insegnante-italiano-1040x1175.jpg 1040w, https:\/\/ils.simonemontanari.com\/it\/wp-content\/uploads\/sites\/4\/2021\/11\/enzo-insegnante-italiano.jpg 1080w\" sizes=\"auto, (max-width: 752px) 100vw, 752px\" \/><figcaption>Enzo<\/figcaption><\/figure><figure class=\"image-carousel\"><img loading=\"lazy\" decoding=\"async\" width=\"752\" height=\"849\" src=\"https:\/\/ils.simonemontanari.com\/it\/wp-content\/uploads\/sites\/4\/2021\/11\/layla-insegnante-italiano-752x849.jpg\" class=\"attachment-medium size-medium\" alt=\"\" srcset=\"https:\/\/ils.simonemontanari.com\/it\/wp-content\/uploads\/sites\/4\/2021\/11\/layla-insegnante-italiano-752x849.jpg 752w, https:\/\/ils.simonemontanari.com\/it\/wp-content\/uploads\/sites\/4\/2021\/11\/layla-insegnante-italiano-768x868.jpg 768w, https:\/\/ils.simonemontanari.com\/it\/wp-content\/uploads\/sites\/4\/2021\/11\/layla-insegnante-italiano-1040x1175.jpg 1040w, https:\/\/ils.simonemontanari.com\/it\/wp-content\/uploads\/sites\/4\/2021\/11\/layla-insegnante-italiano.jpg 1080w\" sizes=\"auto, (max-width: 752px) 100vw, 752px\" \/><figcaption>Layla<\/figcaption><\/figure><figure class=\"image-carousel\"><img loading=\"lazy\" decoding=\"async\" width=\"752\" height=\"849\" src=\"https:\/\/ils.simonemontanari.com\/it\/wp-content\/uploads\/sites\/4\/2021\/11\/riccardo-insegnante-italiano-752x849.jpg\" class=\"attachment-medium size-medium\" alt=\"\" srcset=\"https:\/\/ils.simonemontanari.com\/it\/wp-content\/uploads\/sites\/4\/2021\/11\/riccardo-insegnante-italiano-752x849.jpg 752w, https:\/\/ils.simonemontanari.com\/it\/wp-content\/uploads\/sites\/4\/2021\/11\/riccardo-insegnante-italiano-768x868.jpg 768w, https:\/\/ils.simonemontanari.com\/it\/wp-content\/uploads\/sites\/4\/2021\/11\/riccardo-insegnante-italiano-1040x1175.jpg 1040w, https:\/\/ils.simonemontanari.com\/it\/wp-content\/uploads\/sites\/4\/2021\/11\/riccardo-insegnante-italiano.jpg 1080w\" sizes=\"auto, (max-width: 752px) 100vw, 752px\" \/><figcaption>Riccardo<\/figcaption><\/figure><figure class=\"image-carousel\"><img loading=\"lazy\" decoding=\"async\" width=\"752\" height=\"849\" src=\"https:\/\/ils.simonemontanari.com\/it\/wp-content\/uploads\/sites\/4\/2021\/11\/xenia-insegnante-italiano-752x849.jpg\" class=\"attachment-medium size-medium\" alt=\"\" srcset=\"https:\/\/ils.simonemontanari.com\/it\/wp-content\/uploads\/sites\/4\/2021\/11\/xenia-insegnante-italiano-752x849.jpg 752w, https:\/\/ils.simonemontanari.com\/it\/wp-content\/uploads\/sites\/4\/2021\/11\/xenia-insegnante-italiano-768x868.jpg 768w, https:\/\/ils.simonemontanari.com\/it\/wp-content\/uploads\/sites\/4\/2021\/11\/xenia-insegnante-italiano-1040x1175.jpg 1040w, https:\/\/ils.simonemontanari.com\/it\/wp-content\/uploads\/sites\/4\/2021\/11\/xenia-insegnante-italiano.jpg 1080w\" sizes=\"auto, (max-width: 752px) 100vw, 752px\" \/><figcaption>Xenia<\/figcaption><\/figure><\/div><div class=\"carousel-navigation\"><button id=\"prev\" disabled=\"true\">Previous<\/button><button id=\"next\">Next<\/button><\/div><\/div>\n<h2>Orari<\/h2>\n<div class=\"icon-box\"><i class=\"fal fa-sliders-h fa-fw fa-2x\"><\/i><span class=\"icon-box-text\">Lezioni disponibili per tutti i livelli<\/span><\/div>\n<div class=\"icon-box\"><i class=\"fal fa-calendar-check fa-fw fa-2x\"><\/i><span class=\"icon-box-text\">Lezioni disponibili tutto l'anno<\/span><\/div>\n<p><span style=\"font-size: 16px\"><div class=\"icon-box\"><i class=\"fal fa-alarm-clock fa-fw fa-2x\"><\/i><span class=\"icon-box-text\">Lezioni di 50 minuti*<\/span><\/div><\/span><\/p>\n<p>*A seconda della disponibilit\u00e0 della scuola, i corsi si potrebbero, occasionalmente, svolgere di mattina. Se desideri avere conferma dell\u2019orario o esplorare le alternative della mattina, contattaci prima di effettuare la prenotazione.<\/p>\n<h2>Prezzi<\/h2>\n<div class=\"icon-box\"><i class=\"fal fa-coins fa-fw fa-2x\"><\/i><span class=\"icon-box-text\">Nessuna tassa di iscrizione<\/span><\/div>\n<div class=\"icon-box\"><i class=\"fal fa-undo fa-fw fa-2x\"><\/i><span class=\"icon-box-text\">Cancellazione o cambio data gratuiti<\/span><\/div>\n<h2>La nostra scuola<\/h2>\n<p>Ci puoi trovare nel cuore di Firenze, al <a href=\"https:\/\/ils.simonemontanari.com\/it\/blog\/scuola-firenze\/\">Palazzo Galletti<\/a>, un bellissimo edificio neoclassico.<\/p>\n<p>Le aule sono decorate con bellissimi affreschi sul soffitto e sono completamente attrezzate con\u00a0 grandi TV e aria condizionata.<\/p>\n<p>Goditi le nostre aree comuni con snack e bevande gratuite, a pochi passi dal Duomo e dalle principali attrazioni di Firenze.<\/p>\n<section class=\"europass-map-container\">\n    <div class=\"europass-map\">\n        <div class=\"textwidget custom-html-widget\"><iframe loading=\"lazy\" src=\"https:\/\/www.google.com\/maps\/embed?pb=!1m18!1m12!1m3!1d2881.021820451547!2d11.258914015501611!3d43.772405879117414!2m3!1f0!2f0!3f0!3m2!1i1024!2i768!4f13.1!3m3!1m2!1s0x132a5405d2f331ef%3A0xff657f9bdbdc9677!2sEuropass%20-%20Italian%20Language%20School!5e0!3m2!1sit!2sde!4v1576514891414!5m2!1sit!2sde\" width=\"600\" height=\"450\" frameborder=\"0\" style=\"border:0;\" allowfullscreen=\"\"><\/iframe><\/div>    <\/div>\n<\/section>\n\n","protected":false},"excerpt":{"rendered":"<p>Vuoi imparare l&#8217;italiano a Firenze seguendo le tue esigenze, il tuo ritmo e i tuoi obiettivi?<\/p>\n<p>Lascia che uno dei nostri insegnanti esperti ti guidi in un&#8217;esperienza di apprendimento completamente personalizzata!<\/p>\n","protected":false},"featured_media":8318,"comment_status":"open","ping_status":"closed","template":"","meta":{"_acf_changed":false},"product_brand":[],"product_cat":[87],"product_tag":[],"class_list":{"0":"post-8551","1":"product","2":"type-product","3":"status-publish","4":"has-post-thumbnail","6":"product_cat-private","8":"first","9":"instock","10":"virtual","11":"purchasable","12":"product-type-simple"},"group_of_quantity":0,"min_quantity":5,"max_quantity":"","exclude_order_quantity_value_rules":"no","exclude_category_quantity_rules":"no","combine_variations":"no","exclude_global_add_ons":false,"addons":[{"name":"Orario preferito","type":"heading","position":0,"required":false,"title_format":"label","default":"","description_enable":false,"description":"","placeholder_enable":false,"placeholder":"","display":"select","restrictions_type":"any_text","adjust_price":false,"price":"","price_type":"flat_fee","restrictions":false,"min":"0","max":"0","options":[],"id":1691600289},{"name":"Frequenza settimanale","type":"input_multiplier","position":1,"required":true,"title_format":"label","default":"","description_enable":false,"description":"","placeholder_enable":false,"placeholder":"","display":"select","restrictions_type":"any_text","adjust_price":false,"price":"","price_type":"flat_fee","restrictions":false,"min":"0","max":"0","options":[],"id":1691600290},{"name":"GIorni disponibili","type":"checkbox","position":2,"required":true,"title_format":"label","default":"","description_enable":false,"description":"","placeholder_enable":false,"placeholder":"","display":"select","restrictions_type":"any_text","adjust_price":false,"price":"","price_type":"flat_fee","restrictions":false,"min":"0","max":"0","options":[{"label":"Luned\u00ec","price":"","price_type":"flat_fee","image":0,"visibility":true},{"label":"Marted\u00ec","price":"","price_type":"flat_fee","image":0,"visibility":true},{"label":"Mercoled\u00ec","price":"","price_type":"flat_fee","image":0,"visibility":true},{"label":"Gioved\u00ec","price":"","price_type":"flat_fee","image":0,"visibility":true},{"label":"Venerd\u00ec","price":"","price_type":"flat_fee","image":0,"visibility":true}],"id":1691600291},{"name":"Orari disponibili (CET)","type":"checkbox","position":3,"required":true,"title_format":"label","default":"","description_enable":false,"description":"","placeholder_enable":false,"placeholder":"","display":"select","restrictions_type":"any_text","adjust_price":false,"price":"","price_type":"flat_fee","restrictions":false,"min":"0","max":"0","options":[{"label":"Mattina presto","price":"","price_type":"flat_fee","image":0,"visibility":true},{"label":"Tarda mattinata","price":"","price_type":"flat_fee","image":0,"visibility":true},{"label":"Primo pomeriggio","price":"","price_type":"flat_fee","image":0,"visibility":true},{"label":"Tardo pomeriggio","price":"","price_type":"flat_fee","image":0,"visibility":true}],"id":1691600292},{"name":"Notes","type":"custom_textarea","position":4,"required":false,"title_format":"label","default":"","description_enable":false,"description":"","placeholder_enable":false,"placeholder":"","display":"select","restrictions_type":"any_text","adjust_price":false,"price":"","price_type":"flat_fee","restrictions":false,"min":"0","max":"0","options":[],"id":1691600293}],"acf":[],"_links":{"self":[{"href":"https:\/\/ils.simonemontanari.com\/it\/wp-json\/wp\/v2\/product\/8551","targetHints":{"allow":["GET"]}}],"collection":[{"href":"https:\/\/ils.simonemontanari.com\/it\/wp-json\/wp\/v2\/product"}],"about":[{"href":"https:\/\/ils.simonemontanari.com\/it\/wp-json\/wp\/v2\/types\/product"}],"replies":[{"embeddable":true,"href":"https:\/\/ils.simonemontanari.com\/it\/wp-json\/wp\/v2\/comments?post=8551"}],"wp:featuredmedia":[{"embeddable":true,"href":"https:\/\/ils.simonemontanari.com\/it\/wp-json\/wp\/v2\/media\/8318"}],"wp:attachment":[{"href":"https:\/\/ils.simonemontanari.com\/it\/wp-json\/wp\/v2\/media?parent=8551"}],"wp:term":[{"taxonomy":"product_brand","embeddable":true,"href":"https:\/\/ils.simonemontanari.com\/it\/wp-json\/wp\/v2\/product_brand?post=8551"},{"taxonomy":"product_cat","embeddable":true,"href":"https:\/\/ils.simonemontanari.com\/it\/wp-json\/wp\/v2\/product_cat?post=8551"},{"taxonomy":"product_tag","embeddable":true,"href":"https:\/\/ils.simonemontanari.com\/it\/wp-json\/wp\/v2\/product_tag?post=8551"}],"curies":[{"name":"wp","href":"https:\/\/api.w.org\/{rel}","templated":true}]}}